{"id":1213,"date":"2015-07-27T12:10:05","date_gmt":"2015-07-27T10:10:05","guid":{"rendered":"http:\/\/hofi-enge.cz\/?page_id=1213"},"modified":"2019-03-06T14:07:00","modified_gmt":"2019-03-06T13:07:00","slug":"podavace-pro-obsluhu-lisu","status":"publish","type":"page","link":"https:\/\/hofi-enge.cz\/en\/produkty\/dopravni-a-manipulacni-technika\/podavace-pro-obsluhu-lisu\/","title":{"rendered":"Handling line for press service"},"content":{"rendered":"<p>&nbsp;<\/p>\n<p><a href=\"http:\/\/hofi-enge.cz\/wp-content\/uploads\/2015\/07\/pohled-na-manipul\u00e1tory-1.jpg\" rel=\"attachment wp-att-2782\"><img loading=\"lazy\" decoding=\"async\" class=\"alignnone wp-image-2782 size-medium\" title=\"Handling line for press service\" src=\"http:\/\/hofi-enge.cz\/wp-content\/uploads\/2015\/07\/pohled-na-manipul\u00e1tory-1-300x225.jpg\" alt=\"\" width=\"300\" height=\"225\" \/><\/a>\u00a0 \u00a0\u00a0<a href=\"http:\/\/hofi-enge.cz\/wp-content\/uploads\/2015\/07\/p\u0159\u00ed\u010dkov\u00fd-dopravn\u00edk.jpg\" rel=\"attachment wp-att-2780\"><img loading=\"lazy\" decoding=\"async\" class=\"alignnone wp-image-2780 size-medium\" title=\"Handling line for press service\" src=\"http:\/\/hofi-enge.cz\/wp-content\/uploads\/2015\/07\/p\u0159\u00ed\u010dkov\u00fd-dopravn\u00edk-300x225.jpg\" alt=\"\" width=\"300\" height=\"225\" \/><\/a><\/p>\n<p>&nbsp;<\/p>\n<p align=\"left\"><span style=\"color: #002060\"><span style=\"font-family: Calibri\"><span style=\"font-size: medium\"><b>HANDLING LINE FOR PRESS SERVICE\u00a0<\/b><\/span><\/span><\/span><\/p>\n<ul>\n<li>\n<p align=\"left\"><span style=\"color: #000000\"><span style=\"font-family: Calibri\"><span style=\"font-size: small\"><b>TRANSPORT SYSTEM FOR HANDLING MULTIPLE MOULDS<\/b><\/span><\/span><\/span><\/p>\n<\/li>\n<li>\n<p align=\"left\"><span style=\"color: #000000\"><span style=\"font-family: Calibri\"><span style=\"font-size: small\"><b>FULLY AUTOMATIC CONTROL OF THE PRODUCTION CYCLE<\/b><\/span><\/span><\/span><\/p>\n<\/li>\n<li>\n<p align=\"left\"><span style=\"color: #000000\"><span style=\"font-family: Calibri\"><span style=\"font-size: small\"><b>REMOVING AND TRANSPORTING THE MATERIAL CUT FROM THE MOULDS<\/b><\/span><\/span><\/span><\/p>\n<\/li>\n<\/ul>\n<p align=\"left\"><span style=\"color: #000000\"><span style=\"font-family: Calibri\"><span style=\"font-size: small\"><u><b>Use:<\/b><\/u><\/span><\/span><\/span><\/p>\n<ul>\n<li>\n<p align=\"left\"><span style=\"color: #000000\"><span style=\"font-family: Calibri\"><span style=\"font-size: small\"><b>In the automotive industry for the production of plastic mouldings<\/b><\/span><\/span><\/span><\/p>\n<\/li>\n<\/ul>\n","protected":false},"excerpt":{"rendered":"<p>&nbsp; \u00a0 \u00a0\u00a0 &nbsp; HANDLING LINE FOR PRESS SERVICE\u00a0 TRANSPORT SYSTEM FOR HANDLING MULTIPLE MOULDS FULLY AUTOMATIC CONTROL OF THE PRODUCTION CYCLE REMOVING AND TRANSPORTING THE MATERIAL CUT FROM THE MOULDS Use: In the automotive industry for the production of plastic mouldings<\/p>\n","protected":false},"author":2,"featured_media":1297,"parent":402,"menu_order":3,"comment_status":"closed","ping_status":"closed","template":"products.php","meta":{"_acf_changed":false,"footnotes":""},"class_list":["post-1213","page","type-page","status-publish","has-post-thumbnail","hentry"],"acf":[],"yoast_head":"<!-- This site is optimized with the Yoast SEO plugin v25.4 - https:\/\/yoast.com\/wordpress\/plugins\/seo\/ -->\n<title>Handling line for press service - Hofi Enge ENG<\/title>\n<meta name=\"robots\" content=\"index, follow, max-snippet:-1, max-image-preview:large, max-video-preview:-1\" \/>\n<link rel=\"canonical\" href=\"https:\/\/hofi-enge.cz\/en\/produkty\/dopravni-a-manipulacni-technika\/podavace-pro-obsluhu-lisu\/\" \/>\n<meta property=\"og:locale\" content=\"cs_CZ\" \/>\n<meta property=\"og:type\" content=\"article\" \/>\n<meta property=\"og:title\" content=\"Handling line for press service - Hofi Enge ENG\" \/>\n<meta property=\"og:description\" content=\"&nbsp; \u00a0 \u00a0\u00a0 &nbsp; HANDLING LINE FOR PRESS SERVICE\u00a0 TRANSPORT SYSTEM FOR HANDLING MULTIPLE MOULDS FULLY AUTOMATIC CONTROL OF THE PRODUCTION CYCLE REMOVING AND TRANSPORTING THE MATERIAL CUT FROM THE MOULDS Use: In the automotive industry for the production of plastic mouldings\" \/>\n<meta property=\"og:url\" content=\"https:\/\/hofi-enge.cz\/en\/produkty\/dopravni-a-manipulacni-technika\/podavace-pro-obsluhu-lisu\/\" \/>\n<meta property=\"og:site_name\" content=\"Hofi Enge ENG\" \/>\n<meta property=\"article:modified_time\" content=\"2019-03-06T13:07:00+00:00\" \/>\n<meta property=\"og:image\" content=\"https:\/\/hofi-enge.cz\/en\/wp-content\/uploads\/sites\/4\/2015\/07\/full-automated-machine-manipulate-for-automotive-indastry-1024x768.jpg\" \/>\n\t<meta property=\"og:image:width\" content=\"1024\" \/>\n\t<meta property=\"og:image:height\" content=\"768\" \/>\n\t<meta property=\"og:image:type\" content=\"image\/jpeg\" \/>\n<meta name=\"twitter:card\" content=\"summary_large_image\" \/>\n<script type=\"application\/ld+json\" class=\"yoast-schema-graph\">{\"@context\":\"https:\/\/schema.org\",\"@graph\":[{\"@type\":\"WebPage\",\"@id\":\"https:\/\/hofi-enge.cz\/en\/produkty\/dopravni-a-manipulacni-technika\/podavace-pro-obsluhu-lisu\/\",\"url\":\"https:\/\/hofi-enge.cz\/en\/produkty\/dopravni-a-manipulacni-technika\/podavace-pro-obsluhu-lisu\/\",\"name\":\"Handling line for press service - Hofi Enge ENG\",\"isPartOf\":{\"@id\":\"https:\/\/hofi-enge.cz\/en\/#website\"},\"primaryImageOfPage\":{\"@id\":\"https:\/\/hofi-enge.cz\/en\/produkty\/dopravni-a-manipulacni-technika\/podavace-pro-obsluhu-lisu\/#primaryimage\"},\"image\":{\"@id\":\"https:\/\/hofi-enge.cz\/en\/produkty\/dopravni-a-manipulacni-technika\/podavace-pro-obsluhu-lisu\/#primaryimage\"},\"thumbnailUrl\":\"https:\/\/hofi-enge.cz\/en\/wp-content\/uploads\/sites\/4\/2015\/07\/full-automated-machine-manipulate-for-automotive-indastry.jpg\",\"datePublished\":\"2015-07-27T10:10:05+00:00\",\"dateModified\":\"2019-03-06T13:07:00+00:00\",\"breadcrumb\":{\"@id\":\"https:\/\/hofi-enge.cz\/en\/produkty\/dopravni-a-manipulacni-technika\/podavace-pro-obsluhu-lisu\/#breadcrumb\"},\"inLanguage\":\"cs\",\"potentialAction\":[{\"@type\":\"ReadAction\",\"target\":[\"https:\/\/hofi-enge.cz\/en\/produkty\/dopravni-a-manipulacni-technika\/podavace-pro-obsluhu-lisu\/\"]}]},{\"@type\":\"ImageObject\",\"inLanguage\":\"cs\",\"@id\":\"https:\/\/hofi-enge.cz\/en\/produkty\/dopravni-a-manipulacni-technika\/podavace-pro-obsluhu-lisu\/#primaryimage\",\"url\":\"https:\/\/hofi-enge.cz\/en\/wp-content\/uploads\/sites\/4\/2015\/07\/full-automated-machine-manipulate-for-automotive-indastry.jpg\",\"contentUrl\":\"https:\/\/hofi-enge.cz\/en\/wp-content\/uploads\/sites\/4\/2015\/07\/full-automated-machine-manipulate-for-automotive-indastry.jpg\",\"width\":2304,\"height\":1728},{\"@type\":\"BreadcrumbList\",\"@id\":\"https:\/\/hofi-enge.cz\/en\/produkty\/dopravni-a-manipulacni-technika\/podavace-pro-obsluhu-lisu\/#breadcrumb\",\"itemListElement\":[{\"@type\":\"ListItem\",\"position\":1,\"name\":\"Dom\u016f\",\"item\":\"https:\/\/hofi-enge.cz\/en\/\"},{\"@type\":\"ListItem\",\"position\":2,\"name\":\"Products\",\"item\":\"https:\/\/hofi-enge.cz\/en\/produkty\/\"},{\"@type\":\"ListItem\",\"position\":3,\"name\":\"Transport and handling equipment\",\"item\":\"https:\/\/hofi-enge.cz\/en\/produkty\/dopravni-a-manipulacni-technika\/\"},{\"@type\":\"ListItem\",\"position\":4,\"name\":\"Handling line for press service\"}]},{\"@type\":\"WebSite\",\"@id\":\"https:\/\/hofi-enge.cz\/en\/#website\",\"url\":\"https:\/\/hofi-enge.cz\/en\/\",\"name\":\"Hofi Enge ENG\",\"description\":\"PROPRIETARY DEVELOPMENT, DESIGN, PRODUCTION AND ASSEMBLY!\",\"potentialAction\":[{\"@type\":\"SearchAction\",\"target\":{\"@type\":\"EntryPoint\",\"urlTemplate\":\"https:\/\/hofi-enge.cz\/en\/?s={search_term_string}\"},\"query-input\":{\"@type\":\"PropertyValueSpecification\",\"valueRequired\":true,\"valueName\":\"search_term_string\"}}],\"inLanguage\":\"cs\"}]}<\/script>\n<!-- \/ Yoast SEO plugin. -->","yoast_head_json":{"title":"Handling line for press service - Hofi Enge ENG","robots":{"index":"index","follow":"follow","max-snippet":"max-snippet:-1","max-image-preview":"max-image-preview:large","max-video-preview":"max-video-preview:-1"},"canonical":"https:\/\/hofi-enge.cz\/en\/produkty\/dopravni-a-manipulacni-technika\/podavace-pro-obsluhu-lisu\/","og_locale":"cs_CZ","og_type":"article","og_title":"Handling line for press service - Hofi Enge ENG","og_description":"&nbsp; \u00a0 \u00a0\u00a0 &nbsp; HANDLING LINE FOR PRESS SERVICE\u00a0 TRANSPORT SYSTEM FOR HANDLING MULTIPLE MOULDS FULLY AUTOMATIC CONTROL OF THE PRODUCTION CYCLE REMOVING AND TRANSPORTING THE MATERIAL CUT FROM THE MOULDS Use: In the automotive industry for the production of plastic mouldings","og_url":"https:\/\/hofi-enge.cz\/en\/produkty\/dopravni-a-manipulacni-technika\/podavace-pro-obsluhu-lisu\/","og_site_name":"Hofi Enge ENG","article_modified_time":"2019-03-06T13:07:00+00:00","og_image":[{"width":1024,"height":768,"url":"https:\/\/hofi-enge.cz\/en\/wp-content\/uploads\/sites\/4\/2015\/07\/full-automated-machine-manipulate-for-automotive-indastry-1024x768.jpg","type":"image\/jpeg"}],"twitter_card":"summary_large_image","schema":{"@context":"https:\/\/schema.org","@graph":[{"@type":"WebPage","@id":"https:\/\/hofi-enge.cz\/en\/produkty\/dopravni-a-manipulacni-technika\/podavace-pro-obsluhu-lisu\/","url":"https:\/\/hofi-enge.cz\/en\/produkty\/dopravni-a-manipulacni-technika\/podavace-pro-obsluhu-lisu\/","name":"Handling line for press service - Hofi Enge ENG","isPartOf":{"@id":"https:\/\/hofi-enge.cz\/en\/#website"},"primaryImageOfPage":{"@id":"https:\/\/hofi-enge.cz\/en\/produkty\/dopravni-a-manipulacni-technika\/podavace-pro-obsluhu-lisu\/#primaryimage"},"image":{"@id":"https:\/\/hofi-enge.cz\/en\/produkty\/dopravni-a-manipulacni-technika\/podavace-pro-obsluhu-lisu\/#primaryimage"},"thumbnailUrl":"https:\/\/hofi-enge.cz\/en\/wp-content\/uploads\/sites\/4\/2015\/07\/full-automated-machine-manipulate-for-automotive-indastry.jpg","datePublished":"2015-07-27T10:10:05+00:00","dateModified":"2019-03-06T13:07:00+00:00","breadcrumb":{"@id":"https:\/\/hofi-enge.cz\/en\/produkty\/dopravni-a-manipulacni-technika\/podavace-pro-obsluhu-lisu\/#breadcrumb"},"inLanguage":"cs","potentialAction":[{"@type":"ReadAction","target":["https:\/\/hofi-enge.cz\/en\/produkty\/dopravni-a-manipulacni-technika\/podavace-pro-obsluhu-lisu\/"]}]},{"@type":"ImageObject","inLanguage":"cs","@id":"https:\/\/hofi-enge.cz\/en\/produkty\/dopravni-a-manipulacni-technika\/podavace-pro-obsluhu-lisu\/#primaryimage","url":"https:\/\/hofi-enge.cz\/en\/wp-content\/uploads\/sites\/4\/2015\/07\/full-automated-machine-manipulate-for-automotive-indastry.jpg","contentUrl":"https:\/\/hofi-enge.cz\/en\/wp-content\/uploads\/sites\/4\/2015\/07\/full-automated-machine-manipulate-for-automotive-indastry.jpg","width":2304,"height":1728},{"@type":"BreadcrumbList","@id":"https:\/\/hofi-enge.cz\/en\/produkty\/dopravni-a-manipulacni-technika\/podavace-pro-obsluhu-lisu\/#breadcrumb","itemListElement":[{"@type":"ListItem","position":1,"name":"Dom\u016f","item":"https:\/\/hofi-enge.cz\/en\/"},{"@type":"ListItem","position":2,"name":"Products","item":"https:\/\/hofi-enge.cz\/en\/produkty\/"},{"@type":"ListItem","position":3,"name":"Transport and handling equipment","item":"https:\/\/hofi-enge.cz\/en\/produkty\/dopravni-a-manipulacni-technika\/"},{"@type":"ListItem","position":4,"name":"Handling line for press service"}]},{"@type":"WebSite","@id":"https:\/\/hofi-enge.cz\/en\/#website","url":"https:\/\/hofi-enge.cz\/en\/","name":"Hofi Enge ENG","description":"PROPRIETARY DEVELOPMENT, DESIGN, PRODUCTION AND ASSEMBLY!","potentialAction":[{"@type":"SearchAction","target":{"@type":"EntryPoint","urlTemplate":"https:\/\/hofi-enge.cz\/en\/?s={search_term_string}"},"query-input":{"@type":"PropertyValueSpecification","valueRequired":true,"valueName":"search_term_string"}}],"inLanguage":"cs"}]}},"_links":{"self":[{"href":"https:\/\/hofi-enge.cz\/en\/wp-json\/wp\/v2\/pages\/1213","targetHints":{"allow":["GET"]}}],"collection":[{"href":"https:\/\/hofi-enge.cz\/en\/wp-json\/wp\/v2\/pages"}],"about":[{"href":"https:\/\/hofi-enge.cz\/en\/wp-json\/wp\/v2\/types\/page"}],"author":[{"embeddable":true,"href":"https:\/\/hofi-enge.cz\/en\/wp-json\/wp\/v2\/users\/2"}],"replies":[{"embeddable":true,"href":"https:\/\/hofi-enge.cz\/en\/wp-json\/wp\/v2\/comments?post=1213"}],"version-history":[{"count":25,"href":"https:\/\/hofi-enge.cz\/en\/wp-json\/wp\/v2\/pages\/1213\/revisions"}],"predecessor-version":[{"id":1861,"href":"https:\/\/hofi-enge.cz\/en\/wp-json\/wp\/v2\/pages\/1213\/revisions\/1861"}],"up":[{"embeddable":true,"href":"https:\/\/hofi-enge.cz\/en\/wp-json\/wp\/v2\/pages\/402"}],"wp:featuredmedia":[{"embeddable":true,"href":"https:\/\/hofi-enge.cz\/en\/wp-json\/wp\/v2\/media\/1297"}],"wp:attachment":[{"href":"https:\/\/hofi-enge.cz\/en\/wp-json\/wp\/v2\/media?parent=1213"}],"curies":[{"name":"wp","href":"https:\/\/api.w.org\/{rel}","templated":true}]}}