{"id":1518,"date":"2016-11-29T16:01:21","date_gmt":"2016-11-29T15:01:21","guid":{"rendered":"http:\/\/hofi-enge.cz\/en\/?page_id=1518"},"modified":"2018-03-26T11:32:35","modified_gmt":"2018-03-26T09:32:35","slug":"equipment-for-archives-and-libraries","status":"publish","type":"page","link":"https:\/\/hofi-enge.cz\/en\/fotogalerie\/equipment-for-archives-and-libraries\/","title":{"rendered":"Equipment for archives and libraries"},"content":{"rendered":"<h4><\/h4>\n<h4><\/h4>\n<h4><\/h4>\n<p>&nbsp;<\/p>\n<p>&nbsp;<\/p>\n<h4 style=\"text-align: left\"><em><strong>Mobile racks &#8211; hand operated<\/strong><\/em><\/h4>\n<p><a href=\"http:\/\/hofi-enge.cz\/wp-content\/uploads\/2016\/06\/posuvn\u00e9-dve\u0159e-policov\u00e9ho-reg\u00e1lu.jpg\" rel=\"attachment wp-att-1925\"><img loading=\"lazy\" decoding=\"async\" class=\"alignnone wp-image-1925 size-thumbnail\" title=\"Mobile racks - hand operated ( HOFIRE - PM)\" src=\"http:\/\/hofi-enge.cz\/wp-content\/uploads\/2016\/06\/posuvn\u00e9-dve\u0159e-policov\u00e9ho-reg\u00e1lu-150x150.jpg\" alt=\"posuvn\u00e9 dve\u0159e policov\u00e9ho reg\u00e1lu\" width=\"150\" height=\"150\" \/><\/a>\u00a0 \u00a0 \u00a0<a href=\"http:\/\/hofi-enge.cz\/wp-content\/uploads\/2016\/06\/Nov\u00fd-obr\u00e1zek-2.jpg\" rel=\"attachment wp-att-1918\"><img loading=\"lazy\" decoding=\"async\" class=\"alignnone wp-image-1918 size-thumbnail\" title=\"Mobile racks - hand operated ( HOFIRE - PM)\" src=\"http:\/\/hofi-enge.cz\/wp-content\/uploads\/2016\/06\/Nov\u00fd-obr\u00e1zek-2-150x150.jpg\" alt=\"Nov\u00fd obr\u00e1zek 2\" width=\"150\" height=\"150\" \/><\/a>\u00a0 \u00a0 \u00a0<a href=\"http:\/\/hofi-enge.cz\/wp-content\/uploads\/2016\/06\/100_0155-s-posuvn\u00fdmi-dve\u0159mi.jpg\" rel=\"attachment wp-att-1915\"><img loading=\"lazy\" decoding=\"async\" class=\"alignnone wp-image-1915 size-thumbnail\" title=\"Mobile racks - hand operated ( HOFIRE - PM)\" src=\"http:\/\/hofi-enge.cz\/wp-content\/uploads\/2016\/06\/100_0155-s-posuvn\u00fdmi-dve\u0159mi-150x150.jpg\" alt=\"100_0155 s posuvn\u00fdmi dve\u0159mi\" width=\"150\" height=\"150\" \/><\/a>\u00a0 \u00a0 \u00a0<a href=\"http:\/\/hofi-enge.cz\/wp-content\/uploads\/2016\/06\/Nov\u00fd-obr\u00e1zek-3.jpg\" rel=\"attachment wp-att-1919\"><img loading=\"lazy\" decoding=\"async\" class=\"alignnone wp-image-1919 size-thumbnail\" title=\"Mobile racks - hand operated ( HOFIRE - PM)\" src=\"http:\/\/hofi-enge.cz\/wp-content\/uploads\/2016\/06\/Nov\u00fd-obr\u00e1zek-3-150x150.jpg\" alt=\"Nov\u00fd obr\u00e1zek 3\" width=\"150\" height=\"150\" \/><\/a>\u00a0 \u00a0 \u00a0<a href=\"http:\/\/hofi-enge.cz\/wp-content\/uploads\/2016\/06\/poj\u00edzdn\u00fd-reg\u00e1l.jpg\" rel=\"attachment wp-att-1924\"><img loading=\"lazy\" decoding=\"async\" class=\"alignnone wp-image-1924 size-thumbnail\" title=\"Mobile racks - hand operated ( HOFIRE - PM)\" src=\"http:\/\/hofi-enge.cz\/wp-content\/uploads\/2016\/06\/poj\u00edzdn\u00fd-reg\u00e1l-150x150.jpg\" alt=\"poj\u00edzdn\u00fd reg\u00e1l\" width=\"150\" height=\"150\" \/><\/a>\u00a0 \u00a0 \u00a0<a href=\"http:\/\/hofi-enge.cz\/wp-content\/uploads\/2014\/05\/24.jpg\" rel=\"attachment wp-att-612\"><img loading=\"lazy\" decoding=\"async\" class=\"alignnone wp-image-612 size-thumbnail\" title=\"Mobile racks with drawers (HOFIRE - ZM)\" src=\"http:\/\/hofi-enge.cz\/en\/wp-content\/uploads\/sites\/4\/2014\/05\/24-150x150.jpg\" alt=\"2\" width=\"150\" height=\"150\" \/><\/a><\/p>\n<p>&nbsp;<\/p>\n<p>&nbsp;<\/p>\n<h4><em><strong>Mobile racks &#8211; electric and pneumatic operated<\/strong><\/em><\/h4>\n<p><a href=\"http:\/\/hofi-enge.cz\/wp-content\/uploads\/2016\/06\/HOFIPOL-E.jpg\" rel=\"attachment wp-att-1947\"><img loading=\"lazy\" decoding=\"async\" class=\"alignnone wp-image-1947 size-thumbnail\" title=\"mobile racks with electric drive ( HOFIRE - PM)\" src=\"http:\/\/hofi-enge.cz\/wp-content\/uploads\/2016\/06\/HOFIPOL-E-150x150.jpg\" alt=\"HOFIPOL-E\" width=\"150\" height=\"150\" \/><\/a>\u00a0 \u00a0 \u00a0<a href=\"http:\/\/hofi-enge.cz\/wp-content\/uploads\/2016\/06\/HOFIPOL-E6.jpg\" rel=\"attachment wp-att-1945\"><img loading=\"lazy\" decoding=\"async\" class=\"alignnone wp-image-1945 size-thumbnail\" title=\"mobile racks with electric drive ( HOFIRE - PM)\" src=\"http:\/\/hofi-enge.cz\/wp-content\/uploads\/2016\/06\/HOFIPOL-E6-150x150.jpg\" alt=\"HOFIPOL E(6)\" width=\"150\" height=\"150\" \/><\/a>\u00a0 \u00a0\u00a0\u00a0<a href=\"http:\/\/hofi-enge.cz\/wp-content\/uploads\/2016\/06\/HOFIPOL-E4.jpg\" rel=\"attachment wp-att-1943\"><img loading=\"lazy\" decoding=\"async\" class=\"alignnone wp-image-1943 size-thumbnail\" title=\"mobile racks with electric drive ( HOFIRE - PM)\" src=\"http:\/\/hofi-enge.cz\/wp-content\/uploads\/2016\/06\/HOFIPOL-E4-150x150.jpg\" alt=\"HOFIPOL E(4)\" width=\"150\" height=\"150\" \/><\/a>\u00a0 \u00a0 \u00a0<a href=\"http:\/\/hofi-enge.cz\/wp-content\/uploads\/2016\/06\/Nov\u00fd-obr\u00e1zek-1.jpg\" rel=\"attachment wp-att-1948\"><img loading=\"lazy\" decoding=\"async\" class=\"alignnone wp-image-1948 size-thumbnail\" title=\"mobile racks with electric drive ( HOFIRE - PM)\" src=\"http:\/\/hofi-enge.cz\/wp-content\/uploads\/2016\/06\/Nov\u00fd-obr\u00e1zek-1-150x150.jpg\" alt=\"Nov\u00fd obr\u00e1zek\" width=\"150\" height=\"150\" \/><\/a>\u00a0 \u00a0\u00a0\u00a0<a href=\"http:\/\/hofi-enge.cz\/wp-content\/uploads\/2016\/06\/Nov\u00fd-obr\u00e1zek-2-1.jpg\" rel=\"attachment wp-att-1953\"><img loading=\"lazy\" decoding=\"async\" class=\"alignnone wp-image-1953 size-thumbnail\" title=\"mobile racks with pneumatic drive ( HOFIRE - PM)\" src=\"http:\/\/hofi-enge.cz\/wp-content\/uploads\/2016\/06\/Nov\u00fd-obr\u00e1zek-2-1-150x150.jpg\" alt=\"Nov\u00fd obr\u00e1zek 2\" width=\"150\" height=\"150\" \/><\/a>\u00a0 \u00a0\u00a0 <a href=\"http:\/\/hofi-enge.cz\/wp-content\/uploads\/2016\/06\/foto24_05_07-003.jpg\" rel=\"attachment wp-att-1952\"><img loading=\"lazy\" decoding=\"async\" class=\"alignnone wp-image-1952 size-thumbnail\" title=\"mobile racks with pneumatic drive ( HOFIRE - PM)\" src=\"http:\/\/hofi-enge.cz\/wp-content\/uploads\/2016\/06\/foto24_05_07-003-150x150.jpg\" alt=\"foto24_05_07 003\" width=\"150\" height=\"150\" \/><\/a><\/p>\n<p>&nbsp;<\/p>\n<p>&nbsp;<\/p>\n<h4><em><strong>Archiv and drawer cabinets, rotary filing cabinet<\/strong><\/em><\/h4>\n<p><a href=\"http:\/\/hofi-enge.cz\/wp-content\/uploads\/2016\/06\/Nov\u00fd-obr\u00e1zek-2-3.jpg\" rel=\"attachment wp-att-1976\"><img loading=\"lazy\" decoding=\"async\" class=\"alignnone wp-image-1976 size-thumbnail\" title=\"archive cabinets (HOFIS)\" src=\"http:\/\/hofi-enge.cz\/wp-content\/uploads\/2016\/06\/Nov\u00fd-obr\u00e1zek-2-3-150x150.jpg\" alt=\"Nov\u00fd obr\u00e1zek 2\" width=\"150\" height=\"150\" \/><\/a>\u00a0 \u00a0 \u00a0<a href=\"http:\/\/hofi-enge.cz\/wp-content\/uploads\/2016\/06\/Nov\u00fd-obr\u00e1zek-5.jpg\" rel=\"attachment wp-att-1977\"><img loading=\"lazy\" decoding=\"async\" class=\"alignnone wp-image-1977 size-thumbnail\" title=\"archive cabinets (HOFIS)\" src=\"http:\/\/hofi-enge.cz\/wp-content\/uploads\/2016\/06\/Nov\u00fd-obr\u00e1zek-5-150x150.jpg\" alt=\"Nov\u00fd obr\u00e1zek\" width=\"150\" height=\"150\" \/><\/a>\u00a0 \u00a0\u00a0\u00a0<a href=\"http:\/\/hofi-enge.cz\/wp-content\/uploads\/2016\/06\/s-k\u0159\u00eddlov\u00fdmi-dve\u0159mi.jpg\" rel=\"attachment wp-att-1978\"><img loading=\"lazy\" decoding=\"async\" class=\"alignnone wp-image-1978 size-thumbnail\" title=\"archive cabinets (HOFIS)\" src=\"http:\/\/hofi-enge.cz\/wp-content\/uploads\/2016\/06\/s-k\u0159\u00eddlov\u00fdmi-dve\u0159mi-150x150.jpg\" alt=\"s k\u0159\u00eddlov\u00fdmi dve\u0159mi\" width=\"150\" height=\"150\" \/><\/a>\u00a0 \u00a0 \u00a0<a href=\"http:\/\/hofi-enge.cz\/wp-content\/uploads\/2016\/06\/foto24_05_07-059.jpg\" rel=\"attachment wp-att-1970\"><img loading=\"lazy\" decoding=\"async\" class=\"alignnone wp-image-1970 size-thumbnail\" title=\"drawer cabinets (HOFIS - Z)\" src=\"http:\/\/hofi-enge.cz\/wp-content\/uploads\/2016\/06\/foto24_05_07-059-150x150.jpg\" alt=\"foto24_05_07 059\" width=\"150\" height=\"150\" \/><\/a>\u00a0 \u00a0\u00a0 <a href=\"http:\/\/hofi-enge.cz\/wp-content\/uploads\/2016\/06\/Nov\u00fd-obr\u00e1zek-4.jpg\" rel=\"attachment wp-att-1972\"><img loading=\"lazy\" decoding=\"async\" class=\"alignnone wp-image-1972 size-thumbnail\" title=\"drawer cabinets (HOFIS - Z)\" src=\"http:\/\/hofi-enge.cz\/wp-content\/uploads\/2016\/06\/Nov\u00fd-obr\u00e1zek-4-150x150.jpg\" alt=\"Nov\u00fd obr\u00e1zek\" width=\"150\" height=\"150\" \/><\/a>\u00a0 \u00a0 \u00a0<a href=\"http:\/\/hofi-enge.cz\/wp-content\/uploads\/2014\/04\/rotating_file_cabinets.jpg\" rel=\"attachment wp-att-229\"><img loading=\"lazy\" decoding=\"async\" class=\"alignnone wp-image-229 size-thumbnail\" title=\"rotary filing cabinet ( HOFIKA - R)\" src=\"http:\/\/hofi-enge.cz\/en\/wp-content\/uploads\/sites\/4\/2014\/04\/rotating_file_cabinets-150x150.jpg\" alt=\"rotating_file_cabinets\" width=\"150\" height=\"150\" \/><\/a><\/p>\n<p>&nbsp;<\/p>\n<p>&nbsp;<\/p>\n<h4><em><strong>Stationary shelving racks, stationary racks for magazines and library racks<\/strong><\/em><\/h4>\n<p><a href=\"http:\/\/hofi-enge.cz\/wp-content\/uploads\/2014\/05\/Untitled.png\" rel=\"attachment wp-att-475\"><img loading=\"lazy\" decoding=\"async\" class=\"alignnone wp-image-475 size-thumbnail\" title=\"Stationary shelving racks (HOFIRE - PS)\" src=\"http:\/\/hofi-enge.cz\/en\/wp-content\/uploads\/sites\/4\/2014\/05\/Untitled-150x150.png\" alt=\"Untitled\" width=\"150\" height=\"150\" \/><\/a>\u00a0 \u00a0 \u00a0<a href=\"http:\/\/hofi-enge.cz\/wp-content\/uploads\/2016\/06\/HOFIPOL-L.jpg\" rel=\"attachment wp-att-2004\"><img loading=\"lazy\" decoding=\"async\" class=\"alignnone wp-image-2004 size-thumbnail\" title=\"Stationary shelving racks (HOFIRE - PS)\" src=\"http:\/\/hofi-enge.cz\/wp-content\/uploads\/2016\/06\/HOFIPOL-L-150x150.jpg\" alt=\"HOFIPOL L\" width=\"150\" height=\"150\" \/><\/a>\u00a0 \u00a0 \u00a0<a href=\"http:\/\/hofi-enge.cz\/wp-content\/uploads\/2014\/04\/table-racking.jpg\" rel=\"attachment wp-att-269\"><img loading=\"lazy\" decoding=\"async\" class=\"alignnone wp-image-269 size-thumbnail\" title=\"Stationary shelving racks (HOFIRE - PS)\" src=\"http:\/\/hofi-enge.cz\/en\/wp-content\/uploads\/sites\/4\/2014\/04\/table-racking-150x150.jpg\" alt=\"table racking\" width=\"150\" height=\"150\" \/><\/a>\u00a0 \u00a0 \u00a0<a href=\"http:\/\/hofi-enge.cz\/wp-content\/uploads\/2014\/04\/100_0305.jpg\" rel=\"attachment wp-att-260\"><img loading=\"lazy\" decoding=\"async\" class=\"alignnone wp-image-260 size-thumbnail\" title=\"stationary racks for magazines ( HOFIRE - \u010cS)\" src=\"http:\/\/hofi-enge.cz\/en\/wp-content\/uploads\/sites\/4\/2014\/04\/100_0305-150x150.jpg\" alt=\"100_0305\" width=\"150\" height=\"150\" \/><\/a>\u00a0 \u00a0 \u00a0<a href=\"http:\/\/hofi-enge.cz\/wp-content\/uploads\/2014\/05\/114.jpg\" rel=\"attachment wp-att-670\"><img loading=\"lazy\" decoding=\"async\" class=\"alignnone wp-image-670 size-thumbnail\" title=\"stationary library racks (HOFIRE - KS)\" src=\"http:\/\/hofi-enge.cz\/en\/wp-content\/uploads\/sites\/4\/2014\/05\/114-150x150.jpg\" alt=\"1\" width=\"150\" height=\"150\" \/><\/a>\u00a0 \u00a0 \u00a0<a href=\"http:\/\/hofi-enge.cz\/wp-content\/uploads\/2016\/06\/stacion\u00e1rn\u00ed-3.jpg\" rel=\"attachment wp-att-2003\"><img loading=\"lazy\" decoding=\"async\" class=\"alignnone wp-image-2003 size-thumbnail\" title=\"stationary library racks (HOFIRE - KS)\" src=\"http:\/\/hofi-enge.cz\/wp-content\/uploads\/2016\/06\/stacion\u00e1rn\u00ed-3-150x150.jpg\" alt=\"stacion\u00e1rn\u00ed (3)\" width=\"150\" height=\"150\" \/><\/a><\/p>\n<p>&nbsp;<\/p>\n<p>&nbsp;<\/p>\n<h4><em><strong>Mobile library racks, mobile racks for hanging folders, mobile fireproof racks<\/strong><\/em><\/h4>\n<p><a href=\"http:\/\/hofi-enge.cz\/wp-content\/uploads\/2014\/05\/113.jpg\" rel=\"attachment wp-att-665\"><img loading=\"lazy\" decoding=\"async\" class=\"alignnone wp-image-665 size-thumbnail\" title=\"Mobile library racks (HOFIRE - KM)\" src=\"http:\/\/hofi-enge.cz\/en\/wp-content\/uploads\/sites\/4\/2014\/05\/113-150x150.jpg\" alt=\"1\" width=\"150\" height=\"150\" \/><\/a>\u00a0 \u00a0 \u00a0<a href=\"http:\/\/hofi-enge.cz\/wp-content\/uploads\/2016\/06\/mobiln\u00ed-1.jpg\" rel=\"attachment wp-att-2010\"><img loading=\"lazy\" decoding=\"async\" class=\"alignnone wp-image-2010 size-thumbnail\" title=\"Mobile library racks (HOFIRE - KM)\" src=\"http:\/\/hofi-enge.cz\/wp-content\/uploads\/2016\/06\/mobiln\u00ed-1-150x150.jpg\" alt=\"mobiln\u00ed (1)\" width=\"150\" height=\"150\" \/><\/a>\u00a0 \u00a0 \u00a0<a href=\"http:\/\/hofi-enge.cz\/wp-content\/uploads\/2014\/04\/poj\u00edzdn\u00e9-reg\u00e1ly-s-v\u00fdsuvy-na-z\u00e1v\u011bsn\u00e9-slo\u017eky.jpg\" rel=\"attachment wp-att-163\"><img loading=\"lazy\" decoding=\"async\" class=\"alignnone wp-image-163 size-thumbnail\" title=\"mobile racks for hanging folders ( HOFIRE -ZSM)\" src=\"http:\/\/hofi-enge.cz\/en\/wp-content\/uploads\/sites\/4\/2014\/04\/poj\u00edzdn\u00e9-reg\u00e1ly-s-v\u00fdsuvy-na-z\u00e1v\u011bsn\u00e9-slo\u017eky-150x150.jpg\" alt=\"poj\u00edzdn\u00e9 reg\u00e1ly s v\u00fdsuvy na z\u00e1v\u011bsn\u00e9 slo\u017eky\" width=\"150\" height=\"150\" \/><\/a>\u00a0 \u00a0 \u00a0<a href=\"http:\/\/hofi-enge.cz\/wp-content\/uploads\/2014\/05\/18.jpg\" rel=\"attachment wp-att-619\"><img loading=\"lazy\" decoding=\"async\" class=\"alignnone wp-image-619 size-thumbnail\" title=\"mobile racks for hanging folders ( HOFIRE -ZSM)\" src=\"http:\/\/hofi-enge.cz\/en\/wp-content\/uploads\/sites\/4\/2014\/05\/18-150x150.jpg\" alt=\"1\" width=\"150\" height=\"150\" \/><\/a>\u00a0 \u00a0 \u00a0<a href=\"http:\/\/hofi-enge.cz\/wp-content\/uploads\/2016\/06\/HOFIPOL-MPD2.jpg\" rel=\"attachment wp-att-2013\"><img loading=\"lazy\" decoding=\"async\" class=\"alignnone wp-image-2013 size-thumbnail\" title=\"mobile fireproof racks (HOFIRE -PPM)\" src=\"http:\/\/hofi-enge.cz\/wp-content\/uploads\/2016\/06\/HOFIPOL-MPD2-150x150.jpg\" alt=\"HOFIPOL MPD(2)\" width=\"150\" height=\"150\" \/><\/a>\u00a0 \u00a0 \u00a0<a href=\"http:\/\/hofi-enge.cz\/wp-content\/uploads\/2014\/04\/antifire_racks-with-manual-driwe.jpg\" rel=\"attachment wp-att-244\"><img loading=\"lazy\" decoding=\"async\" class=\"alignnone wp-image-244 size-thumbnail\" title=\"mobile fireproof racks (HOFIRE -PPM)\" src=\"http:\/\/hofi-enge.cz\/en\/wp-content\/uploads\/sites\/4\/2014\/04\/antifire_racks-with-manual-driwe-150x150.jpg\" alt=\"antifire_racks with manual driwe\" width=\"150\" height=\"150\" \/><\/a><\/p>\n","protected":false},"excerpt":{"rendered":"<p>&nbsp; &nbsp; Mobile racks &#8211; hand operated \u00a0 \u00a0 \u00a0\u00a0 \u00a0 \u00a0\u00a0 \u00a0 \u00a0\u00a0 \u00a0 \u00a0\u00a0 \u00a0 \u00a0 &nbsp; &nbsp; Mobile racks &#8211; electric and pneumatic operated \u00a0 \u00a0 \u00a0\u00a0 \u00a0\u00a0\u00a0\u00a0 \u00a0 \u00a0\u00a0 \u00a0\u00a0\u00a0\u00a0 \u00a0\u00a0 &nbsp; &nbsp; Archiv and drawer cabinets, rotary filing cabinet \u00a0 \u00a0 \u00a0\u00a0 \u00a0\u00a0\u00a0\u00a0 \u00a0 \u00a0\u00a0 \u00a0\u00a0 \u00a0 \u00a0 \u00a0 &nbsp; [&hellip;]<\/p>\n","protected":false},"author":2,"featured_media":0,"parent":174,"menu_order":0,"comment_status":"closed","ping_status":"closed","template":"","meta":{"_acf_changed":false,"footnotes":""},"class_list":["post-1518","page","type-page","status-publish","hentry"],"acf":[],"yoast_head":"<!-- This site is optimized with the Yoast SEO plugin v25.4 - https:\/\/yoast.com\/wordpress\/plugins\/seo\/ -->\n<title>Equipment for archives and libraries - Hofi Enge ENG<\/title>\n<meta name=\"robots\" content=\"index, follow, max-snippet:-1, max-image-preview:large, max-video-preview:-1\" \/>\n<link rel=\"canonical\" href=\"https:\/\/hofi-enge.cz\/en\/fotogalerie\/equipment-for-archives-and-libraries\/\" \/>\n<meta property=\"og:locale\" content=\"cs_CZ\" \/>\n<meta property=\"og:type\" content=\"article\" \/>\n<meta property=\"og:title\" content=\"Equipment for archives and libraries - Hofi Enge ENG\" \/>\n<meta property=\"og:description\" content=\"&nbsp; &nbsp; Mobile racks &#8211; hand operated \u00a0 \u00a0 \u00a0\u00a0 \u00a0 \u00a0\u00a0 \u00a0 \u00a0\u00a0 \u00a0 \u00a0\u00a0 \u00a0 \u00a0 &nbsp; &nbsp; Mobile racks &#8211; electric and pneumatic operated \u00a0 \u00a0 \u00a0\u00a0 \u00a0\u00a0\u00a0\u00a0 \u00a0 \u00a0\u00a0 \u00a0\u00a0\u00a0\u00a0 \u00a0\u00a0 &nbsp; &nbsp; Archiv and drawer cabinets, rotary filing cabinet \u00a0 \u00a0 \u00a0\u00a0 \u00a0\u00a0\u00a0\u00a0 \u00a0 \u00a0\u00a0 \u00a0\u00a0 \u00a0 \u00a0 \u00a0 &nbsp; [&hellip;]\" \/>\n<meta property=\"og:url\" content=\"https:\/\/hofi-enge.cz\/en\/fotogalerie\/equipment-for-archives-and-libraries\/\" \/>\n<meta property=\"og:site_name\" content=\"Hofi Enge ENG\" \/>\n<meta property=\"article:modified_time\" content=\"2018-03-26T09:32:35+00:00\" \/>\n<meta property=\"og:image\" content=\"http:\/\/hofi-enge.cz\/en\/wp-content\/uploads\/sites\/4\/2014\/05\/24-150x150.jpg\" \/>\n<meta name=\"twitter:card\" content=\"summary_large_image\" \/>\n<script type=\"application\/ld+json\" class=\"yoast-schema-graph\">{\"@context\":\"https:\/\/schema.org\",\"@graph\":[{\"@type\":\"WebPage\",\"@id\":\"https:\/\/hofi-enge.cz\/en\/fotogalerie\/equipment-for-archives-and-libraries\/\",\"url\":\"https:\/\/hofi-enge.cz\/en\/fotogalerie\/equipment-for-archives-and-libraries\/\",\"name\":\"Equipment for archives and libraries - Hofi Enge ENG\",\"isPartOf\":{\"@id\":\"https:\/\/hofi-enge.cz\/en\/#website\"},\"primaryImageOfPage\":{\"@id\":\"https:\/\/hofi-enge.cz\/en\/fotogalerie\/equipment-for-archives-and-libraries\/#primaryimage\"},\"image\":{\"@id\":\"https:\/\/hofi-enge.cz\/en\/fotogalerie\/equipment-for-archives-and-libraries\/#primaryimage\"},\"thumbnailUrl\":\"http:\/\/hofi-enge.cz\/en\/wp-content\/uploads\/sites\/4\/2014\/05\/24-150x150.jpg\",\"datePublished\":\"2016-11-29T15:01:21+00:00\",\"dateModified\":\"2018-03-26T09:32:35+00:00\",\"breadcrumb\":{\"@id\":\"https:\/\/hofi-enge.cz\/en\/fotogalerie\/equipment-for-archives-and-libraries\/#breadcrumb\"},\"inLanguage\":\"cs\",\"potentialAction\":[{\"@type\":\"ReadAction\",\"target\":[\"https:\/\/hofi-enge.cz\/en\/fotogalerie\/equipment-for-archives-and-libraries\/\"]}]},{\"@type\":\"ImageObject\",\"inLanguage\":\"cs\",\"@id\":\"https:\/\/hofi-enge.cz\/en\/fotogalerie\/equipment-for-archives-and-libraries\/#primaryimage\",\"url\":\"http:\/\/hofi-enge.cz\/en\/wp-content\/uploads\/sites\/4\/2014\/05\/24-150x150.jpg\",\"contentUrl\":\"http:\/\/hofi-enge.cz\/en\/wp-content\/uploads\/sites\/4\/2014\/05\/24-150x150.jpg\"},{\"@type\":\"BreadcrumbList\",\"@id\":\"https:\/\/hofi-enge.cz\/en\/fotogalerie\/equipment-for-archives-and-libraries\/#breadcrumb\",\"itemListElement\":[{\"@type\":\"ListItem\",\"position\":1,\"name\":\"Dom\u016f\",\"item\":\"https:\/\/hofi-enge.cz\/en\/\"},{\"@type\":\"ListItem\",\"position\":2,\"name\":\"Photo Gallery\",\"item\":\"https:\/\/hofi-enge.cz\/en\/fotogalerie\/\"},{\"@type\":\"ListItem\",\"position\":3,\"name\":\"Equipment for archives and libraries\"}]},{\"@type\":\"WebSite\",\"@id\":\"https:\/\/hofi-enge.cz\/en\/#website\",\"url\":\"https:\/\/hofi-enge.cz\/en\/\",\"name\":\"Hofi Enge ENG\",\"description\":\"PROPRIETARY DEVELOPMENT, DESIGN, PRODUCTION AND ASSEMBLY!\",\"potentialAction\":[{\"@type\":\"SearchAction\",\"target\":{\"@type\":\"EntryPoint\",\"urlTemplate\":\"https:\/\/hofi-enge.cz\/en\/?s={search_term_string}\"},\"query-input\":{\"@type\":\"PropertyValueSpecification\",\"valueRequired\":true,\"valueName\":\"search_term_string\"}}],\"inLanguage\":\"cs\"}]}<\/script>\n<!-- \/ Yoast SEO plugin. -->","yoast_head_json":{"title":"Equipment for archives and libraries - Hofi Enge ENG","robots":{"index":"index","follow":"follow","max-snippet":"max-snippet:-1","max-image-preview":"max-image-preview:large","max-video-preview":"max-video-preview:-1"},"canonical":"https:\/\/hofi-enge.cz\/en\/fotogalerie\/equipment-for-archives-and-libraries\/","og_locale":"cs_CZ","og_type":"article","og_title":"Equipment for archives and libraries - Hofi Enge ENG","og_description":"&nbsp; &nbsp; Mobile racks &#8211; hand operated \u00a0 \u00a0 \u00a0\u00a0 \u00a0 \u00a0\u00a0 \u00a0 \u00a0\u00a0 \u00a0 \u00a0\u00a0 \u00a0 \u00a0 &nbsp; &nbsp; Mobile racks &#8211; electric and pneumatic operated \u00a0 \u00a0 \u00a0\u00a0 \u00a0\u00a0\u00a0\u00a0 \u00a0 \u00a0\u00a0 \u00a0\u00a0\u00a0\u00a0 \u00a0\u00a0 &nbsp; &nbsp; Archiv and drawer cabinets, rotary filing cabinet \u00a0 \u00a0 \u00a0\u00a0 \u00a0\u00a0\u00a0\u00a0 \u00a0 \u00a0\u00a0 \u00a0\u00a0 \u00a0 \u00a0 \u00a0 &nbsp; [&hellip;]","og_url":"https:\/\/hofi-enge.cz\/en\/fotogalerie\/equipment-for-archives-and-libraries\/","og_site_name":"Hofi Enge ENG","article_modified_time":"2018-03-26T09:32:35+00:00","og_image":[{"url":"http:\/\/hofi-enge.cz\/en\/wp-content\/uploads\/sites\/4\/2014\/05\/24-150x150.jpg","type":"","width":"","height":""}],"twitter_card":"summary_large_image","schema":{"@context":"https:\/\/schema.org","@graph":[{"@type":"WebPage","@id":"https:\/\/hofi-enge.cz\/en\/fotogalerie\/equipment-for-archives-and-libraries\/","url":"https:\/\/hofi-enge.cz\/en\/fotogalerie\/equipment-for-archives-and-libraries\/","name":"Equipment for archives and libraries - Hofi Enge ENG","isPartOf":{"@id":"https:\/\/hofi-enge.cz\/en\/#website"},"primaryImageOfPage":{"@id":"https:\/\/hofi-enge.cz\/en\/fotogalerie\/equipment-for-archives-and-libraries\/#primaryimage"},"image":{"@id":"https:\/\/hofi-enge.cz\/en\/fotogalerie\/equipment-for-archives-and-libraries\/#primaryimage"},"thumbnailUrl":"http:\/\/hofi-enge.cz\/en\/wp-content\/uploads\/sites\/4\/2014\/05\/24-150x150.jpg","datePublished":"2016-11-29T15:01:21+00:00","dateModified":"2018-03-26T09:32:35+00:00","breadcrumb":{"@id":"https:\/\/hofi-enge.cz\/en\/fotogalerie\/equipment-for-archives-and-libraries\/#breadcrumb"},"inLanguage":"cs","potentialAction":[{"@type":"ReadAction","target":["https:\/\/hofi-enge.cz\/en\/fotogalerie\/equipment-for-archives-and-libraries\/"]}]},{"@type":"ImageObject","inLanguage":"cs","@id":"https:\/\/hofi-enge.cz\/en\/fotogalerie\/equipment-for-archives-and-libraries\/#primaryimage","url":"http:\/\/hofi-enge.cz\/en\/wp-content\/uploads\/sites\/4\/2014\/05\/24-150x150.jpg","contentUrl":"http:\/\/hofi-enge.cz\/en\/wp-content\/uploads\/sites\/4\/2014\/05\/24-150x150.jpg"},{"@type":"BreadcrumbList","@id":"https:\/\/hofi-enge.cz\/en\/fotogalerie\/equipment-for-archives-and-libraries\/#breadcrumb","itemListElement":[{"@type":"ListItem","position":1,"name":"Dom\u016f","item":"https:\/\/hofi-enge.cz\/en\/"},{"@type":"ListItem","position":2,"name":"Photo Gallery","item":"https:\/\/hofi-enge.cz\/en\/fotogalerie\/"},{"@type":"ListItem","position":3,"name":"Equipment for archives and libraries"}]},{"@type":"WebSite","@id":"https:\/\/hofi-enge.cz\/en\/#website","url":"https:\/\/hofi-enge.cz\/en\/","name":"Hofi Enge ENG","description":"PROPRIETARY DEVELOPMENT, DESIGN, PRODUCTION AND ASSEMBLY!","potentialAction":[{"@type":"SearchAction","target":{"@type":"EntryPoint","urlTemplate":"https:\/\/hofi-enge.cz\/en\/?s={search_term_string}"},"query-input":{"@type":"PropertyValueSpecification","valueRequired":true,"valueName":"search_term_string"}}],"inLanguage":"cs"}]}},"_links":{"self":[{"href":"https:\/\/hofi-enge.cz\/en\/wp-json\/wp\/v2\/pages\/1518","targetHints":{"allow":["GET"]}}],"collection":[{"href":"https:\/\/hofi-enge.cz\/en\/wp-json\/wp\/v2\/pages"}],"about":[{"href":"https:\/\/hofi-enge.cz\/en\/wp-json\/wp\/v2\/types\/page"}],"author":[{"embeddable":true,"href":"https:\/\/hofi-enge.cz\/en\/wp-json\/wp\/v2\/users\/2"}],"replies":[{"embeddable":true,"href":"https:\/\/hofi-enge.cz\/en\/wp-json\/wp\/v2\/comments?post=1518"}],"version-history":[{"count":7,"href":"https:\/\/hofi-enge.cz\/en\/wp-json\/wp\/v2\/pages\/1518\/revisions"}],"predecessor-version":[{"id":1636,"href":"https:\/\/hofi-enge.cz\/en\/wp-json\/wp\/v2\/pages\/1518\/revisions\/1636"}],"up":[{"embeddable":true,"href":"https:\/\/hofi-enge.cz\/en\/wp-json\/wp\/v2\/pages\/174"}],"wp:attachment":[{"href":"https:\/\/hofi-enge.cz\/en\/wp-json\/wp\/v2\/media?parent=1518"}],"curies":[{"name":"wp","href":"https:\/\/api.w.org\/{rel}","templated":true}]}}