{"id":1525,"date":"2016-11-29T16:13:41","date_gmt":"2016-11-29T15:13:41","guid":{"rendered":"http:\/\/hofi-enge.cz\/en\/?page_id=1525"},"modified":"2019-01-23T12:35:56","modified_gmt":"2019-01-23T11:35:56","slug":"transport-and-handling-equipment","status":"publish","type":"page","link":"https:\/\/hofi-enge.cz\/en\/fotogalerie\/transport-and-handling-equipment\/","title":{"rendered":"Transport and handling equipment"},"content":{"rendered":"<h1><\/h1>\n<p>&nbsp;<\/p>\n<p>&nbsp;<\/p>\n<h4><em><strong>Handling system for sheet metal<\/strong><\/em><\/h4>\n<p><a href=\"http:\/\/hofi-enge.cz\/wp-content\/uploads\/2016\/04\/podava\u010d-plech\u016f2.jpg\" rel=\"attachment wp-att-1796\"><img loading=\"lazy\" decoding=\"async\" class=\"alignnone wp-image-1796 size-thumbnail\" title=\"handling system for sheet metal (HOFIMA - PA)\" src=\"http:\/\/hofi-enge.cz\/wp-content\/uploads\/2016\/04\/podava\u010d-plech\u016f2-150x150.jpg\" alt=\"podava\u010d plech\u016f(2)\" width=\"150\" height=\"150\" \/><\/a>\u00a0 \u00a0\u00a0\u00a0<a href=\"http:\/\/hofi-enge.cz\/wp-content\/uploads\/2016\/04\/podava\u010d-plech\u016f1.jpg\" rel=\"attachment wp-att-1795\"><img loading=\"lazy\" decoding=\"async\" class=\"alignnone wp-image-1795 size-thumbnail\" title=\"handling system for sheet metal (HOFIMA - PA)\" src=\"http:\/\/hofi-enge.cz\/wp-content\/uploads\/2016\/04\/podava\u010d-plech\u016f1-150x150.jpg\" alt=\"podava\u010d plech\u016f(1)\" width=\"150\" height=\"150\" \/><\/a>\u00a0\u00a0 \u00a0 <a href=\"http:\/\/hofi-enge.cz\/wp-content\/uploads\/2016\/04\/podava\u010d-plech\u016f4.jpg\" rel=\"attachment wp-att-1798\"><img loading=\"lazy\" decoding=\"async\" class=\"alignnone wp-image-1798 size-thumbnail\" title=\"handling system for sheet metal (HOFIMA - PA)\" src=\"http:\/\/hofi-enge.cz\/wp-content\/uploads\/2016\/04\/podava\u010d-plech\u016f4-150x150.jpg\" alt=\"podava\u010d plech\u016f(4)\" width=\"150\" height=\"150\" \/><\/a>\u00a0 \u00a0 \u00a0<a href=\"http:\/\/hofi-enge.cz\/wp-content\/uploads\/2016\/04\/dopl.-prez..jpg\" rel=\"attachment wp-att-1791\"><img loading=\"lazy\" decoding=\"async\" class=\"alignnone wp-image-1791 size-thumbnail\" title=\"handling system for sheet metal (HOFIMA - PA)\" src=\"http:\/\/hofi-enge.cz\/wp-content\/uploads\/2016\/04\/dopl.-prez.-150x150.jpg\" alt=\"dopl. prez.\" width=\"150\" height=\"150\" \/><\/a>\u00a0 \u00a0 \u00a0<a href=\"http:\/\/hofi-enge.cz\/wp-content\/uploads\/2016\/04\/podava\u010d-plech\u016f3.jpg\" rel=\"attachment wp-att-1797\"><img loading=\"lazy\" decoding=\"async\" class=\"alignnone wp-image-1797 size-thumbnail\" title=\"handling system for sheet metal (HOFIMA - PA)\" src=\"http:\/\/hofi-enge.cz\/wp-content\/uploads\/2016\/04\/podava\u010d-plech\u016f3-150x150.jpg\" alt=\"podava\u010d plech\u016f(3)\" width=\"150\" height=\"150\" \/><\/a>\u00a0 \u00a0 \u00a0<a href=\"http:\/\/hofi-enge.cz\/wp-content\/uploads\/2016\/04\/dopl.prezent..jpg\" rel=\"attachment wp-att-1792\"><img loading=\"lazy\" decoding=\"async\" class=\"alignnone wp-image-1792 size-thumbnail\" title=\"handling system for sheet metal (HOFIMA - PA)\" src=\"http:\/\/hofi-enge.cz\/wp-content\/uploads\/2016\/04\/dopl.prezent.-150x150.jpg\" alt=\"dopl.prezent.\" width=\"150\" height=\"150\" \/><\/a><\/p>\n<p>&nbsp;<\/p>\n<p>&nbsp;<\/p>\n<h4><em><strong>Handling lines for forging shops<\/strong><\/em><\/h4>\n<p><a href=\"http:\/\/hofi-enge.cz\/wp-content\/uploads\/2016\/04\/Nov\u00fd-obr\u00e1zek.jpg\" rel=\"attachment wp-att-1831\"><img loading=\"lazy\" decoding=\"async\" class=\"alignnone wp-image-1831 size-thumbnail\" title=\"handling lines for forging shops ( HOFIMA - HP)\" src=\"http:\/\/hofi-enge.cz\/wp-content\/uploads\/2016\/04\/Nov\u00fd-obr\u00e1zek-150x150.jpg\" alt=\"Nov\u00fd obr\u00e1zek\" width=\"150\" height=\"150\" \/><\/a>\u00a0 \u00a0 \u00a0<a href=\"http:\/\/hofi-enge.cz\/wp-content\/uploads\/2016\/04\/Nov\u00fd-obr\u00e1zek-2.jpg\" rel=\"attachment wp-att-1827\"><img loading=\"lazy\" decoding=\"async\" class=\"alignnone wp-image-1827 size-thumbnail\" title=\"handling lines for forging shops ( HOFIMA - HP)\" src=\"http:\/\/hofi-enge.cz\/wp-content\/uploads\/2016\/04\/Nov\u00fd-obr\u00e1zek-2-150x150.jpg\" alt=\"Nov\u00fd obr\u00e1zek 2\" width=\"150\" height=\"150\" \/><\/a>\u00a0 \u00a0\u00a0 <a href=\"http:\/\/hofi-enge.cz\/wp-content\/uploads\/2016\/04\/Nov\u00fd-obr\u00e1zek-5.jpg\" rel=\"attachment wp-att-1830\"><img loading=\"lazy\" decoding=\"async\" class=\"alignnone wp-image-1830 size-thumbnail\" title=\"handling lines for forging shops ( HOFIMA - HP)\" src=\"http:\/\/hofi-enge.cz\/wp-content\/uploads\/2016\/04\/Nov\u00fd-obr\u00e1zek-5-150x150.jpg\" alt=\"Nov\u00fd obr\u00e1zek 5\" width=\"150\" height=\"150\" \/><\/a>\u00a0 \u00a0\u00a0 <a href=\"http:\/\/hofi-enge.cz\/wp-content\/uploads\/2016\/04\/Nov\u00fd-obr\u00e1zek-4.jpg\" rel=\"attachment wp-att-1829\"><img loading=\"lazy\" decoding=\"async\" class=\"alignnone wp-image-1829 size-thumbnail\" title=\"handling lines for forging shops ( HOFIMA - HP)\" src=\"http:\/\/hofi-enge.cz\/wp-content\/uploads\/2016\/04\/Nov\u00fd-obr\u00e1zek-4-150x150.jpg\" alt=\"Nov\u00fd obr\u00e1zek 4\" width=\"150\" height=\"150\" \/><\/a>\u00a0 \u00a0 \u00a0<a href=\"http:\/\/hofi-enge.cz\/wp-content\/uploads\/2016\/04\/manipul\u00e1tory-do-hork\u00fdch-provoz\u016f.jpg\" rel=\"attachment wp-att-1826\"><img loading=\"lazy\" decoding=\"async\" class=\"alignnone wp-image-1826 size-thumbnail\" title=\"handling lines for forging shops ( HOFIMA - HP)\" src=\"http:\/\/hofi-enge.cz\/wp-content\/uploads\/2016\/04\/manipul\u00e1tory-do-hork\u00fdch-provoz\u016f-150x150.jpg\" alt=\"manipul\u00e1tory do hork\u00fdch provoz\u016f\" width=\"150\" height=\"150\" \/><\/a><\/p>\n<p>&nbsp;<\/p>\n<p>&nbsp;<\/p>\n<h4><em><strong>Handling line for press operation<\/strong><\/em><\/h4>\n<p><a href=\"http:\/\/hofi-enge.cz\/wp-content\/uploads\/2016\/04\/full-automated-machine-manipulate-for-automotive-indastry.jpg\" rel=\"attachment wp-att-1838\"><img loading=\"lazy\" decoding=\"async\" class=\"alignnone wp-image-1838 size-thumbnail\" title=\"handling line for press operation ( HOFIMA -OL)\" src=\"http:\/\/hofi-enge.cz\/wp-content\/uploads\/2016\/04\/full-automated-machine-manipulate-for-automotive-indastry-150x150.jpg\" alt=\"full automated machine manipulate for automotive indastry\" width=\"150\" height=\"150\" \/><\/a>\u00a0 \u00a0 \u00a0<a href=\"http:\/\/hofi-enge.cz\/wp-content\/uploads\/2016\/04\/pohled-na-manipul\u00e1tory.jpg\" rel=\"attachment wp-att-1839\"><img loading=\"lazy\" decoding=\"async\" class=\"alignnone wp-image-1839 size-thumbnail\" title=\"handling line for press operation ( HOFIMA -OL)\" src=\"http:\/\/hofi-enge.cz\/wp-content\/uploads\/2016\/04\/pohled-na-manipul\u00e1tory-150x150.jpg\" alt=\"pohled na manipul\u00e1tory\" width=\"150\" height=\"150\" \/><\/a>\u00a0 \u00a0\u00a0 <a href=\"http:\/\/hofi-enge.cz\/wp-content\/uploads\/2016\/04\/p\u0159\u00ed\u010dkov\u00fd-dopravn\u00edk.jpg\" rel=\"attachment wp-att-1840\"><img loading=\"lazy\" decoding=\"async\" class=\"alignnone wp-image-1840 size-thumbnail\" title=\"handling line for press operation ( HOFIMA -OL)\" src=\"http:\/\/hofi-enge.cz\/wp-content\/uploads\/2016\/04\/p\u0159\u00ed\u010dkov\u00fd-dopravn\u00edk-150x150.jpg\" alt=\"p\u0159\u00ed\u010dkov\u00fd dopravn\u00edk\" width=\"150\" height=\"150\" \/><\/a><\/p>\n<p>&nbsp;<\/p>\n<p>&nbsp;<\/p>\n<h4><em><strong>Automated vertical elevator<\/strong><\/em><\/h4>\n<p><a href=\"http:\/\/hofi-enge.cz\/wp-content\/uploads\/2016\/05\/automatizovan\u00fd-vertik\u00e1ln\u00ed-dopravn\u00edk-hodover.jpg\" rel=\"attachment wp-att-1780\"><img loading=\"lazy\" decoding=\"async\" class=\"alignnone wp-image-1780 size-thumbnail\" title=\"automated vertical elevator (HOFIDO - VP)\" src=\"http:\/\/hofi-enge.cz\/wp-content\/uploads\/2016\/05\/automatizovan\u00fd-vertik\u00e1ln\u00ed-dopravn\u00edk-hodover-150x150.jpg\" alt=\"automatizovan\u00fd vertik\u00e1ln\u00ed dopravn\u00edk-hodover\" width=\"150\" height=\"150\" \/><\/a>\u00a0 \u00a0 \u00a0<a href=\"http:\/\/hofi-enge.cz\/wp-content\/uploads\/2016\/05\/gondola-v\u00fdtahu.jpg\" rel=\"attachment wp-att-1782\"><img loading=\"lazy\" decoding=\"async\" class=\"alignnone wp-image-1782 size-thumbnail\" title=\"automated vertical elevator (HOFIDO - VP)\" src=\"http:\/\/hofi-enge.cz\/wp-content\/uploads\/2016\/05\/gondola-v\u00fdtahu-150x150.jpg\" alt=\"gondola v\u00fdtahu\" width=\"150\" height=\"150\" \/><\/a>\u00a0 \u00a0\u00a0 <a href=\"http:\/\/hofi-enge.cz\/wp-content\/uploads\/2016\/05\/full-automated-lifts-for-palets.jpg\" rel=\"attachment wp-att-1781\"><img loading=\"lazy\" decoding=\"async\" class=\"alignnone wp-image-1781 size-thumbnail\" title=\"automated vertical elevator (HOFIDO - VP)\" src=\"http:\/\/hofi-enge.cz\/wp-content\/uploads\/2016\/05\/full-automated-lifts-for-palets-150x150.jpg\" alt=\"full automated lifts for palets\" width=\"150\" height=\"150\" \/><\/a>\u00a0 \u00a0 \u00a0<a href=\"http:\/\/hofi-enge.cz\/wp-content\/uploads\/2016\/05\/paleta-p\u0159i-vstupu-do-v\u00fdtahu-1.jpg\" rel=\"attachment wp-att-1783\"><img loading=\"lazy\" decoding=\"async\" class=\"alignnone wp-image-1783 size-thumbnail\" title=\"automated vertical elevator (HOFIDO - VP)\" src=\"http:\/\/hofi-enge.cz\/wp-content\/uploads\/2016\/05\/paleta-p\u0159i-vstupu-do-v\u00fdtahu-1-150x150.jpg\" alt=\"paleta p\u0159i vstupu do v\u00fdtahu\" width=\"150\" height=\"150\" \/><\/a>\u00a0 \u00a0 \u00a0<a href=\"http:\/\/hofi-enge.cz\/wp-content\/uploads\/2016\/05\/dop.prez_..jpg\" rel=\"attachment wp-att-1784\"><img loading=\"lazy\" decoding=\"async\" class=\"alignnone wp-image-1784 size-thumbnail\" title=\"automated vertical elevator (HOFIDO - VP)\" src=\"http:\/\/hofi-enge.cz\/wp-content\/uploads\/2016\/05\/dop.prez_.-150x150.jpg\" alt=\"dop.prez.\" width=\"150\" height=\"150\" \/><\/a><\/p>\n<p>&nbsp;<\/p>\n<p>&nbsp;<\/p>\n<h4><em><strong>Automated roller conveyor<\/strong><\/em><\/h4>\n<p><a href=\"http:\/\/hofi-enge.cz\/wp-content\/uploads\/2016\/04\/5.jpg\" rel=\"attachment wp-att-1846\"><img loading=\"lazy\" decoding=\"async\" class=\"alignnone wp-image-1846 size-thumbnail\" title=\"automated roller conveyor ( HOFIDO - HVP)\" src=\"http:\/\/hofi-enge.cz\/wp-content\/uploads\/2016\/04\/5-150x150.jpg\" alt=\"5\" width=\"150\" height=\"150\" \/><\/a>\u00a0 \u00a0 \u00a0<a href=\"http:\/\/hofi-enge.cz\/wp-content\/uploads\/2016\/04\/dopravn\u00edk-s-pr\u00e1zdn\u00fdmi-paletami-ve-v\u00fdrob\u011b.jpg\" rel=\"attachment wp-att-1853\"><img loading=\"lazy\" decoding=\"async\" class=\"alignnone wp-image-1853 size-thumbnail\" title=\"automated roller conveyor ( HOFIDO - HVP)\" src=\"http:\/\/hofi-enge.cz\/wp-content\/uploads\/2016\/04\/dopravn\u00edk-s-pr\u00e1zdn\u00fdmi-paletami-ve-v\u00fdrob\u011b-150x150.jpg\" alt=\"dopravn\u00edk s pr\u00e1zdn\u00fdmi paletami ve v\u00fdrob\u011b\" width=\"150\" height=\"150\" \/><\/a>\u00a0 \u00a0 \u00a0<a href=\"http:\/\/hofi-enge.cz\/wp-content\/uploads\/2016\/04\/p\u0159ed\u00e1vac\u00ed-m\u00edsto-u-vstupu-do-skladu.jpg\" rel=\"attachment wp-att-1854\"><img loading=\"lazy\" decoding=\"async\" class=\"alignnone wp-image-1854 size-thumbnail\" title=\"automated roller conveyor ( HOFIDO - HVP)\" src=\"http:\/\/hofi-enge.cz\/wp-content\/uploads\/2016\/04\/p\u0159ed\u00e1vac\u00ed-m\u00edsto-u-vstupu-do-skladu-150x150.jpg\" alt=\"p\u0159ed\u00e1vac\u00ed m\u00edsto u vstupu do skladu\" width=\"150\" height=\"150\" \/><\/a>\u00a0 \u00a0 \u00a0<a href=\"http:\/\/hofi-enge.cz\/wp-content\/uploads\/2016\/04\/doplnit-prez..jpg\" rel=\"attachment wp-att-1849\"><img loading=\"lazy\" decoding=\"async\" class=\"alignnone wp-image-1849 size-thumbnail\" title=\"automated roller conveyor ( HOFIDO - HVP)\" src=\"http:\/\/hofi-enge.cz\/wp-content\/uploads\/2016\/04\/doplnit-prez.-150x150.jpg\" alt=\"doplnit prez.\" width=\"150\" height=\"150\" \/><\/a>\u00a0 \u00a0 \u00a0<a href=\"http:\/\/hofi-enge.cz\/wp-content\/uploads\/2016\/04\/doplnit-preze..jpg\" rel=\"attachment wp-att-1851\"><img loading=\"lazy\" decoding=\"async\" class=\"alignnone wp-image-1851 size-thumbnail\" title=\"automated roller conveyor ( HOFIDO - HVP)\" src=\"http:\/\/hofi-enge.cz\/wp-content\/uploads\/2016\/04\/doplnit-preze.-150x150.jpg\" alt=\"doplnit preze.\" width=\"150\" height=\"150\" \/><\/a>\u00a0 \u00a0 \u00a0<a href=\"http:\/\/hofi-enge.cz\/wp-content\/uploads\/2016\/04\/dop.prez_..jpg\" rel=\"attachment wp-att-1847\"><img loading=\"lazy\" decoding=\"async\" class=\"alignnone wp-image-1847 size-thumbnail\" title=\"automated roller conveyor ( HOFIDO - HVP)\" src=\"http:\/\/hofi-enge.cz\/wp-content\/uploads\/2016\/04\/dop.prez_.-150x150.jpg\" alt=\"dop.prez.\" width=\"150\" height=\"150\" \/><\/a><\/p>\n<p>&nbsp;<\/p>\n<p>&nbsp;<\/p>\n<h4><em><strong>Mobile scissor platform<\/strong><\/em><\/h4>\n<p><a href=\"http:\/\/hofi-enge.cz\/wp-content\/uploads\/2016\/04\/Nov\u00fd-obr\u00e1zek-1.jpg\" rel=\"attachment wp-att-1862\"><img loading=\"lazy\" decoding=\"async\" class=\"alignnone wp-image-1862 size-thumbnail\" title=\"Mobile scissor platform ( HOFIPLO - NM)\" src=\"http:\/\/hofi-enge.cz\/wp-content\/uploads\/2016\/04\/Nov\u00fd-obr\u00e1zek-1-150x150.jpg\" alt=\"Nov\u00fd obr\u00e1zek\" width=\"150\" height=\"150\" \/><\/a>\u00a0 \u00a0\u00a0\u00a0<a href=\"http:\/\/hofi-enge.cz\/wp-content\/uploads\/2016\/04\/doplnit-prezentaci.jpg\" rel=\"attachment wp-att-1861\"><img loading=\"lazy\" decoding=\"async\" class=\"alignnone wp-image-1861 size-thumbnail\" title=\"Mobile scissor platform ( HOFIPLO - NM)\" src=\"http:\/\/hofi-enge.cz\/wp-content\/uploads\/2016\/04\/doplnit-prezentaci-150x150.jpg\" alt=\"doplnit prezentaci\" width=\"150\" height=\"150\" \/><\/a>\u00a0 \u00a0 \u00a0<a href=\"http:\/\/hofi-enge.cz\/wp-content\/uploads\/2016\/04\/Mobiln\u00ed-n\u016f\u017ekov\u00e1-plo\u0161ina.jpg\" rel=\"attachment wp-att-1865\"><img loading=\"lazy\" decoding=\"async\" class=\"alignnone wp-image-1865 size-thumbnail\" title=\"Mobile scissor platform ( HOFIPLO - NM)\" src=\"http:\/\/hofi-enge.cz\/wp-content\/uploads\/2016\/04\/Mobiln\u00ed-n\u016f\u017ekov\u00e1-plo\u0161ina-150x150.jpg\" alt=\"Mobiln\u00ed n\u016f\u017ekov\u00e1 plo\u0161ina\" width=\"150\" height=\"150\" \/><\/a>\u00a0 \u00a0 \u00a0<a href=\"http:\/\/hofi-enge.cz\/wp-content\/uploads\/2016\/04\/dop.prez_.-1.jpg\" rel=\"attachment wp-att-1860\"><img loading=\"lazy\" decoding=\"async\" class=\"alignnone wp-image-1860 size-thumbnail\" title=\"Mobile scissor platform ( HOFIPLO - NM)\" src=\"http:\/\/hofi-enge.cz\/wp-content\/uploads\/2016\/04\/dop.prez_.-1-150x150.jpg\" alt=\"dop.prez.\" width=\"150\" height=\"150\" \/><\/a><\/p>\n<p>&nbsp;<\/p>\n<p>&nbsp;<\/p>\n<h4><em><strong>Overhead cranes, portal crane<\/strong><\/em><\/h4>\n<p><a href=\"http:\/\/hofi-enge.cz\/wp-content\/uploads\/2016\/04\/na-plak\u00e1t-bvv-5.jpg\" rel=\"attachment wp-att-1877\"><img loading=\"lazy\" decoding=\"async\" class=\"alignnone wp-image-1877 size-thumbnail\" title=\"Overhead cranes\" src=\"http:\/\/hofi-enge.cz\/wp-content\/uploads\/2016\/04\/na-plak\u00e1t-bvv-5-150x150.jpg\" alt=\"na plak\u00e1t - bvv 5\" width=\"150\" height=\"150\" \/><\/a>\u00a0 \u00a0 \u00a0<a href=\"http:\/\/hofi-enge.cz\/wp-content\/uploads\/2016\/04\/WP_20150420_14_02_50_Pro.jpg\" rel=\"attachment wp-att-1880\"><img loading=\"lazy\" decoding=\"async\" class=\"alignnone wp-image-1880 size-thumbnail\" title=\"Overhead cranes\" src=\"http:\/\/hofi-enge.cz\/wp-content\/uploads\/2016\/04\/WP_20150420_14_02_50_Pro-150x150.jpg\" alt=\"WP_20150420_14_02_50_Pro\" width=\"150\" height=\"150\" \/><\/a>\u00a0 \u00a0 \u00a0<a href=\"http:\/\/hofi-enge.cz\/wp-content\/uploads\/2016\/04\/IMG_20180725_133534.jpg\" rel=\"attachment wp-att-2840\"><img loading=\"lazy\" decoding=\"async\" class=\"alignnone wp-image-2840 size-thumbnail\" title=\"Overhead cranes\" src=\"http:\/\/hofi-enge.cz\/wp-content\/uploads\/2016\/04\/IMG_20180725_133534-150x150.jpg\" alt=\"\" width=\"150\" height=\"150\" \/><\/a>\u00a0 \u00a0 \u00a0<a href=\"http:\/\/hofi-enge.cz\/wp-content\/uploads\/2016\/04\/IMG_20180725_133351.jpg\" rel=\"attachment wp-att-2838\"><img loading=\"lazy\" decoding=\"async\" class=\"alignnone wp-image-2838 size-thumbnail\" title=\"Overhead cranes\" src=\"http:\/\/hofi-enge.cz\/wp-content\/uploads\/2016\/04\/IMG_20180725_133351-150x150.jpg\" alt=\"\" width=\"150\" height=\"150\" \/><\/a>\u00a0 \u00a0 \u00a0<a href=\"http:\/\/hofi-enge.cz\/wp-content\/uploads\/2016\/04\/IMG_20180725_133445_1.jpg\" rel=\"attachment wp-att-2837\"><img loading=\"lazy\" decoding=\"async\" class=\"alignnone wp-image-2837 size-thumbnail\" title=\"Overhead cranes\" src=\"http:\/\/hofi-enge.cz\/wp-content\/uploads\/2016\/04\/IMG_20180725_133445_1-150x150.jpg\" alt=\"\" width=\"150\" height=\"150\" \/><\/a>\u00a0 \u00a0 \u00a0<a href=\"http:\/\/hofi-enge.cz\/wp-content\/uploads\/2015\/07\/Port\u00e1lov\u00fd-je\u0159\u00e1b-CV\u0158-2.jpg\" rel=\"attachment wp-att-2785\"><img loading=\"lazy\" decoding=\"async\" class=\"alignnone wp-image-2785 size-thumbnail\" title=\"portal crane\" src=\"http:\/\/hofi-enge.cz\/wp-content\/uploads\/2015\/07\/Port\u00e1lov\u00fd-je\u0159\u00e1b-CV\u0158-2-150x150.jpg\" alt=\"\" width=\"150\" height=\"150\" \/><\/a><\/p>\n","protected":false},"excerpt":{"rendered":"<p>&nbsp; &nbsp; Handling system for sheet metal \u00a0 \u00a0\u00a0\u00a0\u00a0\u00a0 \u00a0 \u00a0 \u00a0 \u00a0\u00a0 \u00a0 \u00a0\u00a0 \u00a0 \u00a0 &nbsp; &nbsp; Handling lines for forging shops \u00a0 \u00a0 \u00a0\u00a0 \u00a0\u00a0 \u00a0 \u00a0\u00a0 \u00a0 \u00a0 \u00a0 &nbsp; &nbsp; Handling line for press operation \u00a0 \u00a0 \u00a0\u00a0 \u00a0\u00a0 &nbsp; &nbsp; Automated vertical elevator \u00a0 \u00a0 \u00a0\u00a0 \u00a0\u00a0 \u00a0 \u00a0 [&hellip;]<\/p>\n","protected":false},"author":2,"featured_media":0,"parent":174,"menu_order":0,"comment_status":"closed","ping_status":"closed","template":"","meta":{"_acf_changed":false,"footnotes":""},"class_list":["post-1525","page","type-page","status-publish","hentry"],"acf":[],"yoast_head":"<!-- This site is optimized with the Yoast SEO plugin v25.4 - https:\/\/yoast.com\/wordpress\/plugins\/seo\/ -->\n<title>Transport and handling equipment - Hofi Enge ENG<\/title>\n<meta name=\"robots\" content=\"index, follow, max-snippet:-1, max-image-preview:large, max-video-preview:-1\" \/>\n<link rel=\"canonical\" href=\"https:\/\/hofi-enge.cz\/en\/fotogalerie\/transport-and-handling-equipment\/\" \/>\n<meta property=\"og:locale\" content=\"cs_CZ\" \/>\n<meta property=\"og:type\" content=\"article\" \/>\n<meta property=\"og:title\" content=\"Transport and handling equipment - Hofi Enge ENG\" \/>\n<meta property=\"og:description\" content=\"&nbsp; &nbsp; Handling system for sheet metal \u00a0 \u00a0\u00a0\u00a0\u00a0\u00a0 \u00a0 \u00a0 \u00a0 \u00a0\u00a0 \u00a0 \u00a0\u00a0 \u00a0 \u00a0 &nbsp; &nbsp; Handling lines for forging shops \u00a0 \u00a0 \u00a0\u00a0 \u00a0\u00a0 \u00a0 \u00a0\u00a0 \u00a0 \u00a0 \u00a0 &nbsp; &nbsp; Handling line for press operation \u00a0 \u00a0 \u00a0\u00a0 \u00a0\u00a0 &nbsp; &nbsp; Automated vertical elevator \u00a0 \u00a0 \u00a0\u00a0 \u00a0\u00a0 \u00a0 \u00a0 [&hellip;]\" \/>\n<meta property=\"og:url\" content=\"https:\/\/hofi-enge.cz\/en\/fotogalerie\/transport-and-handling-equipment\/\" \/>\n<meta property=\"og:site_name\" content=\"Hofi Enge ENG\" \/>\n<meta property=\"article:modified_time\" content=\"2019-01-23T11:35:56+00:00\" \/>\n<meta property=\"og:image\" content=\"http:\/\/hofi-enge.cz\/wp-content\/uploads\/2016\/04\/dopl.-prez.-150x150.jpg\" \/>\n<meta name=\"twitter:card\" content=\"summary_large_image\" \/>\n<script type=\"application\/ld+json\" class=\"yoast-schema-graph\">{\"@context\":\"https:\/\/schema.org\",\"@graph\":[{\"@type\":\"WebPage\",\"@id\":\"https:\/\/hofi-enge.cz\/en\/fotogalerie\/transport-and-handling-equipment\/\",\"url\":\"https:\/\/hofi-enge.cz\/en\/fotogalerie\/transport-and-handling-equipment\/\",\"name\":\"Transport and handling equipment - Hofi Enge ENG\",\"isPartOf\":{\"@id\":\"https:\/\/hofi-enge.cz\/en\/#website\"},\"primaryImageOfPage\":{\"@id\":\"https:\/\/hofi-enge.cz\/en\/fotogalerie\/transport-and-handling-equipment\/#primaryimage\"},\"image\":{\"@id\":\"https:\/\/hofi-enge.cz\/en\/fotogalerie\/transport-and-handling-equipment\/#primaryimage\"},\"thumbnailUrl\":\"http:\/\/hofi-enge.cz\/wp-content\/uploads\/2016\/04\/dopl.-prez.-150x150.jpg\",\"datePublished\":\"2016-11-29T15:13:41+00:00\",\"dateModified\":\"2019-01-23T11:35:56+00:00\",\"breadcrumb\":{\"@id\":\"https:\/\/hofi-enge.cz\/en\/fotogalerie\/transport-and-handling-equipment\/#breadcrumb\"},\"inLanguage\":\"cs\",\"potentialAction\":[{\"@type\":\"ReadAction\",\"target\":[\"https:\/\/hofi-enge.cz\/en\/fotogalerie\/transport-and-handling-equipment\/\"]}]},{\"@type\":\"ImageObject\",\"inLanguage\":\"cs\",\"@id\":\"https:\/\/hofi-enge.cz\/en\/fotogalerie\/transport-and-handling-equipment\/#primaryimage\",\"url\":\"http:\/\/hofi-enge.cz\/wp-content\/uploads\/2016\/04\/dopl.-prez.-150x150.jpg\",\"contentUrl\":\"http:\/\/hofi-enge.cz\/wp-content\/uploads\/2016\/04\/dopl.-prez.-150x150.jpg\"},{\"@type\":\"BreadcrumbList\",\"@id\":\"https:\/\/hofi-enge.cz\/en\/fotogalerie\/transport-and-handling-equipment\/#breadcrumb\",\"itemListElement\":[{\"@type\":\"ListItem\",\"position\":1,\"name\":\"Dom\u016f\",\"item\":\"https:\/\/hofi-enge.cz\/en\/\"},{\"@type\":\"ListItem\",\"position\":2,\"name\":\"Photo Gallery\",\"item\":\"https:\/\/hofi-enge.cz\/en\/fotogalerie\/\"},{\"@type\":\"ListItem\",\"position\":3,\"name\":\"Transport and handling equipment\"}]},{\"@type\":\"WebSite\",\"@id\":\"https:\/\/hofi-enge.cz\/en\/#website\",\"url\":\"https:\/\/hofi-enge.cz\/en\/\",\"name\":\"Hofi Enge ENG\",\"description\":\"PROPRIETARY DEVELOPMENT, DESIGN, PRODUCTION AND ASSEMBLY!\",\"potentialAction\":[{\"@type\":\"SearchAction\",\"target\":{\"@type\":\"EntryPoint\",\"urlTemplate\":\"https:\/\/hofi-enge.cz\/en\/?s={search_term_string}\"},\"query-input\":{\"@type\":\"PropertyValueSpecification\",\"valueRequired\":true,\"valueName\":\"search_term_string\"}}],\"inLanguage\":\"cs\"}]}<\/script>\n<!-- \/ Yoast SEO plugin. -->","yoast_head_json":{"title":"Transport and handling equipment - Hofi Enge ENG","robots":{"index":"index","follow":"follow","max-snippet":"max-snippet:-1","max-image-preview":"max-image-preview:large","max-video-preview":"max-video-preview:-1"},"canonical":"https:\/\/hofi-enge.cz\/en\/fotogalerie\/transport-and-handling-equipment\/","og_locale":"cs_CZ","og_type":"article","og_title":"Transport and handling equipment - Hofi Enge ENG","og_description":"&nbsp; &nbsp; Handling system for sheet metal \u00a0 \u00a0\u00a0\u00a0\u00a0\u00a0 \u00a0 \u00a0 \u00a0 \u00a0\u00a0 \u00a0 \u00a0\u00a0 \u00a0 \u00a0 &nbsp; &nbsp; Handling lines for forging shops \u00a0 \u00a0 \u00a0\u00a0 \u00a0\u00a0 \u00a0 \u00a0\u00a0 \u00a0 \u00a0 \u00a0 &nbsp; &nbsp; Handling line for press operation \u00a0 \u00a0 \u00a0\u00a0 \u00a0\u00a0 &nbsp; &nbsp; Automated vertical elevator \u00a0 \u00a0 \u00a0\u00a0 \u00a0\u00a0 \u00a0 \u00a0 [&hellip;]","og_url":"https:\/\/hofi-enge.cz\/en\/fotogalerie\/transport-and-handling-equipment\/","og_site_name":"Hofi Enge ENG","article_modified_time":"2019-01-23T11:35:56+00:00","og_image":[{"url":"http:\/\/hofi-enge.cz\/wp-content\/uploads\/2016\/04\/dopl.-prez.-150x150.jpg","type":"","width":"","height":""}],"twitter_card":"summary_large_image","schema":{"@context":"https:\/\/schema.org","@graph":[{"@type":"WebPage","@id":"https:\/\/hofi-enge.cz\/en\/fotogalerie\/transport-and-handling-equipment\/","url":"https:\/\/hofi-enge.cz\/en\/fotogalerie\/transport-and-handling-equipment\/","name":"Transport and handling equipment - Hofi Enge ENG","isPartOf":{"@id":"https:\/\/hofi-enge.cz\/en\/#website"},"primaryImageOfPage":{"@id":"https:\/\/hofi-enge.cz\/en\/fotogalerie\/transport-and-handling-equipment\/#primaryimage"},"image":{"@id":"https:\/\/hofi-enge.cz\/en\/fotogalerie\/transport-and-handling-equipment\/#primaryimage"},"thumbnailUrl":"http:\/\/hofi-enge.cz\/wp-content\/uploads\/2016\/04\/dopl.-prez.-150x150.jpg","datePublished":"2016-11-29T15:13:41+00:00","dateModified":"2019-01-23T11:35:56+00:00","breadcrumb":{"@id":"https:\/\/hofi-enge.cz\/en\/fotogalerie\/transport-and-handling-equipment\/#breadcrumb"},"inLanguage":"cs","potentialAction":[{"@type":"ReadAction","target":["https:\/\/hofi-enge.cz\/en\/fotogalerie\/transport-and-handling-equipment\/"]}]},{"@type":"ImageObject","inLanguage":"cs","@id":"https:\/\/hofi-enge.cz\/en\/fotogalerie\/transport-and-handling-equipment\/#primaryimage","url":"http:\/\/hofi-enge.cz\/wp-content\/uploads\/2016\/04\/dopl.-prez.-150x150.jpg","contentUrl":"http:\/\/hofi-enge.cz\/wp-content\/uploads\/2016\/04\/dopl.-prez.-150x150.jpg"},{"@type":"BreadcrumbList","@id":"https:\/\/hofi-enge.cz\/en\/fotogalerie\/transport-and-handling-equipment\/#breadcrumb","itemListElement":[{"@type":"ListItem","position":1,"name":"Dom\u016f","item":"https:\/\/hofi-enge.cz\/en\/"},{"@type":"ListItem","position":2,"name":"Photo Gallery","item":"https:\/\/hofi-enge.cz\/en\/fotogalerie\/"},{"@type":"ListItem","position":3,"name":"Transport and handling equipment"}]},{"@type":"WebSite","@id":"https:\/\/hofi-enge.cz\/en\/#website","url":"https:\/\/hofi-enge.cz\/en\/","name":"Hofi Enge ENG","description":"PROPRIETARY DEVELOPMENT, DESIGN, PRODUCTION AND ASSEMBLY!","potentialAction":[{"@type":"SearchAction","target":{"@type":"EntryPoint","urlTemplate":"https:\/\/hofi-enge.cz\/en\/?s={search_term_string}"},"query-input":{"@type":"PropertyValueSpecification","valueRequired":true,"valueName":"search_term_string"}}],"inLanguage":"cs"}]}},"_links":{"self":[{"href":"https:\/\/hofi-enge.cz\/en\/wp-json\/wp\/v2\/pages\/1525","targetHints":{"allow":["GET"]}}],"collection":[{"href":"https:\/\/hofi-enge.cz\/en\/wp-json\/wp\/v2\/pages"}],"about":[{"href":"https:\/\/hofi-enge.cz\/en\/wp-json\/wp\/v2\/types\/page"}],"author":[{"embeddable":true,"href":"https:\/\/hofi-enge.cz\/en\/wp-json\/wp\/v2\/users\/2"}],"replies":[{"embeddable":true,"href":"https:\/\/hofi-enge.cz\/en\/wp-json\/wp\/v2\/comments?post=1525"}],"version-history":[{"count":6,"href":"https:\/\/hofi-enge.cz\/en\/wp-json\/wp\/v2\/pages\/1525\/revisions"}],"predecessor-version":[{"id":1714,"href":"https:\/\/hofi-enge.cz\/en\/wp-json\/wp\/v2\/pages\/1525\/revisions\/1714"}],"up":[{"embeddable":true,"href":"https:\/\/hofi-enge.cz\/en\/wp-json\/wp\/v2\/pages\/174"}],"wp:attachment":[{"href":"https:\/\/hofi-enge.cz\/en\/wp-json\/wp\/v2\/media?parent=1525"}],"curies":[{"name":"wp","href":"https:\/\/api.w.org\/{rel}","templated":true}]}}