{"id":1530,"date":"2016-11-29T16:32:03","date_gmt":"2016-11-29T15:32:03","guid":{"rendered":"http:\/\/hofi-enge.cz\/en\/?page_id=1530"},"modified":"2018-03-26T11:43:27","modified_gmt":"2018-03-26T09:43:27","slug":"equipment-for-museums-and-galleries","status":"publish","type":"page","link":"https:\/\/hofi-enge.cz\/en\/fotogalerie\/equipment-for-museums-and-galleries\/","title":{"rendered":"Equipment for museums and galleries"},"content":{"rendered":"<h4><\/h4>\n<h4><\/h4>\n<h4><\/h4>\n<p>&nbsp;<\/p>\n<p>&nbsp;<\/p>\n<h4><\/h4>\n<h4><em><strong>Exhibition panels, container with sliding screens for paintings<\/strong><\/em><\/h4>\n<p><a href=\"http:\/\/hofi-enge.cz\/wp-content\/uploads\/2014\/05\/126.jpg\" rel=\"attachment wp-att-813\"><img loading=\"lazy\" decoding=\"async\" class=\"alignnone wp-image-813 size-thumbnail\" title=\"exhibition panels (HOFIPAN)\" src=\"http:\/\/hofi-enge.cz\/en\/wp-content\/uploads\/sites\/4\/2014\/05\/126-150x150.jpg\" alt=\"1\" width=\"150\" height=\"150\" \/><\/a>\u00a0 \u00a0 \u00a0<a href=\"http:\/\/hofi-enge.cz\/wp-content\/uploads\/2014\/05\/211.jpg\" rel=\"attachment wp-att-814\"><img loading=\"lazy\" decoding=\"async\" class=\"alignnone wp-image-814 size-thumbnail\" title=\"exhibition panels (HOFIPAN)\" src=\"http:\/\/hofi-enge.cz\/en\/wp-content\/uploads\/sites\/4\/2014\/05\/211-150x150.jpg\" alt=\"2\" width=\"150\" height=\"150\" \/><\/a>\u00a0 \u00a0 \u00a0<a href=\"http:\/\/hofi-enge.cz\/wp-content\/uploads\/2016\/06\/HOFIPAN-bez-datumu.jpg\" rel=\"attachment wp-att-2083\"><img loading=\"lazy\" decoding=\"async\" class=\"alignnone wp-image-2083 size-thumbnail\" title=\"exhibition panels (HOFIPAN)\" src=\"http:\/\/hofi-enge.cz\/wp-content\/uploads\/2016\/06\/HOFIPAN-bez-datumu-150x150.jpg\" alt=\"HOFIPAN - bez datumu\" width=\"150\" height=\"150\" \/><\/a>\u00a0 \u00a0 \u00a0<a href=\"http:\/\/hofi-enge.cz\/wp-content\/uploads\/2016\/06\/S\u00edta-na-obrazy-bez-datumu.jpg\" rel=\"attachment wp-att-2073\"><img loading=\"lazy\" decoding=\"async\" class=\"alignnone wp-image-2073 size-thumbnail\" title=\"container with sliding screens for paintings (HOFIOB - VS)\" src=\"http:\/\/hofi-enge.cz\/wp-content\/uploads\/2016\/06\/S\u00edta-na-obrazy-bez-datumu-150x150.jpg\" alt=\"S\u00edta na obrazy - bez datumu\" width=\"150\" height=\"150\" \/><\/a>\u00a0 \u00a0 \u00a0<a href=\"http:\/\/hofi-enge.cz\/wp-content\/uploads\/2016\/06\/v\u00fdsuvn\u00e1-s\u00edta-na-obrazy.jpg\" rel=\"attachment wp-att-2074\"><img loading=\"lazy\" decoding=\"async\" class=\"alignnone wp-image-2074 size-thumbnail\" title=\"container with sliding screens for paintings (HOFIOB - VS)\" src=\"http:\/\/hofi-enge.cz\/wp-content\/uploads\/2016\/06\/v\u00fdsuvn\u00e1-s\u00edta-na-obrazy-150x150.jpg\" alt=\"v\u00fdsuvn\u00e1 s\u00edta na obrazy\" width=\"150\" height=\"150\" \/><\/a>\u00a0 \u00a0 \u00a0<a href=\"http:\/\/hofi-enge.cz\/wp-content\/uploads\/2016\/06\/v\u00fdsuvn\u00e9-r\u00e1my-na-obrazy.jpg\" rel=\"attachment wp-att-2075\"><img loading=\"lazy\" decoding=\"async\" class=\"alignnone wp-image-2075 size-thumbnail\" title=\"container with sliding screens for paintings (HOFIOB - VS)\" src=\"http:\/\/hofi-enge.cz\/wp-content\/uploads\/2016\/06\/v\u00fdsuvn\u00e9-r\u00e1my-na-obrazy-150x150.jpg\" alt=\"v\u00fdsuvn\u00e9 r\u00e1my na obrazy\" width=\"150\" height=\"150\" \/><\/a><\/p>\n<p>&nbsp;<\/p>\n<p>&nbsp;<\/p>\n<h4><\/h4>\n<h4><em><strong>Exhibition showcases &#8211; built-in showcases, security showcases, exhibition showcases for postcards and coins<\/strong><\/em><\/h4>\n<p><a href=\"http:\/\/hofi-enge.cz\/wp-content\/uploads\/2016\/05\/masarykova-univerzita-brno-vitr\u00edny-004.jpg\" rel=\"attachment wp-att-1479\"><img loading=\"lazy\" decoding=\"async\" class=\"alignnone wp-image-1479 size-thumbnail\" title=\"built-in showcases (HOFIVIT - V)\" src=\"http:\/\/hofi-enge.cz\/wp-content\/uploads\/2016\/05\/masarykova-univerzita-brno-vitr\u00edny-004-150x150.jpg\" alt=\"masarykova univerzita brno - vitr\u00edny 004\" width=\"150\" height=\"150\" \/><\/a>\u00a0 \u00a0 \u00a0<a href=\"http:\/\/hofi-enge.cz\/wp-content\/uploads\/2016\/05\/masarykova-univerzita-brno-vitr\u00edny-007.jpg\" rel=\"attachment wp-att-1478\"><img loading=\"lazy\" decoding=\"async\" class=\"alignnone wp-image-1478 size-thumbnail\" title=\"built-in showcases (HOFIVIT - V)\" src=\"http:\/\/hofi-enge.cz\/wp-content\/uploads\/2016\/05\/masarykova-univerzita-brno-vitr\u00edny-007-150x150.jpg\" alt=\"masarykova univerzita brno - vitr\u00edny 007\" width=\"150\" height=\"150\" \/><\/a>\u00a0 \u00a0 \u00a0<a href=\"http:\/\/hofi-enge.cz\/wp-content\/uploads\/2014\/04\/resistant-show-cases.jpg\" rel=\"attachment wp-att-236\"><img loading=\"lazy\" decoding=\"async\" class=\"alignnone wp-image-236 size-thumbnail\" title=\"security showcases (HOFIVIT - B)\" src=\"http:\/\/hofi-enge.cz\/en\/wp-content\/uploads\/sites\/4\/2014\/04\/resistant-show-cases-150x150.jpg\" alt=\"resistant show cases\" width=\"150\" height=\"150\" \/><\/a>\u00a0 \u00a0 \u00a0<a href=\"http:\/\/hofi-enge.cz\/wp-content\/uploads\/2016\/06\/na-pohlednice-2.jpg\" rel=\"attachment wp-att-2087\"><img loading=\"lazy\" decoding=\"async\" class=\"alignnone wp-image-2087 size-thumbnail\" title=\"exhibition showcases for postcards (HOFIVIT - PO)\" src=\"http:\/\/hofi-enge.cz\/wp-content\/uploads\/2016\/06\/na-pohlednice-2-150x150.jpg\" alt=\"na pohlednice 2\" width=\"150\" height=\"150\" \/><\/a>\u00a0 \u00a0 \u00a0<a href=\"http:\/\/hofi-enge.cz\/wp-content\/uploads\/2016\/06\/vitr\u00edny-na-pohlednice.jpg\" rel=\"attachment wp-att-2088\"><img loading=\"lazy\" decoding=\"async\" class=\"alignnone wp-image-2088 size-thumbnail\" title=\"exhibition showcases for postcards (HOFIVIT - PO)\" src=\"http:\/\/hofi-enge.cz\/wp-content\/uploads\/2016\/06\/vitr\u00edny-na-pohlednice-150x150.jpg\" alt=\"vitr\u00edny na pohlednice\" width=\"150\" height=\"150\" \/><\/a>\u00a0 \u00a0 \u00a0<a href=\"http:\/\/hofi-enge.cz\/wp-content\/uploads\/2014\/04\/show-case-for-money.jpg\" rel=\"attachment wp-att-237\"><img loading=\"lazy\" decoding=\"async\" class=\"alignnone wp-image-237 size-thumbnail\" title=\"exhibition showcases for coins (HOFIVIT - MP)\" src=\"http:\/\/hofi-enge.cz\/en\/wp-content\/uploads\/sites\/4\/2014\/04\/show-case-for-money-150x150.jpg\" alt=\"show case for money\" width=\"150\" height=\"150\" \/><\/a><\/p>\n<p>&nbsp;<\/p>\n<p>&nbsp;<\/p>\n<h4><em><strong>Mobile racks for paintings, weapons, large exhibits<\/strong><\/em><\/h4>\n<p><a href=\"http:\/\/hofi-enge.cz\/wp-content\/uploads\/2014\/05\/128.jpg\" rel=\"attachment wp-att-826\"><img loading=\"lazy\" decoding=\"async\" class=\"alignnone wp-image-826 size-thumbnail\" title=\"Mobile racks for paintings (HOFIRE -OM)\" src=\"http:\/\/hofi-enge.cz\/en\/wp-content\/uploads\/sites\/4\/2014\/05\/128-150x150.jpg\" alt=\"1\" width=\"150\" height=\"150\" \/><\/a>\u00a0 \u00a0 \u00a0<a href=\"http:\/\/hofi-enge.cz\/wp-content\/uploads\/2014\/05\/34.jpg\" rel=\"attachment wp-att-828\"><img loading=\"lazy\" decoding=\"async\" class=\"alignnone wp-image-828 size-thumbnail\" title=\"Mobile racks for paintings (HOFIRE -OM)\" src=\"http:\/\/hofi-enge.cz\/en\/wp-content\/uploads\/sites\/4\/2014\/05\/34-150x150.jpg\" alt=\"3\" width=\"150\" height=\"150\" \/><\/a>\u00a0 \u00a0 \u00a0<a href=\"http:\/\/hofi-enge.cz\/wp-content\/uploads\/2016\/06\/poj\u00edzdn\u00e9-reg\u00e1ly-na-chladn\u00e9-zbran\u011b.jpg\" rel=\"attachment wp-att-2095\"><img loading=\"lazy\" decoding=\"async\" class=\"alignnone wp-image-2095 size-thumbnail\" title=\"Mobile racks for weapons (HOFIRE -ZBM)\" src=\"http:\/\/hofi-enge.cz\/wp-content\/uploads\/2016\/06\/poj\u00edzdn\u00e9-reg\u00e1ly-na-chladn\u00e9-zbran\u011b-150x150.jpg\" alt=\"poj\u00edzdn\u00e9 reg\u00e1ly na chladn\u00e9 zbran\u011b\" width=\"150\" height=\"150\" \/><\/a>\u00a0\u00a0 \u00a0\u00a0<a href=\"http:\/\/hofi-enge.cz\/wp-content\/uploads\/2016\/06\/poj\u00edzdn\u00e9-reg\u00e1ly-na-zbran\u011b.jpg\" rel=\"attachment wp-att-2096\"><img loading=\"lazy\" decoding=\"async\" class=\"alignnone wp-image-2096 size-thumbnail\" title=\"Mobile racks for weapons (HOFIRE -ZBM)\" src=\"http:\/\/hofi-enge.cz\/wp-content\/uploads\/2016\/06\/poj\u00edzdn\u00e9-reg\u00e1ly-na-zbran\u011b-150x150.jpg\" alt=\"poj\u00edzdn\u00e9 reg\u00e1ly na zbran\u011b\" width=\"150\" height=\"150\" \/><\/a>\u00a0 \u00a0 \u00a0<a href=\"http:\/\/hofi-enge.cz\/wp-content\/uploads\/2014\/04\/100_0094.jpg\" rel=\"attachment wp-att-1469\"><img loading=\"lazy\" decoding=\"async\" class=\"alignnone wp-image-1469 size-thumbnail\" title=\"Mobile racks for large exhibits (HOFIRE - DPM)\" src=\"http:\/\/hofi-enge.cz\/wp-content\/uploads\/2014\/04\/100_0094-150x150.jpg\" alt=\"100_0094\" width=\"150\" height=\"150\" \/><\/a>\u00a0 \u00a0 \u00a0<a href=\"http:\/\/hofi-enge.cz\/wp-content\/uploads\/2014\/04\/100_0092.jpg\" rel=\"attachment wp-att-1468\"><img loading=\"lazy\" decoding=\"async\" class=\"alignnone wp-image-1468 size-thumbnail\" title=\"Mobile racks for large exhibits (HOFIRE - DPM)\" src=\"http:\/\/hofi-enge.cz\/wp-content\/uploads\/2014\/04\/100_0092-150x150.jpg\" alt=\"100_0092\" width=\"150\" height=\"150\" \/><\/a><\/p>\n","protected":false},"excerpt":{"rendered":"<p>&nbsp; &nbsp; Exhibition panels, container with sliding screens for paintings \u00a0 \u00a0 \u00a0\u00a0 \u00a0 \u00a0\u00a0 \u00a0 \u00a0\u00a0 \u00a0 \u00a0\u00a0 \u00a0 \u00a0 &nbsp; &nbsp; Exhibition showcases &#8211; built-in showcases, security showcases, exhibition showcases for postcards and coins \u00a0 \u00a0 \u00a0\u00a0 \u00a0 \u00a0\u00a0 \u00a0 \u00a0\u00a0 \u00a0 \u00a0\u00a0 \u00a0 \u00a0 &nbsp; &nbsp; Mobile racks for paintings, weapons, large [&hellip;]<\/p>\n","protected":false},"author":2,"featured_media":0,"parent":174,"menu_order":0,"comment_status":"closed","ping_status":"closed","template":"","meta":{"_acf_changed":false,"footnotes":""},"class_list":["post-1530","page","type-page","status-publish","hentry"],"acf":[],"yoast_head":"<!-- This site is optimized with the Yoast SEO plugin v25.4 - https:\/\/yoast.com\/wordpress\/plugins\/seo\/ -->\n<title>Equipment for museums and galleries - Hofi Enge ENG<\/title>\n<meta name=\"robots\" content=\"index, follow, max-snippet:-1, max-image-preview:large, max-video-preview:-1\" \/>\n<link rel=\"canonical\" href=\"https:\/\/hofi-enge.cz\/en\/fotogalerie\/equipment-for-museums-and-galleries\/\" \/>\n<meta property=\"og:locale\" content=\"cs_CZ\" \/>\n<meta property=\"og:type\" content=\"article\" \/>\n<meta property=\"og:title\" content=\"Equipment for museums and galleries - Hofi Enge ENG\" \/>\n<meta property=\"og:description\" content=\"&nbsp; &nbsp; Exhibition panels, container with sliding screens for paintings \u00a0 \u00a0 \u00a0\u00a0 \u00a0 \u00a0\u00a0 \u00a0 \u00a0\u00a0 \u00a0 \u00a0\u00a0 \u00a0 \u00a0 &nbsp; &nbsp; Exhibition showcases &#8211; built-in showcases, security showcases, exhibition showcases for postcards and coins \u00a0 \u00a0 \u00a0\u00a0 \u00a0 \u00a0\u00a0 \u00a0 \u00a0\u00a0 \u00a0 \u00a0\u00a0 \u00a0 \u00a0 &nbsp; &nbsp; Mobile racks for paintings, weapons, large [&hellip;]\" \/>\n<meta property=\"og:url\" content=\"https:\/\/hofi-enge.cz\/en\/fotogalerie\/equipment-for-museums-and-galleries\/\" \/>\n<meta property=\"og:site_name\" content=\"Hofi Enge ENG\" \/>\n<meta property=\"article:modified_time\" content=\"2018-03-26T09:43:27+00:00\" \/>\n<meta property=\"og:image\" content=\"http:\/\/hofi-enge.cz\/en\/wp-content\/uploads\/sites\/4\/2014\/05\/126-150x150.jpg\" \/>\n<meta name=\"twitter:card\" content=\"summary_large_image\" \/>\n<script type=\"application\/ld+json\" class=\"yoast-schema-graph\">{\"@context\":\"https:\/\/schema.org\",\"@graph\":[{\"@type\":\"WebPage\",\"@id\":\"https:\/\/hofi-enge.cz\/en\/fotogalerie\/equipment-for-museums-and-galleries\/\",\"url\":\"https:\/\/hofi-enge.cz\/en\/fotogalerie\/equipment-for-museums-and-galleries\/\",\"name\":\"Equipment for museums and galleries - Hofi Enge ENG\",\"isPartOf\":{\"@id\":\"https:\/\/hofi-enge.cz\/en\/#website\"},\"primaryImageOfPage\":{\"@id\":\"https:\/\/hofi-enge.cz\/en\/fotogalerie\/equipment-for-museums-and-galleries\/#primaryimage\"},\"image\":{\"@id\":\"https:\/\/hofi-enge.cz\/en\/fotogalerie\/equipment-for-museums-and-galleries\/#primaryimage\"},\"thumbnailUrl\":\"http:\/\/hofi-enge.cz\/en\/wp-content\/uploads\/sites\/4\/2014\/05\/126-150x150.jpg\",\"datePublished\":\"2016-11-29T15:32:03+00:00\",\"dateModified\":\"2018-03-26T09:43:27+00:00\",\"breadcrumb\":{\"@id\":\"https:\/\/hofi-enge.cz\/en\/fotogalerie\/equipment-for-museums-and-galleries\/#breadcrumb\"},\"inLanguage\":\"cs\",\"potentialAction\":[{\"@type\":\"ReadAction\",\"target\":[\"https:\/\/hofi-enge.cz\/en\/fotogalerie\/equipment-for-museums-and-galleries\/\"]}]},{\"@type\":\"ImageObject\",\"inLanguage\":\"cs\",\"@id\":\"https:\/\/hofi-enge.cz\/en\/fotogalerie\/equipment-for-museums-and-galleries\/#primaryimage\",\"url\":\"http:\/\/hofi-enge.cz\/en\/wp-content\/uploads\/sites\/4\/2014\/05\/126-150x150.jpg\",\"contentUrl\":\"http:\/\/hofi-enge.cz\/en\/wp-content\/uploads\/sites\/4\/2014\/05\/126-150x150.jpg\"},{\"@type\":\"BreadcrumbList\",\"@id\":\"https:\/\/hofi-enge.cz\/en\/fotogalerie\/equipment-for-museums-and-galleries\/#breadcrumb\",\"itemListElement\":[{\"@type\":\"ListItem\",\"position\":1,\"name\":\"Dom\u016f\",\"item\":\"https:\/\/hofi-enge.cz\/en\/\"},{\"@type\":\"ListItem\",\"position\":2,\"name\":\"Photo Gallery\",\"item\":\"https:\/\/hofi-enge.cz\/en\/fotogalerie\/\"},{\"@type\":\"ListItem\",\"position\":3,\"name\":\"Equipment for museums and galleries\"}]},{\"@type\":\"WebSite\",\"@id\":\"https:\/\/hofi-enge.cz\/en\/#website\",\"url\":\"https:\/\/hofi-enge.cz\/en\/\",\"name\":\"Hofi Enge ENG\",\"description\":\"PROPRIETARY DEVELOPMENT, DESIGN, PRODUCTION AND ASSEMBLY!\",\"potentialAction\":[{\"@type\":\"SearchAction\",\"target\":{\"@type\":\"EntryPoint\",\"urlTemplate\":\"https:\/\/hofi-enge.cz\/en\/?s={search_term_string}\"},\"query-input\":{\"@type\":\"PropertyValueSpecification\",\"valueRequired\":true,\"valueName\":\"search_term_string\"}}],\"inLanguage\":\"cs\"}]}<\/script>\n<!-- \/ Yoast SEO plugin. -->","yoast_head_json":{"title":"Equipment for museums and galleries - Hofi Enge ENG","robots":{"index":"index","follow":"follow","max-snippet":"max-snippet:-1","max-image-preview":"max-image-preview:large","max-video-preview":"max-video-preview:-1"},"canonical":"https:\/\/hofi-enge.cz\/en\/fotogalerie\/equipment-for-museums-and-galleries\/","og_locale":"cs_CZ","og_type":"article","og_title":"Equipment for museums and galleries - Hofi Enge ENG","og_description":"&nbsp; &nbsp; Exhibition panels, container with sliding screens for paintings \u00a0 \u00a0 \u00a0\u00a0 \u00a0 \u00a0\u00a0 \u00a0 \u00a0\u00a0 \u00a0 \u00a0\u00a0 \u00a0 \u00a0 &nbsp; &nbsp; Exhibition showcases &#8211; built-in showcases, security showcases, exhibition showcases for postcards and coins \u00a0 \u00a0 \u00a0\u00a0 \u00a0 \u00a0\u00a0 \u00a0 \u00a0\u00a0 \u00a0 \u00a0\u00a0 \u00a0 \u00a0 &nbsp; &nbsp; Mobile racks for paintings, weapons, large [&hellip;]","og_url":"https:\/\/hofi-enge.cz\/en\/fotogalerie\/equipment-for-museums-and-galleries\/","og_site_name":"Hofi Enge ENG","article_modified_time":"2018-03-26T09:43:27+00:00","og_image":[{"url":"http:\/\/hofi-enge.cz\/en\/wp-content\/uploads\/sites\/4\/2014\/05\/126-150x150.jpg","type":"","width":"","height":""}],"twitter_card":"summary_large_image","schema":{"@context":"https:\/\/schema.org","@graph":[{"@type":"WebPage","@id":"https:\/\/hofi-enge.cz\/en\/fotogalerie\/equipment-for-museums-and-galleries\/","url":"https:\/\/hofi-enge.cz\/en\/fotogalerie\/equipment-for-museums-and-galleries\/","name":"Equipment for museums and galleries - Hofi Enge ENG","isPartOf":{"@id":"https:\/\/hofi-enge.cz\/en\/#website"},"primaryImageOfPage":{"@id":"https:\/\/hofi-enge.cz\/en\/fotogalerie\/equipment-for-museums-and-galleries\/#primaryimage"},"image":{"@id":"https:\/\/hofi-enge.cz\/en\/fotogalerie\/equipment-for-museums-and-galleries\/#primaryimage"},"thumbnailUrl":"http:\/\/hofi-enge.cz\/en\/wp-content\/uploads\/sites\/4\/2014\/05\/126-150x150.jpg","datePublished":"2016-11-29T15:32:03+00:00","dateModified":"2018-03-26T09:43:27+00:00","breadcrumb":{"@id":"https:\/\/hofi-enge.cz\/en\/fotogalerie\/equipment-for-museums-and-galleries\/#breadcrumb"},"inLanguage":"cs","potentialAction":[{"@type":"ReadAction","target":["https:\/\/hofi-enge.cz\/en\/fotogalerie\/equipment-for-museums-and-galleries\/"]}]},{"@type":"ImageObject","inLanguage":"cs","@id":"https:\/\/hofi-enge.cz\/en\/fotogalerie\/equipment-for-museums-and-galleries\/#primaryimage","url":"http:\/\/hofi-enge.cz\/en\/wp-content\/uploads\/sites\/4\/2014\/05\/126-150x150.jpg","contentUrl":"http:\/\/hofi-enge.cz\/en\/wp-content\/uploads\/sites\/4\/2014\/05\/126-150x150.jpg"},{"@type":"BreadcrumbList","@id":"https:\/\/hofi-enge.cz\/en\/fotogalerie\/equipment-for-museums-and-galleries\/#breadcrumb","itemListElement":[{"@type":"ListItem","position":1,"name":"Dom\u016f","item":"https:\/\/hofi-enge.cz\/en\/"},{"@type":"ListItem","position":2,"name":"Photo Gallery","item":"https:\/\/hofi-enge.cz\/en\/fotogalerie\/"},{"@type":"ListItem","position":3,"name":"Equipment for museums and galleries"}]},{"@type":"WebSite","@id":"https:\/\/hofi-enge.cz\/en\/#website","url":"https:\/\/hofi-enge.cz\/en\/","name":"Hofi Enge ENG","description":"PROPRIETARY DEVELOPMENT, DESIGN, PRODUCTION AND ASSEMBLY!","potentialAction":[{"@type":"SearchAction","target":{"@type":"EntryPoint","urlTemplate":"https:\/\/hofi-enge.cz\/en\/?s={search_term_string}"},"query-input":{"@type":"PropertyValueSpecification","valueRequired":true,"valueName":"search_term_string"}}],"inLanguage":"cs"}]}},"_links":{"self":[{"href":"https:\/\/hofi-enge.cz\/en\/wp-json\/wp\/v2\/pages\/1530","targetHints":{"allow":["GET"]}}],"collection":[{"href":"https:\/\/hofi-enge.cz\/en\/wp-json\/wp\/v2\/pages"}],"about":[{"href":"https:\/\/hofi-enge.cz\/en\/wp-json\/wp\/v2\/types\/page"}],"author":[{"embeddable":true,"href":"https:\/\/hofi-enge.cz\/en\/wp-json\/wp\/v2\/users\/2"}],"replies":[{"embeddable":true,"href":"https:\/\/hofi-enge.cz\/en\/wp-json\/wp\/v2\/comments?post=1530"}],"version-history":[{"count":7,"href":"https:\/\/hofi-enge.cz\/en\/wp-json\/wp\/v2\/pages\/1530\/revisions"}],"predecessor-version":[{"id":1638,"href":"https:\/\/hofi-enge.cz\/en\/wp-json\/wp\/v2\/pages\/1530\/revisions\/1638"}],"up":[{"embeddable":true,"href":"https:\/\/hofi-enge.cz\/en\/wp-json\/wp\/v2\/pages\/174"}],"wp:attachment":[{"href":"https:\/\/hofi-enge.cz\/en\/wp-json\/wp\/v2\/media?parent=1530"}],"curies":[{"name":"wp","href":"https:\/\/api.w.org\/{rel}","templated":true}]}}