{"id":1537,"date":"2016-12-01T16:11:20","date_gmt":"2016-12-01T15:11:20","guid":{"rendered":"http:\/\/hofi-enge.cz\/en\/?page_id=1537"},"modified":"2018-03-26T12:07:41","modified_gmt":"2018-03-26T10:07:41","slug":"equipment-for-warehouses","status":"publish","type":"page","link":"https:\/\/hofi-enge.cz\/en\/fotogalerie\/equipment-for-warehouses\/","title":{"rendered":"Equipment for warehouses"},"content":{"rendered":"<h4><\/h4>\n<h4><\/h4>\n<h4><\/h4>\n<p>&nbsp;<\/p>\n<p>&nbsp;<\/p>\n<h4><em><strong>Stationary and mobile palette racks<\/strong><\/em><\/h4>\n<p><a href=\"http:\/\/hofi-enge.cz\/wp-content\/uploads\/2016\/06\/DSC04801.jpg\" rel=\"attachment wp-att-2039\"><img loading=\"lazy\" decoding=\"async\" class=\"alignnone wp-image-2039 size-thumbnail\" title=\"Stationary palette racks (HOFIPAL - S)\" src=\"http:\/\/hofi-enge.cz\/wp-content\/uploads\/2016\/06\/DSC04801-150x150.jpg\" alt=\"DSC04801\" width=\"150\" height=\"150\" \/><\/a>\u00a0 \u00a0 \u00a0<a href=\"http:\/\/hofi-enge.cz\/wp-content\/uploads\/2016\/06\/for-palets.jpg\" rel=\"attachment wp-att-2041\"><img loading=\"lazy\" decoding=\"async\" class=\"alignnone wp-image-2041 size-thumbnail\" title=\"Stationary palette racks (HOFIPAL - S)\" src=\"http:\/\/hofi-enge.cz\/wp-content\/uploads\/2016\/06\/for-palets-150x150.jpg\" alt=\"for palets\" width=\"150\" height=\"150\" \/><\/a>\u00a0 \u00a0\u00a0 <a href=\"http:\/\/hofi-enge.cz\/wp-content\/uploads\/2016\/06\/paletov\u00e9-silo.jpg\" rel=\"attachment wp-att-2045\"><img loading=\"lazy\" decoding=\"async\" class=\"alignnone wp-image-2045 size-thumbnail\" title=\"Stationary palette racks (HOFIPAL - S)\" src=\"http:\/\/hofi-enge.cz\/wp-content\/uploads\/2016\/06\/paletov\u00e9-silo-150x150.jpg\" alt=\"paletov\u00e9 silo\" width=\"150\" height=\"150\" \/><\/a>\u00a0 \u00a0 \u00a0<a href=\"http:\/\/hofi-enge.cz\/wp-content\/uploads\/2016\/06\/Sn\u00edmek-001.jpg\" rel=\"attachment wp-att-2046\"><img loading=\"lazy\" decoding=\"async\" class=\"alignnone wp-image-2046 size-thumbnail\" title=\"Stationary palette racks (HOFIPAL - S)\" src=\"http:\/\/hofi-enge.cz\/wp-content\/uploads\/2016\/06\/Sn\u00edmek-001-150x150.jpg\" alt=\"Sn\u00edmek 001\" width=\"150\" height=\"150\" \/><\/a>\u00a0 \u00a0 \u00a0<a href=\"http:\/\/hofi-enge.cz\/wp-content\/uploads\/2016\/06\/dop.-prez..jpg\" rel=\"attachment wp-att-2048\"><img loading=\"lazy\" decoding=\"async\" class=\"alignnone wp-image-2048 size-thumbnail\" title=\"mobile palette racks (HOFIPAL - M)\" src=\"http:\/\/hofi-enge.cz\/wp-content\/uploads\/2016\/06\/dop.-prez.-150x150.jpg\" alt=\"dop. prez.\" width=\"150\" height=\"150\" \/><\/a>\u00a0 \u00a0 \u00a0<a href=\"http:\/\/hofi-enge.cz\/wp-content\/uploads\/2016\/06\/foto_01.jpg\" rel=\"attachment wp-att-2051\"><img loading=\"lazy\" decoding=\"async\" class=\"alignnone wp-image-2051 size-thumbnail\" title=\"mobile palette racks (HOFIPAL - M)\" src=\"http:\/\/hofi-enge.cz\/wp-content\/uploads\/2016\/06\/foto_01-150x150.jpg\" alt=\"foto_01\" width=\"150\" height=\"150\" \/><\/a><\/p>\n<p>&nbsp;<\/p>\n<h4><em><strong>\u00a0<\/strong><\/em><\/h4>\n<h4><em><strong>Stationary shelving racks<\/strong><\/em><\/h4>\n<p><a href=\"http:\/\/hofi-enge.cz\/wp-content\/uploads\/2016\/06\/HOFIPOL-L.jpg\" rel=\"attachment wp-att-2004\"><img loading=\"lazy\" decoding=\"async\" class=\"alignnone wp-image-2004 size-thumbnail\" title=\"Stationary shelving racks ( HOFIRE - PS)\" src=\"http:\/\/hofi-enge.cz\/wp-content\/uploads\/2016\/06\/HOFIPOL-L-150x150.jpg\" alt=\"HOFIPOL L\" width=\"150\" height=\"150\" \/><\/a>\u00a0 \u00a0 \u00a0<a href=\"http:\/\/hofi-enge.cz\/wp-content\/uploads\/2014\/04\/100_0337.jpg\" rel=\"attachment wp-att-272\"><img loading=\"lazy\" decoding=\"async\" class=\"alignnone wp-image-272 size-thumbnail\" title=\"Stationary shelving racks ( HOFIRE - PS)\" src=\"http:\/\/hofi-enge.cz\/en\/wp-content\/uploads\/sites\/4\/2014\/04\/100_0337-150x150.jpg\" alt=\"100_0337\" width=\"150\" height=\"150\" \/><\/a>\u00a0 \u00a0\u00a0 <a href=\"http:\/\/hofi-enge.cz\/wp-content\/uploads\/2014\/04\/100_0335.jpg\" rel=\"attachment wp-att-271\"><img loading=\"lazy\" decoding=\"async\" class=\"alignnone wp-image-271 size-thumbnail\" title=\"Stationary shelving racks ( HOFIRE - PS)\" src=\"http:\/\/hofi-enge.cz\/en\/wp-content\/uploads\/sites\/4\/2014\/04\/100_0335-150x150.jpg\" alt=\"100_0335\" width=\"150\" height=\"150\" \/><\/a>\u00a0 \u00a0 \u00a0<a href=\"http:\/\/hofi-enge.cz\/wp-content\/uploads\/2014\/04\/table-racking.jpg\" rel=\"attachment wp-att-269\"><img loading=\"lazy\" decoding=\"async\" class=\"alignnone wp-image-269 size-thumbnail\" title=\"Stationary shelving racks ( HOFIRE - PS)\" src=\"http:\/\/hofi-enge.cz\/en\/wp-content\/uploads\/sites\/4\/2014\/04\/table-racking-150x150.jpg\" alt=\"table racking\" width=\"150\" height=\"150\" \/><\/a>\u00a0 \u00a0 \u00a0<a href=\"http:\/\/hofi-enge.cz\/wp-content\/uploads\/2016\/06\/100_0068.jpg\" rel=\"attachment wp-att-2025\"><img loading=\"lazy\" decoding=\"async\" class=\"alignnone wp-image-2025 size-thumbnail\" title=\"Stationary shelving racks ( HOFIRE - PS)\" src=\"http:\/\/hofi-enge.cz\/wp-content\/uploads\/2016\/06\/100_0068-150x150.jpg\" alt=\"100_0068\" width=\"150\" height=\"150\" \/><\/a>\u00a0 \u00a0 \u00a0<a href=\"http:\/\/hofi-enge.cz\/wp-content\/uploads\/2016\/06\/100_0076.jpg\" rel=\"attachment wp-att-2026\"><img loading=\"lazy\" decoding=\"async\" class=\"alignnone wp-image-2026 size-thumbnail\" title=\"Stationary shelving racks ( HOFIRE - PS)\" src=\"http:\/\/hofi-enge.cz\/wp-content\/uploads\/2016\/06\/100_0076-150x150.jpg\" alt=\"100_0076\" width=\"150\" height=\"150\" \/><\/a><\/p>\n<p>&nbsp;<\/p>\n<p>&nbsp;<\/p>\n<h4><em><strong>Mobile racks &#8211; hand, electric and pneumatic operated; \u00a0mobile fireproof racks<\/strong><\/em><\/h4>\n<p><a href=\"http:\/\/hofi-enge.cz\/wp-content\/uploads\/2016\/06\/100_0052.jpg\" rel=\"attachment wp-att-1911\"><img loading=\"lazy\" decoding=\"async\" class=\"alignnone wp-image-1911\" title=\"mobile racks - hand operated ( HOFIRE - PM)\" src=\"http:\/\/hofi-enge.cz\/wp-content\/uploads\/2016\/06\/100_0052-150x150.jpg\" alt=\"100_0052\" width=\"150\" height=\"150\" \/><\/a>\u00a0 \u00a0 \u00a0<a href=\"http:\/\/hofi-enge.cz\/wp-content\/uploads\/2016\/06\/poj\u00edzdn\u00fd-reg\u00e1l.jpg\" rel=\"attachment wp-att-1924\"><img loading=\"lazy\" decoding=\"async\" class=\"alignnone wp-image-1924 size-thumbnail\" title=\"mobile racks - hand operated ( HOFIRE - PM)\" src=\"http:\/\/hofi-enge.cz\/wp-content\/uploads\/2016\/06\/poj\u00edzdn\u00fd-reg\u00e1l-150x150.jpg\" alt=\"poj\u00edzdn\u00fd reg\u00e1l\" width=\"150\" height=\"150\" \/><\/a>\u00a0 \u00a0 \u00a0<a href=\"http:\/\/hofi-enge.cz\/wp-content\/uploads\/2016\/06\/HOFIPOL-E4.jpg\" rel=\"attachment wp-att-1943\"><img loading=\"lazy\" decoding=\"async\" class=\"alignnone wp-image-1943 size-thumbnail\" title=\"mobile racks with electric drive ( HOFIRE - PM)\" src=\"http:\/\/hofi-enge.cz\/wp-content\/uploads\/2016\/06\/HOFIPOL-E4-150x150.jpg\" alt=\"HOFIPOL E(4)\" width=\"150\" height=\"150\" \/><\/a>\u00a0 \u00a0 \u00a0<a href=\"http:\/\/hofi-enge.cz\/wp-content\/uploads\/2016\/06\/Nov\u00fd-obr\u00e1zek-2-1.jpg\" rel=\"attachment wp-att-1953\"><img loading=\"lazy\" decoding=\"async\" class=\"alignnone wp-image-1953 size-thumbnail\" title=\"mobile racks with pneumatic drive ( HOFIRE - PM)\" src=\"http:\/\/hofi-enge.cz\/wp-content\/uploads\/2016\/06\/Nov\u00fd-obr\u00e1zek-2-1-150x150.jpg\" alt=\"Nov\u00fd obr\u00e1zek 2\" width=\"150\" height=\"150\" \/><\/a>\u00a0 \u00a0\u00a0\u00a0<a href=\"http:\/\/hofi-enge.cz\/wp-content\/uploads\/2016\/06\/foto24_05_07-003.jpg\" rel=\"attachment wp-att-1952\"><img loading=\"lazy\" decoding=\"async\" class=\"alignnone wp-image-1952 size-thumbnail\" title=\"mobile racks with pneumatic drive ( HOFIRE - PM)\" src=\"http:\/\/hofi-enge.cz\/wp-content\/uploads\/2016\/06\/foto24_05_07-003-150x150.jpg\" alt=\"foto24_05_07 003\" width=\"150\" height=\"150\" \/><\/a>\u00a0 \u00a0\u00a0 <a href=\"http:\/\/hofi-enge.cz\/wp-content\/uploads\/2016\/06\/HOFIPOL-MPD2.jpg\" rel=\"attachment wp-att-2013\"><img loading=\"lazy\" decoding=\"async\" class=\"alignnone wp-image-2013 size-thumbnail\" title=\"mobile fireproof racks ( HOFIRE - PPM)\" src=\"http:\/\/hofi-enge.cz\/wp-content\/uploads\/2016\/06\/HOFIPOL-MPD2-150x150.jpg\" alt=\"HOFIPOL MPD(2)\" width=\"150\" height=\"150\" \/><\/a><\/p>\n<p>&nbsp;<\/p>\n<p>&nbsp;<\/p>\n<h4><em><strong>Stationary cantilever racks , r<\/strong><strong>acks with pull-out shelves<\/strong><\/em><\/h4>\n<p><a href=\"http:\/\/hofi-enge.cz\/wp-content\/uploads\/2014\/04\/cantilever-racking.jpg\" rel=\"attachment wp-att-252\"><img loading=\"lazy\" decoding=\"async\" class=\"alignnone wp-image-252 size-thumbnail\" title=\"stationary cantilever racks (HOFIKON - S)\" src=\"http:\/\/hofi-enge.cz\/en\/wp-content\/uploads\/sites\/4\/2014\/04\/cantilever-racking-150x150.jpg\" alt=\"cantilever racking\" width=\"150\" height=\"150\" \/><\/a>\u00a0 \u00a0 \u00a0<a href=\"http:\/\/hofi-enge.cz\/wp-content\/uploads\/2014\/04\/Sn\u00edmek-007.jpg\" rel=\"attachment wp-att-254\"><img loading=\"lazy\" decoding=\"async\" class=\"alignnone wp-image-254 size-thumbnail\" title=\"stationary cantilever racks (HOFIKON - S)\" src=\"http:\/\/hofi-enge.cz\/en\/wp-content\/uploads\/sites\/4\/2014\/04\/Sn\u00edmek-007-150x150.jpg\" alt=\"Sn\u00edmek 007\" width=\"150\" height=\"150\" \/><\/a>\u00a0 \u00a0 \u00a0<a href=\"http:\/\/hofi-enge.cz\/wp-content\/uploads\/2014\/04\/obr-016.jpg\" rel=\"attachment wp-att-253\"><img loading=\"lazy\" decoding=\"async\" class=\"alignnone wp-image-253 size-thumbnail\" title=\"stationary cantilever racks (HOFIKON - S)\" src=\"http:\/\/hofi-enge.cz\/en\/wp-content\/uploads\/sites\/4\/2014\/04\/obr-016-150x150.jpg\" alt=\"obr 016\" width=\"150\" height=\"150\" \/><\/a>\u00a0 \u00a0 \u00a0<a href=\"http:\/\/hofi-enge.cz\/wp-content\/uploads\/2014\/04\/konzolov\u00fd-reg\u00e1l.jpg\" rel=\"attachment wp-att-157\"><img loading=\"lazy\" decoding=\"async\" class=\"alignnone wp-image-157 size-thumbnail\" title=\"stationary cantilever racks (HOFIKON - S)\" src=\"http:\/\/hofi-enge.cz\/en\/wp-content\/uploads\/sites\/4\/2014\/04\/konzolov\u00fd-reg\u00e1l-150x150.jpg\" alt=\"konzolov\u00fd reg\u00e1l\" width=\"150\" height=\"150\" \/><\/a>\u00a0 \u00a0 \u00a0<a href=\"http:\/\/hofi-enge.cz\/wp-content\/uploads\/2016\/06\/hofipal-bez-datumu.jpg\" rel=\"attachment wp-att-2114\"><img loading=\"lazy\" decoding=\"async\" class=\"alignnone wp-image-2114 size-thumbnail\" title=\"rack with pull-out shelves (HOFIRE -VPS)\" src=\"http:\/\/hofi-enge.cz\/wp-content\/uploads\/2016\/06\/hofipal-bez-datumu-150x150.jpg\" alt=\"hofipal - bez datumu\" width=\"150\" height=\"150\" \/><\/a>\u00a0 \u00a0 \u00a0<a href=\"http:\/\/hofi-enge.cz\/wp-content\/uploads\/2016\/06\/hofipal-vp-bez-datumu.jpg\" rel=\"attachment wp-att-2115\"><img loading=\"lazy\" decoding=\"async\" class=\"alignnone wp-image-2115 size-thumbnail\" title=\"rack with pull-out shelves (HOFIRE -VPS)\" src=\"http:\/\/hofi-enge.cz\/wp-content\/uploads\/2016\/06\/hofipal-vp-bez-datumu-150x150.jpg\" alt=\"hofipal vp - bez datumu\" width=\"150\" height=\"150\" \/><\/a><\/p>\n<p>&nbsp;<\/p>\n<p>&nbsp;<\/p>\n<h4><em><strong>Storage and handling system for rolls<\/strong><\/em><\/h4>\n<p><a href=\"http:\/\/hofi-enge.cz\/wp-content\/uploads\/2016\/06\/17.9.2004-123.jpg\" rel=\"attachment wp-att-2062\"><img loading=\"lazy\" decoding=\"async\" class=\"alignnone wp-image-2062 size-thumbnail\" title=\"rack with pull-out shelves\" src=\"http:\/\/hofi-enge.cz\/wp-content\/uploads\/2016\/06\/17.9.2004-123-150x150.jpg\" alt=\"17.9.2004 123\" width=\"150\" height=\"150\" \/><\/a>\u00a0 \u00a0 \u00a0<a href=\"http:\/\/hofi-enge.cz\/wp-content\/uploads\/2016\/06\/100_0104.jpg\" rel=\"attachment wp-att-2063\"><img loading=\"lazy\" decoding=\"async\" class=\"alignnone wp-image-2063 size-thumbnail\" title=\"rack with pull-out shelves\" src=\"http:\/\/hofi-enge.cz\/wp-content\/uploads\/2016\/06\/100_0104-150x150.jpg\" alt=\"100_0104\" width=\"150\" height=\"150\" \/><\/a>\u00a0 \u00a0\u00a0 <a href=\"http:\/\/hofi-enge.cz\/wp-content\/uploads\/2016\/06\/100_0107.jpg\" rel=\"attachment wp-att-2064\"><img loading=\"lazy\" decoding=\"async\" class=\"alignnone wp-image-2064 size-thumbnail\" title=\"rack with pull-out shelves\" src=\"http:\/\/hofi-enge.cz\/wp-content\/uploads\/2016\/06\/100_0107-150x150.jpg\" alt=\"100_0107\" width=\"150\" height=\"150\" \/><\/a>\u00a0 \u00a0\u00a0 <a href=\"http:\/\/hofi-enge.cz\/wp-content\/uploads\/2016\/06\/100_0109.jpg\" rel=\"attachment wp-att-2065\"><img loading=\"lazy\" decoding=\"async\" class=\"alignnone wp-image-2065 size-thumbnail\" title=\"rack with pull-out shelves\" src=\"http:\/\/hofi-enge.cz\/wp-content\/uploads\/2016\/06\/100_0109-150x150.jpg\" alt=\"100_0109\" width=\"150\" height=\"150\" \/><\/a>\u00a0 \u00a0 \u00a0<a href=\"http:\/\/hofi-enge.cz\/wp-content\/uploads\/2016\/06\/17.9.2004-064.jpg\" rel=\"attachment wp-att-2061\"><img loading=\"lazy\" decoding=\"async\" class=\"alignnone wp-image-2061 size-thumbnail\" title=\"rack with pull-out shelves\" src=\"http:\/\/hofi-enge.cz\/wp-content\/uploads\/2016\/06\/17.9.2004-064-150x150.jpg\" alt=\"17.9.2004 064\" width=\"150\" height=\"150\" \/><\/a>\u00a0 \u00a0 \u00a0<a href=\"http:\/\/hofi-enge.cz\/wp-content\/uploads\/2016\/06\/dop.prez_..jpg\" rel=\"attachment wp-att-2066\"><img loading=\"lazy\" decoding=\"async\" class=\"alignnone wp-image-2066 size-thumbnail\" title=\"rack with pull-out shelves\" src=\"http:\/\/hofi-enge.cz\/wp-content\/uploads\/2016\/06\/dop.prez_.-150x150.jpg\" alt=\"dop.prez.\" width=\"150\" height=\"150\" \/><\/a><\/p>\n<p>&nbsp;<\/p>\n<p>&nbsp;<\/p>\n<h4><em><strong>Rotating magazines<\/strong><\/em><\/h4>\n<p><a href=\"http:\/\/hofi-enge.cz\/wp-content\/uploads\/2014\/04\/pater_noster_type_rotating_containers.jpg\" rel=\"attachment wp-att-227\"><img loading=\"lazy\" decoding=\"async\" class=\"alignnone wp-image-227 size-thumbnail\" title=\"rotary magazines ( HOFIZA - R)\" src=\"http:\/\/hofi-enge.cz\/en\/wp-content\/uploads\/sites\/4\/2014\/04\/pater_noster_type_rotating_containers-150x150.jpg\" alt=\"pater_noster_type_rotating_containers\" width=\"150\" height=\"150\" \/><\/a>\u00a0 \u00a0 \u00a0<a href=\"http:\/\/hofi-enge.cz\/wp-content\/uploads\/2016\/05\/rota\u010dn\u00ed-z\u00e1sobn\u00edk.jpg\" rel=\"attachment wp-att-1624\"><img loading=\"lazy\" decoding=\"async\" class=\"alignnone wp-image-1624 size-thumbnail\" title=\"rotary magazines ( HOFIZA - R)\" src=\"http:\/\/hofi-enge.cz\/wp-content\/uploads\/2016\/05\/rota\u010dn\u00ed-z\u00e1sobn\u00edk-150x150.jpg\" alt=\"rota\u010dn\u00ed z\u00e1sobn\u00edk\" width=\"150\" height=\"150\" \/><\/a>\u00a0 \u00a0 \u00a0<a href=\"http:\/\/hofi-enge.cz\/wp-content\/uploads\/2016\/05\/100_0348.jpg\" rel=\"attachment wp-att-1736\"><img loading=\"lazy\" decoding=\"async\" class=\"alignnone wp-image-1736 size-thumbnail\" title=\"rotary magazines ( HOFIZA - R)\" src=\"http:\/\/hofi-enge.cz\/wp-content\/uploads\/2016\/05\/100_0348-150x150.jpg\" alt=\"100_0348\" width=\"150\" height=\"150\" \/><\/a>\u00a0 \u00a0 \u00a0<a href=\"http:\/\/hofi-enge.cz\/wp-content\/uploads\/2014\/04\/paternosterov\u00e9-reg\u00e1ly.jpg\" rel=\"attachment wp-att-162\"><img loading=\"lazy\" decoding=\"async\" class=\"alignnone wp-image-162 size-thumbnail\" title=\"rotary magazines ( HOFIZA - R)\" src=\"http:\/\/hofi-enge.cz\/en\/wp-content\/uploads\/sites\/4\/2014\/04\/paternosterov\u00e9-reg\u00e1ly-150x150.jpg\" alt=\"paternosterov\u00e9 reg\u00e1ly\" width=\"150\" height=\"150\" \/><\/a>\u00a0 \u00a0 \u00a0<a href=\"http:\/\/hofi-enge.cz\/wp-content\/uploads\/2016\/05\/HOROZA.jpg\" rel=\"attachment wp-att-1737\"><img loading=\"lazy\" decoding=\"async\" class=\"alignnone wp-image-1737 size-thumbnail\" title=\"rotary magazines ( HOFIZA - R)\" src=\"http:\/\/hofi-enge.cz\/wp-content\/uploads\/2016\/05\/HOROZA-150x150.jpg\" alt=\"HOROZA\" width=\"150\" height=\"150\" \/><\/a>\u00a0 \u00a0 \u00a0<a href=\"http:\/\/hofi-enge.cz\/wp-content\/uploads\/2014\/05\/15.jpg\" rel=\"attachment wp-att-550\"><img loading=\"lazy\" decoding=\"async\" class=\"alignnone wp-image-550 size-thumbnail\" title=\"rotary magazines ( HOFIZA - R)\" src=\"http:\/\/hofi-enge.cz\/en\/wp-content\/uploads\/sites\/4\/2014\/05\/15-150x150.jpg\" alt=\"1\" width=\"150\" height=\"150\" \/><\/a><\/p>\n","protected":false},"excerpt":{"rendered":"<p>&nbsp; &nbsp; Stationary and mobile palette racks \u00a0 \u00a0 \u00a0\u00a0 \u00a0\u00a0 \u00a0 \u00a0 \u00a0\u00a0 \u00a0 \u00a0\u00a0 \u00a0 \u00a0 &nbsp; \u00a0 Stationary shelving racks \u00a0 \u00a0 \u00a0\u00a0 \u00a0\u00a0 \u00a0 \u00a0 \u00a0\u00a0 \u00a0 \u00a0\u00a0 \u00a0 \u00a0 &nbsp; &nbsp; Mobile racks &#8211; hand, electric and pneumatic operated; \u00a0mobile fireproof racks \u00a0 \u00a0 \u00a0\u00a0 \u00a0 \u00a0\u00a0 \u00a0 \u00a0\u00a0 \u00a0\u00a0\u00a0\u00a0 [&hellip;]<\/p>\n","protected":false},"author":2,"featured_media":0,"parent":174,"menu_order":0,"comment_status":"closed","ping_status":"closed","template":"","meta":{"_acf_changed":false,"footnotes":""},"class_list":["post-1537","page","type-page","status-publish","hentry"],"acf":[],"yoast_head":"<!-- This site is optimized with the Yoast SEO plugin v25.4 - https:\/\/yoast.com\/wordpress\/plugins\/seo\/ -->\n<title>Equipment for warehouses - Hofi Enge ENG<\/title>\n<meta name=\"robots\" content=\"index, follow, max-snippet:-1, max-image-preview:large, max-video-preview:-1\" \/>\n<link rel=\"canonical\" href=\"https:\/\/hofi-enge.cz\/en\/fotogalerie\/equipment-for-warehouses\/\" \/>\n<meta property=\"og:locale\" content=\"cs_CZ\" \/>\n<meta property=\"og:type\" content=\"article\" \/>\n<meta property=\"og:title\" content=\"Equipment for warehouses - Hofi Enge ENG\" \/>\n<meta property=\"og:description\" content=\"&nbsp; &nbsp; Stationary and mobile palette racks \u00a0 \u00a0 \u00a0\u00a0 \u00a0\u00a0 \u00a0 \u00a0 \u00a0\u00a0 \u00a0 \u00a0\u00a0 \u00a0 \u00a0 &nbsp; \u00a0 Stationary shelving racks \u00a0 \u00a0 \u00a0\u00a0 \u00a0\u00a0 \u00a0 \u00a0 \u00a0\u00a0 \u00a0 \u00a0\u00a0 \u00a0 \u00a0 &nbsp; &nbsp; Mobile racks &#8211; hand, electric and pneumatic operated; \u00a0mobile fireproof racks \u00a0 \u00a0 \u00a0\u00a0 \u00a0 \u00a0\u00a0 \u00a0 \u00a0\u00a0 \u00a0\u00a0\u00a0\u00a0 [&hellip;]\" \/>\n<meta property=\"og:url\" content=\"https:\/\/hofi-enge.cz\/en\/fotogalerie\/equipment-for-warehouses\/\" \/>\n<meta property=\"og:site_name\" content=\"Hofi Enge ENG\" \/>\n<meta property=\"article:modified_time\" content=\"2018-03-26T10:07:41+00:00\" \/>\n<meta property=\"og:image\" content=\"http:\/\/hofi-enge.cz\/wp-content\/uploads\/2016\/06\/DSC04801-150x150.jpg\" \/>\n<meta name=\"twitter:card\" content=\"summary_large_image\" \/>\n<script type=\"application\/ld+json\" class=\"yoast-schema-graph\">{\"@context\":\"https:\/\/schema.org\",\"@graph\":[{\"@type\":\"WebPage\",\"@id\":\"https:\/\/hofi-enge.cz\/en\/fotogalerie\/equipment-for-warehouses\/\",\"url\":\"https:\/\/hofi-enge.cz\/en\/fotogalerie\/equipment-for-warehouses\/\",\"name\":\"Equipment for warehouses - Hofi Enge ENG\",\"isPartOf\":{\"@id\":\"https:\/\/hofi-enge.cz\/en\/#website\"},\"primaryImageOfPage\":{\"@id\":\"https:\/\/hofi-enge.cz\/en\/fotogalerie\/equipment-for-warehouses\/#primaryimage\"},\"image\":{\"@id\":\"https:\/\/hofi-enge.cz\/en\/fotogalerie\/equipment-for-warehouses\/#primaryimage\"},\"thumbnailUrl\":\"http:\/\/hofi-enge.cz\/wp-content\/uploads\/2016\/06\/DSC04801-150x150.jpg\",\"datePublished\":\"2016-12-01T15:11:20+00:00\",\"dateModified\":\"2018-03-26T10:07:41+00:00\",\"breadcrumb\":{\"@id\":\"https:\/\/hofi-enge.cz\/en\/fotogalerie\/equipment-for-warehouses\/#breadcrumb\"},\"inLanguage\":\"cs\",\"potentialAction\":[{\"@type\":\"ReadAction\",\"target\":[\"https:\/\/hofi-enge.cz\/en\/fotogalerie\/equipment-for-warehouses\/\"]}]},{\"@type\":\"ImageObject\",\"inLanguage\":\"cs\",\"@id\":\"https:\/\/hofi-enge.cz\/en\/fotogalerie\/equipment-for-warehouses\/#primaryimage\",\"url\":\"http:\/\/hofi-enge.cz\/wp-content\/uploads\/2016\/06\/DSC04801-150x150.jpg\",\"contentUrl\":\"http:\/\/hofi-enge.cz\/wp-content\/uploads\/2016\/06\/DSC04801-150x150.jpg\"},{\"@type\":\"BreadcrumbList\",\"@id\":\"https:\/\/hofi-enge.cz\/en\/fotogalerie\/equipment-for-warehouses\/#breadcrumb\",\"itemListElement\":[{\"@type\":\"ListItem\",\"position\":1,\"name\":\"Dom\u016f\",\"item\":\"https:\/\/hofi-enge.cz\/en\/\"},{\"@type\":\"ListItem\",\"position\":2,\"name\":\"Photo Gallery\",\"item\":\"https:\/\/hofi-enge.cz\/en\/fotogalerie\/\"},{\"@type\":\"ListItem\",\"position\":3,\"name\":\"Equipment for warehouses\"}]},{\"@type\":\"WebSite\",\"@id\":\"https:\/\/hofi-enge.cz\/en\/#website\",\"url\":\"https:\/\/hofi-enge.cz\/en\/\",\"name\":\"Hofi Enge ENG\",\"description\":\"PROPRIETARY DEVELOPMENT, DESIGN, PRODUCTION AND ASSEMBLY!\",\"potentialAction\":[{\"@type\":\"SearchAction\",\"target\":{\"@type\":\"EntryPoint\",\"urlTemplate\":\"https:\/\/hofi-enge.cz\/en\/?s={search_term_string}\"},\"query-input\":{\"@type\":\"PropertyValueSpecification\",\"valueRequired\":true,\"valueName\":\"search_term_string\"}}],\"inLanguage\":\"cs\"}]}<\/script>\n<!-- \/ Yoast SEO plugin. -->","yoast_head_json":{"title":"Equipment for warehouses - Hofi Enge ENG","robots":{"index":"index","follow":"follow","max-snippet":"max-snippet:-1","max-image-preview":"max-image-preview:large","max-video-preview":"max-video-preview:-1"},"canonical":"https:\/\/hofi-enge.cz\/en\/fotogalerie\/equipment-for-warehouses\/","og_locale":"cs_CZ","og_type":"article","og_title":"Equipment for warehouses - Hofi Enge ENG","og_description":"&nbsp; &nbsp; Stationary and mobile palette racks \u00a0 \u00a0 \u00a0\u00a0 \u00a0\u00a0 \u00a0 \u00a0 \u00a0\u00a0 \u00a0 \u00a0\u00a0 \u00a0 \u00a0 &nbsp; \u00a0 Stationary shelving racks \u00a0 \u00a0 \u00a0\u00a0 \u00a0\u00a0 \u00a0 \u00a0 \u00a0\u00a0 \u00a0 \u00a0\u00a0 \u00a0 \u00a0 &nbsp; &nbsp; Mobile racks &#8211; hand, electric and pneumatic operated; \u00a0mobile fireproof racks \u00a0 \u00a0 \u00a0\u00a0 \u00a0 \u00a0\u00a0 \u00a0 \u00a0\u00a0 \u00a0\u00a0\u00a0\u00a0 [&hellip;]","og_url":"https:\/\/hofi-enge.cz\/en\/fotogalerie\/equipment-for-warehouses\/","og_site_name":"Hofi Enge ENG","article_modified_time":"2018-03-26T10:07:41+00:00","og_image":[{"url":"http:\/\/hofi-enge.cz\/wp-content\/uploads\/2016\/06\/DSC04801-150x150.jpg","type":"","width":"","height":""}],"twitter_card":"summary_large_image","schema":{"@context":"https:\/\/schema.org","@graph":[{"@type":"WebPage","@id":"https:\/\/hofi-enge.cz\/en\/fotogalerie\/equipment-for-warehouses\/","url":"https:\/\/hofi-enge.cz\/en\/fotogalerie\/equipment-for-warehouses\/","name":"Equipment for warehouses - Hofi Enge ENG","isPartOf":{"@id":"https:\/\/hofi-enge.cz\/en\/#website"},"primaryImageOfPage":{"@id":"https:\/\/hofi-enge.cz\/en\/fotogalerie\/equipment-for-warehouses\/#primaryimage"},"image":{"@id":"https:\/\/hofi-enge.cz\/en\/fotogalerie\/equipment-for-warehouses\/#primaryimage"},"thumbnailUrl":"http:\/\/hofi-enge.cz\/wp-content\/uploads\/2016\/06\/DSC04801-150x150.jpg","datePublished":"2016-12-01T15:11:20+00:00","dateModified":"2018-03-26T10:07:41+00:00","breadcrumb":{"@id":"https:\/\/hofi-enge.cz\/en\/fotogalerie\/equipment-for-warehouses\/#breadcrumb"},"inLanguage":"cs","potentialAction":[{"@type":"ReadAction","target":["https:\/\/hofi-enge.cz\/en\/fotogalerie\/equipment-for-warehouses\/"]}]},{"@type":"ImageObject","inLanguage":"cs","@id":"https:\/\/hofi-enge.cz\/en\/fotogalerie\/equipment-for-warehouses\/#primaryimage","url":"http:\/\/hofi-enge.cz\/wp-content\/uploads\/2016\/06\/DSC04801-150x150.jpg","contentUrl":"http:\/\/hofi-enge.cz\/wp-content\/uploads\/2016\/06\/DSC04801-150x150.jpg"},{"@type":"BreadcrumbList","@id":"https:\/\/hofi-enge.cz\/en\/fotogalerie\/equipment-for-warehouses\/#breadcrumb","itemListElement":[{"@type":"ListItem","position":1,"name":"Dom\u016f","item":"https:\/\/hofi-enge.cz\/en\/"},{"@type":"ListItem","position":2,"name":"Photo Gallery","item":"https:\/\/hofi-enge.cz\/en\/fotogalerie\/"},{"@type":"ListItem","position":3,"name":"Equipment for warehouses"}]},{"@type":"WebSite","@id":"https:\/\/hofi-enge.cz\/en\/#website","url":"https:\/\/hofi-enge.cz\/en\/","name":"Hofi Enge ENG","description":"PROPRIETARY DEVELOPMENT, DESIGN, PRODUCTION AND ASSEMBLY!","potentialAction":[{"@type":"SearchAction","target":{"@type":"EntryPoint","urlTemplate":"https:\/\/hofi-enge.cz\/en\/?s={search_term_string}"},"query-input":{"@type":"PropertyValueSpecification","valueRequired":true,"valueName":"search_term_string"}}],"inLanguage":"cs"}]}},"_links":{"self":[{"href":"https:\/\/hofi-enge.cz\/en\/wp-json\/wp\/v2\/pages\/1537","targetHints":{"allow":["GET"]}}],"collection":[{"href":"https:\/\/hofi-enge.cz\/en\/wp-json\/wp\/v2\/pages"}],"about":[{"href":"https:\/\/hofi-enge.cz\/en\/wp-json\/wp\/v2\/types\/page"}],"author":[{"embeddable":true,"href":"https:\/\/hofi-enge.cz\/en\/wp-json\/wp\/v2\/users\/2"}],"replies":[{"embeddable":true,"href":"https:\/\/hofi-enge.cz\/en\/wp-json\/wp\/v2\/comments?post=1537"}],"version-history":[{"count":5,"href":"https:\/\/hofi-enge.cz\/en\/wp-json\/wp\/v2\/pages\/1537\/revisions"}],"predecessor-version":[{"id":1640,"href":"https:\/\/hofi-enge.cz\/en\/wp-json\/wp\/v2\/pages\/1537\/revisions\/1640"}],"up":[{"embeddable":true,"href":"https:\/\/hofi-enge.cz\/en\/wp-json\/wp\/v2\/pages\/174"}],"wp:attachment":[{"href":"https:\/\/hofi-enge.cz\/en\/wp-json\/wp\/v2\/media?parent=1537"}],"curies":[{"name":"wp","href":"https:\/\/api.w.org\/{rel}","templated":true}]}}