{"id":17,"date":"2014-04-16T12:18:06","date_gmt":"2014-04-16T10:18:06","guid":{"rendered":"http:\/\/hofi-enge.cz\/?page_id=17"},"modified":"2019-03-19T15:07:30","modified_gmt":"2019-03-19T14:07:30","slug":"o-nas","status":"publish","type":"page","link":"https:\/\/hofi-enge.cz\/en\/","title":{"rendered":"About us"},"content":{"rendered":"<p>&nbsp;<\/p>\n<p><strong>TAILORED TO YOUR REQUIREMENTS, WE WILL MODIFY ACCORDING TO YOUR PREMISES AND MANUFACTURING PROCESS<\/strong><\/p>\n<p>&nbsp;<\/p>\n<p><strong><a href=\"http:\/\/hofi-enge.cz\/en\/produkty\/vybaveni-skladu\/regal-s-vysuvnymi-policemi\/\"><img loading=\"lazy\" decoding=\"async\" class=\"alignright wp-image-1619 size-full\" src=\"http:\/\/hofi-enge.cz\/en\/wp-content\/uploads\/sites\/4\/2014\/04\/novinkaen2.jpg\" width=\"420\" height=\"216\" srcset=\"https:\/\/hofi-enge.cz\/en\/wp-content\/uploads\/sites\/4\/2014\/04\/novinkaen2.jpg 420w, https:\/\/hofi-enge.cz\/en\/wp-content\/uploads\/sites\/4\/2014\/04\/novinkaen2-300x154.jpg 300w\" sizes=\"auto, (max-width: 420px) 100vw, 420px\" \/><\/a><\/strong><\/p>\n<p>&nbsp;<\/p>\n<p>&nbsp;<\/p>\n<p><strong>Overview of the production program:<\/strong><\/p>\n<ul>\n<li><a href=\"http:\/\/hofi-enge.cz\/en\/produkty\/vybaveni-skladu\/\">equipment for warehouses<\/a><\/li>\n<li><a href=\"http:\/\/hofi-enge.cz\/en\/produkty\/vybaveni-archivu-a-knihoven\/\">equipment for archives and libraries<\/a><\/li>\n<li><a href=\"http:\/\/hofi-enge.cz\/en\/produkty\/vybaveni-muzei-a-galerii\/\">equipment for museums and galleries<\/a><\/li>\n<li><a href=\"http:\/\/hofi-enge.cz\/en\/produkty\/automatizovane-systemy\/\">automated storage and handling systems<\/a><\/li>\n<li><a href=\"http:\/\/hofi-enge.cz\/en\/produkty\/dopravni-a-manipulacni-technika\/\">transport and handling equipment<\/a><\/li>\n<li><a href=\"http:\/\/hofi-enge.cz\/en\/produkty\/special-solutions\/\">special solutions<\/a><\/li>\n<\/ul>\n<p>&nbsp;<\/p>\n<p>&nbsp;<\/p>\n<p><strong>History, present<\/strong><\/p>\n<p>HOFI engineering company, Ltd. develops and supplies complex technical equipment for storage and material handling. Our products are used in both the private and public sectors and their distinctive features are not only low cost but also quality workmanship and successful design.<\/p>\n<p>The spectrum of our activities also includes innovative solutions adapted to all customer&#8217;s requirements, including design, assembly and service activities.<\/p>\n<p>&nbsp;<\/p>\n<p style=\"text-align: center\"><strong>We will prepare a free proposal technology<\/strong><\/p>\n","protected":false},"excerpt":{"rendered":"<p>&nbsp; TAILORED TO YOUR REQUIREMENTS, WE WILL MODIFY ACCORDING TO YOUR PREMISES AND MANUFACTURING PROCESS &nbsp; &nbsp; &nbsp; Overview of the production program: equipment for warehouses equipment for archives and libraries equipment for museums and galleries automated storage and handling systems transport and handling equipment special solutions &nbsp; &nbsp; History, present HOFI engineering company, Ltd. [&hellip;]<\/p>\n","protected":false},"author":1,"featured_media":0,"parent":0,"menu_order":0,"comment_status":"closed","ping_status":"closed","template":"uvod.php","meta":{"_acf_changed":false,"footnotes":""},"class_list":["post-17","page","type-page","status-publish","hentry"],"acf":[],"yoast_head":"<!-- This site is optimized with the Yoast SEO plugin v25.4 - https:\/\/yoast.com\/wordpress\/plugins\/seo\/ -->\n<title>About us - Hofi Enge ENG<\/title>\n<meta name=\"robots\" content=\"index, follow, max-snippet:-1, max-image-preview:large, max-video-preview:-1\" \/>\n<link rel=\"canonical\" href=\"https:\/\/hofi-enge.cz\/en\/\" \/>\n<meta property=\"og:locale\" content=\"cs_CZ\" \/>\n<meta property=\"og:type\" content=\"article\" \/>\n<meta property=\"og:title\" content=\"About us - Hofi Enge ENG\" \/>\n<meta property=\"og:description\" content=\"&nbsp; TAILORED TO YOUR REQUIREMENTS, WE WILL MODIFY ACCORDING TO YOUR PREMISES AND MANUFACTURING PROCESS &nbsp; &nbsp; &nbsp; Overview of the production program: equipment for warehouses equipment for archives and libraries equipment for museums and galleries automated storage and handling systems transport and handling equipment special solutions &nbsp; &nbsp; History, present HOFI engineering company, Ltd. [&hellip;]\" \/>\n<meta property=\"og:url\" content=\"https:\/\/hofi-enge.cz\/en\/\" \/>\n<meta property=\"og:site_name\" content=\"Hofi Enge ENG\" \/>\n<meta property=\"article:modified_time\" content=\"2019-03-19T14:07:30+00:00\" \/>\n<meta property=\"og:image\" content=\"http:\/\/hofi-enge.cz\/en\/wp-content\/uploads\/sites\/4\/2014\/04\/novinkaen2.jpg\" \/>\n<meta name=\"twitter:card\" content=\"summary_large_image\" \/>\n<meta name=\"twitter:label1\" content=\"Odhadovan\u00e1 doba \u010dten\u00ed\" \/>\n\t<meta name=\"twitter:data1\" content=\"1 minuta\" \/>\n<script type=\"application\/ld+json\" class=\"yoast-schema-graph\">{\"@context\":\"https:\/\/schema.org\",\"@graph\":[{\"@type\":\"WebPage\",\"@id\":\"https:\/\/hofi-enge.cz\/en\/\",\"url\":\"https:\/\/hofi-enge.cz\/en\/\",\"name\":\"About us - Hofi Enge ENG\",\"isPartOf\":{\"@id\":\"https:\/\/hofi-enge.cz\/en\/#website\"},\"primaryImageOfPage\":{\"@id\":\"https:\/\/hofi-enge.cz\/en\/#primaryimage\"},\"image\":{\"@id\":\"https:\/\/hofi-enge.cz\/en\/#primaryimage\"},\"thumbnailUrl\":\"http:\/\/hofi-enge.cz\/en\/wp-content\/uploads\/sites\/4\/2014\/04\/novinkaen2.jpg\",\"datePublished\":\"2014-04-16T10:18:06+00:00\",\"dateModified\":\"2019-03-19T14:07:30+00:00\",\"breadcrumb\":{\"@id\":\"https:\/\/hofi-enge.cz\/en\/#breadcrumb\"},\"inLanguage\":\"cs\",\"potentialAction\":[{\"@type\":\"ReadAction\",\"target\":[\"https:\/\/hofi-enge.cz\/en\/\"]}]},{\"@type\":\"ImageObject\",\"inLanguage\":\"cs\",\"@id\":\"https:\/\/hofi-enge.cz\/en\/#primaryimage\",\"url\":\"http:\/\/hofi-enge.cz\/en\/wp-content\/uploads\/sites\/4\/2014\/04\/novinkaen2.jpg\",\"contentUrl\":\"http:\/\/hofi-enge.cz\/en\/wp-content\/uploads\/sites\/4\/2014\/04\/novinkaen2.jpg\"},{\"@type\":\"BreadcrumbList\",\"@id\":\"https:\/\/hofi-enge.cz\/en\/#breadcrumb\",\"itemListElement\":[{\"@type\":\"ListItem\",\"position\":1,\"name\":\"Dom\u016f\",\"item\":\"https:\/\/hofi-enge.cz\/en\/\"},{\"@type\":\"ListItem\",\"position\":2,\"name\":\"About us\"}]},{\"@type\":\"WebSite\",\"@id\":\"https:\/\/hofi-enge.cz\/en\/#website\",\"url\":\"https:\/\/hofi-enge.cz\/en\/\",\"name\":\"Hofi Enge ENG\",\"description\":\"PROPRIETARY DEVELOPMENT, DESIGN, PRODUCTION AND ASSEMBLY!\",\"potentialAction\":[{\"@type\":\"SearchAction\",\"target\":{\"@type\":\"EntryPoint\",\"urlTemplate\":\"https:\/\/hofi-enge.cz\/en\/?s={search_term_string}\"},\"query-input\":{\"@type\":\"PropertyValueSpecification\",\"valueRequired\":true,\"valueName\":\"search_term_string\"}}],\"inLanguage\":\"cs\"}]}<\/script>\n<!-- \/ Yoast SEO plugin. -->","yoast_head_json":{"title":"About us - Hofi Enge ENG","robots":{"index":"index","follow":"follow","max-snippet":"max-snippet:-1","max-image-preview":"max-image-preview:large","max-video-preview":"max-video-preview:-1"},"canonical":"https:\/\/hofi-enge.cz\/en\/","og_locale":"cs_CZ","og_type":"article","og_title":"About us - Hofi Enge ENG","og_description":"&nbsp; TAILORED TO YOUR REQUIREMENTS, WE WILL MODIFY ACCORDING TO YOUR PREMISES AND MANUFACTURING PROCESS &nbsp; &nbsp; &nbsp; Overview of the production program: equipment for warehouses equipment for archives and libraries equipment for museums and galleries automated storage and handling systems transport and handling equipment special solutions &nbsp; &nbsp; History, present HOFI engineering company, Ltd. [&hellip;]","og_url":"https:\/\/hofi-enge.cz\/en\/","og_site_name":"Hofi Enge ENG","article_modified_time":"2019-03-19T14:07:30+00:00","og_image":[{"url":"http:\/\/hofi-enge.cz\/en\/wp-content\/uploads\/sites\/4\/2014\/04\/novinkaen2.jpg","type":"","width":"","height":""}],"twitter_card":"summary_large_image","twitter_misc":{"Odhadovan\u00e1 doba \u010dten\u00ed":"1 minuta"},"schema":{"@context":"https:\/\/schema.org","@graph":[{"@type":"WebPage","@id":"https:\/\/hofi-enge.cz\/en\/","url":"https:\/\/hofi-enge.cz\/en\/","name":"About us - Hofi Enge ENG","isPartOf":{"@id":"https:\/\/hofi-enge.cz\/en\/#website"},"primaryImageOfPage":{"@id":"https:\/\/hofi-enge.cz\/en\/#primaryimage"},"image":{"@id":"https:\/\/hofi-enge.cz\/en\/#primaryimage"},"thumbnailUrl":"http:\/\/hofi-enge.cz\/en\/wp-content\/uploads\/sites\/4\/2014\/04\/novinkaen2.jpg","datePublished":"2014-04-16T10:18:06+00:00","dateModified":"2019-03-19T14:07:30+00:00","breadcrumb":{"@id":"https:\/\/hofi-enge.cz\/en\/#breadcrumb"},"inLanguage":"cs","potentialAction":[{"@type":"ReadAction","target":["https:\/\/hofi-enge.cz\/en\/"]}]},{"@type":"ImageObject","inLanguage":"cs","@id":"https:\/\/hofi-enge.cz\/en\/#primaryimage","url":"http:\/\/hofi-enge.cz\/en\/wp-content\/uploads\/sites\/4\/2014\/04\/novinkaen2.jpg","contentUrl":"http:\/\/hofi-enge.cz\/en\/wp-content\/uploads\/sites\/4\/2014\/04\/novinkaen2.jpg"},{"@type":"BreadcrumbList","@id":"https:\/\/hofi-enge.cz\/en\/#breadcrumb","itemListElement":[{"@type":"ListItem","position":1,"name":"Dom\u016f","item":"https:\/\/hofi-enge.cz\/en\/"},{"@type":"ListItem","position":2,"name":"About us"}]},{"@type":"WebSite","@id":"https:\/\/hofi-enge.cz\/en\/#website","url":"https:\/\/hofi-enge.cz\/en\/","name":"Hofi Enge ENG","description":"PROPRIETARY DEVELOPMENT, DESIGN, PRODUCTION AND ASSEMBLY!","potentialAction":[{"@type":"SearchAction","target":{"@type":"EntryPoint","urlTemplate":"https:\/\/hofi-enge.cz\/en\/?s={search_term_string}"},"query-input":{"@type":"PropertyValueSpecification","valueRequired":true,"valueName":"search_term_string"}}],"inLanguage":"cs"}]}},"_links":{"self":[{"href":"https:\/\/hofi-enge.cz\/en\/wp-json\/wp\/v2\/pages\/17","targetHints":{"allow":["GET"]}}],"collection":[{"href":"https:\/\/hofi-enge.cz\/en\/wp-json\/wp\/v2\/pages"}],"about":[{"href":"https:\/\/hofi-enge.cz\/en\/wp-json\/wp\/v2\/types\/page"}],"author":[{"embeddable":true,"href":"https:\/\/hofi-enge.cz\/en\/wp-json\/wp\/v2\/users\/1"}],"replies":[{"embeddable":true,"href":"https:\/\/hofi-enge.cz\/en\/wp-json\/wp\/v2\/comments?post=17"}],"version-history":[{"count":38,"href":"https:\/\/hofi-enge.cz\/en\/wp-json\/wp\/v2\/pages\/17\/revisions"}],"predecessor-version":[{"id":1892,"href":"https:\/\/hofi-enge.cz\/en\/wp-json\/wp\/v2\/pages\/17\/revisions\/1892"}],"wp:attachment":[{"href":"https:\/\/hofi-enge.cz\/en\/wp-json\/wp\/v2\/media?parent=17"}],"curies":[{"name":"wp","href":"https:\/\/api.w.org\/{rel}","templated":true}]}}