{"id":1718,"date":"2019-01-23T12:41:33","date_gmt":"2019-01-23T11:41:33","guid":{"rendered":"http:\/\/hofi-enge.cz\/en\/?page_id=1718"},"modified":"2019-01-23T12:45:33","modified_gmt":"2019-01-23T11:45:33","slug":"special-solutions","status":"publish","type":"page","link":"https:\/\/hofi-enge.cz\/en\/fotogalerie\/special-solutions\/","title":{"rendered":"Special solutions"},"content":{"rendered":"<p><strong>\u00a0<\/strong><\/p>\n<p>&nbsp;<\/p>\n<p><em><strong>panel schifter<\/strong><\/em><\/p>\n<p><a href=\"http:\/\/hofi-enge.cz\/wp-content\/uploads\/2015\/07\/IMG_20170920_213250.jpg\" rel=\"attachment wp-att-2776\"><img loading=\"lazy\" decoding=\"async\" class=\"alignnone wp-image-2776 size-thumbnail\" title=\"P\u0159esuvna panel\u016f\" src=\"http:\/\/hofi-enge.cz\/wp-content\/uploads\/2015\/07\/IMG_20170920_213250-150x150.jpg\" alt=\"\" width=\"150\" height=\"150\" \/><\/a>\u00a0 \u00a0\u00a0<a href=\"http:\/\/hofi-enge.cz\/wp-content\/uploads\/2015\/07\/IMG_20170922_053859.jpg\" rel=\"attachment wp-att-2779\"><img loading=\"lazy\" decoding=\"async\" class=\"alignnone wp-image-2779 size-thumbnail\" title=\"P\u0159esuvna panel\u016f\" src=\"http:\/\/hofi-enge.cz\/wp-content\/uploads\/2015\/07\/IMG_20170922_053859-150x150.jpg\" alt=\"\" width=\"150\" height=\"150\" \/><\/a>\u00a0 \u00a0\u00a0<a href=\"http:\/\/hofi-enge.cz\/wp-content\/uploads\/2018\/06\/IMG_5310.jpg\" rel=\"attachment wp-att-2709\"><img loading=\"lazy\" decoding=\"async\" class=\"alignnone wp-image-2709 size-thumbnail\" title=\"P\u0159esuvna panel\u016f\" src=\"http:\/\/hofi-enge.cz\/wp-content\/uploads\/2018\/06\/IMG_5310-150x150.jpg\" alt=\"\" width=\"150\" height=\"150\" \/><\/a><\/p>\n<p>&nbsp;<\/p>\n<p><em><strong>service platform and pipeline bridge<\/strong><\/em><\/p>\n<p><a href=\"http:\/\/hofi-enge.cz\/wp-content\/uploads\/2018\/06\/IMG_20170113_140213_1.jpg\" rel=\"attachment wp-att-2788\"><img loading=\"lazy\" decoding=\"async\" class=\"alignnone wp-image-2788 size-thumbnail\" title=\"Obslu\u017en\u00e1 plo\u0161ina a potrubn\u00ed most\" src=\"http:\/\/hofi-enge.cz\/wp-content\/uploads\/2018\/06\/IMG_20170113_140213_1-150x150.jpg\" alt=\"\" width=\"150\" height=\"150\" \/><\/a>\u00a0 \u00a0 \u00a0<a href=\"http:\/\/hofi-enge.cz\/wp-content\/uploads\/2018\/06\/IMG_20170608_180609.jpg\" rel=\"attachment wp-att-2791\"><img loading=\"lazy\" decoding=\"async\" class=\"alignnone wp-image-2791 size-thumbnail\" title=\"Obslu\u017en\u00e1 plo\u0161ina a potrubn\u00ed most\" src=\"http:\/\/hofi-enge.cz\/wp-content\/uploads\/2018\/06\/IMG_20170608_180609-150x150.jpg\" alt=\"\" width=\"150\" height=\"150\" \/><\/a>\u00a0 \u00a0\u00a0<a href=\"http:\/\/hofi-enge.cz\/wp-content\/uploads\/2018\/06\/IMG_20170622_161640.jpg\" rel=\"attachment wp-att-2793\"><img loading=\"lazy\" decoding=\"async\" class=\"alignnone wp-image-2793 size-thumbnail\" title=\"Obslu\u017en\u00e1 plo\u0161ina a potrubn\u00ed most\" src=\"http:\/\/hofi-enge.cz\/wp-content\/uploads\/2018\/06\/IMG_20170622_161640-150x150.jpg\" alt=\"\" width=\"150\" height=\"150\" \/><\/a><\/p>\n","protected":false},"excerpt":{"rendered":"<p>\u00a0 &nbsp; panel schifter \u00a0 \u00a0\u00a0\u00a0 \u00a0\u00a0 &nbsp; service platform and pipeline bridge \u00a0 \u00a0 \u00a0\u00a0 \u00a0\u00a0<\/p>\n","protected":false},"author":2,"featured_media":0,"parent":174,"menu_order":0,"comment_status":"closed","ping_status":"closed","template":"","meta":{"_acf_changed":false,"footnotes":""},"class_list":["post-1718","page","type-page","status-publish","hentry"],"acf":[],"yoast_head":"<!-- This site is optimized with the Yoast SEO plugin v25.4 - https:\/\/yoast.com\/wordpress\/plugins\/seo\/ -->\n<title>Special solutions - Hofi Enge ENG<\/title>\n<meta name=\"robots\" content=\"index, follow, max-snippet:-1, max-image-preview:large, max-video-preview:-1\" \/>\n<link rel=\"canonical\" href=\"https:\/\/hofi-enge.cz\/en\/fotogalerie\/special-solutions\/\" \/>\n<meta property=\"og:locale\" content=\"cs_CZ\" \/>\n<meta property=\"og:type\" content=\"article\" \/>\n<meta property=\"og:title\" content=\"Special solutions - Hofi Enge ENG\" \/>\n<meta property=\"og:description\" content=\"\u00a0 &nbsp; panel schifter \u00a0 \u00a0\u00a0\u00a0 \u00a0\u00a0 &nbsp; service platform and pipeline bridge \u00a0 \u00a0 \u00a0\u00a0 \u00a0\u00a0\" \/>\n<meta property=\"og:url\" content=\"https:\/\/hofi-enge.cz\/en\/fotogalerie\/special-solutions\/\" \/>\n<meta property=\"og:site_name\" content=\"Hofi Enge ENG\" \/>\n<meta property=\"article:modified_time\" content=\"2019-01-23T11:45:33+00:00\" \/>\n<meta property=\"og:image\" content=\"http:\/\/hofi-enge.cz\/wp-content\/uploads\/2015\/07\/IMG_20170920_213250-150x150.jpg\" \/>\n<meta name=\"twitter:card\" content=\"summary_large_image\" \/>\n<script type=\"application\/ld+json\" class=\"yoast-schema-graph\">{\"@context\":\"https:\/\/schema.org\",\"@graph\":[{\"@type\":\"WebPage\",\"@id\":\"https:\/\/hofi-enge.cz\/en\/fotogalerie\/special-solutions\/\",\"url\":\"https:\/\/hofi-enge.cz\/en\/fotogalerie\/special-solutions\/\",\"name\":\"Special solutions - Hofi Enge ENG\",\"isPartOf\":{\"@id\":\"https:\/\/hofi-enge.cz\/en\/#website\"},\"primaryImageOfPage\":{\"@id\":\"https:\/\/hofi-enge.cz\/en\/fotogalerie\/special-solutions\/#primaryimage\"},\"image\":{\"@id\":\"https:\/\/hofi-enge.cz\/en\/fotogalerie\/special-solutions\/#primaryimage\"},\"thumbnailUrl\":\"http:\/\/hofi-enge.cz\/wp-content\/uploads\/2015\/07\/IMG_20170920_213250-150x150.jpg\",\"datePublished\":\"2019-01-23T11:41:33+00:00\",\"dateModified\":\"2019-01-23T11:45:33+00:00\",\"breadcrumb\":{\"@id\":\"https:\/\/hofi-enge.cz\/en\/fotogalerie\/special-solutions\/#breadcrumb\"},\"inLanguage\":\"cs\",\"potentialAction\":[{\"@type\":\"ReadAction\",\"target\":[\"https:\/\/hofi-enge.cz\/en\/fotogalerie\/special-solutions\/\"]}]},{\"@type\":\"ImageObject\",\"inLanguage\":\"cs\",\"@id\":\"https:\/\/hofi-enge.cz\/en\/fotogalerie\/special-solutions\/#primaryimage\",\"url\":\"http:\/\/hofi-enge.cz\/wp-content\/uploads\/2015\/07\/IMG_20170920_213250-150x150.jpg\",\"contentUrl\":\"http:\/\/hofi-enge.cz\/wp-content\/uploads\/2015\/07\/IMG_20170920_213250-150x150.jpg\"},{\"@type\":\"BreadcrumbList\",\"@id\":\"https:\/\/hofi-enge.cz\/en\/fotogalerie\/special-solutions\/#breadcrumb\",\"itemListElement\":[{\"@type\":\"ListItem\",\"position\":1,\"name\":\"Dom\u016f\",\"item\":\"https:\/\/hofi-enge.cz\/en\/\"},{\"@type\":\"ListItem\",\"position\":2,\"name\":\"Photo Gallery\",\"item\":\"https:\/\/hofi-enge.cz\/en\/fotogalerie\/\"},{\"@type\":\"ListItem\",\"position\":3,\"name\":\"Special solutions\"}]},{\"@type\":\"WebSite\",\"@id\":\"https:\/\/hofi-enge.cz\/en\/#website\",\"url\":\"https:\/\/hofi-enge.cz\/en\/\",\"name\":\"Hofi Enge ENG\",\"description\":\"PROPRIETARY DEVELOPMENT, DESIGN, PRODUCTION AND ASSEMBLY!\",\"potentialAction\":[{\"@type\":\"SearchAction\",\"target\":{\"@type\":\"EntryPoint\",\"urlTemplate\":\"https:\/\/hofi-enge.cz\/en\/?s={search_term_string}\"},\"query-input\":{\"@type\":\"PropertyValueSpecification\",\"valueRequired\":true,\"valueName\":\"search_term_string\"}}],\"inLanguage\":\"cs\"}]}<\/script>\n<!-- \/ Yoast SEO plugin. -->","yoast_head_json":{"title":"Special solutions - Hofi Enge ENG","robots":{"index":"index","follow":"follow","max-snippet":"max-snippet:-1","max-image-preview":"max-image-preview:large","max-video-preview":"max-video-preview:-1"},"canonical":"https:\/\/hofi-enge.cz\/en\/fotogalerie\/special-solutions\/","og_locale":"cs_CZ","og_type":"article","og_title":"Special solutions - Hofi Enge ENG","og_description":"\u00a0 &nbsp; panel schifter \u00a0 \u00a0\u00a0\u00a0 \u00a0\u00a0 &nbsp; service platform and pipeline bridge \u00a0 \u00a0 \u00a0\u00a0 \u00a0\u00a0","og_url":"https:\/\/hofi-enge.cz\/en\/fotogalerie\/special-solutions\/","og_site_name":"Hofi Enge ENG","article_modified_time":"2019-01-23T11:45:33+00:00","og_image":[{"url":"http:\/\/hofi-enge.cz\/wp-content\/uploads\/2015\/07\/IMG_20170920_213250-150x150.jpg","type":"","width":"","height":""}],"twitter_card":"summary_large_image","schema":{"@context":"https:\/\/schema.org","@graph":[{"@type":"WebPage","@id":"https:\/\/hofi-enge.cz\/en\/fotogalerie\/special-solutions\/","url":"https:\/\/hofi-enge.cz\/en\/fotogalerie\/special-solutions\/","name":"Special solutions - Hofi Enge ENG","isPartOf":{"@id":"https:\/\/hofi-enge.cz\/en\/#website"},"primaryImageOfPage":{"@id":"https:\/\/hofi-enge.cz\/en\/fotogalerie\/special-solutions\/#primaryimage"},"image":{"@id":"https:\/\/hofi-enge.cz\/en\/fotogalerie\/special-solutions\/#primaryimage"},"thumbnailUrl":"http:\/\/hofi-enge.cz\/wp-content\/uploads\/2015\/07\/IMG_20170920_213250-150x150.jpg","datePublished":"2019-01-23T11:41:33+00:00","dateModified":"2019-01-23T11:45:33+00:00","breadcrumb":{"@id":"https:\/\/hofi-enge.cz\/en\/fotogalerie\/special-solutions\/#breadcrumb"},"inLanguage":"cs","potentialAction":[{"@type":"ReadAction","target":["https:\/\/hofi-enge.cz\/en\/fotogalerie\/special-solutions\/"]}]},{"@type":"ImageObject","inLanguage":"cs","@id":"https:\/\/hofi-enge.cz\/en\/fotogalerie\/special-solutions\/#primaryimage","url":"http:\/\/hofi-enge.cz\/wp-content\/uploads\/2015\/07\/IMG_20170920_213250-150x150.jpg","contentUrl":"http:\/\/hofi-enge.cz\/wp-content\/uploads\/2015\/07\/IMG_20170920_213250-150x150.jpg"},{"@type":"BreadcrumbList","@id":"https:\/\/hofi-enge.cz\/en\/fotogalerie\/special-solutions\/#breadcrumb","itemListElement":[{"@type":"ListItem","position":1,"name":"Dom\u016f","item":"https:\/\/hofi-enge.cz\/en\/"},{"@type":"ListItem","position":2,"name":"Photo Gallery","item":"https:\/\/hofi-enge.cz\/en\/fotogalerie\/"},{"@type":"ListItem","position":3,"name":"Special solutions"}]},{"@type":"WebSite","@id":"https:\/\/hofi-enge.cz\/en\/#website","url":"https:\/\/hofi-enge.cz\/en\/","name":"Hofi Enge ENG","description":"PROPRIETARY DEVELOPMENT, DESIGN, PRODUCTION AND ASSEMBLY!","potentialAction":[{"@type":"SearchAction","target":{"@type":"EntryPoint","urlTemplate":"https:\/\/hofi-enge.cz\/en\/?s={search_term_string}"},"query-input":{"@type":"PropertyValueSpecification","valueRequired":true,"valueName":"search_term_string"}}],"inLanguage":"cs"}]}},"_links":{"self":[{"href":"https:\/\/hofi-enge.cz\/en\/wp-json\/wp\/v2\/pages\/1718","targetHints":{"allow":["GET"]}}],"collection":[{"href":"https:\/\/hofi-enge.cz\/en\/wp-json\/wp\/v2\/pages"}],"about":[{"href":"https:\/\/hofi-enge.cz\/en\/wp-json\/wp\/v2\/types\/page"}],"author":[{"embeddable":true,"href":"https:\/\/hofi-enge.cz\/en\/wp-json\/wp\/v2\/users\/2"}],"replies":[{"embeddable":true,"href":"https:\/\/hofi-enge.cz\/en\/wp-json\/wp\/v2\/comments?post=1718"}],"version-history":[{"count":3,"href":"https:\/\/hofi-enge.cz\/en\/wp-json\/wp\/v2\/pages\/1718\/revisions"}],"predecessor-version":[{"id":1722,"href":"https:\/\/hofi-enge.cz\/en\/wp-json\/wp\/v2\/pages\/1718\/revisions\/1722"}],"up":[{"embeddable":true,"href":"https:\/\/hofi-enge.cz\/en\/wp-json\/wp\/v2\/pages\/174"}],"wp:attachment":[{"href":"https:\/\/hofi-enge.cz\/en\/wp-json\/wp\/v2\/media?parent=1718"}],"curies":[{"name":"wp","href":"https:\/\/api.w.org\/{rel}","templated":true}]}}