{"id":1865,"date":"2019-03-06T14:22:16","date_gmt":"2019-03-06T13:22:16","guid":{"rendered":"http:\/\/hofi-enge.cz\/en\/?page_id=1865"},"modified":"2019-03-14T13:07:41","modified_gmt":"2019-03-14T12:07:41","slug":"gantry-cranes","status":"publish","type":"page","link":"https:\/\/hofi-enge.cz\/en\/produkty\/dopravni-a-manipulacni-technika\/gantry-cranes\/","title":{"rendered":"Gantry cranes"},"content":{"rendered":"<p>&nbsp;<\/p>\n<p><a href=\"http:\/\/hofi-enge.cz\/en\/wp-content\/uploads\/sites\/4\/2019\/03\/Port\u00e1lov\u00fd-je\u0159\u00e1b-CV\u0158-2.jpg\"><img loading=\"lazy\" decoding=\"async\" class=\"alignnone wp-image-1873 size-large\" title=\"Gantry cranes\" src=\"http:\/\/hofi-enge.cz\/en\/wp-content\/uploads\/sites\/4\/2019\/03\/Port\u00e1lov\u00fd-je\u0159\u00e1b-CV\u0158-2-1024x576.jpg\" alt=\"\" width=\"640\" height=\"360\" srcset=\"https:\/\/hofi-enge.cz\/en\/wp-content\/uploads\/sites\/4\/2019\/03\/Port\u00e1lov\u00fd-je\u0159\u00e1b-CV\u0158-2-1024x576.jpg 1024w, https:\/\/hofi-enge.cz\/en\/wp-content\/uploads\/sites\/4\/2019\/03\/Port\u00e1lov\u00fd-je\u0159\u00e1b-CV\u0158-2-300x169.jpg 300w, https:\/\/hofi-enge.cz\/en\/wp-content\/uploads\/sites\/4\/2019\/03\/Port\u00e1lov\u00fd-je\u0159\u00e1b-CV\u0158-2-768x432.jpg 768w\" sizes=\"auto, (max-width: 640px) 100vw, 640px\" \/><\/a><\/p>\n<p>&nbsp;<\/p>\n<p align=\"left\"><span style=\"color: #002060\"><span style=\"font-family: Calibri\"><span style=\"font-size: medium\"><b>GANTRY CRANE\u00a0<\/b><\/span><\/span><\/span><\/p>\n<p align=\"left\">\n<ul>\n<li>\n<p align=\"left\"><span style=\"color: #000000\"><span style=\"font-family: Calibri\"><span style=\"font-size: small\"><b>LOAD-BEARING CRANE STRUCTURE MADE OF ALUMINIUM ALLOY WITH FLOOR TRAVEL<\/b><\/span><\/span><\/span><\/p>\n<\/li>\n<li>\n<p align=\"left\"><span style=\"color: #000000\"><span style=\"font-family: Calibri\"><span style=\"font-size: small\"><b>WHEELS WITH A PU RING AND A FOOT BRAKE<\/b><\/span><\/span><\/span><\/p>\n<\/li>\n<li>\n<p align=\"left\"><span style=\"color: #000000\"><span style=\"font-family: Calibri\"><span style=\"font-size: small\"><b>POSSIBILITY OF REPLACING WHEELS WITH FIXED SUPPORTS \u2013 STATIONARY USE OF THE CRANE<\/b><\/span><\/span><\/span><\/p>\n<\/li>\n<li>\n<p align=\"left\"><span style=\"color: #000000\"><span style=\"font-family: Calibri\"><span style=\"font-size: small\"><b>ABILITY TO CHANGE THE HEIGHT OF THE MAIN BEAM DUE TO TELESCOPIC DESIGN OF BOTH SIDE SUPPORTS<\/b><\/span><\/span><\/span><\/p>\n<\/li>\n<li>\n<p align=\"left\"><span style=\"color: #000000\"><span style=\"font-family: Calibri\"><span style=\"font-size: small\"><b>REMOTE CONTROL CAPABILITY<\/b><\/span><\/span><\/span><\/p>\n<\/li>\n<li>\n<p align=\"left\"><span style=\"color: #000000\"><span style=\"font-family: Calibri\"><span style=\"font-size: small\"><b>EASY DISASSEMBLY AND ASSEMBLY<\/b><\/span><\/span><\/span><\/p>\n<\/li>\n<\/ul>\n<p align=\"left\">\n<p align=\"left\"><span style=\"color: #000000\"><span style=\"font-family: Calibri\"><span style=\"font-size: small\"><u><b>Use:<\/b><\/u><\/span><\/span><\/span><\/p>\n<ul>\n<li>\n<p align=\"left\"><span style=\"color: #000000\"><span style=\"font-family: Calibri\"><span style=\"font-size: small\"><b>For the handling of loads in light operations \u2013 locksmith workshops, workshops with sheet metal shaping machines, injection presses, machining workshops, research workplaces, etc.<\/b><\/span><\/span><\/span><\/p>\n<\/li>\n<\/ul>\n","protected":false},"excerpt":{"rendered":"<p>&nbsp; &nbsp; GANTRY CRANE\u00a0 LOAD-BEARING CRANE STRUCTURE MADE OF ALUMINIUM ALLOY WITH FLOOR TRAVEL WHEELS WITH A PU RING AND A FOOT BRAKE POSSIBILITY OF REPLACING WHEELS WITH FIXED SUPPORTS \u2013 STATIONARY USE OF THE CRANE ABILITY TO CHANGE THE HEIGHT OF THE MAIN BEAM DUE TO TELESCOPIC DESIGN OF BOTH SIDE SUPPORTS REMOTE CONTROL [&hellip;]<\/p>\n","protected":false},"author":2,"featured_media":0,"parent":402,"menu_order":0,"comment_status":"closed","ping_status":"closed","template":"","meta":{"_acf_changed":false,"footnotes":""},"class_list":["post-1865","page","type-page","status-publish","hentry"],"acf":[],"yoast_head":"<!-- This site is optimized with the Yoast SEO plugin v25.4 - https:\/\/yoast.com\/wordpress\/plugins\/seo\/ -->\n<title>Gantry cranes - Hofi Enge ENG<\/title>\n<meta name=\"robots\" content=\"index, follow, max-snippet:-1, max-image-preview:large, max-video-preview:-1\" \/>\n<link rel=\"canonical\" href=\"https:\/\/hofi-enge.cz\/en\/produkty\/dopravni-a-manipulacni-technika\/gantry-cranes\/\" \/>\n<meta property=\"og:locale\" content=\"cs_CZ\" \/>\n<meta property=\"og:type\" content=\"article\" \/>\n<meta property=\"og:title\" content=\"Gantry cranes - Hofi Enge ENG\" \/>\n<meta property=\"og:description\" content=\"&nbsp; &nbsp; GANTRY CRANE\u00a0 LOAD-BEARING CRANE STRUCTURE MADE OF ALUMINIUM ALLOY WITH FLOOR TRAVEL WHEELS WITH A PU RING AND A FOOT BRAKE POSSIBILITY OF REPLACING WHEELS WITH FIXED SUPPORTS \u2013 STATIONARY USE OF THE CRANE ABILITY TO CHANGE THE HEIGHT OF THE MAIN BEAM DUE TO TELESCOPIC DESIGN OF BOTH SIDE SUPPORTS REMOTE CONTROL [&hellip;]\" \/>\n<meta property=\"og:url\" content=\"https:\/\/hofi-enge.cz\/en\/produkty\/dopravni-a-manipulacni-technika\/gantry-cranes\/\" \/>\n<meta property=\"og:site_name\" content=\"Hofi Enge ENG\" \/>\n<meta property=\"article:modified_time\" content=\"2019-03-14T12:07:41+00:00\" \/>\n<meta name=\"twitter:card\" content=\"summary_large_image\" \/>\n<script type=\"application\/ld+json\" class=\"yoast-schema-graph\">{\"@context\":\"https:\/\/schema.org\",\"@graph\":[{\"@type\":\"WebPage\",\"@id\":\"https:\/\/hofi-enge.cz\/en\/produkty\/dopravni-a-manipulacni-technika\/gantry-cranes\/\",\"url\":\"https:\/\/hofi-enge.cz\/en\/produkty\/dopravni-a-manipulacni-technika\/gantry-cranes\/\",\"name\":\"Gantry cranes - Hofi Enge ENG\",\"isPartOf\":{\"@id\":\"https:\/\/hofi-enge.cz\/en\/#website\"},\"datePublished\":\"2019-03-06T13:22:16+00:00\",\"dateModified\":\"2019-03-14T12:07:41+00:00\",\"breadcrumb\":{\"@id\":\"https:\/\/hofi-enge.cz\/en\/produkty\/dopravni-a-manipulacni-technika\/gantry-cranes\/#breadcrumb\"},\"inLanguage\":\"cs\",\"potentialAction\":[{\"@type\":\"ReadAction\",\"target\":[\"https:\/\/hofi-enge.cz\/en\/produkty\/dopravni-a-manipulacni-technika\/gantry-cranes\/\"]}]},{\"@type\":\"BreadcrumbList\",\"@id\":\"https:\/\/hofi-enge.cz\/en\/produkty\/dopravni-a-manipulacni-technika\/gantry-cranes\/#breadcrumb\",\"itemListElement\":[{\"@type\":\"ListItem\",\"position\":1,\"name\":\"Dom\u016f\",\"item\":\"https:\/\/hofi-enge.cz\/en\/\"},{\"@type\":\"ListItem\",\"position\":2,\"name\":\"Products\",\"item\":\"https:\/\/hofi-enge.cz\/en\/produkty\/\"},{\"@type\":\"ListItem\",\"position\":3,\"name\":\"Transport and handling equipment\",\"item\":\"https:\/\/hofi-enge.cz\/en\/produkty\/dopravni-a-manipulacni-technika\/\"},{\"@type\":\"ListItem\",\"position\":4,\"name\":\"Gantry cranes\"}]},{\"@type\":\"WebSite\",\"@id\":\"https:\/\/hofi-enge.cz\/en\/#website\",\"url\":\"https:\/\/hofi-enge.cz\/en\/\",\"name\":\"Hofi Enge ENG\",\"description\":\"PROPRIETARY DEVELOPMENT, DESIGN, PRODUCTION AND ASSEMBLY!\",\"potentialAction\":[{\"@type\":\"SearchAction\",\"target\":{\"@type\":\"EntryPoint\",\"urlTemplate\":\"https:\/\/hofi-enge.cz\/en\/?s={search_term_string}\"},\"query-input\":{\"@type\":\"PropertyValueSpecification\",\"valueRequired\":true,\"valueName\":\"search_term_string\"}}],\"inLanguage\":\"cs\"}]}<\/script>\n<!-- \/ Yoast SEO plugin. -->","yoast_head_json":{"title":"Gantry cranes - Hofi Enge ENG","robots":{"index":"index","follow":"follow","max-snippet":"max-snippet:-1","max-image-preview":"max-image-preview:large","max-video-preview":"max-video-preview:-1"},"canonical":"https:\/\/hofi-enge.cz\/en\/produkty\/dopravni-a-manipulacni-technika\/gantry-cranes\/","og_locale":"cs_CZ","og_type":"article","og_title":"Gantry cranes - Hofi Enge ENG","og_description":"&nbsp; &nbsp; GANTRY CRANE\u00a0 LOAD-BEARING CRANE STRUCTURE MADE OF ALUMINIUM ALLOY WITH FLOOR TRAVEL WHEELS WITH A PU RING AND A FOOT BRAKE POSSIBILITY OF REPLACING WHEELS WITH FIXED SUPPORTS \u2013 STATIONARY USE OF THE CRANE ABILITY TO CHANGE THE HEIGHT OF THE MAIN BEAM DUE TO TELESCOPIC DESIGN OF BOTH SIDE SUPPORTS REMOTE CONTROL [&hellip;]","og_url":"https:\/\/hofi-enge.cz\/en\/produkty\/dopravni-a-manipulacni-technika\/gantry-cranes\/","og_site_name":"Hofi Enge ENG","article_modified_time":"2019-03-14T12:07:41+00:00","twitter_card":"summary_large_image","schema":{"@context":"https:\/\/schema.org","@graph":[{"@type":"WebPage","@id":"https:\/\/hofi-enge.cz\/en\/produkty\/dopravni-a-manipulacni-technika\/gantry-cranes\/","url":"https:\/\/hofi-enge.cz\/en\/produkty\/dopravni-a-manipulacni-technika\/gantry-cranes\/","name":"Gantry cranes - Hofi Enge ENG","isPartOf":{"@id":"https:\/\/hofi-enge.cz\/en\/#website"},"datePublished":"2019-03-06T13:22:16+00:00","dateModified":"2019-03-14T12:07:41+00:00","breadcrumb":{"@id":"https:\/\/hofi-enge.cz\/en\/produkty\/dopravni-a-manipulacni-technika\/gantry-cranes\/#breadcrumb"},"inLanguage":"cs","potentialAction":[{"@type":"ReadAction","target":["https:\/\/hofi-enge.cz\/en\/produkty\/dopravni-a-manipulacni-technika\/gantry-cranes\/"]}]},{"@type":"BreadcrumbList","@id":"https:\/\/hofi-enge.cz\/en\/produkty\/dopravni-a-manipulacni-technika\/gantry-cranes\/#breadcrumb","itemListElement":[{"@type":"ListItem","position":1,"name":"Dom\u016f","item":"https:\/\/hofi-enge.cz\/en\/"},{"@type":"ListItem","position":2,"name":"Products","item":"https:\/\/hofi-enge.cz\/en\/produkty\/"},{"@type":"ListItem","position":3,"name":"Transport and handling equipment","item":"https:\/\/hofi-enge.cz\/en\/produkty\/dopravni-a-manipulacni-technika\/"},{"@type":"ListItem","position":4,"name":"Gantry cranes"}]},{"@type":"WebSite","@id":"https:\/\/hofi-enge.cz\/en\/#website","url":"https:\/\/hofi-enge.cz\/en\/","name":"Hofi Enge ENG","description":"PROPRIETARY DEVELOPMENT, DESIGN, PRODUCTION AND ASSEMBLY!","potentialAction":[{"@type":"SearchAction","target":{"@type":"EntryPoint","urlTemplate":"https:\/\/hofi-enge.cz\/en\/?s={search_term_string}"},"query-input":{"@type":"PropertyValueSpecification","valueRequired":true,"valueName":"search_term_string"}}],"inLanguage":"cs"}]}},"_links":{"self":[{"href":"https:\/\/hofi-enge.cz\/en\/wp-json\/wp\/v2\/pages\/1865","targetHints":{"allow":["GET"]}}],"collection":[{"href":"https:\/\/hofi-enge.cz\/en\/wp-json\/wp\/v2\/pages"}],"about":[{"href":"https:\/\/hofi-enge.cz\/en\/wp-json\/wp\/v2\/types\/page"}],"author":[{"embeddable":true,"href":"https:\/\/hofi-enge.cz\/en\/wp-json\/wp\/v2\/users\/2"}],"replies":[{"embeddable":true,"href":"https:\/\/hofi-enge.cz\/en\/wp-json\/wp\/v2\/comments?post=1865"}],"version-history":[{"count":4,"href":"https:\/\/hofi-enge.cz\/en\/wp-json\/wp\/v2\/pages\/1865\/revisions"}],"predecessor-version":[{"id":1889,"href":"https:\/\/hofi-enge.cz\/en\/wp-json\/wp\/v2\/pages\/1865\/revisions\/1889"}],"up":[{"embeddable":true,"href":"https:\/\/hofi-enge.cz\/en\/wp-json\/wp\/v2\/pages\/402"}],"wp:attachment":[{"href":"https:\/\/hofi-enge.cz\/en\/wp-json\/wp\/v2\/media?parent=1865"}],"curies":[{"name":"wp","href":"https:\/\/api.w.org\/{rel}","templated":true}]}}