{"id":39,"date":"2014-04-16T13:15:37","date_gmt":"2014-04-16T11:15:37","guid":{"rendered":"http:\/\/hofi-enge.cz\/?page_id=39"},"modified":"2016-04-05T15:31:08","modified_gmt":"2016-04-05T13:31:08","slug":"reference","status":"publish","type":"page","link":"https:\/\/hofi-enge.cz\/en\/reference\/","title":{"rendered":"References"},"content":{"rendered":"<p><strong>Products:<\/strong><\/p>\n<p>IMH Group, s.r.o. \u2013 storage mezzanine, 2012<\/p>\n<p>Dukol s.r.o. \u2013 central registry, 2013<\/p>\n<p>Daechang Seat s.r.o. \u2013 disassembly and assembly of palette racking, 2013<\/p>\n<p>University Hospital Olomouc \u2013 archive of radiographs, 2013<\/p>\n<p>TROST AUTO SERVICE TECHNIK spol. s.r.o. \u2013 installation of palette racking, 2013<\/p>\n<p>Regional Gallery in Liberec \u2013 exposure panels, 2014<br \/>\n(the above actions have been implemented on real person Ing. Ilona Fialov\u00e1)<\/p>\n<p>Invensys Appliance Controls s.r.o. \u2013 shelving rack with pull-out shelves, load capacity of 1500\u00a0kg \u2013 2014, 2015<\/p>\n<p>Masaryk University in Brno \u2013 University Campus in Bohunice \u2013 built-in showcases, 2014<\/p>\n<p>Tomas Bata University in Zl\u00edn \u2013 mobile racks, 2014<\/p>\n<p>VOP CZ, s.p. \u0160enov by Nov\u00fd Ji\u010d\u00edn \u2013 delivery and installation of overhead crane system, 2015<\/p>\n<p>BEG Bohemia, s.r.o. \u2013 delivery of storage equipment for deposits of the Prague Castle \u2013 Riding School Poho\u0159elec (screens for paintings and mirrors, cantilever racks for carpets, structure for storage of chandeliers, etc.) \u2013 2015<\/p>\n<p>BEG Bohemia, s.r.o. \u2013 delivery of storage equipment for deposits of the Town Museum in<\/p>\n<p>Litomerice (warehouse \u2013 screens for paintings)<\/p>\n<p>CV\u0158, s.r.o. \u2013 delivery of lifting equipment for hot chambers \u2013 project SUSEN<\/p>\n<p>LAMMB, s.r.o. \u2013 delivery of shelving rack with sliding shelves and cantilevered rack<\/p>\n<p>&nbsp;<\/p>\n<p><strong>Service activities:<\/strong><\/p>\n<p>Mondi Bags \u0160t\u011bt\u00ed, a.s. \u2013 service of rotating magazines<\/p>\n<p>ASB Prague, s.r.o. \u2013 service of mobile racks<\/p>\n<p>The City of Fr\u00fddek-M\u00edstek \u2013 service of mobile racks<\/p>\n<p>Mondel\u00e9z \u2013 workshop Deli Lovosice \u2013 overall repair of mobile racks with pneumatic drive<\/p>\n","protected":false},"excerpt":{"rendered":"<p>Products: IMH Group, s.r.o. \u2013 storage mezzanine, 2012 Dukol s.r.o. \u2013 central registry, 2013 Daechang Seat s.r.o. \u2013 disassembly and assembly of palette racking, 2013 University Hospital Olomouc \u2013 archive of radiographs, 2013 TROST AUTO SERVICE TECHNIK spol. s.r.o. \u2013 installation of palette racking, 2013 Regional Gallery in Liberec \u2013 exposure panels, 2014 (the above [&hellip;]<\/p>\n","protected":false},"author":1,"featured_media":0,"parent":0,"menu_order":0,"comment_status":"closed","ping_status":"closed","template":"","meta":{"_acf_changed":false,"footnotes":""},"class_list":["post-39","page","type-page","status-publish","hentry"],"acf":[],"yoast_head":"<!-- This site is optimized with the Yoast SEO plugin v25.4 - https:\/\/yoast.com\/wordpress\/plugins\/seo\/ -->\n<title>References - Hofi Enge ENG<\/title>\n<meta name=\"robots\" content=\"index, follow, max-snippet:-1, max-image-preview:large, max-video-preview:-1\" \/>\n<link rel=\"canonical\" href=\"https:\/\/hofi-enge.cz\/en\/reference\/\" \/>\n<meta property=\"og:locale\" content=\"cs_CZ\" \/>\n<meta property=\"og:type\" content=\"article\" \/>\n<meta property=\"og:title\" content=\"References - Hofi Enge ENG\" \/>\n<meta property=\"og:description\" content=\"Products: IMH Group, s.r.o. \u2013 storage mezzanine, 2012 Dukol s.r.o. \u2013 central registry, 2013 Daechang Seat s.r.o. \u2013 disassembly and assembly of palette racking, 2013 University Hospital Olomouc \u2013 archive of radiographs, 2013 TROST AUTO SERVICE TECHNIK spol. s.r.o. \u2013 installation of palette racking, 2013 Regional Gallery in Liberec \u2013 exposure panels, 2014 (the above [&hellip;]\" \/>\n<meta property=\"og:url\" content=\"https:\/\/hofi-enge.cz\/en\/reference\/\" \/>\n<meta property=\"og:site_name\" content=\"Hofi Enge ENG\" \/>\n<meta property=\"article:modified_time\" content=\"2016-04-05T13:31:08+00:00\" \/>\n<meta name=\"twitter:card\" content=\"summary_large_image\" \/>\n<meta name=\"twitter:label1\" content=\"Odhadovan\u00e1 doba \u010dten\u00ed\" \/>\n\t<meta name=\"twitter:data1\" content=\"1 minuta\" \/>\n<script type=\"application\/ld+json\" class=\"yoast-schema-graph\">{\"@context\":\"https:\/\/schema.org\",\"@graph\":[{\"@type\":\"WebPage\",\"@id\":\"https:\/\/hofi-enge.cz\/en\/reference\/\",\"url\":\"https:\/\/hofi-enge.cz\/en\/reference\/\",\"name\":\"References - Hofi Enge ENG\",\"isPartOf\":{\"@id\":\"https:\/\/hofi-enge.cz\/en\/#website\"},\"datePublished\":\"2014-04-16T11:15:37+00:00\",\"dateModified\":\"2016-04-05T13:31:08+00:00\",\"breadcrumb\":{\"@id\":\"https:\/\/hofi-enge.cz\/en\/reference\/#breadcrumb\"},\"inLanguage\":\"cs\",\"potentialAction\":[{\"@type\":\"ReadAction\",\"target\":[\"https:\/\/hofi-enge.cz\/en\/reference\/\"]}]},{\"@type\":\"BreadcrumbList\",\"@id\":\"https:\/\/hofi-enge.cz\/en\/reference\/#breadcrumb\",\"itemListElement\":[{\"@type\":\"ListItem\",\"position\":1,\"name\":\"Dom\u016f\",\"item\":\"https:\/\/hofi-enge.cz\/en\/\"},{\"@type\":\"ListItem\",\"position\":2,\"name\":\"References\"}]},{\"@type\":\"WebSite\",\"@id\":\"https:\/\/hofi-enge.cz\/en\/#website\",\"url\":\"https:\/\/hofi-enge.cz\/en\/\",\"name\":\"Hofi Enge ENG\",\"description\":\"PROPRIETARY DEVELOPMENT, DESIGN, PRODUCTION AND ASSEMBLY!\",\"potentialAction\":[{\"@type\":\"SearchAction\",\"target\":{\"@type\":\"EntryPoint\",\"urlTemplate\":\"https:\/\/hofi-enge.cz\/en\/?s={search_term_string}\"},\"query-input\":{\"@type\":\"PropertyValueSpecification\",\"valueRequired\":true,\"valueName\":\"search_term_string\"}}],\"inLanguage\":\"cs\"}]}<\/script>\n<!-- \/ Yoast SEO plugin. -->","yoast_head_json":{"title":"References - Hofi Enge ENG","robots":{"index":"index","follow":"follow","max-snippet":"max-snippet:-1","max-image-preview":"max-image-preview:large","max-video-preview":"max-video-preview:-1"},"canonical":"https:\/\/hofi-enge.cz\/en\/reference\/","og_locale":"cs_CZ","og_type":"article","og_title":"References - Hofi Enge ENG","og_description":"Products: IMH Group, s.r.o. \u2013 storage mezzanine, 2012 Dukol s.r.o. \u2013 central registry, 2013 Daechang Seat s.r.o. \u2013 disassembly and assembly of palette racking, 2013 University Hospital Olomouc \u2013 archive of radiographs, 2013 TROST AUTO SERVICE TECHNIK spol. s.r.o. \u2013 installation of palette racking, 2013 Regional Gallery in Liberec \u2013 exposure panels, 2014 (the above [&hellip;]","og_url":"https:\/\/hofi-enge.cz\/en\/reference\/","og_site_name":"Hofi Enge ENG","article_modified_time":"2016-04-05T13:31:08+00:00","twitter_card":"summary_large_image","twitter_misc":{"Odhadovan\u00e1 doba \u010dten\u00ed":"1 minuta"},"schema":{"@context":"https:\/\/schema.org","@graph":[{"@type":"WebPage","@id":"https:\/\/hofi-enge.cz\/en\/reference\/","url":"https:\/\/hofi-enge.cz\/en\/reference\/","name":"References - Hofi Enge ENG","isPartOf":{"@id":"https:\/\/hofi-enge.cz\/en\/#website"},"datePublished":"2014-04-16T11:15:37+00:00","dateModified":"2016-04-05T13:31:08+00:00","breadcrumb":{"@id":"https:\/\/hofi-enge.cz\/en\/reference\/#breadcrumb"},"inLanguage":"cs","potentialAction":[{"@type":"ReadAction","target":["https:\/\/hofi-enge.cz\/en\/reference\/"]}]},{"@type":"BreadcrumbList","@id":"https:\/\/hofi-enge.cz\/en\/reference\/#breadcrumb","itemListElement":[{"@type":"ListItem","position":1,"name":"Dom\u016f","item":"https:\/\/hofi-enge.cz\/en\/"},{"@type":"ListItem","position":2,"name":"References"}]},{"@type":"WebSite","@id":"https:\/\/hofi-enge.cz\/en\/#website","url":"https:\/\/hofi-enge.cz\/en\/","name":"Hofi Enge ENG","description":"PROPRIETARY DEVELOPMENT, DESIGN, PRODUCTION AND ASSEMBLY!","potentialAction":[{"@type":"SearchAction","target":{"@type":"EntryPoint","urlTemplate":"https:\/\/hofi-enge.cz\/en\/?s={search_term_string}"},"query-input":{"@type":"PropertyValueSpecification","valueRequired":true,"valueName":"search_term_string"}}],"inLanguage":"cs"}]}},"_links":{"self":[{"href":"https:\/\/hofi-enge.cz\/en\/wp-json\/wp\/v2\/pages\/39","targetHints":{"allow":["GET"]}}],"collection":[{"href":"https:\/\/hofi-enge.cz\/en\/wp-json\/wp\/v2\/pages"}],"about":[{"href":"https:\/\/hofi-enge.cz\/en\/wp-json\/wp\/v2\/types\/page"}],"author":[{"embeddable":true,"href":"https:\/\/hofi-enge.cz\/en\/wp-json\/wp\/v2\/users\/1"}],"replies":[{"embeddable":true,"href":"https:\/\/hofi-enge.cz\/en\/wp-json\/wp\/v2\/comments?post=39"}],"version-history":[{"count":24,"href":"https:\/\/hofi-enge.cz\/en\/wp-json\/wp\/v2\/pages\/39\/revisions"}],"predecessor-version":[{"id":1384,"href":"https:\/\/hofi-enge.cz\/en\/wp-json\/wp\/v2\/pages\/39\/revisions\/1384"}],"wp:attachment":[{"href":"https:\/\/hofi-enge.cz\/en\/wp-json\/wp\/v2\/media?parent=39"}],"curies":[{"name":"wp","href":"https:\/\/api.w.org\/{rel}","templated":true}]}}