{"id":40,"date":"2014-04-16T13:15:48","date_gmt":"2014-04-16T11:15:48","guid":{"rendered":"http:\/\/hofi-enge.cz\/?page_id=40"},"modified":"2018-01-12T12:32:15","modified_gmt":"2018-01-12T11:32:15","slug":"kontakty","status":"publish","type":"page","link":"https:\/\/hofi-enge.cz\/en\/kontakty\/","title":{"rendered":"Contacts"},"content":{"rendered":"<div style=\"clear:left\"><\/div>\n<p style=\"text-align: left\"><strong>Company address:<\/strong><\/p>\n<p style=\"text-align: left\">HOFI engineering, s.r.o.<br \/>\nPo\u017e\u00e1rnick\u00e1 140<br \/>\nKlimkovice 742 83<\/p>\n<p style=\"text-align: left\">Company ID: 281 35377<\/p>\n<p style=\"text-align: left\">VAT ID: CZ28135377<\/p>\n<p style=\"text-align: left\">registered at the Regional Court in Ostrava, sec. C, insert 5684<\/p>\n<p style=\"text-align: left\">phone: +420 724 245 699<br \/>\ne-mail:\u00a0<a href=\"mailto:fialova@hofi-enge.cz\">hofi-enge@hofi-enge.cz<\/a><\/p>\n<p style=\"text-align: left\"><strong>Ing. Ilona Fialov\u00e1<\/strong><br \/>\nExecutive head of the company<br \/>\nphone: +420 724 245 699<br \/>\ne-mail:\u00a0<a href=\"mailto:fialova@hofi-enge.cz\">fialova@hofi-enge.cz<\/a><\/p>\n<p style=\"text-align: left\"><strong>Ing. Miroslav Hor\u00e1k<\/strong><br \/>\nAuthorized representative of the company<br \/>\nphone: +420 774 852 051<br \/>\ne-mail:\u00a0<a href=\"mailto:hofi-enge(a)email.cz\">hofi-enge(a)email.cz<\/a><\/p>\n<p style=\"text-align: left\"><strong>Design department<\/strong><br \/>\nphone: +420 774 852 585<br \/>\nkonstrukce1@hofi-enge.cz<\/p>\n<p style=\"text-align: left\"><strong>Workshop Mankovice:<\/strong><br \/>\nMankovice 30, ZIP Code: 742 35 (exit from D1 to Odry)<\/p>\n<p style=\"text-align: left\">\n<p style=\"text-align: left\">\n","protected":false},"excerpt":{"rendered":"<p>Company address: HOFI engineering, s.r.o. Po\u017e\u00e1rnick\u00e1 140 Klimkovice 742 83 Company ID: 281 35377 VAT ID: CZ28135377 registered at the Regional Court in Ostrava, sec. C, insert 5684 phone: +420 724 245 699 e-mail:\u00a0hofi-enge@hofi-enge.cz Ing. Ilona Fialov\u00e1 Executive head of the company phone: +420 724 245 699 e-mail:\u00a0fialova@hofi-enge.cz Ing. Miroslav Hor\u00e1k Authorized representative of the [&hellip;]<\/p>\n","protected":false},"author":1,"featured_media":0,"parent":0,"menu_order":0,"comment_status":"closed","ping_status":"closed","template":"kontakt.php","meta":{"_acf_changed":false,"footnotes":""},"class_list":["post-40","page","type-page","status-publish","hentry"],"acf":[],"yoast_head":"<!-- This site is optimized with the Yoast SEO plugin v25.4 - https:\/\/yoast.com\/wordpress\/plugins\/seo\/ -->\n<title>Contacts - Hofi Enge ENG<\/title>\n<meta name=\"robots\" content=\"index, follow, max-snippet:-1, max-image-preview:large, max-video-preview:-1\" \/>\n<link rel=\"canonical\" href=\"https:\/\/hofi-enge.cz\/en\/kontakty\/\" \/>\n<meta property=\"og:locale\" content=\"cs_CZ\" \/>\n<meta property=\"og:type\" content=\"article\" \/>\n<meta property=\"og:title\" content=\"Contacts - Hofi Enge ENG\" \/>\n<meta property=\"og:description\" content=\"Company address: HOFI engineering, s.r.o. Po\u017e\u00e1rnick\u00e1 140 Klimkovice 742 83 Company ID: 281 35377 VAT ID: CZ28135377 registered at the Regional Court in Ostrava, sec. C, insert 5684 phone: +420 724 245 699 e-mail:\u00a0hofi-enge@hofi-enge.cz Ing. Ilona Fialov\u00e1 Executive head of the company phone: +420 724 245 699 e-mail:\u00a0fialova@hofi-enge.cz Ing. Miroslav Hor\u00e1k Authorized representative of the [&hellip;]\" \/>\n<meta property=\"og:url\" content=\"https:\/\/hofi-enge.cz\/en\/kontakty\/\" \/>\n<meta property=\"og:site_name\" content=\"Hofi Enge ENG\" \/>\n<meta property=\"article:modified_time\" content=\"2018-01-12T11:32:15+00:00\" \/>\n<meta name=\"twitter:card\" content=\"summary_large_image\" \/>\n<script type=\"application\/ld+json\" class=\"yoast-schema-graph\">{\"@context\":\"https:\/\/schema.org\",\"@graph\":[{\"@type\":\"WebPage\",\"@id\":\"https:\/\/hofi-enge.cz\/en\/kontakty\/\",\"url\":\"https:\/\/hofi-enge.cz\/en\/kontakty\/\",\"name\":\"Contacts - Hofi Enge ENG\",\"isPartOf\":{\"@id\":\"https:\/\/hofi-enge.cz\/en\/#website\"},\"datePublished\":\"2014-04-16T11:15:48+00:00\",\"dateModified\":\"2018-01-12T11:32:15+00:00\",\"breadcrumb\":{\"@id\":\"https:\/\/hofi-enge.cz\/en\/kontakty\/#breadcrumb\"},\"inLanguage\":\"cs\",\"potentialAction\":[{\"@type\":\"ReadAction\",\"target\":[\"https:\/\/hofi-enge.cz\/en\/kontakty\/\"]}]},{\"@type\":\"BreadcrumbList\",\"@id\":\"https:\/\/hofi-enge.cz\/en\/kontakty\/#breadcrumb\",\"itemListElement\":[{\"@type\":\"ListItem\",\"position\":1,\"name\":\"Dom\u016f\",\"item\":\"https:\/\/hofi-enge.cz\/en\/\"},{\"@type\":\"ListItem\",\"position\":2,\"name\":\"Contacts\"}]},{\"@type\":\"WebSite\",\"@id\":\"https:\/\/hofi-enge.cz\/en\/#website\",\"url\":\"https:\/\/hofi-enge.cz\/en\/\",\"name\":\"Hofi Enge ENG\",\"description\":\"PROPRIETARY DEVELOPMENT, DESIGN, PRODUCTION AND ASSEMBLY!\",\"potentialAction\":[{\"@type\":\"SearchAction\",\"target\":{\"@type\":\"EntryPoint\",\"urlTemplate\":\"https:\/\/hofi-enge.cz\/en\/?s={search_term_string}\"},\"query-input\":{\"@type\":\"PropertyValueSpecification\",\"valueRequired\":true,\"valueName\":\"search_term_string\"}}],\"inLanguage\":\"cs\"}]}<\/script>\n<!-- \/ Yoast SEO plugin. -->","yoast_head_json":{"title":"Contacts - Hofi Enge ENG","robots":{"index":"index","follow":"follow","max-snippet":"max-snippet:-1","max-image-preview":"max-image-preview:large","max-video-preview":"max-video-preview:-1"},"canonical":"https:\/\/hofi-enge.cz\/en\/kontakty\/","og_locale":"cs_CZ","og_type":"article","og_title":"Contacts - Hofi Enge ENG","og_description":"Company address: HOFI engineering, s.r.o. Po\u017e\u00e1rnick\u00e1 140 Klimkovice 742 83 Company ID: 281 35377 VAT ID: CZ28135377 registered at the Regional Court in Ostrava, sec. C, insert 5684 phone: +420 724 245 699 e-mail:\u00a0hofi-enge@hofi-enge.cz Ing. Ilona Fialov\u00e1 Executive head of the company phone: +420 724 245 699 e-mail:\u00a0fialova@hofi-enge.cz Ing. Miroslav Hor\u00e1k Authorized representative of the [&hellip;]","og_url":"https:\/\/hofi-enge.cz\/en\/kontakty\/","og_site_name":"Hofi Enge ENG","article_modified_time":"2018-01-12T11:32:15+00:00","twitter_card":"summary_large_image","schema":{"@context":"https:\/\/schema.org","@graph":[{"@type":"WebPage","@id":"https:\/\/hofi-enge.cz\/en\/kontakty\/","url":"https:\/\/hofi-enge.cz\/en\/kontakty\/","name":"Contacts - Hofi Enge ENG","isPartOf":{"@id":"https:\/\/hofi-enge.cz\/en\/#website"},"datePublished":"2014-04-16T11:15:48+00:00","dateModified":"2018-01-12T11:32:15+00:00","breadcrumb":{"@id":"https:\/\/hofi-enge.cz\/en\/kontakty\/#breadcrumb"},"inLanguage":"cs","potentialAction":[{"@type":"ReadAction","target":["https:\/\/hofi-enge.cz\/en\/kontakty\/"]}]},{"@type":"BreadcrumbList","@id":"https:\/\/hofi-enge.cz\/en\/kontakty\/#breadcrumb","itemListElement":[{"@type":"ListItem","position":1,"name":"Dom\u016f","item":"https:\/\/hofi-enge.cz\/en\/"},{"@type":"ListItem","position":2,"name":"Contacts"}]},{"@type":"WebSite","@id":"https:\/\/hofi-enge.cz\/en\/#website","url":"https:\/\/hofi-enge.cz\/en\/","name":"Hofi Enge ENG","description":"PROPRIETARY DEVELOPMENT, DESIGN, PRODUCTION AND ASSEMBLY!","potentialAction":[{"@type":"SearchAction","target":{"@type":"EntryPoint","urlTemplate":"https:\/\/hofi-enge.cz\/en\/?s={search_term_string}"},"query-input":{"@type":"PropertyValueSpecification","valueRequired":true,"valueName":"search_term_string"}}],"inLanguage":"cs"}]}},"_links":{"self":[{"href":"https:\/\/hofi-enge.cz\/en\/wp-json\/wp\/v2\/pages\/40","targetHints":{"allow":["GET"]}}],"collection":[{"href":"https:\/\/hofi-enge.cz\/en\/wp-json\/wp\/v2\/pages"}],"about":[{"href":"https:\/\/hofi-enge.cz\/en\/wp-json\/wp\/v2\/types\/page"}],"author":[{"embeddable":true,"href":"https:\/\/hofi-enge.cz\/en\/wp-json\/wp\/v2\/users\/1"}],"replies":[{"embeddable":true,"href":"https:\/\/hofi-enge.cz\/en\/wp-json\/wp\/v2\/comments?post=40"}],"version-history":[{"count":47,"href":"https:\/\/hofi-enge.cz\/en\/wp-json\/wp\/v2\/pages\/40\/revisions"}],"predecessor-version":[{"id":1576,"href":"https:\/\/hofi-enge.cz\/en\/wp-json\/wp\/v2\/pages\/40\/revisions\/1576"}],"wp:attachment":[{"href":"https:\/\/hofi-enge.cz\/en\/wp-json\/wp\/v2\/media?parent=40"}],"curies":[{"name":"wp","href":"https:\/\/api.w.org\/{rel}","templated":true}]}}