{"id":491,"date":"2014-05-15T20:45:16","date_gmt":"2014-05-15T18:45:16","guid":{"rendered":"http:\/\/hofi-enge.cz\/?page_id=491"},"modified":"2019-03-06T11:45:42","modified_gmt":"2019-03-06T10:45:42","slug":"mobilni-regaly","status":"publish","type":"page","link":"https:\/\/hofi-enge.cz\/en\/produkty\/vybaveni-skladu\/mobilni-regaly\/","title":{"rendered":"Mobile shelving racks"},"content":{"rendered":"<p>&nbsp;<\/p>\n<p><a href=\"http:\/\/hofi-enge.cz\/en\/wp-content\/uploads\/sites\/4\/2014\/05\/Nov\u00fd-obr\u00e1zek-2-1.jpg\"><img loading=\"lazy\" decoding=\"async\" class=\"alignnone wp-image-1793 size-thumbnail\" title=\"Mobile shelving rack\" src=\"http:\/\/hofi-enge.cz\/en\/wp-content\/uploads\/sites\/4\/2014\/05\/Nov\u00fd-obr\u00e1zek-2-1-150x150.jpg\" alt=\"\" width=\"150\" height=\"150\" \/><\/a>\u00a0 \u00a0\u00a0<a href=\"http:\/\/hofi-enge.cz\/en\/wp-content\/uploads\/sites\/4\/2014\/05\/Nov\u00fd-obr\u00e1zek-3.jpg\"><img loading=\"lazy\" decoding=\"async\" class=\"alignnone wp-image-1790 size-thumbnail\" title=\"Mobile shelving rack\" src=\"http:\/\/hofi-enge.cz\/en\/wp-content\/uploads\/sites\/4\/2014\/05\/Nov\u00fd-obr\u00e1zek-3-150x150.jpg\" alt=\"\" width=\"150\" height=\"150\" \/><\/a>\u00a0 \u00a0\u00a0<a href=\"http:\/\/hofi-enge.cz\/en\/wp-content\/uploads\/sites\/4\/2014\/05\/poj\u00edzdn\u00fd-reg\u00e1l.jpg\"><img loading=\"lazy\" decoding=\"async\" class=\"alignnone wp-image-1792 size-thumbnail\" title=\"Mobile shelving rack\" src=\"http:\/\/hofi-enge.cz\/en\/wp-content\/uploads\/sites\/4\/2014\/05\/poj\u00edzdn\u00fd-reg\u00e1l-150x150.jpg\" alt=\"\" width=\"150\" height=\"150\" \/><\/a><\/p>\n<p><a href=\"http:\/\/hofi-enge.cz\/en\/wp-content\/uploads\/sites\/4\/2014\/05\/IMG_20190220_155544_HDR.jpg\"><img loading=\"lazy\" decoding=\"async\" class=\"alignnone wp-image-1781 size-thumbnail\" title=\"Mobile shelving rack\" src=\"http:\/\/hofi-enge.cz\/en\/wp-content\/uploads\/sites\/4\/2014\/05\/IMG_20190220_155544_HDR-150x150.jpg\" alt=\"\" width=\"150\" height=\"150\" \/><\/a>\u00a0 \u00a0\u00a0<a href=\"http:\/\/hofi-enge.cz\/en\/wp-content\/uploads\/sites\/4\/2014\/05\/IMG_20181108_152404.jpg\"><img loading=\"lazy\" decoding=\"async\" class=\"alignnone wp-image-1798 size-thumbnail\" title=\"Mobile shelving rack with perforated tinny cover\" src=\"http:\/\/hofi-enge.cz\/en\/wp-content\/uploads\/sites\/4\/2014\/05\/IMG_20181108_152404-150x150.jpg\" alt=\"\" width=\"150\" height=\"150\" \/><\/a>\u00a0 \u00a0\u00a0<a href=\"http:\/\/hofi-enge.cz\/en\/wp-content\/uploads\/sites\/4\/2014\/05\/IMG_20190216_163017.jpg\"><img loading=\"lazy\" decoding=\"async\" class=\"alignnone wp-image-1794 size-thumbnail\" title=\"Mobile shelving rack with dividing rods\" src=\"http:\/\/hofi-enge.cz\/en\/wp-content\/uploads\/sites\/4\/2014\/05\/IMG_20190216_163017-150x150.jpg\" alt=\"\" width=\"150\" height=\"150\" \/><\/a><\/p>\n<p><a href=\"http:\/\/hofi-enge.cz\/en\/wp-content\/uploads\/sites\/4\/2014\/05\/IMG_20190116_152033_1.jpg\"><img loading=\"lazy\" decoding=\"async\" class=\"alignnone wp-image-1784 size-thumbnail\" title=\"Mobile shelving rack fitted with integrated locking elements\" src=\"http:\/\/hofi-enge.cz\/en\/wp-content\/uploads\/sites\/4\/2014\/05\/IMG_20190116_152033_1-150x150.jpg\" alt=\"\" width=\"150\" height=\"150\" \/><\/a>\u00a0 \u00a0\u00a0<a href=\"http:\/\/hofi-enge.cz\/en\/wp-content\/uploads\/sites\/4\/2014\/05\/HOFIPOL-E4.jpg\"><img loading=\"lazy\" decoding=\"async\" class=\"alignnone wp-image-1786 size-thumbnail\" title=\"Mobile shelving rack with electric drive\" src=\"http:\/\/hofi-enge.cz\/en\/wp-content\/uploads\/sites\/4\/2014\/05\/HOFIPOL-E4-150x150.jpg\" alt=\"\" width=\"150\" height=\"150\" \/><\/a>\u00a0 \u00a0\u00a0<a href=\"http:\/\/hofi-enge.cz\/en\/wp-content\/uploads\/sites\/4\/2014\/05\/Nov\u00fd-obr\u00e1zek-2.jpg\"><img loading=\"lazy\" decoding=\"async\" class=\"alignnone wp-image-1789 size-thumbnail\" title=\"Mobile shelving rack with pneumatic drive\" src=\"http:\/\/hofi-enge.cz\/en\/wp-content\/uploads\/sites\/4\/2014\/05\/Nov\u00fd-obr\u00e1zek-2-150x150.jpg\" alt=\"\" width=\"150\" height=\"150\" \/><\/a><\/p>\n<div class=\"WordSection1\">\n<p>&nbsp;<\/p>\n<p align=\"left\"><span style=\"color: #002060\"><span style=\"font-family: Calibri\"><span style=\"font-size: medium\"><b>MOBILE SHELVING RACKS\u00a0<\/b><\/span><\/span><\/span><\/p>\n<ul>\n<li>\n<p align=\"left\"><span style=\"color: #000000\"><span style=\"font-family: Calibri\"><span style=\"font-size: small\"><b>SAVING SPACE<\/b><\/span><\/span><\/span><\/p>\n<\/li>\n<li>\n<p align=\"left\"><span style=\"color: #000000\"><span style=\"font-family: Calibri\"><span style=\"font-size: small\"><b>WE CAN ADAPT THE LOAD CAPACITY OF THE SHELVES AND THE DIMENSIONS OF THE RACKS TO THE STORED MATERIAL<\/b><\/span><\/span><\/span><\/p>\n<\/li>\n<li>\n<p align=\"left\"><span style=\"color: #000000\"><span style=\"font-family: Calibri\"><span style=\"font-size: small\"><b>ADJUSTABLE SHELVES WITH NO NEED OF TOOLS<\/b><\/span><\/span><\/span><\/p>\n<\/li>\n<li>\n<p align=\"left\"><span style=\"color: #000000\"><span style=\"font-family: Calibri\"><span style=\"font-size: small\"><b>DELIVERY INCLUDING COMPREHENSIVE IMPLEMENTATION OF TRACKS<\/b><\/span><\/span><\/span><\/p>\n<\/li>\n<\/ul>\n<p align=\"left\"><span style=\"color: #000000\"><span style=\"font-family: Calibri\"><span style=\"font-size: small\"><u><b>Optional equipment:<\/b><\/u><\/span><\/span><\/span><\/p>\n<ul>\n<li>\n<p align=\"left\"><span style=\"color: #000000\"><span style=\"font-family: Calibri\"><span style=\"font-size: small\"><b>Dust proof<\/b><\/span><\/span><\/span><\/p>\n<\/li>\n<li>\n<p align=\"left\"><span style=\"color: #000000\"><span style=\"font-family: Calibri\"><span style=\"font-size: small\"><b>Sliding doors and locking of the set at the end rack<\/b><\/span><\/span><\/span><\/p>\n<\/li>\n<li>\n<p align=\"left\"><span style=\"color: #000000\"><span style=\"font-family: Calibri\"><span style=\"font-size: small\"><b>Electric or pneumatic drive<\/b><\/span><\/span><\/span><\/p>\n<\/li>\n<li>\n<p align=\"left\"><span style=\"color: #000000\"><span style=\"font-family: Calibri\"><span style=\"font-size: small\"><b>Fireproof design<\/b><\/span><\/span><\/span><\/p>\n<\/li>\n<\/ul>\n<p align=\"left\"><span style=\"color: #000000\"><span style=\"font-family: Calibri\"><span style=\"font-size: small\"><u><b>Use:<\/b><\/u><\/span><\/span><\/span><\/p>\n<ul>\n<li>\n<p align=\"left\"><span style=\"color: #000000\"><span style=\"font-family: Calibri\"><span style=\"font-size: small\"><b>Storage of documentation, piece material, crates etc.<\/b><\/span><\/span><\/span><\/p>\n<\/li>\n<\/ul>\n<\/div>\n<p>&nbsp;<\/p>\n<p><span style=\"font-size: 16px\"><br \/>\n<\/span><\/p>\n","protected":false},"excerpt":{"rendered":"<p>&nbsp; \u00a0 \u00a0\u00a0\u00a0 \u00a0\u00a0 \u00a0 \u00a0\u00a0\u00a0 \u00a0\u00a0 \u00a0 \u00a0\u00a0\u00a0 \u00a0\u00a0 &nbsp; MOBILE SHELVING RACKS\u00a0 SAVING SPACE WE CAN ADAPT THE LOAD CAPACITY OF THE SHELVES AND THE DIMENSIONS OF THE RACKS TO THE STORED MATERIAL ADJUSTABLE SHELVES WITH NO NEED OF TOOLS DELIVERY INCLUDING COMPREHENSIVE IMPLEMENTATION OF TRACKS Optional equipment: Dust proof Sliding doors and [&hellip;]<\/p>\n","protected":false},"author":1,"featured_media":0,"parent":324,"menu_order":3,"comment_status":"closed","ping_status":"closed","template":"products.php","meta":{"_acf_changed":false,"footnotes":""},"class_list":["post-491","page","type-page","status-publish","hentry"],"acf":[],"yoast_head":"<!-- This site is optimized with the Yoast SEO plugin v25.4 - https:\/\/yoast.com\/wordpress\/plugins\/seo\/ -->\n<title>Mobile shelving racks - Hofi Enge ENG<\/title>\n<meta name=\"robots\" content=\"index, follow, max-snippet:-1, max-image-preview:large, max-video-preview:-1\" \/>\n<link rel=\"canonical\" href=\"https:\/\/hofi-enge.cz\/en\/produkty\/vybaveni-skladu\/mobilni-regaly\/\" \/>\n<meta property=\"og:locale\" content=\"cs_CZ\" \/>\n<meta property=\"og:type\" content=\"article\" \/>\n<meta property=\"og:title\" content=\"Mobile shelving racks - Hofi Enge ENG\" \/>\n<meta property=\"og:description\" content=\"&nbsp; \u00a0 \u00a0\u00a0\u00a0 \u00a0\u00a0 \u00a0 \u00a0\u00a0\u00a0 \u00a0\u00a0 \u00a0 \u00a0\u00a0\u00a0 \u00a0\u00a0 &nbsp; MOBILE SHELVING RACKS\u00a0 SAVING SPACE WE CAN ADAPT THE LOAD CAPACITY OF THE SHELVES AND THE DIMENSIONS OF THE RACKS TO THE STORED MATERIAL ADJUSTABLE SHELVES WITH NO NEED OF TOOLS DELIVERY INCLUDING COMPREHENSIVE IMPLEMENTATION OF TRACKS Optional equipment: Dust proof Sliding doors and [&hellip;]\" \/>\n<meta property=\"og:url\" content=\"https:\/\/hofi-enge.cz\/en\/produkty\/vybaveni-skladu\/mobilni-regaly\/\" \/>\n<meta property=\"og:site_name\" content=\"Hofi Enge ENG\" \/>\n<meta property=\"article:modified_time\" content=\"2019-03-06T10:45:42+00:00\" \/>\n<meta property=\"og:image\" content=\"http:\/\/hofi-enge.cz\/en\/wp-content\/uploads\/sites\/4\/2014\/05\/IMG_20190220_155544_HDR-150x150.jpg\" \/>\n<meta name=\"twitter:card\" content=\"summary_large_image\" \/>\n<script type=\"application\/ld+json\" class=\"yoast-schema-graph\">{\"@context\":\"https:\/\/schema.org\",\"@graph\":[{\"@type\":\"WebPage\",\"@id\":\"https:\/\/hofi-enge.cz\/en\/produkty\/vybaveni-skladu\/mobilni-regaly\/\",\"url\":\"https:\/\/hofi-enge.cz\/en\/produkty\/vybaveni-skladu\/mobilni-regaly\/\",\"name\":\"Mobile shelving racks - Hofi Enge ENG\",\"isPartOf\":{\"@id\":\"https:\/\/hofi-enge.cz\/en\/#website\"},\"primaryImageOfPage\":{\"@id\":\"https:\/\/hofi-enge.cz\/en\/produkty\/vybaveni-skladu\/mobilni-regaly\/#primaryimage\"},\"image\":{\"@id\":\"https:\/\/hofi-enge.cz\/en\/produkty\/vybaveni-skladu\/mobilni-regaly\/#primaryimage\"},\"thumbnailUrl\":\"http:\/\/hofi-enge.cz\/en\/wp-content\/uploads\/sites\/4\/2014\/05\/IMG_20190220_155544_HDR-150x150.jpg\",\"datePublished\":\"2014-05-15T18:45:16+00:00\",\"dateModified\":\"2019-03-06T10:45:42+00:00\",\"breadcrumb\":{\"@id\":\"https:\/\/hofi-enge.cz\/en\/produkty\/vybaveni-skladu\/mobilni-regaly\/#breadcrumb\"},\"inLanguage\":\"cs\",\"potentialAction\":[{\"@type\":\"ReadAction\",\"target\":[\"https:\/\/hofi-enge.cz\/en\/produkty\/vybaveni-skladu\/mobilni-regaly\/\"]}]},{\"@type\":\"ImageObject\",\"inLanguage\":\"cs\",\"@id\":\"https:\/\/hofi-enge.cz\/en\/produkty\/vybaveni-skladu\/mobilni-regaly\/#primaryimage\",\"url\":\"http:\/\/hofi-enge.cz\/en\/wp-content\/uploads\/sites\/4\/2014\/05\/IMG_20190220_155544_HDR-150x150.jpg\",\"contentUrl\":\"http:\/\/hofi-enge.cz\/en\/wp-content\/uploads\/sites\/4\/2014\/05\/IMG_20190220_155544_HDR-150x150.jpg\"},{\"@type\":\"BreadcrumbList\",\"@id\":\"https:\/\/hofi-enge.cz\/en\/produkty\/vybaveni-skladu\/mobilni-regaly\/#breadcrumb\",\"itemListElement\":[{\"@type\":\"ListItem\",\"position\":1,\"name\":\"Dom\u016f\",\"item\":\"https:\/\/hofi-enge.cz\/en\/\"},{\"@type\":\"ListItem\",\"position\":2,\"name\":\"Products\",\"item\":\"https:\/\/hofi-enge.cz\/en\/produkty\/\"},{\"@type\":\"ListItem\",\"position\":3,\"name\":\"Equipment for warehouses\",\"item\":\"https:\/\/hofi-enge.cz\/en\/produkty\/vybaveni-skladu\/\"},{\"@type\":\"ListItem\",\"position\":4,\"name\":\"Mobile shelving racks\"}]},{\"@type\":\"WebSite\",\"@id\":\"https:\/\/hofi-enge.cz\/en\/#website\",\"url\":\"https:\/\/hofi-enge.cz\/en\/\",\"name\":\"Hofi Enge ENG\",\"description\":\"PROPRIETARY DEVELOPMENT, DESIGN, PRODUCTION AND ASSEMBLY!\",\"potentialAction\":[{\"@type\":\"SearchAction\",\"target\":{\"@type\":\"EntryPoint\",\"urlTemplate\":\"https:\/\/hofi-enge.cz\/en\/?s={search_term_string}\"},\"query-input\":{\"@type\":\"PropertyValueSpecification\",\"valueRequired\":true,\"valueName\":\"search_term_string\"}}],\"inLanguage\":\"cs\"}]}<\/script>\n<!-- \/ Yoast SEO plugin. -->","yoast_head_json":{"title":"Mobile shelving racks - Hofi Enge ENG","robots":{"index":"index","follow":"follow","max-snippet":"max-snippet:-1","max-image-preview":"max-image-preview:large","max-video-preview":"max-video-preview:-1"},"canonical":"https:\/\/hofi-enge.cz\/en\/produkty\/vybaveni-skladu\/mobilni-regaly\/","og_locale":"cs_CZ","og_type":"article","og_title":"Mobile shelving racks - Hofi Enge ENG","og_description":"&nbsp; \u00a0 \u00a0\u00a0\u00a0 \u00a0\u00a0 \u00a0 \u00a0\u00a0\u00a0 \u00a0\u00a0 \u00a0 \u00a0\u00a0\u00a0 \u00a0\u00a0 &nbsp; MOBILE SHELVING RACKS\u00a0 SAVING SPACE WE CAN ADAPT THE LOAD CAPACITY OF THE SHELVES AND THE DIMENSIONS OF THE RACKS TO THE STORED MATERIAL ADJUSTABLE SHELVES WITH NO NEED OF TOOLS DELIVERY INCLUDING COMPREHENSIVE IMPLEMENTATION OF TRACKS Optional equipment: Dust proof Sliding doors and [&hellip;]","og_url":"https:\/\/hofi-enge.cz\/en\/produkty\/vybaveni-skladu\/mobilni-regaly\/","og_site_name":"Hofi Enge ENG","article_modified_time":"2019-03-06T10:45:42+00:00","og_image":[{"url":"http:\/\/hofi-enge.cz\/en\/wp-content\/uploads\/sites\/4\/2014\/05\/IMG_20190220_155544_HDR-150x150.jpg","type":"","width":"","height":""}],"twitter_card":"summary_large_image","schema":{"@context":"https:\/\/schema.org","@graph":[{"@type":"WebPage","@id":"https:\/\/hofi-enge.cz\/en\/produkty\/vybaveni-skladu\/mobilni-regaly\/","url":"https:\/\/hofi-enge.cz\/en\/produkty\/vybaveni-skladu\/mobilni-regaly\/","name":"Mobile shelving racks - Hofi Enge ENG","isPartOf":{"@id":"https:\/\/hofi-enge.cz\/en\/#website"},"primaryImageOfPage":{"@id":"https:\/\/hofi-enge.cz\/en\/produkty\/vybaveni-skladu\/mobilni-regaly\/#primaryimage"},"image":{"@id":"https:\/\/hofi-enge.cz\/en\/produkty\/vybaveni-skladu\/mobilni-regaly\/#primaryimage"},"thumbnailUrl":"http:\/\/hofi-enge.cz\/en\/wp-content\/uploads\/sites\/4\/2014\/05\/IMG_20190220_155544_HDR-150x150.jpg","datePublished":"2014-05-15T18:45:16+00:00","dateModified":"2019-03-06T10:45:42+00:00","breadcrumb":{"@id":"https:\/\/hofi-enge.cz\/en\/produkty\/vybaveni-skladu\/mobilni-regaly\/#breadcrumb"},"inLanguage":"cs","potentialAction":[{"@type":"ReadAction","target":["https:\/\/hofi-enge.cz\/en\/produkty\/vybaveni-skladu\/mobilni-regaly\/"]}]},{"@type":"ImageObject","inLanguage":"cs","@id":"https:\/\/hofi-enge.cz\/en\/produkty\/vybaveni-skladu\/mobilni-regaly\/#primaryimage","url":"http:\/\/hofi-enge.cz\/en\/wp-content\/uploads\/sites\/4\/2014\/05\/IMG_20190220_155544_HDR-150x150.jpg","contentUrl":"http:\/\/hofi-enge.cz\/en\/wp-content\/uploads\/sites\/4\/2014\/05\/IMG_20190220_155544_HDR-150x150.jpg"},{"@type":"BreadcrumbList","@id":"https:\/\/hofi-enge.cz\/en\/produkty\/vybaveni-skladu\/mobilni-regaly\/#breadcrumb","itemListElement":[{"@type":"ListItem","position":1,"name":"Dom\u016f","item":"https:\/\/hofi-enge.cz\/en\/"},{"@type":"ListItem","position":2,"name":"Products","item":"https:\/\/hofi-enge.cz\/en\/produkty\/"},{"@type":"ListItem","position":3,"name":"Equipment for warehouses","item":"https:\/\/hofi-enge.cz\/en\/produkty\/vybaveni-skladu\/"},{"@type":"ListItem","position":4,"name":"Mobile shelving racks"}]},{"@type":"WebSite","@id":"https:\/\/hofi-enge.cz\/en\/#website","url":"https:\/\/hofi-enge.cz\/en\/","name":"Hofi Enge ENG","description":"PROPRIETARY DEVELOPMENT, DESIGN, PRODUCTION AND ASSEMBLY!","potentialAction":[{"@type":"SearchAction","target":{"@type":"EntryPoint","urlTemplate":"https:\/\/hofi-enge.cz\/en\/?s={search_term_string}"},"query-input":{"@type":"PropertyValueSpecification","valueRequired":true,"valueName":"search_term_string"}}],"inLanguage":"cs"}]}},"_links":{"self":[{"href":"https:\/\/hofi-enge.cz\/en\/wp-json\/wp\/v2\/pages\/491","targetHints":{"allow":["GET"]}}],"collection":[{"href":"https:\/\/hofi-enge.cz\/en\/wp-json\/wp\/v2\/pages"}],"about":[{"href":"https:\/\/hofi-enge.cz\/en\/wp-json\/wp\/v2\/types\/page"}],"author":[{"embeddable":true,"href":"https:\/\/hofi-enge.cz\/en\/wp-json\/wp\/v2\/users\/1"}],"replies":[{"embeddable":true,"href":"https:\/\/hofi-enge.cz\/en\/wp-json\/wp\/v2\/comments?post=491"}],"version-history":[{"count":18,"href":"https:\/\/hofi-enge.cz\/en\/wp-json\/wp\/v2\/pages\/491\/revisions"}],"predecessor-version":[{"id":1815,"href":"https:\/\/hofi-enge.cz\/en\/wp-json\/wp\/v2\/pages\/491\/revisions\/1815"}],"up":[{"embeddable":true,"href":"https:\/\/hofi-enge.cz\/en\/wp-json\/wp\/v2\/pages\/324"}],"wp:attachment":[{"href":"https:\/\/hofi-enge.cz\/en\/wp-json\/wp\/v2\/media?parent=491"}],"curies":[{"name":"wp","href":"https:\/\/api.w.org\/{rel}","templated":true}]}}