{"id":636,"date":"2014-05-18T21:32:08","date_gmt":"2014-05-18T19:32:08","guid":{"rendered":"http:\/\/hofi-enge.cz\/?page_id=636"},"modified":"2019-03-06T11:44:21","modified_gmt":"2019-03-06T10:44:21","slug":"archivni-skrine","status":"publish","type":"page","link":"https:\/\/hofi-enge.cz\/en\/produkty\/vybaveni-archivu-a-knihoven\/archivni-skrine\/","title":{"rendered":"Archive cabinets"},"content":{"rendered":"<p>&nbsp;<\/p>\n<p><a href=\"http:\/\/hofi-enge.cz\/wp-content\/uploads\/2014\/05\/Nov\u00fd-obr\u00e1zek-2.jpg\"><img loading=\"lazy\" decoding=\"async\" class=\"alignnone wp-image-2965 size-thumbnail\" title=\"Archive cabinets\" src=\"http:\/\/hofi-enge.cz\/wp-content\/uploads\/2014\/05\/Nov\u00fd-obr\u00e1zek-2-150x150.jpg\" alt=\"\" width=\"150\" height=\"150\" \/><\/a>\u00a0<a href=\"http:\/\/hofi-enge.cz\/wp-content\/uploads\/2014\/05\/doplnit-prezentaci.jpg\"><img loading=\"lazy\" decoding=\"async\" class=\"alignnone wp-image-2964 size-thumbnail\" title=\"Archive cabinets\" src=\"http:\/\/hofi-enge.cz\/wp-content\/uploads\/2014\/05\/doplnit-prezentaci-150x150.jpg\" alt=\"\" width=\"150\" height=\"150\" \/><\/a>\u00a0\u00a0\u00a0 \u00a0<a href=\"http:\/\/hofi-enge.cz\/wp-content\/uploads\/2014\/05\/s-k\u0159\u00eddlov\u00fdmi-dve\u0159mi.jpg\"><img loading=\"lazy\" decoding=\"async\" class=\"alignnone wp-image-2963 size-thumbnail\" title=\"Archive cabinets\" src=\"http:\/\/hofi-enge.cz\/wp-content\/uploads\/2014\/05\/s-k\u0159\u00eddlov\u00fdmi-dve\u0159mi-150x150.jpg\" alt=\"\" width=\"150\" height=\"150\" \/><\/a><\/p>\n","protected":false},"excerpt":{"rendered":"<p>&nbsp; \u00a0\u00a0\u00a0\u00a0 \u00a0<\/p>\n","protected":false},"author":2,"featured_media":0,"parent":344,"menu_order":6,"comment_status":"closed","ping_status":"closed","template":"products.php","meta":{"_acf_changed":false,"footnotes":""},"class_list":["post-636","page","type-page","status-publish","hentry"],"acf":[],"yoast_head":"<!-- This site is optimized with the Yoast SEO plugin v25.4 - https:\/\/yoast.com\/wordpress\/plugins\/seo\/ -->\n<title>Archive cabinets - Hofi Enge ENG<\/title>\n<meta name=\"robots\" content=\"index, follow, max-snippet:-1, max-image-preview:large, max-video-preview:-1\" \/>\n<link rel=\"canonical\" href=\"https:\/\/hofi-enge.cz\/en\/produkty\/vybaveni-archivu-a-knihoven\/archivni-skrine\/\" \/>\n<meta property=\"og:locale\" content=\"cs_CZ\" \/>\n<meta property=\"og:type\" content=\"article\" \/>\n<meta property=\"og:title\" content=\"Archive cabinets - Hofi Enge ENG\" \/>\n<meta property=\"og:description\" content=\"&nbsp; \u00a0\u00a0\u00a0\u00a0 \u00a0\" \/>\n<meta property=\"og:url\" content=\"https:\/\/hofi-enge.cz\/en\/produkty\/vybaveni-archivu-a-knihoven\/archivni-skrine\/\" \/>\n<meta property=\"og:site_name\" content=\"Hofi Enge ENG\" \/>\n<meta property=\"article:modified_time\" content=\"2019-03-06T10:44:21+00:00\" \/>\n<meta property=\"og:image\" content=\"http:\/\/hofi-enge.cz\/wp-content\/uploads\/2014\/05\/doplnit-prezentaci-150x150.jpg\" \/>\n<meta name=\"twitter:card\" content=\"summary_large_image\" \/>\n<script type=\"application\/ld+json\" class=\"yoast-schema-graph\">{\"@context\":\"https:\/\/schema.org\",\"@graph\":[{\"@type\":\"WebPage\",\"@id\":\"https:\/\/hofi-enge.cz\/en\/produkty\/vybaveni-archivu-a-knihoven\/archivni-skrine\/\",\"url\":\"https:\/\/hofi-enge.cz\/en\/produkty\/vybaveni-archivu-a-knihoven\/archivni-skrine\/\",\"name\":\"Archive cabinets - Hofi Enge ENG\",\"isPartOf\":{\"@id\":\"https:\/\/hofi-enge.cz\/en\/#website\"},\"primaryImageOfPage\":{\"@id\":\"https:\/\/hofi-enge.cz\/en\/produkty\/vybaveni-archivu-a-knihoven\/archivni-skrine\/#primaryimage\"},\"image\":{\"@id\":\"https:\/\/hofi-enge.cz\/en\/produkty\/vybaveni-archivu-a-knihoven\/archivni-skrine\/#primaryimage\"},\"thumbnailUrl\":\"http:\/\/hofi-enge.cz\/wp-content\/uploads\/2014\/05\/doplnit-prezentaci-150x150.jpg\",\"datePublished\":\"2014-05-18T19:32:08+00:00\",\"dateModified\":\"2019-03-06T10:44:21+00:00\",\"breadcrumb\":{\"@id\":\"https:\/\/hofi-enge.cz\/en\/produkty\/vybaveni-archivu-a-knihoven\/archivni-skrine\/#breadcrumb\"},\"inLanguage\":\"cs\",\"potentialAction\":[{\"@type\":\"ReadAction\",\"target\":[\"https:\/\/hofi-enge.cz\/en\/produkty\/vybaveni-archivu-a-knihoven\/archivni-skrine\/\"]}]},{\"@type\":\"ImageObject\",\"inLanguage\":\"cs\",\"@id\":\"https:\/\/hofi-enge.cz\/en\/produkty\/vybaveni-archivu-a-knihoven\/archivni-skrine\/#primaryimage\",\"url\":\"http:\/\/hofi-enge.cz\/wp-content\/uploads\/2014\/05\/doplnit-prezentaci-150x150.jpg\",\"contentUrl\":\"http:\/\/hofi-enge.cz\/wp-content\/uploads\/2014\/05\/doplnit-prezentaci-150x150.jpg\"},{\"@type\":\"BreadcrumbList\",\"@id\":\"https:\/\/hofi-enge.cz\/en\/produkty\/vybaveni-archivu-a-knihoven\/archivni-skrine\/#breadcrumb\",\"itemListElement\":[{\"@type\":\"ListItem\",\"position\":1,\"name\":\"Dom\u016f\",\"item\":\"https:\/\/hofi-enge.cz\/en\/\"},{\"@type\":\"ListItem\",\"position\":2,\"name\":\"Products\",\"item\":\"https:\/\/hofi-enge.cz\/en\/produkty\/\"},{\"@type\":\"ListItem\",\"position\":3,\"name\":\"Equipment for archives and libraries\",\"item\":\"https:\/\/hofi-enge.cz\/en\/produkty\/vybaveni-archivu-a-knihoven\/\"},{\"@type\":\"ListItem\",\"position\":4,\"name\":\"Archive cabinets\"}]},{\"@type\":\"WebSite\",\"@id\":\"https:\/\/hofi-enge.cz\/en\/#website\",\"url\":\"https:\/\/hofi-enge.cz\/en\/\",\"name\":\"Hofi Enge ENG\",\"description\":\"PROPRIETARY DEVELOPMENT, DESIGN, PRODUCTION AND ASSEMBLY!\",\"potentialAction\":[{\"@type\":\"SearchAction\",\"target\":{\"@type\":\"EntryPoint\",\"urlTemplate\":\"https:\/\/hofi-enge.cz\/en\/?s={search_term_string}\"},\"query-input\":{\"@type\":\"PropertyValueSpecification\",\"valueRequired\":true,\"valueName\":\"search_term_string\"}}],\"inLanguage\":\"cs\"}]}<\/script>\n<!-- \/ Yoast SEO plugin. -->","yoast_head_json":{"title":"Archive cabinets - Hofi Enge ENG","robots":{"index":"index","follow":"follow","max-snippet":"max-snippet:-1","max-image-preview":"max-image-preview:large","max-video-preview":"max-video-preview:-1"},"canonical":"https:\/\/hofi-enge.cz\/en\/produkty\/vybaveni-archivu-a-knihoven\/archivni-skrine\/","og_locale":"cs_CZ","og_type":"article","og_title":"Archive cabinets - Hofi Enge ENG","og_description":"&nbsp; \u00a0\u00a0\u00a0\u00a0 \u00a0","og_url":"https:\/\/hofi-enge.cz\/en\/produkty\/vybaveni-archivu-a-knihoven\/archivni-skrine\/","og_site_name":"Hofi Enge ENG","article_modified_time":"2019-03-06T10:44:21+00:00","og_image":[{"url":"http:\/\/hofi-enge.cz\/wp-content\/uploads\/2014\/05\/doplnit-prezentaci-150x150.jpg","type":"","width":"","height":""}],"twitter_card":"summary_large_image","schema":{"@context":"https:\/\/schema.org","@graph":[{"@type":"WebPage","@id":"https:\/\/hofi-enge.cz\/en\/produkty\/vybaveni-archivu-a-knihoven\/archivni-skrine\/","url":"https:\/\/hofi-enge.cz\/en\/produkty\/vybaveni-archivu-a-knihoven\/archivni-skrine\/","name":"Archive cabinets - Hofi Enge ENG","isPartOf":{"@id":"https:\/\/hofi-enge.cz\/en\/#website"},"primaryImageOfPage":{"@id":"https:\/\/hofi-enge.cz\/en\/produkty\/vybaveni-archivu-a-knihoven\/archivni-skrine\/#primaryimage"},"image":{"@id":"https:\/\/hofi-enge.cz\/en\/produkty\/vybaveni-archivu-a-knihoven\/archivni-skrine\/#primaryimage"},"thumbnailUrl":"http:\/\/hofi-enge.cz\/wp-content\/uploads\/2014\/05\/doplnit-prezentaci-150x150.jpg","datePublished":"2014-05-18T19:32:08+00:00","dateModified":"2019-03-06T10:44:21+00:00","breadcrumb":{"@id":"https:\/\/hofi-enge.cz\/en\/produkty\/vybaveni-archivu-a-knihoven\/archivni-skrine\/#breadcrumb"},"inLanguage":"cs","potentialAction":[{"@type":"ReadAction","target":["https:\/\/hofi-enge.cz\/en\/produkty\/vybaveni-archivu-a-knihoven\/archivni-skrine\/"]}]},{"@type":"ImageObject","inLanguage":"cs","@id":"https:\/\/hofi-enge.cz\/en\/produkty\/vybaveni-archivu-a-knihoven\/archivni-skrine\/#primaryimage","url":"http:\/\/hofi-enge.cz\/wp-content\/uploads\/2014\/05\/doplnit-prezentaci-150x150.jpg","contentUrl":"http:\/\/hofi-enge.cz\/wp-content\/uploads\/2014\/05\/doplnit-prezentaci-150x150.jpg"},{"@type":"BreadcrumbList","@id":"https:\/\/hofi-enge.cz\/en\/produkty\/vybaveni-archivu-a-knihoven\/archivni-skrine\/#breadcrumb","itemListElement":[{"@type":"ListItem","position":1,"name":"Dom\u016f","item":"https:\/\/hofi-enge.cz\/en\/"},{"@type":"ListItem","position":2,"name":"Products","item":"https:\/\/hofi-enge.cz\/en\/produkty\/"},{"@type":"ListItem","position":3,"name":"Equipment for archives and libraries","item":"https:\/\/hofi-enge.cz\/en\/produkty\/vybaveni-archivu-a-knihoven\/"},{"@type":"ListItem","position":4,"name":"Archive cabinets"}]},{"@type":"WebSite","@id":"https:\/\/hofi-enge.cz\/en\/#website","url":"https:\/\/hofi-enge.cz\/en\/","name":"Hofi Enge ENG","description":"PROPRIETARY DEVELOPMENT, DESIGN, PRODUCTION AND ASSEMBLY!","potentialAction":[{"@type":"SearchAction","target":{"@type":"EntryPoint","urlTemplate":"https:\/\/hofi-enge.cz\/en\/?s={search_term_string}"},"query-input":{"@type":"PropertyValueSpecification","valueRequired":true,"valueName":"search_term_string"}}],"inLanguage":"cs"}]}},"_links":{"self":[{"href":"https:\/\/hofi-enge.cz\/en\/wp-json\/wp\/v2\/pages\/636","targetHints":{"allow":["GET"]}}],"collection":[{"href":"https:\/\/hofi-enge.cz\/en\/wp-json\/wp\/v2\/pages"}],"about":[{"href":"https:\/\/hofi-enge.cz\/en\/wp-json\/wp\/v2\/types\/page"}],"author":[{"embeddable":true,"href":"https:\/\/hofi-enge.cz\/en\/wp-json\/wp\/v2\/users\/2"}],"replies":[{"embeddable":true,"href":"https:\/\/hofi-enge.cz\/en\/wp-json\/wp\/v2\/comments?post=636"}],"version-history":[{"count":8,"href":"https:\/\/hofi-enge.cz\/en\/wp-json\/wp\/v2\/pages\/636\/revisions"}],"predecessor-version":[{"id":1813,"href":"https:\/\/hofi-enge.cz\/en\/wp-json\/wp\/v2\/pages\/636\/revisions\/1813"}],"up":[{"embeddable":true,"href":"https:\/\/hofi-enge.cz\/en\/wp-json\/wp\/v2\/pages\/344"}],"wp:attachment":[{"href":"https:\/\/hofi-enge.cz\/en\/wp-json\/wp\/v2\/media?parent=636"}],"curies":[{"name":"wp","href":"https:\/\/api.w.org\/{rel}","templated":true}]}}