{"id":644,"date":"2014-05-18T21:37:08","date_gmt":"2014-05-18T19:37:08","guid":{"rendered":"http:\/\/hofi-enge.cz\/?page_id=644"},"modified":"2019-03-06T11:34:25","modified_gmt":"2019-03-06T10:34:25","slug":"zasuvkove-skrine","status":"publish","type":"page","link":"https:\/\/hofi-enge.cz\/en\/produkty\/vybaveni-archivu-a-knihoven\/zasuvkove-skrine\/","title":{"rendered":"Drawer cabinets"},"content":{"rendered":"<p>&nbsp;<\/p>\n<p><a href=\"http:\/\/hofi-enge.cz\/en\/wp-content\/uploads\/sites\/4\/2014\/05\/IMG_20190118_160748.jpg\"><img loading=\"lazy\" decoding=\"async\" class=\"alignnone wp-image-1805 size-thumbnail\" title=\"Drawer cabinets\" src=\"http:\/\/hofi-enge.cz\/en\/wp-content\/uploads\/sites\/4\/2014\/05\/IMG_20190118_160748-150x150.jpg\" alt=\"\" width=\"150\" height=\"150\" \/><\/a>\u00a0 \u00a0\u00a0<a href=\"http:\/\/hofi-enge.cz\/en\/wp-content\/uploads\/sites\/4\/2014\/05\/IMG_20190118_160732.jpg\"><img loading=\"lazy\" decoding=\"async\" class=\"alignnone wp-image-1804 size-thumbnail\" title=\"Drawer cabinets\" src=\"http:\/\/hofi-enge.cz\/en\/wp-content\/uploads\/sites\/4\/2014\/05\/IMG_20190118_160732-150x150.jpg\" alt=\"\" width=\"150\" height=\"150\" \/><\/a>\u00a0 \u00a0\u00a0<a href=\"http:\/\/hofi-enge.cz\/en\/wp-content\/uploads\/sites\/4\/2014\/05\/IMG_20181218_155110.jpg\"><img loading=\"lazy\" decoding=\"async\" class=\"alignnone wp-image-1807 size-thumbnail\" title=\"Drawer cabinets\" src=\"http:\/\/hofi-enge.cz\/en\/wp-content\/uploads\/sites\/4\/2014\/05\/IMG_20181218_155110-150x150.jpg\" alt=\"\" width=\"150\" height=\"150\" \/><\/a><\/p>\n<p><a href=\"http:\/\/hofi-enge.cz\/en\/wp-content\/uploads\/sites\/4\/2014\/05\/IMG_20181218_155103.jpg\"><img loading=\"lazy\" decoding=\"async\" class=\"alignnone wp-image-1806 size-thumbnail\" title=\"Drawer cabinets\" src=\"http:\/\/hofi-enge.cz\/en\/wp-content\/uploads\/sites\/4\/2014\/05\/IMG_20181218_155103-150x150.jpg\" alt=\"\" width=\"150\" height=\"150\" \/><\/a>\u00a0 \u00a0\u00a0<a href=\"http:\/\/hofi-enge.cz\/en\/wp-content\/uploads\/sites\/4\/2014\/05\/foto24_05_07-059.jpg\"><img loading=\"lazy\" decoding=\"async\" class=\"alignnone wp-image-1808 size-thumbnail\" title=\"Drawer cabinets\" src=\"http:\/\/hofi-enge.cz\/en\/wp-content\/uploads\/sites\/4\/2014\/05\/foto24_05_07-059-150x150.jpg\" alt=\"\" width=\"150\" height=\"150\" \/><\/a>\u00a0 \u00a0\u00a0 <a href=\"http:\/\/hofi-enge.cz\/en\/wp-content\/uploads\/sites\/4\/2014\/05\/Nov\u00fd-obr\u00e1zek.jpg\"><img loading=\"lazy\" decoding=\"async\" class=\"alignnone wp-image-1810 size-thumbnail\" title=\"Drawer cabinets\" src=\"http:\/\/hofi-enge.cz\/en\/wp-content\/uploads\/sites\/4\/2014\/05\/Nov\u00fd-obr\u00e1zek-150x150.jpg\" alt=\"\" width=\"150\" height=\"150\" \/><\/a><\/p>\n<p>&nbsp;<\/p>\n<p>Screwless modular construction consisting of sheathing, drawers and locking system. Cabinet housing is made of steel sheet with a thickness t = 1 mm and the bottom is provided with a plinth made of Jackel profiles. Drawers are equipped with full=length sliders and have a recess at the front to allow grasping the drawer across its breadth when handling. Drawers are lockable with a single lock, and after unlocking only one drawer can be pulled out. This measure prevents loss of stability of the cabinet, if inadvertently several drawers at once have been opened. Surface finish: polyester powder baked paint in shades according to RAL as a standard. Drawer cabinets are always marked with labels indicating load ability.<\/p>\n<p>Above standard facilities: dust protection, separation of drawers with transverse or longitudinal bulkheads<\/p>\n<p><a href=\"http:\/\/hofi-enge.cz\/wp-content\/uploads\/2014\/05\/HOFIS-Z.pdf\">HOFIS &#8211; Z: drawer cabinets PDF<\/a><\/p>\n","protected":false},"excerpt":{"rendered":"<p>&nbsp; \u00a0 \u00a0\u00a0\u00a0 \u00a0\u00a0 \u00a0 \u00a0\u00a0\u00a0 \u00a0\u00a0 &nbsp; Screwless modular construction consisting of sheathing, drawers and locking system. Cabinet housing is made of steel sheet with a thickness t = 1 mm and the bottom is provided with a plinth made of Jackel profiles. Drawers are equipped with full=length sliders and have a recess at [&hellip;]<\/p>\n","protected":false},"author":2,"featured_media":0,"parent":344,"menu_order":1,"comment_status":"closed","ping_status":"closed","template":"products.php","meta":{"_acf_changed":false,"footnotes":""},"class_list":["post-644","page","type-page","status-publish","hentry"],"acf":[],"yoast_head":"<!-- This site is optimized with the Yoast SEO plugin v25.4 - https:\/\/yoast.com\/wordpress\/plugins\/seo\/ -->\n<title>Drawer cabinets - Hofi Enge ENG<\/title>\n<meta name=\"robots\" content=\"index, follow, max-snippet:-1, max-image-preview:large, max-video-preview:-1\" \/>\n<link rel=\"canonical\" href=\"https:\/\/hofi-enge.cz\/en\/produkty\/vybaveni-archivu-a-knihoven\/zasuvkove-skrine\/\" \/>\n<meta property=\"og:locale\" content=\"cs_CZ\" \/>\n<meta property=\"og:type\" content=\"article\" \/>\n<meta property=\"og:title\" content=\"Drawer cabinets - Hofi Enge ENG\" \/>\n<meta property=\"og:description\" content=\"&nbsp; \u00a0 \u00a0\u00a0\u00a0 \u00a0\u00a0 \u00a0 \u00a0\u00a0\u00a0 \u00a0\u00a0 &nbsp; Screwless modular construction consisting of sheathing, drawers and locking system. Cabinet housing is made of steel sheet with a thickness t = 1 mm and the bottom is provided with a plinth made of Jackel profiles. Drawers are equipped with full=length sliders and have a recess at [&hellip;]\" \/>\n<meta property=\"og:url\" content=\"https:\/\/hofi-enge.cz\/en\/produkty\/vybaveni-archivu-a-knihoven\/zasuvkove-skrine\/\" \/>\n<meta property=\"og:site_name\" content=\"Hofi Enge ENG\" \/>\n<meta property=\"article:modified_time\" content=\"2019-03-06T10:34:25+00:00\" \/>\n<meta property=\"og:image\" content=\"http:\/\/hofi-enge.cz\/en\/wp-content\/uploads\/sites\/4\/2014\/05\/IMG_20190118_160748-150x150.jpg\" \/>\n<meta name=\"twitter:card\" content=\"summary_large_image\" \/>\n<meta name=\"twitter:label1\" content=\"Odhadovan\u00e1 doba \u010dten\u00ed\" \/>\n\t<meta name=\"twitter:data1\" content=\"1 minuta\" \/>\n<script type=\"application\/ld+json\" class=\"yoast-schema-graph\">{\"@context\":\"https:\/\/schema.org\",\"@graph\":[{\"@type\":\"WebPage\",\"@id\":\"https:\/\/hofi-enge.cz\/en\/produkty\/vybaveni-archivu-a-knihoven\/zasuvkove-skrine\/\",\"url\":\"https:\/\/hofi-enge.cz\/en\/produkty\/vybaveni-archivu-a-knihoven\/zasuvkove-skrine\/\",\"name\":\"Drawer cabinets - Hofi Enge ENG\",\"isPartOf\":{\"@id\":\"https:\/\/hofi-enge.cz\/en\/#website\"},\"primaryImageOfPage\":{\"@id\":\"https:\/\/hofi-enge.cz\/en\/produkty\/vybaveni-archivu-a-knihoven\/zasuvkove-skrine\/#primaryimage\"},\"image\":{\"@id\":\"https:\/\/hofi-enge.cz\/en\/produkty\/vybaveni-archivu-a-knihoven\/zasuvkove-skrine\/#primaryimage\"},\"thumbnailUrl\":\"http:\/\/hofi-enge.cz\/en\/wp-content\/uploads\/sites\/4\/2014\/05\/IMG_20190118_160748-150x150.jpg\",\"datePublished\":\"2014-05-18T19:37:08+00:00\",\"dateModified\":\"2019-03-06T10:34:25+00:00\",\"breadcrumb\":{\"@id\":\"https:\/\/hofi-enge.cz\/en\/produkty\/vybaveni-archivu-a-knihoven\/zasuvkove-skrine\/#breadcrumb\"},\"inLanguage\":\"cs\",\"potentialAction\":[{\"@type\":\"ReadAction\",\"target\":[\"https:\/\/hofi-enge.cz\/en\/produkty\/vybaveni-archivu-a-knihoven\/zasuvkove-skrine\/\"]}]},{\"@type\":\"ImageObject\",\"inLanguage\":\"cs\",\"@id\":\"https:\/\/hofi-enge.cz\/en\/produkty\/vybaveni-archivu-a-knihoven\/zasuvkove-skrine\/#primaryimage\",\"url\":\"http:\/\/hofi-enge.cz\/en\/wp-content\/uploads\/sites\/4\/2014\/05\/IMG_20190118_160748-150x150.jpg\",\"contentUrl\":\"http:\/\/hofi-enge.cz\/en\/wp-content\/uploads\/sites\/4\/2014\/05\/IMG_20190118_160748-150x150.jpg\"},{\"@type\":\"BreadcrumbList\",\"@id\":\"https:\/\/hofi-enge.cz\/en\/produkty\/vybaveni-archivu-a-knihoven\/zasuvkove-skrine\/#breadcrumb\",\"itemListElement\":[{\"@type\":\"ListItem\",\"position\":1,\"name\":\"Dom\u016f\",\"item\":\"https:\/\/hofi-enge.cz\/en\/\"},{\"@type\":\"ListItem\",\"position\":2,\"name\":\"Products\",\"item\":\"https:\/\/hofi-enge.cz\/en\/produkty\/\"},{\"@type\":\"ListItem\",\"position\":3,\"name\":\"Equipment for archives and libraries\",\"item\":\"https:\/\/hofi-enge.cz\/en\/produkty\/vybaveni-archivu-a-knihoven\/\"},{\"@type\":\"ListItem\",\"position\":4,\"name\":\"Drawer cabinets\"}]},{\"@type\":\"WebSite\",\"@id\":\"https:\/\/hofi-enge.cz\/en\/#website\",\"url\":\"https:\/\/hofi-enge.cz\/en\/\",\"name\":\"Hofi Enge ENG\",\"description\":\"PROPRIETARY DEVELOPMENT, DESIGN, PRODUCTION AND ASSEMBLY!\",\"potentialAction\":[{\"@type\":\"SearchAction\",\"target\":{\"@type\":\"EntryPoint\",\"urlTemplate\":\"https:\/\/hofi-enge.cz\/en\/?s={search_term_string}\"},\"query-input\":{\"@type\":\"PropertyValueSpecification\",\"valueRequired\":true,\"valueName\":\"search_term_string\"}}],\"inLanguage\":\"cs\"}]}<\/script>\n<!-- \/ Yoast SEO plugin. -->","yoast_head_json":{"title":"Drawer cabinets - Hofi Enge ENG","robots":{"index":"index","follow":"follow","max-snippet":"max-snippet:-1","max-image-preview":"max-image-preview:large","max-video-preview":"max-video-preview:-1"},"canonical":"https:\/\/hofi-enge.cz\/en\/produkty\/vybaveni-archivu-a-knihoven\/zasuvkove-skrine\/","og_locale":"cs_CZ","og_type":"article","og_title":"Drawer cabinets - Hofi Enge ENG","og_description":"&nbsp; \u00a0 \u00a0\u00a0\u00a0 \u00a0\u00a0 \u00a0 \u00a0\u00a0\u00a0 \u00a0\u00a0 &nbsp; Screwless modular construction consisting of sheathing, drawers and locking system. Cabinet housing is made of steel sheet with a thickness t = 1 mm and the bottom is provided with a plinth made of Jackel profiles. Drawers are equipped with full=length sliders and have a recess at [&hellip;]","og_url":"https:\/\/hofi-enge.cz\/en\/produkty\/vybaveni-archivu-a-knihoven\/zasuvkove-skrine\/","og_site_name":"Hofi Enge ENG","article_modified_time":"2019-03-06T10:34:25+00:00","og_image":[{"url":"http:\/\/hofi-enge.cz\/en\/wp-content\/uploads\/sites\/4\/2014\/05\/IMG_20190118_160748-150x150.jpg","type":"","width":"","height":""}],"twitter_card":"summary_large_image","twitter_misc":{"Odhadovan\u00e1 doba \u010dten\u00ed":"1 minuta"},"schema":{"@context":"https:\/\/schema.org","@graph":[{"@type":"WebPage","@id":"https:\/\/hofi-enge.cz\/en\/produkty\/vybaveni-archivu-a-knihoven\/zasuvkove-skrine\/","url":"https:\/\/hofi-enge.cz\/en\/produkty\/vybaveni-archivu-a-knihoven\/zasuvkove-skrine\/","name":"Drawer cabinets - Hofi Enge ENG","isPartOf":{"@id":"https:\/\/hofi-enge.cz\/en\/#website"},"primaryImageOfPage":{"@id":"https:\/\/hofi-enge.cz\/en\/produkty\/vybaveni-archivu-a-knihoven\/zasuvkove-skrine\/#primaryimage"},"image":{"@id":"https:\/\/hofi-enge.cz\/en\/produkty\/vybaveni-archivu-a-knihoven\/zasuvkove-skrine\/#primaryimage"},"thumbnailUrl":"http:\/\/hofi-enge.cz\/en\/wp-content\/uploads\/sites\/4\/2014\/05\/IMG_20190118_160748-150x150.jpg","datePublished":"2014-05-18T19:37:08+00:00","dateModified":"2019-03-06T10:34:25+00:00","breadcrumb":{"@id":"https:\/\/hofi-enge.cz\/en\/produkty\/vybaveni-archivu-a-knihoven\/zasuvkove-skrine\/#breadcrumb"},"inLanguage":"cs","potentialAction":[{"@type":"ReadAction","target":["https:\/\/hofi-enge.cz\/en\/produkty\/vybaveni-archivu-a-knihoven\/zasuvkove-skrine\/"]}]},{"@type":"ImageObject","inLanguage":"cs","@id":"https:\/\/hofi-enge.cz\/en\/produkty\/vybaveni-archivu-a-knihoven\/zasuvkove-skrine\/#primaryimage","url":"http:\/\/hofi-enge.cz\/en\/wp-content\/uploads\/sites\/4\/2014\/05\/IMG_20190118_160748-150x150.jpg","contentUrl":"http:\/\/hofi-enge.cz\/en\/wp-content\/uploads\/sites\/4\/2014\/05\/IMG_20190118_160748-150x150.jpg"},{"@type":"BreadcrumbList","@id":"https:\/\/hofi-enge.cz\/en\/produkty\/vybaveni-archivu-a-knihoven\/zasuvkove-skrine\/#breadcrumb","itemListElement":[{"@type":"ListItem","position":1,"name":"Dom\u016f","item":"https:\/\/hofi-enge.cz\/en\/"},{"@type":"ListItem","position":2,"name":"Products","item":"https:\/\/hofi-enge.cz\/en\/produkty\/"},{"@type":"ListItem","position":3,"name":"Equipment for archives and libraries","item":"https:\/\/hofi-enge.cz\/en\/produkty\/vybaveni-archivu-a-knihoven\/"},{"@type":"ListItem","position":4,"name":"Drawer cabinets"}]},{"@type":"WebSite","@id":"https:\/\/hofi-enge.cz\/en\/#website","url":"https:\/\/hofi-enge.cz\/en\/","name":"Hofi Enge ENG","description":"PROPRIETARY DEVELOPMENT, DESIGN, PRODUCTION AND ASSEMBLY!","potentialAction":[{"@type":"SearchAction","target":{"@type":"EntryPoint","urlTemplate":"https:\/\/hofi-enge.cz\/en\/?s={search_term_string}"},"query-input":{"@type":"PropertyValueSpecification","valueRequired":true,"valueName":"search_term_string"}}],"inLanguage":"cs"}]}},"_links":{"self":[{"href":"https:\/\/hofi-enge.cz\/en\/wp-json\/wp\/v2\/pages\/644","targetHints":{"allow":["GET"]}}],"collection":[{"href":"https:\/\/hofi-enge.cz\/en\/wp-json\/wp\/v2\/pages"}],"about":[{"href":"https:\/\/hofi-enge.cz\/en\/wp-json\/wp\/v2\/types\/page"}],"author":[{"embeddable":true,"href":"https:\/\/hofi-enge.cz\/en\/wp-json\/wp\/v2\/users\/2"}],"replies":[{"embeddable":true,"href":"https:\/\/hofi-enge.cz\/en\/wp-json\/wp\/v2\/comments?post=644"}],"version-history":[{"count":9,"href":"https:\/\/hofi-enge.cz\/en\/wp-json\/wp\/v2\/pages\/644\/revisions"}],"predecessor-version":[{"id":1812,"href":"https:\/\/hofi-enge.cz\/en\/wp-json\/wp\/v2\/pages\/644\/revisions\/1812"}],"up":[{"embeddable":true,"href":"https:\/\/hofi-enge.cz\/en\/wp-json\/wp\/v2\/pages\/344"}],"wp:attachment":[{"href":"https:\/\/hofi-enge.cz\/en\/wp-json\/wp\/v2\/media?parent=644"}],"curies":[{"name":"wp","href":"https:\/\/api.w.org\/{rel}","templated":true}]}}