{"id":773,"date":"2014-05-27T18:00:06","date_gmt":"2014-05-27T16:00:06","guid":{"rendered":"http:\/\/hofi-enge.cz\/?page_id=773"},"modified":"2019-03-06T12:24:57","modified_gmt":"2019-03-06T11:24:57","slug":"vystavni-panely","status":"publish","type":"page","link":"https:\/\/hofi-enge.cz\/en\/produkty\/vybaveni-muzei-a-galerii\/vystavni-panely\/","title":{"rendered":"Exhibition panels"},"content":{"rendered":"\n\t\t<style type=\"text\/css\">\n\t\t\t#gallery-1 {\n\t\t\t\tmargin: auto;\n\t\t\t}\n\t\t\t#gallery-1 .gallery-item {\n\t\t\t\tfloat: left;\n\t\t\t\tmargin-top: 10px;\n\t\t\t\ttext-align: center;\n\t\t\t\twidth: 25%;\n\t\t\t}\n\t\t\t#gallery-1 img {\n\t\t\t\tborder: 2px solid #cfcfcf;\n\t\t\t}\n\t\t\t#gallery-1 .gallery-caption {\n\t\t\t\tmargin-left: 0;\n\t\t\t}\n\t\t\t\/* see gallery_shortcode() in wp-includes\/media.php *\/\n\t\t<\/style>\n\t\t<div id='gallery-1' class='gallery galleryid-773 gallery-columns-4 gallery-size-thumbnail'><dl class='gallery-item'>\n\t\t\t<dt class='gallery-icon landscape'>\n\t\t\t\t<a href='https:\/\/hofi-enge.cz\/en\/wp-content\/uploads\/sites\/4\/2014\/05\/126.jpg'><img loading=\"lazy\" decoding=\"async\" width=\"150\" height=\"150\" src=\"https:\/\/hofi-enge.cz\/en\/wp-content\/uploads\/sites\/4\/2014\/05\/126-150x150.jpg\" class=\"attachment-thumbnail size-thumbnail\" alt=\"\" \/><\/a>\n\t\t\t<\/dt><\/dl><dl class='gallery-item'>\n\t\t\t<dt class='gallery-icon landscape'>\n\t\t\t\t<a href='https:\/\/hofi-enge.cz\/en\/wp-content\/uploads\/sites\/4\/2014\/05\/211.jpg'><img loading=\"lazy\" decoding=\"async\" width=\"150\" height=\"150\" src=\"https:\/\/hofi-enge.cz\/en\/wp-content\/uploads\/sites\/4\/2014\/05\/211-150x150.jpg\" class=\"attachment-thumbnail size-thumbnail\" alt=\"\" \/><\/a>\n\t\t\t<\/dt><\/dl><dl class='gallery-item'>\n\t\t\t<dt class='gallery-icon landscape'>\n\t\t\t\t<a href='https:\/\/hofi-enge.cz\/en\/wp-content\/uploads\/sites\/4\/2014\/05\/33.jpg'><img loading=\"lazy\" decoding=\"async\" width=\"150\" height=\"150\" src=\"https:\/\/hofi-enge.cz\/en\/wp-content\/uploads\/sites\/4\/2014\/05\/33-150x150.jpg\" class=\"attachment-thumbnail size-thumbnail\" alt=\"\" \/><\/a>\n\t\t\t<\/dt><\/dl><dl class='gallery-item'>\n\t\t\t<dt class='gallery-icon landscape'>\n\t\t\t\t<a href='https:\/\/hofi-enge.cz\/en\/wp-content\/uploads\/sites\/4\/2014\/05\/41.jpg'><img loading=\"lazy\" decoding=\"async\" width=\"150\" height=\"150\" src=\"https:\/\/hofi-enge.cz\/en\/wp-content\/uploads\/sites\/4\/2014\/05\/41-150x150.jpg\" class=\"attachment-thumbnail size-thumbnail\" alt=\"\" \/><\/a>\n\t\t\t<\/dt><\/dl><br style=\"clear: both\" \/>\n\t\t<\/div>\n\n<p>The modular system enables efficient implementation of promotional structures such as exhibition walls \u2013 flat and spatial, exhibition stands, partition walls etc. Panels with a sandwich structure of paper honeycombs and HDF boards are the basis of the modular system. This solution has a major impact on the very low weight of the panels and also on their necessary strength and rigidity. It is positively influenced by the fact that the panels may have internal central partition, which guarantees the necessary bearing capacity of nails or screws applied for hanging pictures. Joints between the individual panels are designed on the principle of tongue and groove, after the setting of the panel to the projected position and tighten the fixing screws, there is a strong and accurate connection. The connection of panels may be both in straight and in mutually perpendicular directions. The panels are provided with adjustable legs at the bottom and the circumference is equipped with specially shaped aluminium profiles, which prevent damaging the edges during handling. Castors can be fixed to the adjustable legs, enabling moving the panels in a horizontal direction. The surface of panels consists of lacquered HDF board with a smooth surface on which it is possible to attach the final surface (foil, coating). The panels can be further complemented by lighting and hanging system.<\/p>\n<p>&nbsp;<\/p>\n","protected":false},"excerpt":{"rendered":"<p>The modular system enables efficient implementation of promotional structures such as exhibition walls \u2013 flat and spatial, exhibition stands, partition walls etc. Panels with a sandwich structure of paper honeycombs and HDF boards are the basis of the modular system. This solution has a major impact on the very low weight of the panels and [&hellip;]<\/p>\n","protected":false},"author":1,"featured_media":0,"parent":368,"menu_order":1,"comment_status":"closed","ping_status":"closed","template":"products.php","meta":{"_acf_changed":false,"footnotes":""},"class_list":["post-773","page","type-page","status-publish","hentry"],"acf":[],"yoast_head":"<!-- This site is optimized with the Yoast SEO plugin v25.4 - https:\/\/yoast.com\/wordpress\/plugins\/seo\/ -->\n<title>Exhibition panels - Hofi Enge ENG<\/title>\n<meta name=\"robots\" content=\"index, follow, max-snippet:-1, max-image-preview:large, max-video-preview:-1\" \/>\n<link rel=\"canonical\" href=\"https:\/\/hofi-enge.cz\/en\/produkty\/vybaveni-muzei-a-galerii\/vystavni-panely\/\" \/>\n<meta property=\"og:locale\" content=\"cs_CZ\" \/>\n<meta property=\"og:type\" content=\"article\" \/>\n<meta property=\"og:title\" content=\"Exhibition panels - Hofi Enge ENG\" \/>\n<meta property=\"og:description\" content=\"The modular system enables efficient implementation of promotional structures such as exhibition walls \u2013 flat and spatial, exhibition stands, partition walls etc. Panels with a sandwich structure of paper honeycombs and HDF boards are the basis of the modular system. This solution has a major impact on the very low weight of the panels and [&hellip;]\" \/>\n<meta property=\"og:url\" content=\"https:\/\/hofi-enge.cz\/en\/produkty\/vybaveni-muzei-a-galerii\/vystavni-panely\/\" \/>\n<meta property=\"og:site_name\" content=\"Hofi Enge ENG\" \/>\n<meta property=\"article:modified_time\" content=\"2019-03-06T11:24:57+00:00\" \/>\n<meta property=\"og:image\" content=\"https:\/\/hofi-enge.cz\/en\/wp-content\/uploads\/sites\/4\/2014\/05\/126-150x150.jpg\" \/>\n<meta name=\"twitter:card\" content=\"summary_large_image\" \/>\n<meta name=\"twitter:label1\" content=\"Odhadovan\u00e1 doba \u010dten\u00ed\" \/>\n\t<meta name=\"twitter:data1\" content=\"1 minuta\" \/>\n<script type=\"application\/ld+json\" class=\"yoast-schema-graph\">{\"@context\":\"https:\/\/schema.org\",\"@graph\":[{\"@type\":\"WebPage\",\"@id\":\"https:\/\/hofi-enge.cz\/en\/produkty\/vybaveni-muzei-a-galerii\/vystavni-panely\/\",\"url\":\"https:\/\/hofi-enge.cz\/en\/produkty\/vybaveni-muzei-a-galerii\/vystavni-panely\/\",\"name\":\"Exhibition panels - Hofi Enge ENG\",\"isPartOf\":{\"@id\":\"https:\/\/hofi-enge.cz\/en\/#website\"},\"datePublished\":\"2014-05-27T16:00:06+00:00\",\"dateModified\":\"2019-03-06T11:24:57+00:00\",\"breadcrumb\":{\"@id\":\"https:\/\/hofi-enge.cz\/en\/produkty\/vybaveni-muzei-a-galerii\/vystavni-panely\/#breadcrumb\"},\"inLanguage\":\"cs\",\"potentialAction\":[{\"@type\":\"ReadAction\",\"target\":[\"https:\/\/hofi-enge.cz\/en\/produkty\/vybaveni-muzei-a-galerii\/vystavni-panely\/\"]}]},{\"@type\":\"BreadcrumbList\",\"@id\":\"https:\/\/hofi-enge.cz\/en\/produkty\/vybaveni-muzei-a-galerii\/vystavni-panely\/#breadcrumb\",\"itemListElement\":[{\"@type\":\"ListItem\",\"position\":1,\"name\":\"Dom\u016f\",\"item\":\"https:\/\/hofi-enge.cz\/en\/\"},{\"@type\":\"ListItem\",\"position\":2,\"name\":\"Products\",\"item\":\"https:\/\/hofi-enge.cz\/en\/produkty\/\"},{\"@type\":\"ListItem\",\"position\":3,\"name\":\"Equipment for museums and galleries\",\"item\":\"https:\/\/hofi-enge.cz\/en\/produkty\/vybaveni-muzei-a-galerii\/\"},{\"@type\":\"ListItem\",\"position\":4,\"name\":\"Exhibition panels\"}]},{\"@type\":\"WebSite\",\"@id\":\"https:\/\/hofi-enge.cz\/en\/#website\",\"url\":\"https:\/\/hofi-enge.cz\/en\/\",\"name\":\"Hofi Enge ENG\",\"description\":\"PROPRIETARY DEVELOPMENT, DESIGN, PRODUCTION AND ASSEMBLY!\",\"potentialAction\":[{\"@type\":\"SearchAction\",\"target\":{\"@type\":\"EntryPoint\",\"urlTemplate\":\"https:\/\/hofi-enge.cz\/en\/?s={search_term_string}\"},\"query-input\":{\"@type\":\"PropertyValueSpecification\",\"valueRequired\":true,\"valueName\":\"search_term_string\"}}],\"inLanguage\":\"cs\"}]}<\/script>\n<!-- \/ Yoast SEO plugin. -->","yoast_head_json":{"title":"Exhibition panels - Hofi Enge ENG","robots":{"index":"index","follow":"follow","max-snippet":"max-snippet:-1","max-image-preview":"max-image-preview:large","max-video-preview":"max-video-preview:-1"},"canonical":"https:\/\/hofi-enge.cz\/en\/produkty\/vybaveni-muzei-a-galerii\/vystavni-panely\/","og_locale":"cs_CZ","og_type":"article","og_title":"Exhibition panels - Hofi Enge ENG","og_description":"The modular system enables efficient implementation of promotional structures such as exhibition walls \u2013 flat and spatial, exhibition stands, partition walls etc. Panels with a sandwich structure of paper honeycombs and HDF boards are the basis of the modular system. This solution has a major impact on the very low weight of the panels and [&hellip;]","og_url":"https:\/\/hofi-enge.cz\/en\/produkty\/vybaveni-muzei-a-galerii\/vystavni-panely\/","og_site_name":"Hofi Enge ENG","article_modified_time":"2019-03-06T11:24:57+00:00","og_image":[{"url":"https:\/\/hofi-enge.cz\/en\/wp-content\/uploads\/sites\/4\/2014\/05\/126-150x150.jpg","type":"","width":"","height":""}],"twitter_card":"summary_large_image","twitter_misc":{"Odhadovan\u00e1 doba \u010dten\u00ed":"1 minuta"},"schema":{"@context":"https:\/\/schema.org","@graph":[{"@type":"WebPage","@id":"https:\/\/hofi-enge.cz\/en\/produkty\/vybaveni-muzei-a-galerii\/vystavni-panely\/","url":"https:\/\/hofi-enge.cz\/en\/produkty\/vybaveni-muzei-a-galerii\/vystavni-panely\/","name":"Exhibition panels - Hofi Enge ENG","isPartOf":{"@id":"https:\/\/hofi-enge.cz\/en\/#website"},"datePublished":"2014-05-27T16:00:06+00:00","dateModified":"2019-03-06T11:24:57+00:00","breadcrumb":{"@id":"https:\/\/hofi-enge.cz\/en\/produkty\/vybaveni-muzei-a-galerii\/vystavni-panely\/#breadcrumb"},"inLanguage":"cs","potentialAction":[{"@type":"ReadAction","target":["https:\/\/hofi-enge.cz\/en\/produkty\/vybaveni-muzei-a-galerii\/vystavni-panely\/"]}]},{"@type":"BreadcrumbList","@id":"https:\/\/hofi-enge.cz\/en\/produkty\/vybaveni-muzei-a-galerii\/vystavni-panely\/#breadcrumb","itemListElement":[{"@type":"ListItem","position":1,"name":"Dom\u016f","item":"https:\/\/hofi-enge.cz\/en\/"},{"@type":"ListItem","position":2,"name":"Products","item":"https:\/\/hofi-enge.cz\/en\/produkty\/"},{"@type":"ListItem","position":3,"name":"Equipment for museums and galleries","item":"https:\/\/hofi-enge.cz\/en\/produkty\/vybaveni-muzei-a-galerii\/"},{"@type":"ListItem","position":4,"name":"Exhibition panels"}]},{"@type":"WebSite","@id":"https:\/\/hofi-enge.cz\/en\/#website","url":"https:\/\/hofi-enge.cz\/en\/","name":"Hofi Enge ENG","description":"PROPRIETARY DEVELOPMENT, DESIGN, PRODUCTION AND ASSEMBLY!","potentialAction":[{"@type":"SearchAction","target":{"@type":"EntryPoint","urlTemplate":"https:\/\/hofi-enge.cz\/en\/?s={search_term_string}"},"query-input":{"@type":"PropertyValueSpecification","valueRequired":true,"valueName":"search_term_string"}}],"inLanguage":"cs"}]}},"_links":{"self":[{"href":"https:\/\/hofi-enge.cz\/en\/wp-json\/wp\/v2\/pages\/773","targetHints":{"allow":["GET"]}}],"collection":[{"href":"https:\/\/hofi-enge.cz\/en\/wp-json\/wp\/v2\/pages"}],"about":[{"href":"https:\/\/hofi-enge.cz\/en\/wp-json\/wp\/v2\/types\/page"}],"author":[{"embeddable":true,"href":"https:\/\/hofi-enge.cz\/en\/wp-json\/wp\/v2\/users\/1"}],"replies":[{"embeddable":true,"href":"https:\/\/hofi-enge.cz\/en\/wp-json\/wp\/v2\/comments?post=773"}],"version-history":[{"count":7,"href":"https:\/\/hofi-enge.cz\/en\/wp-json\/wp\/v2\/pages\/773\/revisions"}],"predecessor-version":[{"id":1850,"href":"https:\/\/hofi-enge.cz\/en\/wp-json\/wp\/v2\/pages\/773\/revisions\/1850"}],"up":[{"embeddable":true,"href":"https:\/\/hofi-enge.cz\/en\/wp-json\/wp\/v2\/pages\/368"}],"wp:attachment":[{"href":"https:\/\/hofi-enge.cz\/en\/wp-json\/wp\/v2\/media?parent=773"}],"curies":[{"name":"wp","href":"https:\/\/api.w.org\/{rel}","templated":true}]}}