{"id":787,"date":"2014-05-27T18:05:27","date_gmt":"2014-05-27T16:05:27","guid":{"rendered":"http:\/\/hofi-enge.cz\/?page_id=787"},"modified":"2019-03-06T11:51:48","modified_gmt":"2019-03-06T10:51:48","slug":"mobilni-regaly-na-zbrane","status":"publish","type":"page","link":"https:\/\/hofi-enge.cz\/en\/produkty\/vybaveni-muzei-a-galerii\/mobilni-regaly-na-zbrane\/","title":{"rendered":"Mobile racks for weapons"},"content":{"rendered":"<p>&nbsp;<\/p>\n<p><a href=\"http:\/\/hofi-enge.cz\/en\/wp-content\/uploads\/sites\/4\/2014\/05\/poj\u00edzdn\u00e9-reg\u00e1ly-na-chladn\u00e9-zbran\u011b.jpg\"><img loading=\"lazy\" decoding=\"async\" class=\"alignnone wp-image-1819\" title=\"Mobile racks for weapons\" src=\"http:\/\/hofi-enge.cz\/en\/wp-content\/uploads\/sites\/4\/2014\/05\/poj\u00edzdn\u00e9-reg\u00e1ly-na-chladn\u00e9-zbran\u011b-683x1024.jpg\" alt=\"\" width=\"300\" height=\"450\" srcset=\"https:\/\/hofi-enge.cz\/en\/wp-content\/uploads\/sites\/4\/2014\/05\/poj\u00edzdn\u00e9-reg\u00e1ly-na-chladn\u00e9-zbran\u011b-683x1024.jpg 683w, https:\/\/hofi-enge.cz\/en\/wp-content\/uploads\/sites\/4\/2014\/05\/poj\u00edzdn\u00e9-reg\u00e1ly-na-chladn\u00e9-zbran\u011b-200x300.jpg 200w, https:\/\/hofi-enge.cz\/en\/wp-content\/uploads\/sites\/4\/2014\/05\/poj\u00edzdn\u00e9-reg\u00e1ly-na-chladn\u00e9-zbran\u011b-768x1152.jpg 768w, https:\/\/hofi-enge.cz\/en\/wp-content\/uploads\/sites\/4\/2014\/05\/poj\u00edzdn\u00e9-reg\u00e1ly-na-chladn\u00e9-zbran\u011b.jpg 1205w\" sizes=\"auto, (max-width: 300px) 100vw, 300px\" \/><\/a>\u00a0<a href=\"http:\/\/hofi-enge.cz\/en\/wp-content\/uploads\/sites\/4\/2014\/05\/poj\u00edzdn\u00e9-reg\u00e1ly-na-zbran\u011b.jpg\"><img loading=\"lazy\" decoding=\"async\" class=\"alignnone wp-image-1820\" title=\"Mobile racks for weapons\" src=\"http:\/\/hofi-enge.cz\/en\/wp-content\/uploads\/sites\/4\/2014\/05\/poj\u00edzdn\u00e9-reg\u00e1ly-na-zbran\u011b-200x300.jpg\" alt=\"\" width=\"300\" height=\"450\" srcset=\"https:\/\/hofi-enge.cz\/en\/wp-content\/uploads\/sites\/4\/2014\/05\/poj\u00edzdn\u00e9-reg\u00e1ly-na-zbran\u011b-200x300.jpg 200w, https:\/\/hofi-enge.cz\/en\/wp-content\/uploads\/sites\/4\/2014\/05\/poj\u00edzdn\u00e9-reg\u00e1ly-na-zbran\u011b-768x1152.jpg 768w, https:\/\/hofi-enge.cz\/en\/wp-content\/uploads\/sites\/4\/2014\/05\/poj\u00edzdn\u00e9-reg\u00e1ly-na-zbran\u011b-683x1024.jpg 683w, https:\/\/hofi-enge.cz\/en\/wp-content\/uploads\/sites\/4\/2014\/05\/poj\u00edzdn\u00e9-reg\u00e1ly-na-zbran\u011b.jpg 1205w\" sizes=\"auto, (max-width: 300px) 100vw, 300px\" \/><\/a><\/p>\n<p>&nbsp;<\/p>\n","protected":false},"excerpt":{"rendered":"<p>&nbsp; \u00a0 &nbsp;<\/p>\n","protected":false},"author":1,"featured_media":0,"parent":368,"menu_order":3,"comment_status":"closed","ping_status":"closed","template":"products.php","meta":{"_acf_changed":false,"footnotes":""},"class_list":["post-787","page","type-page","status-publish","hentry"],"acf":[],"yoast_head":"<!-- This site is optimized with the Yoast SEO plugin v25.4 - https:\/\/yoast.com\/wordpress\/plugins\/seo\/ -->\n<title>Mobile racks for weapons - Hofi Enge ENG<\/title>\n<meta name=\"robots\" content=\"index, follow, max-snippet:-1, max-image-preview:large, max-video-preview:-1\" \/>\n<link rel=\"canonical\" href=\"https:\/\/hofi-enge.cz\/en\/produkty\/vybaveni-muzei-a-galerii\/mobilni-regaly-na-zbrane\/\" \/>\n<meta property=\"og:locale\" content=\"cs_CZ\" \/>\n<meta property=\"og:type\" content=\"article\" \/>\n<meta property=\"og:title\" content=\"Mobile racks for weapons - Hofi Enge ENG\" \/>\n<meta property=\"og:description\" content=\"&nbsp; \u00a0 &nbsp;\" \/>\n<meta property=\"og:url\" content=\"https:\/\/hofi-enge.cz\/en\/produkty\/vybaveni-muzei-a-galerii\/mobilni-regaly-na-zbrane\/\" \/>\n<meta property=\"og:site_name\" content=\"Hofi Enge ENG\" \/>\n<meta property=\"article:modified_time\" content=\"2019-03-06T10:51:48+00:00\" \/>\n<meta name=\"twitter:card\" content=\"summary_large_image\" \/>\n<script type=\"application\/ld+json\" class=\"yoast-schema-graph\">{\"@context\":\"https:\/\/schema.org\",\"@graph\":[{\"@type\":\"WebPage\",\"@id\":\"https:\/\/hofi-enge.cz\/en\/produkty\/vybaveni-muzei-a-galerii\/mobilni-regaly-na-zbrane\/\",\"url\":\"https:\/\/hofi-enge.cz\/en\/produkty\/vybaveni-muzei-a-galerii\/mobilni-regaly-na-zbrane\/\",\"name\":\"Mobile racks for weapons - Hofi Enge ENG\",\"isPartOf\":{\"@id\":\"https:\/\/hofi-enge.cz\/en\/#website\"},\"datePublished\":\"2014-05-27T16:05:27+00:00\",\"dateModified\":\"2019-03-06T10:51:48+00:00\",\"breadcrumb\":{\"@id\":\"https:\/\/hofi-enge.cz\/en\/produkty\/vybaveni-muzei-a-galerii\/mobilni-regaly-na-zbrane\/#breadcrumb\"},\"inLanguage\":\"cs\",\"potentialAction\":[{\"@type\":\"ReadAction\",\"target\":[\"https:\/\/hofi-enge.cz\/en\/produkty\/vybaveni-muzei-a-galerii\/mobilni-regaly-na-zbrane\/\"]}]},{\"@type\":\"BreadcrumbList\",\"@id\":\"https:\/\/hofi-enge.cz\/en\/produkty\/vybaveni-muzei-a-galerii\/mobilni-regaly-na-zbrane\/#breadcrumb\",\"itemListElement\":[{\"@type\":\"ListItem\",\"position\":1,\"name\":\"Dom\u016f\",\"item\":\"https:\/\/hofi-enge.cz\/en\/\"},{\"@type\":\"ListItem\",\"position\":2,\"name\":\"Products\",\"item\":\"https:\/\/hofi-enge.cz\/en\/produkty\/\"},{\"@type\":\"ListItem\",\"position\":3,\"name\":\"Equipment for museums and galleries\",\"item\":\"https:\/\/hofi-enge.cz\/en\/produkty\/vybaveni-muzei-a-galerii\/\"},{\"@type\":\"ListItem\",\"position\":4,\"name\":\"Mobile racks for weapons\"}]},{\"@type\":\"WebSite\",\"@id\":\"https:\/\/hofi-enge.cz\/en\/#website\",\"url\":\"https:\/\/hofi-enge.cz\/en\/\",\"name\":\"Hofi Enge ENG\",\"description\":\"PROPRIETARY DEVELOPMENT, DESIGN, PRODUCTION AND ASSEMBLY!\",\"potentialAction\":[{\"@type\":\"SearchAction\",\"target\":{\"@type\":\"EntryPoint\",\"urlTemplate\":\"https:\/\/hofi-enge.cz\/en\/?s={search_term_string}\"},\"query-input\":{\"@type\":\"PropertyValueSpecification\",\"valueRequired\":true,\"valueName\":\"search_term_string\"}}],\"inLanguage\":\"cs\"}]}<\/script>\n<!-- \/ Yoast SEO plugin. -->","yoast_head_json":{"title":"Mobile racks for weapons - Hofi Enge ENG","robots":{"index":"index","follow":"follow","max-snippet":"max-snippet:-1","max-image-preview":"max-image-preview:large","max-video-preview":"max-video-preview:-1"},"canonical":"https:\/\/hofi-enge.cz\/en\/produkty\/vybaveni-muzei-a-galerii\/mobilni-regaly-na-zbrane\/","og_locale":"cs_CZ","og_type":"article","og_title":"Mobile racks for weapons - Hofi Enge ENG","og_description":"&nbsp; \u00a0 &nbsp;","og_url":"https:\/\/hofi-enge.cz\/en\/produkty\/vybaveni-muzei-a-galerii\/mobilni-regaly-na-zbrane\/","og_site_name":"Hofi Enge ENG","article_modified_time":"2019-03-06T10:51:48+00:00","twitter_card":"summary_large_image","schema":{"@context":"https:\/\/schema.org","@graph":[{"@type":"WebPage","@id":"https:\/\/hofi-enge.cz\/en\/produkty\/vybaveni-muzei-a-galerii\/mobilni-regaly-na-zbrane\/","url":"https:\/\/hofi-enge.cz\/en\/produkty\/vybaveni-muzei-a-galerii\/mobilni-regaly-na-zbrane\/","name":"Mobile racks for weapons - Hofi Enge ENG","isPartOf":{"@id":"https:\/\/hofi-enge.cz\/en\/#website"},"datePublished":"2014-05-27T16:05:27+00:00","dateModified":"2019-03-06T10:51:48+00:00","breadcrumb":{"@id":"https:\/\/hofi-enge.cz\/en\/produkty\/vybaveni-muzei-a-galerii\/mobilni-regaly-na-zbrane\/#breadcrumb"},"inLanguage":"cs","potentialAction":[{"@type":"ReadAction","target":["https:\/\/hofi-enge.cz\/en\/produkty\/vybaveni-muzei-a-galerii\/mobilni-regaly-na-zbrane\/"]}]},{"@type":"BreadcrumbList","@id":"https:\/\/hofi-enge.cz\/en\/produkty\/vybaveni-muzei-a-galerii\/mobilni-regaly-na-zbrane\/#breadcrumb","itemListElement":[{"@type":"ListItem","position":1,"name":"Dom\u016f","item":"https:\/\/hofi-enge.cz\/en\/"},{"@type":"ListItem","position":2,"name":"Products","item":"https:\/\/hofi-enge.cz\/en\/produkty\/"},{"@type":"ListItem","position":3,"name":"Equipment for museums and galleries","item":"https:\/\/hofi-enge.cz\/en\/produkty\/vybaveni-muzei-a-galerii\/"},{"@type":"ListItem","position":4,"name":"Mobile racks for weapons"}]},{"@type":"WebSite","@id":"https:\/\/hofi-enge.cz\/en\/#website","url":"https:\/\/hofi-enge.cz\/en\/","name":"Hofi Enge ENG","description":"PROPRIETARY DEVELOPMENT, DESIGN, PRODUCTION AND ASSEMBLY!","potentialAction":[{"@type":"SearchAction","target":{"@type":"EntryPoint","urlTemplate":"https:\/\/hofi-enge.cz\/en\/?s={search_term_string}"},"query-input":{"@type":"PropertyValueSpecification","valueRequired":true,"valueName":"search_term_string"}}],"inLanguage":"cs"}]}},"_links":{"self":[{"href":"https:\/\/hofi-enge.cz\/en\/wp-json\/wp\/v2\/pages\/787","targetHints":{"allow":["GET"]}}],"collection":[{"href":"https:\/\/hofi-enge.cz\/en\/wp-json\/wp\/v2\/pages"}],"about":[{"href":"https:\/\/hofi-enge.cz\/en\/wp-json\/wp\/v2\/types\/page"}],"author":[{"embeddable":true,"href":"https:\/\/hofi-enge.cz\/en\/wp-json\/wp\/v2\/users\/1"}],"replies":[{"embeddable":true,"href":"https:\/\/hofi-enge.cz\/en\/wp-json\/wp\/v2\/comments?post=787"}],"version-history":[{"count":10,"href":"https:\/\/hofi-enge.cz\/en\/wp-json\/wp\/v2\/pages\/787\/revisions"}],"predecessor-version":[{"id":1823,"href":"https:\/\/hofi-enge.cz\/en\/wp-json\/wp\/v2\/pages\/787\/revisions\/1823"}],"up":[{"embeddable":true,"href":"https:\/\/hofi-enge.cz\/en\/wp-json\/wp\/v2\/pages\/368"}],"wp:attachment":[{"href":"https:\/\/hofi-enge.cz\/en\/wp-json\/wp\/v2\/media?parent=787"}],"curies":[{"name":"wp","href":"https:\/\/api.w.org\/{rel}","templated":true}]}}