{"id":1304,"date":"2015-12-28T13:50:02","date_gmt":"2015-12-28T12:50:02","guid":{"rendered":"http:\/\/hofi-enge.cz\/?page_id=1304"},"modified":"2015-12-28T14:52:51","modified_gmt":"2015-12-28T13:52:51","slug":"svarec","status":"publish","type":"page","link":"https:\/\/hofi-enge.cz\/ru\/volne-prac-pozice\/svarec\/","title":{"rendered":"Sv\u00e1\u0159e\u010d"},"content":{"rendered":"<p><strong>HLED\u00c1ME<\/strong><\/p>\n<p>uchaze\u010de na pozici.<\/p>\n<p>&nbsp;<\/p>\n<p>Po\u017eadujeme:<\/p>\n<ul>\n<li>Min. v\u00fdu\u010dn\u00ed list<\/li>\n<li>Sv\u00e1\u0159e\u010dsk\u00fd opr\u00e1vn\u011bn\u00ed dle\u00a0135 P BW 1.1 B<\/li>\n<li>Chu\u0165 u\u010dit se nov\u00fdm v\u011bcem<\/li>\n<li>Loajalitu ke spole\u010dnosti<\/li>\n<\/ul>\n<p>&nbsp;<\/p>\n<p>&nbsp;<\/p>\n<p>V\u00fdhodou (ne v\u0161ak podm\u00ednkou):<\/p>\n<ul>\n<li>V\u0161eobecn\u00e1 znalost stroj\u00edrenstv\u00ed<\/li>\n<li>\u0158idi\u010dsk\u00fd pr\u016fkaz skupina B v\u00fdhodou<\/li>\n<\/ul>\n<p><b>\u00a0<\/b><\/p>\n<p>&nbsp;<\/p>\n<p>Nab\u00edz\u00edme:<\/p>\n<ul>\n<li>Pr\u00e1ci na pln\u00fd \u00favazek<\/li>\n<li>Pracovn\u00ed smlouvu na dobu neur\u010ditou<\/li>\n<li>Odm\u011bny dle uskute\u010dn\u011bn\u00fdch zak\u00e1zek<\/li>\n<li>P\u0159\u00edsp\u011bvek na stravov\u00e1n\u00ed<\/li>\n<li>V\u011brnostn\u00ed benefity<\/li>\n<li>Mo\u017enost pracovat pro \u010deskou firmu s\u00a0vlastn\u00edm v\u00fdrobn\u00edm programem<\/li>\n<li>Mo\u017enost dal\u0161\u00edho vzd\u011bl\u00e1v\u00e1n\u00ed<\/li>\n<li>Mo\u017enost postupu<\/li>\n<\/ul>\n<p>&nbsp;<\/p>\n<p>Doklady pro v\u00fdb\u011brov\u00e9 \u0159\u00edzen\u00ed:<\/p>\n<ul>\n<li>Doklad o nejvy\u0161\u0161\u00edm ukon\u010den\u00e9m vzd\u011bl\u00e1n\u00ed<\/li>\n<li>\u017divotopis<\/li>\n<li>Doklady o dal\u0161\u00edm vzd\u011bl\u00e1n\u00ed \u2013 \u0158P, \u0161kolen\u00ed aj.<\/li>\n<\/ul>\n<p>&nbsp;<\/p>\n<p><b>HOFI engineering, s.r.o.<\/b><\/p>\n<p><b>Po\u017e\u00e1rnick\u00e1 140, Klimkovice<\/b><\/p>\n<p><b>I\u010c: 28135377<\/b><\/p>\n<p><a href=\"http:\/\/www.hofi-enge.cz\/\">www.hofi-enge.cz<\/a><\/p>\n<p>kontaktn\u00ed osoba: Ing. Ilona Fialov\u00e1<\/p>\n<p>tel.: 724 245 699, e-mail: fialova@hofi-enge.cz<\/p>\n","protected":false},"excerpt":{"rendered":"<p>HLED\u00c1ME uchaze\u010de na pozici. &nbsp; Po\u017eadujeme: Min. v\u00fdu\u010dn\u00ed list Sv\u00e1\u0159e\u010dsk\u00fd opr\u00e1vn\u011bn\u00ed dle\u00a0135 P BW 1.1 B Chu\u0165 u\u010dit se nov\u00fdm v\u011bcem Loajalitu ke spole\u010dnosti &nbsp; &nbsp; V\u00fdhodou (ne v\u0161ak podm\u00ednkou): V\u0161eobecn\u00e1 znalost stroj\u00edrenstv\u00ed \u0158idi\u010dsk\u00fd pr\u016fkaz skupina B v\u00fdhodou \u00a0 &nbsp; Nab\u00edz\u00edme: Pr\u00e1ci na pln\u00fd \u00favazek Pracovn\u00ed smlouvu na dobu neur\u010ditou Odm\u011bny dle uskute\u010dn\u011bn\u00fdch zak\u00e1zek P\u0159\u00edsp\u011bvek [&hellip;]<\/p>\n","protected":false},"author":2,"featured_media":0,"parent":966,"menu_order":0,"comment_status":"closed","ping_status":"closed","template":"","meta":{"_acf_changed":false,"footnotes":""},"class_list":["post-1304","page","type-page","status-publish","hentry"],"acf":[],"yoast_head":"<!-- This site is optimized with the Yoast SEO plugin v25.4 - https:\/\/yoast.com\/wordpress\/plugins\/seo\/ -->\n<title>Sv\u00e1\u0159e\u010d - Hofi Enge RUS<\/title>\n<meta name=\"robots\" content=\"index, follow, max-snippet:-1, max-image-preview:large, max-video-preview:-1\" \/>\n<link rel=\"canonical\" href=\"https:\/\/hofi-enge.cz\/ru\/volne-prac-pozice\/svarec\/\" \/>\n<meta property=\"og:locale\" content=\"cs_CZ\" \/>\n<meta property=\"og:type\" content=\"article\" \/>\n<meta property=\"og:title\" content=\"Sv\u00e1\u0159e\u010d - Hofi Enge RUS\" \/>\n<meta property=\"og:description\" content=\"HLED\u00c1ME uchaze\u010de na pozici. &nbsp; Po\u017eadujeme: Min. v\u00fdu\u010dn\u00ed list Sv\u00e1\u0159e\u010dsk\u00fd opr\u00e1vn\u011bn\u00ed dle\u00a0135 P BW 1.1 B Chu\u0165 u\u010dit se nov\u00fdm v\u011bcem Loajalitu ke spole\u010dnosti &nbsp; &nbsp; V\u00fdhodou (ne v\u0161ak podm\u00ednkou): V\u0161eobecn\u00e1 znalost stroj\u00edrenstv\u00ed \u0158idi\u010dsk\u00fd pr\u016fkaz skupina B v\u00fdhodou \u00a0 &nbsp; Nab\u00edz\u00edme: Pr\u00e1ci na pln\u00fd \u00favazek Pracovn\u00ed smlouvu na dobu neur\u010ditou Odm\u011bny dle uskute\u010dn\u011bn\u00fdch zak\u00e1zek P\u0159\u00edsp\u011bvek [&hellip;]\" \/>\n<meta property=\"og:url\" content=\"https:\/\/hofi-enge.cz\/ru\/volne-prac-pozice\/svarec\/\" \/>\n<meta property=\"og:site_name\" content=\"Hofi Enge RUS\" \/>\n<meta property=\"article:modified_time\" content=\"2015-12-28T13:52:51+00:00\" \/>\n<meta name=\"twitter:card\" content=\"summary_large_image\" \/>\n<meta name=\"twitter:label1\" content=\"Odhadovan\u00e1 doba \u010dten\u00ed\" \/>\n\t<meta name=\"twitter:data1\" content=\"1 minuta\" \/>\n<script type=\"application\/ld+json\" class=\"yoast-schema-graph\">{\"@context\":\"https:\/\/schema.org\",\"@graph\":[{\"@type\":\"WebPage\",\"@id\":\"https:\/\/hofi-enge.cz\/ru\/volne-prac-pozice\/svarec\/\",\"url\":\"https:\/\/hofi-enge.cz\/ru\/volne-prac-pozice\/svarec\/\",\"name\":\"Sv\u00e1\u0159e\u010d - Hofi Enge RUS\",\"isPartOf\":{\"@id\":\"https:\/\/hofi-enge.cz\/ru\/#website\"},\"datePublished\":\"2015-12-28T12:50:02+00:00\",\"dateModified\":\"2015-12-28T13:52:51+00:00\",\"breadcrumb\":{\"@id\":\"https:\/\/hofi-enge.cz\/ru\/volne-prac-pozice\/svarec\/#breadcrumb\"},\"inLanguage\":\"cs\",\"potentialAction\":[{\"@type\":\"ReadAction\",\"target\":[\"https:\/\/hofi-enge.cz\/ru\/volne-prac-pozice\/svarec\/\"]}]},{\"@type\":\"BreadcrumbList\",\"@id\":\"https:\/\/hofi-enge.cz\/ru\/volne-prac-pozice\/svarec\/#breadcrumb\",\"itemListElement\":[{\"@type\":\"ListItem\",\"position\":1,\"name\":\"Pracovn\u00ed p\u0159\u00edle\u017eitosti\",\"item\":\"https:\/\/hofi-enge.cz\/ru\/volne-prac-pozice\/\"},{\"@type\":\"ListItem\",\"position\":2,\"name\":\"Sv\u00e1\u0159e\u010d\"}]},{\"@type\":\"WebSite\",\"@id\":\"https:\/\/hofi-enge.cz\/ru\/#website\",\"url\":\"https:\/\/hofi-enge.cz\/ru\/\",\"name\":\"Hofi Enge RUS\",\"description\":\"Vlastn\u00ed v\u00fdvoj, projektov\u00e1n\u00ed, v\u00fdroba, i mont\u00e1\u017e!\",\"potentialAction\":[{\"@type\":\"SearchAction\",\"target\":{\"@type\":\"EntryPoint\",\"urlTemplate\":\"https:\/\/hofi-enge.cz\/ru\/?s={search_term_string}\"},\"query-input\":{\"@type\":\"PropertyValueSpecification\",\"valueRequired\":true,\"valueName\":\"search_term_string\"}}],\"inLanguage\":\"cs\"}]}<\/script>\n<!-- \/ Yoast SEO plugin. -->","yoast_head_json":{"title":"Sv\u00e1\u0159e\u010d - Hofi Enge RUS","robots":{"index":"index","follow":"follow","max-snippet":"max-snippet:-1","max-image-preview":"max-image-preview:large","max-video-preview":"max-video-preview:-1"},"canonical":"https:\/\/hofi-enge.cz\/ru\/volne-prac-pozice\/svarec\/","og_locale":"cs_CZ","og_type":"article","og_title":"Sv\u00e1\u0159e\u010d - Hofi Enge RUS","og_description":"HLED\u00c1ME uchaze\u010de na pozici. &nbsp; Po\u017eadujeme: Min. v\u00fdu\u010dn\u00ed list Sv\u00e1\u0159e\u010dsk\u00fd opr\u00e1vn\u011bn\u00ed dle\u00a0135 P BW 1.1 B Chu\u0165 u\u010dit se nov\u00fdm v\u011bcem Loajalitu ke spole\u010dnosti &nbsp; &nbsp; V\u00fdhodou (ne v\u0161ak podm\u00ednkou): V\u0161eobecn\u00e1 znalost stroj\u00edrenstv\u00ed \u0158idi\u010dsk\u00fd pr\u016fkaz skupina B v\u00fdhodou \u00a0 &nbsp; Nab\u00edz\u00edme: Pr\u00e1ci na pln\u00fd \u00favazek Pracovn\u00ed smlouvu na dobu neur\u010ditou Odm\u011bny dle uskute\u010dn\u011bn\u00fdch zak\u00e1zek P\u0159\u00edsp\u011bvek [&hellip;]","og_url":"https:\/\/hofi-enge.cz\/ru\/volne-prac-pozice\/svarec\/","og_site_name":"Hofi Enge RUS","article_modified_time":"2015-12-28T13:52:51+00:00","twitter_card":"summary_large_image","twitter_misc":{"Odhadovan\u00e1 doba \u010dten\u00ed":"1 minuta"},"schema":{"@context":"https:\/\/schema.org","@graph":[{"@type":"WebPage","@id":"https:\/\/hofi-enge.cz\/ru\/volne-prac-pozice\/svarec\/","url":"https:\/\/hofi-enge.cz\/ru\/volne-prac-pozice\/svarec\/","name":"Sv\u00e1\u0159e\u010d - Hofi Enge RUS","isPartOf":{"@id":"https:\/\/hofi-enge.cz\/ru\/#website"},"datePublished":"2015-12-28T12:50:02+00:00","dateModified":"2015-12-28T13:52:51+00:00","breadcrumb":{"@id":"https:\/\/hofi-enge.cz\/ru\/volne-prac-pozice\/svarec\/#breadcrumb"},"inLanguage":"cs","potentialAction":[{"@type":"ReadAction","target":["https:\/\/hofi-enge.cz\/ru\/volne-prac-pozice\/svarec\/"]}]},{"@type":"BreadcrumbList","@id":"https:\/\/hofi-enge.cz\/ru\/volne-prac-pozice\/svarec\/#breadcrumb","itemListElement":[{"@type":"ListItem","position":1,"name":"Pracovn\u00ed p\u0159\u00edle\u017eitosti","item":"https:\/\/hofi-enge.cz\/ru\/volne-prac-pozice\/"},{"@type":"ListItem","position":2,"name":"Sv\u00e1\u0159e\u010d"}]},{"@type":"WebSite","@id":"https:\/\/hofi-enge.cz\/ru\/#website","url":"https:\/\/hofi-enge.cz\/ru\/","name":"Hofi Enge RUS","description":"Vlastn\u00ed v\u00fdvoj, projektov\u00e1n\u00ed, v\u00fdroba, i mont\u00e1\u017e!","potentialAction":[{"@type":"SearchAction","target":{"@type":"EntryPoint","urlTemplate":"https:\/\/hofi-enge.cz\/ru\/?s={search_term_string}"},"query-input":{"@type":"PropertyValueSpecification","valueRequired":true,"valueName":"search_term_string"}}],"inLanguage":"cs"}]}},"_links":{"self":[{"href":"https:\/\/hofi-enge.cz\/ru\/wp-json\/wp\/v2\/pages\/1304","targetHints":{"allow":["GET"]}}],"collection":[{"href":"https:\/\/hofi-enge.cz\/ru\/wp-json\/wp\/v2\/pages"}],"about":[{"href":"https:\/\/hofi-enge.cz\/ru\/wp-json\/wp\/v2\/types\/page"}],"author":[{"embeddable":true,"href":"https:\/\/hofi-enge.cz\/ru\/wp-json\/wp\/v2\/users\/2"}],"replies":[{"embeddable":true,"href":"https:\/\/hofi-enge.cz\/ru\/wp-json\/wp\/v2\/comments?post=1304"}],"version-history":[{"count":7,"href":"https:\/\/hofi-enge.cz\/ru\/wp-json\/wp\/v2\/pages\/1304\/revisions"}],"predecessor-version":[{"id":1306,"href":"https:\/\/hofi-enge.cz\/ru\/wp-json\/wp\/v2\/pages\/1304\/revisions\/1306"}],"up":[{"embeddable":true,"href":"https:\/\/hofi-enge.cz\/ru\/wp-json\/wp\/v2\/pages\/966"}],"wp:attachment":[{"href":"https:\/\/hofi-enge.cz\/ru\/wp-json\/wp\/v2\/media?parent=1304"}],"curies":[{"name":"wp","href":"https:\/\/api.w.org\/{rel}","templated":true}]}}