{"id":40,"date":"2014-04-16T13:15:48","date_gmt":"2014-04-16T11:15:48","guid":{"rendered":"http:\/\/hofi-enge.cz\/?page_id=40"},"modified":"2015-11-23T15:12:12","modified_gmt":"2015-11-23T14:12:12","slug":"kontakty","status":"publish","type":"page","link":"https:\/\/hofi-enge.cz\/ru\/kontakty\/","title":{"rendered":"Kontakty"},"content":{"rendered":"<div style=\"clear:left;\"><\/div>\n<p style=\"text-align: left;\"><strong>S\u00eddlo firmy:<\/strong><\/p>\n<p style=\"text-align: left;\">HOFI engineering, s.r.o.<br \/>\nPo\u017e\u00e1rnick\u00e1 140<br \/>\nKlimkovice 742 83<\/p>\n<p style=\"text-align: left;\">I\u010c: 281 35377\u00a0DI\u010c: CZ28135377<\/p>\n<p style=\"text-align: left;\">zapsan\u00e1 u Krajsk\u00e9ho soudu v Ostrav\u011b, odd. C, vlo\u017eka 5684<\/p>\n<p style=\"text-align: left;\">tel.: +420 724 245 699<br \/>\ne-mail:\u00a0<a href=\"mailto:fialova@hofi-enge.cz\">hofi-enge@hofi-enge.cz<\/a><\/p>\n<p style=\"text-align: left;\"><strong>Ing. Ilona Fialov\u00e1<\/strong><br \/>\njednatelka spole\u010dnosti<br \/>\ntel.: +420 724 245 699<br \/>\ne-mail:\u00a0<a href=\"mailto:fialova@hofi-enge.cz\">fialova@hofi-enge.cz<\/a><\/p>\n<p style=\"text-align: left;\"><strong>Ing. Miroslav Hor\u00e1k<\/strong><br \/>\nprokurista spole\u010dnosti<br \/>\ntel: +420 774 852 051<br \/>\ne-mail:\u00a0<a href=\"mailto:horak@hofi-enge.cz\">horak@hofi-enge.cz<\/a><\/p>\n<p style=\"text-align: left;\"><strong>Konstrukce<\/strong><br \/>\ntel.: +420 774 852 585<br \/>\nkonstrukce1@hofi-enge.cz<\/p>\n<p style=\"text-align: left;\"><strong>V\u00e1clav H\u00e1jek<\/strong><br \/>\nObchodn\u00ed z\u00e1stupce<br \/>\ntel.: +420 774 852 533<br \/>\ne-mail: obchod1@hofi-enge.cz<\/p>\n<p style=\"text-align: left;\"><strong>Provozovna Mankovice:<\/strong><br \/>\nMankovice 30, PS\u010c: 742 35 (sjezd z D1 na Odry)<\/p>\n<p style=\"text-align: left;\"><strong>Jaroslav Chud\u00edk <\/strong>vedouc\u00ed\u00a0v\u00fdroby<\/p>\n<p style=\"text-align: left;\">tel.: +420 774 852 532 \u00a0 \u00a0 \u00a0 \u00a0 \u00a0 \u00a0 \u00a0\u00a0 e-mail: \u00a0vyroba@hofi-enge.cz<\/p>\n","protected":false},"excerpt":{"rendered":"<p>S\u00eddlo firmy: HOFI engineering, s.r.o. Po\u017e\u00e1rnick\u00e1 140 Klimkovice 742 83 I\u010c: 281 35377\u00a0DI\u010c: CZ28135377 zapsan\u00e1 u Krajsk\u00e9ho soudu v Ostrav\u011b, odd. C, vlo\u017eka 5684 tel.: +420 724 245 699 e-mail:\u00a0hofi-enge@hofi-enge.cz Ing. Ilona Fialov\u00e1 jednatelka spole\u010dnosti tel.: +420 724 245 699 e-mail:\u00a0fialova@hofi-enge.cz Ing. Miroslav Hor\u00e1k prokurista spole\u010dnosti tel: +420 774 852 051 e-mail:\u00a0horak@hofi-enge.cz Konstrukce tel.: +420 [&hellip;]<\/p>\n","protected":false},"author":1,"featured_media":0,"parent":0,"menu_order":0,"comment_status":"closed","ping_status":"closed","template":"kontakt.php","meta":{"_acf_changed":false,"footnotes":""},"class_list":["post-40","page","type-page","status-publish","hentry"],"acf":[],"yoast_head":"<!-- This site is optimized with the Yoast SEO plugin v25.4 - https:\/\/yoast.com\/wordpress\/plugins\/seo\/ -->\n<title>Kontakty - Hofi Enge RUS<\/title>\n<meta name=\"robots\" content=\"index, follow, max-snippet:-1, max-image-preview:large, max-video-preview:-1\" \/>\n<link rel=\"canonical\" href=\"https:\/\/hofi-enge.cz\/ru\/kontakty\/\" \/>\n<meta property=\"og:locale\" content=\"cs_CZ\" \/>\n<meta property=\"og:type\" content=\"article\" \/>\n<meta property=\"og:title\" content=\"Kontakty - Hofi Enge RUS\" \/>\n<meta property=\"og:description\" content=\"S\u00eddlo firmy: HOFI engineering, s.r.o. Po\u017e\u00e1rnick\u00e1 140 Klimkovice 742 83 I\u010c: 281 35377\u00a0DI\u010c: CZ28135377 zapsan\u00e1 u Krajsk\u00e9ho soudu v Ostrav\u011b, odd. C, vlo\u017eka 5684 tel.: +420 724 245 699 e-mail:\u00a0hofi-enge@hofi-enge.cz Ing. Ilona Fialov\u00e1 jednatelka spole\u010dnosti tel.: +420 724 245 699 e-mail:\u00a0fialova@hofi-enge.cz Ing. Miroslav Hor\u00e1k prokurista spole\u010dnosti tel: +420 774 852 051 e-mail:\u00a0horak@hofi-enge.cz Konstrukce tel.: +420 [&hellip;]\" \/>\n<meta property=\"og:url\" content=\"https:\/\/hofi-enge.cz\/ru\/kontakty\/\" \/>\n<meta property=\"og:site_name\" content=\"Hofi Enge RUS\" \/>\n<meta property=\"article:modified_time\" content=\"2015-11-23T14:12:12+00:00\" \/>\n<meta name=\"twitter:card\" content=\"summary_large_image\" \/>\n<script type=\"application\/ld+json\" class=\"yoast-schema-graph\">{\"@context\":\"https:\/\/schema.org\",\"@graph\":[{\"@type\":\"WebPage\",\"@id\":\"https:\/\/hofi-enge.cz\/ru\/kontakty\/\",\"url\":\"https:\/\/hofi-enge.cz\/ru\/kontakty\/\",\"name\":\"Kontakty - Hofi Enge RUS\",\"isPartOf\":{\"@id\":\"https:\/\/hofi-enge.cz\/ru\/#website\"},\"datePublished\":\"2014-04-16T11:15:48+00:00\",\"dateModified\":\"2015-11-23T14:12:12+00:00\",\"inLanguage\":\"cs\",\"potentialAction\":[{\"@type\":\"ReadAction\",\"target\":[\"https:\/\/hofi-enge.cz\/ru\/kontakty\/\"]}]},{\"@type\":\"WebSite\",\"@id\":\"https:\/\/hofi-enge.cz\/ru\/#website\",\"url\":\"https:\/\/hofi-enge.cz\/ru\/\",\"name\":\"Hofi Enge RUS\",\"description\":\"Vlastn\u00ed v\u00fdvoj, projektov\u00e1n\u00ed, v\u00fdroba, i mont\u00e1\u017e!\",\"potentialAction\":[{\"@type\":\"SearchAction\",\"target\":{\"@type\":\"EntryPoint\",\"urlTemplate\":\"https:\/\/hofi-enge.cz\/ru\/?s={search_term_string}\"},\"query-input\":{\"@type\":\"PropertyValueSpecification\",\"valueRequired\":true,\"valueName\":\"search_term_string\"}}],\"inLanguage\":\"cs\"}]}<\/script>\n<!-- \/ Yoast SEO plugin. -->","yoast_head_json":{"title":"Kontakty - Hofi Enge RUS","robots":{"index":"index","follow":"follow","max-snippet":"max-snippet:-1","max-image-preview":"max-image-preview:large","max-video-preview":"max-video-preview:-1"},"canonical":"https:\/\/hofi-enge.cz\/ru\/kontakty\/","og_locale":"cs_CZ","og_type":"article","og_title":"Kontakty - Hofi Enge RUS","og_description":"S\u00eddlo firmy: HOFI engineering, s.r.o. Po\u017e\u00e1rnick\u00e1 140 Klimkovice 742 83 I\u010c: 281 35377\u00a0DI\u010c: CZ28135377 zapsan\u00e1 u Krajsk\u00e9ho soudu v Ostrav\u011b, odd. C, vlo\u017eka 5684 tel.: +420 724 245 699 e-mail:\u00a0hofi-enge@hofi-enge.cz Ing. Ilona Fialov\u00e1 jednatelka spole\u010dnosti tel.: +420 724 245 699 e-mail:\u00a0fialova@hofi-enge.cz Ing. Miroslav Hor\u00e1k prokurista spole\u010dnosti tel: +420 774 852 051 e-mail:\u00a0horak@hofi-enge.cz Konstrukce tel.: +420 [&hellip;]","og_url":"https:\/\/hofi-enge.cz\/ru\/kontakty\/","og_site_name":"Hofi Enge RUS","article_modified_time":"2015-11-23T14:12:12+00:00","twitter_card":"summary_large_image","schema":{"@context":"https:\/\/schema.org","@graph":[{"@type":"WebPage","@id":"https:\/\/hofi-enge.cz\/ru\/kontakty\/","url":"https:\/\/hofi-enge.cz\/ru\/kontakty\/","name":"Kontakty - Hofi Enge RUS","isPartOf":{"@id":"https:\/\/hofi-enge.cz\/ru\/#website"},"datePublished":"2014-04-16T11:15:48+00:00","dateModified":"2015-11-23T14:12:12+00:00","inLanguage":"cs","potentialAction":[{"@type":"ReadAction","target":["https:\/\/hofi-enge.cz\/ru\/kontakty\/"]}]},{"@type":"WebSite","@id":"https:\/\/hofi-enge.cz\/ru\/#website","url":"https:\/\/hofi-enge.cz\/ru\/","name":"Hofi Enge RUS","description":"Vlastn\u00ed v\u00fdvoj, projektov\u00e1n\u00ed, v\u00fdroba, i mont\u00e1\u017e!","potentialAction":[{"@type":"SearchAction","target":{"@type":"EntryPoint","urlTemplate":"https:\/\/hofi-enge.cz\/ru\/?s={search_term_string}"},"query-input":{"@type":"PropertyValueSpecification","valueRequired":true,"valueName":"search_term_string"}}],"inLanguage":"cs"}]}},"_links":{"self":[{"href":"https:\/\/hofi-enge.cz\/ru\/wp-json\/wp\/v2\/pages\/40","targetHints":{"allow":["GET"]}}],"collection":[{"href":"https:\/\/hofi-enge.cz\/ru\/wp-json\/wp\/v2\/pages"}],"about":[{"href":"https:\/\/hofi-enge.cz\/ru\/wp-json\/wp\/v2\/types\/page"}],"author":[{"embeddable":true,"href":"https:\/\/hofi-enge.cz\/ru\/wp-json\/wp\/v2\/users\/1"}],"replies":[{"embeddable":true,"href":"https:\/\/hofi-enge.cz\/ru\/wp-json\/wp\/v2\/comments?post=40"}],"version-history":[{"count":20,"href":"https:\/\/hofi-enge.cz\/ru\/wp-json\/wp\/v2\/pages\/40\/revisions"}],"predecessor-version":[{"id":58,"href":"https:\/\/hofi-enge.cz\/ru\/wp-json\/wp\/v2\/pages\/40\/revisions\/58"}],"wp:attachment":[{"href":"https:\/\/hofi-enge.cz\/ru\/wp-json\/wp\/v2\/media?parent=40"}],"curies":[{"name":"wp","href":"https:\/\/api.w.org\/{rel}","templated":true}]}}