{"id":717,"date":"2014-05-18T22:42:11","date_gmt":"2014-05-18T20:42:11","guid":{"rendered":"http:\/\/hofi-enge.cz\/?page_id=717"},"modified":"2014-06-05T10:39:42","modified_gmt":"2014-06-05T08:39:42","slug":"automatizovany-zasobnik-palet","status":"publish","type":"page","link":"https:\/\/hofi-enge.cz\/ru\/produkty\/automatizovane-systemy\/automatizovany-zasobnik-palet\/","title":{"rendered":"Automatizovan\u00fd z\u00e1sobn\u00edk palet"},"content":{"rendered":"<div class=\"WordSection1\">\n<p><a href=\"http:\/\/hofi-enge.cz\/wp-content\/uploads\/2014\/05\/121.jpg\"><img loading=\"lazy\" decoding=\"async\" class=\"alignnone size-large wp-image-719\" alt=\"1\" src=\"http:\/\/hofi-enge.cz\/wp-content\/uploads\/2014\/05\/121-1024x833.jpg\" width=\"640\" height=\"520\" srcset=\"https:\/\/hofi-enge.cz\/ru\/wp-content\/uploads\/sites\/5\/2014\/05\/121-1024x833.jpg 1024w, https:\/\/hofi-enge.cz\/ru\/wp-content\/uploads\/sites\/5\/2014\/05\/121-300x244.jpg 300w, https:\/\/hofi-enge.cz\/ru\/wp-content\/uploads\/sites\/5\/2014\/05\/121.jpg 1204w\" sizes=\"auto, (max-width: 640px) 100vw, 640px\" \/><\/a><\/p>\n<p>P\u0159epravn\u00ed syst\u00e9m s automatick\u00fdm \u0159\u00edzen\u00edm pro vychyst\u00e1v\u00e1n\u00ed palet ze skladov\u00fdch pozic k n\u011bkolika odb\u011brn\u00fdm m\u00edst\u016fm. Palety jsou p\u0159epravov\u00e1ny na voz\u00edc\u00edch s lo\u017enou plochou osazenou v\u00e1le\u010dky pro p\u0159esun palet v horizont\u00e1ln\u00edm a svisl\u00e9m sm\u011bru.To usnad\u0148uje ru\u010dn\u00ed odb\u011br materi\u00e1lu obsluhou za\u0159\u00edzen\u00ed p\u0159i mal\u00e9 v\u00fd\u0161ce palety (men\u0161\u00ed ne\u017e 500 mm). Jednotliv\u00e9 skladov\u00e9 pozice jsou tvo\u0159eny v\u00e1le\u010dkov\u00fdmi sekcemi, kter\u00e9 jsou vhodn\u011b rozm\u00edst\u011bny tak, aby byl umo\u017en\u011bn optim\u00e1ln\u00ed pojezd voz\u00edk\u016f, jejich\u017e pohyb je programov\u011b \u0159\u00edzen automatem napojen\u00fdm na nad\u0159azen\u00fd \u0159\u00edd\u00edc\u00ed syst\u00e9m. Sou\u010d\u00e1st\u00ed p\u0159epravn\u00edho syst\u00e9mu je bezpe\u010dnostn\u00ed ohrazen\u00ed s posuvn\u00fdmi dve\u0159mi pro nav\u00e1\u017een\u00ed a odb\u011br materi\u00e1lu a obslu\u017en\u00e1 \u00a0plo\u0161ina, umo\u017e\u0148uj\u00edc\u00ed snadnou a bezpe\u010dnou manipulaci s materi\u00e1lem na odb\u011brn\u00fdch m\u00edstech.<\/p>\n<p><b>Pou\u017eit\u00ed<\/b><b>: <\/b>V\u00fdkonn\u00e1 p\u0159eprava palet v automatick\u00e9m cyklu ze skladov\u00fdch pozic k odb\u011brn\u00fdm m\u00edst\u016fm, umo\u017e\u0148uj\u00edc\u00ed ru\u010dn\u00ed odb\u011br materi\u00e1lu z vychystan\u00e9 \u00a0palety. Mo\u017enost napojen\u00ed na nad\u0159azen\u00fd \u00a0\u0159\u00edd\u00edc\u00ed syst\u00e9m a pr\u016fb\u011b\u017en\u00e9 \u00a0dopl\u0148ov\u00e1n\u00ed palet na jednotliv\u00e9 skladov\u00e9 pozice.<\/p>\n<p><b>Nadstandardn\u00ed vybaven\u00ed<\/b><b>:<\/b>v\u00e1\u017een\u00ed palet, p\u0159ipojen\u00ed k nad\u0159azen\u00e9mu syst\u00e9mu \u0159\u00edzen\u00ed v\u00fdroby.<\/p>\n<\/div>\n<p><a href=\"http:\/\/hofi-enge.cz\/wp-content\/uploads\/2014\/05\/HOFIDO-ZV.pdf\">HOFIDO &#8211; ZV : automatizovan\u00fd z\u00e1sobn\u00edk palet PDF<\/a><\/p>\n","protected":false},"excerpt":{"rendered":"<p>P\u0159epravn\u00ed syst\u00e9m s automatick\u00fdm \u0159\u00edzen\u00edm pro vychyst\u00e1v\u00e1n\u00ed palet ze skladov\u00fdch pozic k n\u011bkolika odb\u011brn\u00fdm m\u00edst\u016fm. Palety jsou p\u0159epravov\u00e1ny na voz\u00edc\u00edch s lo\u017enou plochou osazenou v\u00e1le\u010dky pro p\u0159esun palet v horizont\u00e1ln\u00edm a svisl\u00e9m sm\u011bru.To usnad\u0148uje ru\u010dn\u00ed odb\u011br materi\u00e1lu obsluhou za\u0159\u00edzen\u00ed p\u0159i mal\u00e9 v\u00fd\u0161ce palety (men\u0161\u00ed ne\u017e 500 mm). Jednotliv\u00e9 skladov\u00e9 pozice jsou tvo\u0159eny v\u00e1le\u010dkov\u00fdmi sekcemi, kter\u00e9 [&hellip;]<\/p>\n","protected":false},"author":2,"featured_media":0,"parent":385,"menu_order":0,"comment_status":"closed","ping_status":"closed","template":"products.php","meta":{"_acf_changed":false,"footnotes":""},"class_list":["post-717","page","type-page","status-publish","hentry"],"acf":[],"yoast_head":"<!-- This site is optimized with the Yoast SEO plugin v25.4 - https:\/\/yoast.com\/wordpress\/plugins\/seo\/ -->\n<title>Automatizovan\u00fd z\u00e1sobn\u00edk palet - Hofi Enge RUS<\/title>\n<meta name=\"robots\" content=\"index, follow, max-snippet:-1, max-image-preview:large, max-video-preview:-1\" \/>\n<link rel=\"canonical\" href=\"https:\/\/hofi-enge.cz\/ru\/produkty\/automatizovane-systemy\/automatizovany-zasobnik-palet\/\" \/>\n<meta property=\"og:locale\" content=\"cs_CZ\" \/>\n<meta property=\"og:type\" content=\"article\" \/>\n<meta property=\"og:title\" content=\"Automatizovan\u00fd z\u00e1sobn\u00edk palet - Hofi Enge RUS\" \/>\n<meta property=\"og:description\" content=\"P\u0159epravn\u00ed syst\u00e9m s automatick\u00fdm \u0159\u00edzen\u00edm pro vychyst\u00e1v\u00e1n\u00ed palet ze skladov\u00fdch pozic k n\u011bkolika odb\u011brn\u00fdm m\u00edst\u016fm. Palety jsou p\u0159epravov\u00e1ny na voz\u00edc\u00edch s lo\u017enou plochou osazenou v\u00e1le\u010dky pro p\u0159esun palet v horizont\u00e1ln\u00edm a svisl\u00e9m sm\u011bru.To usnad\u0148uje ru\u010dn\u00ed odb\u011br materi\u00e1lu obsluhou za\u0159\u00edzen\u00ed p\u0159i mal\u00e9 v\u00fd\u0161ce palety (men\u0161\u00ed ne\u017e 500 mm). Jednotliv\u00e9 skladov\u00e9 pozice jsou tvo\u0159eny v\u00e1le\u010dkov\u00fdmi sekcemi, kter\u00e9 [&hellip;]\" \/>\n<meta property=\"og:url\" content=\"https:\/\/hofi-enge.cz\/ru\/produkty\/automatizovane-systemy\/automatizovany-zasobnik-palet\/\" \/>\n<meta property=\"og:site_name\" content=\"Hofi Enge RUS\" \/>\n<meta property=\"article:modified_time\" content=\"2014-06-05T08:39:42+00:00\" \/>\n<meta property=\"og:image\" content=\"http:\/\/hofi-enge.cz\/wp-content\/uploads\/2014\/05\/121-1024x833.jpg\" \/>\n<meta name=\"twitter:card\" content=\"summary_large_image\" \/>\n<meta name=\"twitter:label1\" content=\"Odhadovan\u00e1 doba \u010dten\u00ed\" \/>\n\t<meta name=\"twitter:data1\" content=\"1 minuta\" \/>\n<script type=\"application\/ld+json\" class=\"yoast-schema-graph\">{\"@context\":\"https:\/\/schema.org\",\"@graph\":[{\"@type\":\"WebPage\",\"@id\":\"https:\/\/hofi-enge.cz\/ru\/produkty\/automatizovane-systemy\/automatizovany-zasobnik-palet\/\",\"url\":\"https:\/\/hofi-enge.cz\/ru\/produkty\/automatizovane-systemy\/automatizovany-zasobnik-palet\/\",\"name\":\"Automatizovan\u00fd z\u00e1sobn\u00edk palet - Hofi Enge RUS\",\"isPartOf\":{\"@id\":\"https:\/\/hofi-enge.cz\/ru\/#website\"},\"primaryImageOfPage\":{\"@id\":\"https:\/\/hofi-enge.cz\/ru\/produkty\/automatizovane-systemy\/automatizovany-zasobnik-palet\/#primaryimage\"},\"image\":{\"@id\":\"https:\/\/hofi-enge.cz\/ru\/produkty\/automatizovane-systemy\/automatizovany-zasobnik-palet\/#primaryimage\"},\"thumbnailUrl\":\"http:\/\/hofi-enge.cz\/wp-content\/uploads\/2014\/05\/121-1024x833.jpg\",\"datePublished\":\"2014-05-18T20:42:11+00:00\",\"dateModified\":\"2014-06-05T08:39:42+00:00\",\"breadcrumb\":{\"@id\":\"https:\/\/hofi-enge.cz\/ru\/produkty\/automatizovane-systemy\/automatizovany-zasobnik-palet\/#breadcrumb\"},\"inLanguage\":\"cs\",\"potentialAction\":[{\"@type\":\"ReadAction\",\"target\":[\"https:\/\/hofi-enge.cz\/ru\/produkty\/automatizovane-systemy\/automatizovany-zasobnik-palet\/\"]}]},{\"@type\":\"ImageObject\",\"inLanguage\":\"cs\",\"@id\":\"https:\/\/hofi-enge.cz\/ru\/produkty\/automatizovane-systemy\/automatizovany-zasobnik-palet\/#primaryimage\",\"url\":\"http:\/\/hofi-enge.cz\/wp-content\/uploads\/2014\/05\/121-1024x833.jpg\",\"contentUrl\":\"http:\/\/hofi-enge.cz\/wp-content\/uploads\/2014\/05\/121-1024x833.jpg\"},{\"@type\":\"BreadcrumbList\",\"@id\":\"https:\/\/hofi-enge.cz\/ru\/produkty\/automatizovane-systemy\/automatizovany-zasobnik-palet\/#breadcrumb\",\"itemListElement\":[{\"@type\":\"ListItem\",\"position\":1,\"name\":\"Produkty\",\"item\":\"https:\/\/hofi-enge.cz\/ru\/produkty\/\"},{\"@type\":\"ListItem\",\"position\":2,\"name\":\"Automatizovan\u00e9 syst\u00e9my\",\"item\":\"https:\/\/hofi-enge.cz\/ru\/produkty\/automatizovane-systemy\/\"},{\"@type\":\"ListItem\",\"position\":3,\"name\":\"Automatizovan\u00fd z\u00e1sobn\u00edk palet\"}]},{\"@type\":\"WebSite\",\"@id\":\"https:\/\/hofi-enge.cz\/ru\/#website\",\"url\":\"https:\/\/hofi-enge.cz\/ru\/\",\"name\":\"Hofi Enge RUS\",\"description\":\"Vlastn\u00ed v\u00fdvoj, projektov\u00e1n\u00ed, v\u00fdroba, i mont\u00e1\u017e!\",\"potentialAction\":[{\"@type\":\"SearchAction\",\"target\":{\"@type\":\"EntryPoint\",\"urlTemplate\":\"https:\/\/hofi-enge.cz\/ru\/?s={search_term_string}\"},\"query-input\":{\"@type\":\"PropertyValueSpecification\",\"valueRequired\":true,\"valueName\":\"search_term_string\"}}],\"inLanguage\":\"cs\"}]}<\/script>\n<!-- \/ Yoast SEO plugin. -->","yoast_head_json":{"title":"Automatizovan\u00fd z\u00e1sobn\u00edk palet - Hofi Enge RUS","robots":{"index":"index","follow":"follow","max-snippet":"max-snippet:-1","max-image-preview":"max-image-preview:large","max-video-preview":"max-video-preview:-1"},"canonical":"https:\/\/hofi-enge.cz\/ru\/produkty\/automatizovane-systemy\/automatizovany-zasobnik-palet\/","og_locale":"cs_CZ","og_type":"article","og_title":"Automatizovan\u00fd z\u00e1sobn\u00edk palet - Hofi Enge RUS","og_description":"P\u0159epravn\u00ed syst\u00e9m s automatick\u00fdm \u0159\u00edzen\u00edm pro vychyst\u00e1v\u00e1n\u00ed palet ze skladov\u00fdch pozic k n\u011bkolika odb\u011brn\u00fdm m\u00edst\u016fm. Palety jsou p\u0159epravov\u00e1ny na voz\u00edc\u00edch s lo\u017enou plochou osazenou v\u00e1le\u010dky pro p\u0159esun palet v horizont\u00e1ln\u00edm a svisl\u00e9m sm\u011bru.To usnad\u0148uje ru\u010dn\u00ed odb\u011br materi\u00e1lu obsluhou za\u0159\u00edzen\u00ed p\u0159i mal\u00e9 v\u00fd\u0161ce palety (men\u0161\u00ed ne\u017e 500 mm). Jednotliv\u00e9 skladov\u00e9 pozice jsou tvo\u0159eny v\u00e1le\u010dkov\u00fdmi sekcemi, kter\u00e9 [&hellip;]","og_url":"https:\/\/hofi-enge.cz\/ru\/produkty\/automatizovane-systemy\/automatizovany-zasobnik-palet\/","og_site_name":"Hofi Enge RUS","article_modified_time":"2014-06-05T08:39:42+00:00","og_image":[{"url":"http:\/\/hofi-enge.cz\/wp-content\/uploads\/2014\/05\/121-1024x833.jpg","type":"","width":"","height":""}],"twitter_card":"summary_large_image","twitter_misc":{"Odhadovan\u00e1 doba \u010dten\u00ed":"1 minuta"},"schema":{"@context":"https:\/\/schema.org","@graph":[{"@type":"WebPage","@id":"https:\/\/hofi-enge.cz\/ru\/produkty\/automatizovane-systemy\/automatizovany-zasobnik-palet\/","url":"https:\/\/hofi-enge.cz\/ru\/produkty\/automatizovane-systemy\/automatizovany-zasobnik-palet\/","name":"Automatizovan\u00fd z\u00e1sobn\u00edk palet - Hofi Enge RUS","isPartOf":{"@id":"https:\/\/hofi-enge.cz\/ru\/#website"},"primaryImageOfPage":{"@id":"https:\/\/hofi-enge.cz\/ru\/produkty\/automatizovane-systemy\/automatizovany-zasobnik-palet\/#primaryimage"},"image":{"@id":"https:\/\/hofi-enge.cz\/ru\/produkty\/automatizovane-systemy\/automatizovany-zasobnik-palet\/#primaryimage"},"thumbnailUrl":"http:\/\/hofi-enge.cz\/wp-content\/uploads\/2014\/05\/121-1024x833.jpg","datePublished":"2014-05-18T20:42:11+00:00","dateModified":"2014-06-05T08:39:42+00:00","breadcrumb":{"@id":"https:\/\/hofi-enge.cz\/ru\/produkty\/automatizovane-systemy\/automatizovany-zasobnik-palet\/#breadcrumb"},"inLanguage":"cs","potentialAction":[{"@type":"ReadAction","target":["https:\/\/hofi-enge.cz\/ru\/produkty\/automatizovane-systemy\/automatizovany-zasobnik-palet\/"]}]},{"@type":"ImageObject","inLanguage":"cs","@id":"https:\/\/hofi-enge.cz\/ru\/produkty\/automatizovane-systemy\/automatizovany-zasobnik-palet\/#primaryimage","url":"http:\/\/hofi-enge.cz\/wp-content\/uploads\/2014\/05\/121-1024x833.jpg","contentUrl":"http:\/\/hofi-enge.cz\/wp-content\/uploads\/2014\/05\/121-1024x833.jpg"},{"@type":"BreadcrumbList","@id":"https:\/\/hofi-enge.cz\/ru\/produkty\/automatizovane-systemy\/automatizovany-zasobnik-palet\/#breadcrumb","itemListElement":[{"@type":"ListItem","position":1,"name":"Produkty","item":"https:\/\/hofi-enge.cz\/ru\/produkty\/"},{"@type":"ListItem","position":2,"name":"Automatizovan\u00e9 syst\u00e9my","item":"https:\/\/hofi-enge.cz\/ru\/produkty\/automatizovane-systemy\/"},{"@type":"ListItem","position":3,"name":"Automatizovan\u00fd z\u00e1sobn\u00edk palet"}]},{"@type":"WebSite","@id":"https:\/\/hofi-enge.cz\/ru\/#website","url":"https:\/\/hofi-enge.cz\/ru\/","name":"Hofi Enge RUS","description":"Vlastn\u00ed v\u00fdvoj, projektov\u00e1n\u00ed, v\u00fdroba, i mont\u00e1\u017e!","potentialAction":[{"@type":"SearchAction","target":{"@type":"EntryPoint","urlTemplate":"https:\/\/hofi-enge.cz\/ru\/?s={search_term_string}"},"query-input":{"@type":"PropertyValueSpecification","valueRequired":true,"valueName":"search_term_string"}}],"inLanguage":"cs"}]}},"_links":{"self":[{"href":"https:\/\/hofi-enge.cz\/ru\/wp-json\/wp\/v2\/pages\/717","targetHints":{"allow":["GET"]}}],"collection":[{"href":"https:\/\/hofi-enge.cz\/ru\/wp-json\/wp\/v2\/pages"}],"about":[{"href":"https:\/\/hofi-enge.cz\/ru\/wp-json\/wp\/v2\/types\/page"}],"author":[{"embeddable":true,"href":"https:\/\/hofi-enge.cz\/ru\/wp-json\/wp\/v2\/users\/2"}],"replies":[{"embeddable":true,"href":"https:\/\/hofi-enge.cz\/ru\/wp-json\/wp\/v2\/comments?post=717"}],"version-history":[{"count":3,"href":"https:\/\/hofi-enge.cz\/ru\/wp-json\/wp\/v2\/pages\/717\/revisions"}],"predecessor-version":[{"id":722,"href":"https:\/\/hofi-enge.cz\/ru\/wp-json\/wp\/v2\/pages\/717\/revisions\/722"}],"up":[{"embeddable":true,"href":"https:\/\/hofi-enge.cz\/ru\/wp-json\/wp\/v2\/pages\/385"}],"wp:attachment":[{"href":"https:\/\/hofi-enge.cz\/ru\/wp-json\/wp\/v2\/media?parent=717"}],"curies":[{"name":"wp","href":"https:\/\/api.w.org\/{rel}","templated":true}]}}