{"id":72,"date":"2014-04-16T15:53:11","date_gmt":"2014-04-16T13:53:11","guid":{"rendered":"http:\/\/hofi-enge.cz\/?page_id=72"},"modified":"2014-04-16T16:12:11","modified_gmt":"2014-04-16T14:12:11","slug":"servisni-cinnost","status":"publish","type":"page","link":"https:\/\/hofi-enge.cz\/ru\/dale-nabizime\/servisni-cinnost\/","title":{"rendered":"Servisn\u00ed \u010dinnost"},"content":{"rendered":"<p>Nab\u00edz\u00edme pravideln\u00e9 servisn\u00ed prohl\u00eddky nab\u00edzen\u00fdch za\u0159\u00edzen\u00ed.<\/p>\n<p>Pravideln\u00e9 prohl\u00eddky (minim\u00e1ln\u011b 1 x\u00a0 ro\u010dn\u011b ) jsou garanc\u00ed\u00a0 dlouhodob\u00e9ho a bezpe\u010dn\u00e9ho provozu a zabr\u00e1n\u00ed nadm\u011brn\u00e9mu opot\u0159eben\u00ed, p\u0159\u00edpadn\u011b po\u0161kozen\u00ed provozovan\u00fdch za\u0159\u00edzen\u00ed.<\/p>\n<p>Na z\u00e1klad\u011b zji\u0161t\u011bn\u00ed servisn\u00edch prohl\u00eddek, doporu\u010d\u00edme zp\u016fsob bezpe\u010dn\u00e9ho provozov\u00e1n\u00ed.<\/p>\n<p>Na Va\u0161e p\u0159\u00e1n\u00ed provedeme n\u00e1sledn\u00e9 opravy, p\u0159\u00edpadn\u011b rekonstrukce \u010d\u00e1st\u00ed za\u0159\u00edzen\u00ed.<\/p>\n","protected":false},"excerpt":{"rendered":"<p>Nab\u00edz\u00edme pravideln\u00e9 servisn\u00ed prohl\u00eddky nab\u00edzen\u00fdch za\u0159\u00edzen\u00ed. Pravideln\u00e9 prohl\u00eddky (minim\u00e1ln\u011b 1 x\u00a0 ro\u010dn\u011b ) jsou garanc\u00ed\u00a0 dlouhodob\u00e9ho a bezpe\u010dn\u00e9ho provozu a zabr\u00e1n\u00ed nadm\u011brn\u00e9mu opot\u0159eben\u00ed, p\u0159\u00edpadn\u011b po\u0161kozen\u00ed provozovan\u00fdch za\u0159\u00edzen\u00ed. Na z\u00e1klad\u011b zji\u0161t\u011bn\u00ed servisn\u00edch prohl\u00eddek, doporu\u010d\u00edme zp\u016fsob bezpe\u010dn\u00e9ho provozov\u00e1n\u00ed. Na Va\u0161e p\u0159\u00e1n\u00ed provedeme n\u00e1sledn\u00e9 opravy, p\u0159\u00edpadn\u011b rekonstrukce \u010d\u00e1st\u00ed za\u0159\u00edzen\u00ed.<\/p>\n","protected":false},"author":1,"featured_media":0,"parent":37,"menu_order":0,"comment_status":"closed","ping_status":"closed","template":"","meta":{"_acf_changed":false,"footnotes":""},"class_list":["post-72","page","type-page","status-publish","hentry"],"acf":[],"yoast_head":"<!-- This site is optimized with the Yoast SEO plugin v25.4 - https:\/\/yoast.com\/wordpress\/plugins\/seo\/ -->\n<title>Servisn\u00ed \u010dinnost - Hofi Enge RUS<\/title>\n<meta name=\"robots\" content=\"index, follow, max-snippet:-1, max-image-preview:large, max-video-preview:-1\" \/>\n<link rel=\"canonical\" href=\"https:\/\/hofi-enge.cz\/ru\/dale-nabizime\/servisni-cinnost\/\" \/>\n<meta property=\"og:locale\" content=\"cs_CZ\" \/>\n<meta property=\"og:type\" content=\"article\" \/>\n<meta property=\"og:title\" content=\"Servisn\u00ed \u010dinnost - Hofi Enge RUS\" \/>\n<meta property=\"og:description\" content=\"Nab\u00edz\u00edme pravideln\u00e9 servisn\u00ed prohl\u00eddky nab\u00edzen\u00fdch za\u0159\u00edzen\u00ed. Pravideln\u00e9 prohl\u00eddky (minim\u00e1ln\u011b 1 x\u00a0 ro\u010dn\u011b ) jsou garanc\u00ed\u00a0 dlouhodob\u00e9ho a bezpe\u010dn\u00e9ho provozu a zabr\u00e1n\u00ed nadm\u011brn\u00e9mu opot\u0159eben\u00ed, p\u0159\u00edpadn\u011b po\u0161kozen\u00ed provozovan\u00fdch za\u0159\u00edzen\u00ed. Na z\u00e1klad\u011b zji\u0161t\u011bn\u00ed servisn\u00edch prohl\u00eddek, doporu\u010d\u00edme zp\u016fsob bezpe\u010dn\u00e9ho provozov\u00e1n\u00ed. Na Va\u0161e p\u0159\u00e1n\u00ed provedeme n\u00e1sledn\u00e9 opravy, p\u0159\u00edpadn\u011b rekonstrukce \u010d\u00e1st\u00ed za\u0159\u00edzen\u00ed.\" \/>\n<meta property=\"og:url\" content=\"https:\/\/hofi-enge.cz\/ru\/dale-nabizime\/servisni-cinnost\/\" \/>\n<meta property=\"og:site_name\" content=\"Hofi Enge RUS\" \/>\n<meta property=\"article:modified_time\" content=\"2014-04-16T14:12:11+00:00\" \/>\n<meta name=\"twitter:card\" content=\"summary_large_image\" \/>\n<script type=\"application\/ld+json\" class=\"yoast-schema-graph\">{\"@context\":\"https:\/\/schema.org\",\"@graph\":[{\"@type\":\"WebPage\",\"@id\":\"https:\/\/hofi-enge.cz\/ru\/dale-nabizime\/servisni-cinnost\/\",\"url\":\"https:\/\/hofi-enge.cz\/ru\/dale-nabizime\/servisni-cinnost\/\",\"name\":\"Servisn\u00ed \u010dinnost - Hofi Enge RUS\",\"isPartOf\":{\"@id\":\"https:\/\/hofi-enge.cz\/ru\/#website\"},\"datePublished\":\"2014-04-16T13:53:11+00:00\",\"dateModified\":\"2014-04-16T14:12:11+00:00\",\"breadcrumb\":{\"@id\":\"https:\/\/hofi-enge.cz\/ru\/dale-nabizime\/servisni-cinnost\/#breadcrumb\"},\"inLanguage\":\"cs\",\"potentialAction\":[{\"@type\":\"ReadAction\",\"target\":[\"https:\/\/hofi-enge.cz\/ru\/dale-nabizime\/servisni-cinnost\/\"]}]},{\"@type\":\"BreadcrumbList\",\"@id\":\"https:\/\/hofi-enge.cz\/ru\/dale-nabizime\/servisni-cinnost\/#breadcrumb\",\"itemListElement\":[{\"@type\":\"ListItem\",\"position\":1,\"name\":\"D\u00e1le nab\u00edz\u00edme\",\"item\":\"https:\/\/hofi-enge.cz\/ru\/dale-nabizime\/\"},{\"@type\":\"ListItem\",\"position\":2,\"name\":\"Servisn\u00ed \u010dinnost\"}]},{\"@type\":\"WebSite\",\"@id\":\"https:\/\/hofi-enge.cz\/ru\/#website\",\"url\":\"https:\/\/hofi-enge.cz\/ru\/\",\"name\":\"Hofi Enge RUS\",\"description\":\"Vlastn\u00ed v\u00fdvoj, projektov\u00e1n\u00ed, v\u00fdroba, i mont\u00e1\u017e!\",\"potentialAction\":[{\"@type\":\"SearchAction\",\"target\":{\"@type\":\"EntryPoint\",\"urlTemplate\":\"https:\/\/hofi-enge.cz\/ru\/?s={search_term_string}\"},\"query-input\":{\"@type\":\"PropertyValueSpecification\",\"valueRequired\":true,\"valueName\":\"search_term_string\"}}],\"inLanguage\":\"cs\"}]}<\/script>\n<!-- \/ Yoast SEO plugin. -->","yoast_head_json":{"title":"Servisn\u00ed \u010dinnost - Hofi Enge RUS","robots":{"index":"index","follow":"follow","max-snippet":"max-snippet:-1","max-image-preview":"max-image-preview:large","max-video-preview":"max-video-preview:-1"},"canonical":"https:\/\/hofi-enge.cz\/ru\/dale-nabizime\/servisni-cinnost\/","og_locale":"cs_CZ","og_type":"article","og_title":"Servisn\u00ed \u010dinnost - Hofi Enge RUS","og_description":"Nab\u00edz\u00edme pravideln\u00e9 servisn\u00ed prohl\u00eddky nab\u00edzen\u00fdch za\u0159\u00edzen\u00ed. Pravideln\u00e9 prohl\u00eddky (minim\u00e1ln\u011b 1 x\u00a0 ro\u010dn\u011b ) jsou garanc\u00ed\u00a0 dlouhodob\u00e9ho a bezpe\u010dn\u00e9ho provozu a zabr\u00e1n\u00ed nadm\u011brn\u00e9mu opot\u0159eben\u00ed, p\u0159\u00edpadn\u011b po\u0161kozen\u00ed provozovan\u00fdch za\u0159\u00edzen\u00ed. Na z\u00e1klad\u011b zji\u0161t\u011bn\u00ed servisn\u00edch prohl\u00eddek, doporu\u010d\u00edme zp\u016fsob bezpe\u010dn\u00e9ho provozov\u00e1n\u00ed. Na Va\u0161e p\u0159\u00e1n\u00ed provedeme n\u00e1sledn\u00e9 opravy, p\u0159\u00edpadn\u011b rekonstrukce \u010d\u00e1st\u00ed za\u0159\u00edzen\u00ed.","og_url":"https:\/\/hofi-enge.cz\/ru\/dale-nabizime\/servisni-cinnost\/","og_site_name":"Hofi Enge RUS","article_modified_time":"2014-04-16T14:12:11+00:00","twitter_card":"summary_large_image","schema":{"@context":"https:\/\/schema.org","@graph":[{"@type":"WebPage","@id":"https:\/\/hofi-enge.cz\/ru\/dale-nabizime\/servisni-cinnost\/","url":"https:\/\/hofi-enge.cz\/ru\/dale-nabizime\/servisni-cinnost\/","name":"Servisn\u00ed \u010dinnost - Hofi Enge RUS","isPartOf":{"@id":"https:\/\/hofi-enge.cz\/ru\/#website"},"datePublished":"2014-04-16T13:53:11+00:00","dateModified":"2014-04-16T14:12:11+00:00","breadcrumb":{"@id":"https:\/\/hofi-enge.cz\/ru\/dale-nabizime\/servisni-cinnost\/#breadcrumb"},"inLanguage":"cs","potentialAction":[{"@type":"ReadAction","target":["https:\/\/hofi-enge.cz\/ru\/dale-nabizime\/servisni-cinnost\/"]}]},{"@type":"BreadcrumbList","@id":"https:\/\/hofi-enge.cz\/ru\/dale-nabizime\/servisni-cinnost\/#breadcrumb","itemListElement":[{"@type":"ListItem","position":1,"name":"D\u00e1le nab\u00edz\u00edme","item":"https:\/\/hofi-enge.cz\/ru\/dale-nabizime\/"},{"@type":"ListItem","position":2,"name":"Servisn\u00ed \u010dinnost"}]},{"@type":"WebSite","@id":"https:\/\/hofi-enge.cz\/ru\/#website","url":"https:\/\/hofi-enge.cz\/ru\/","name":"Hofi Enge RUS","description":"Vlastn\u00ed v\u00fdvoj, projektov\u00e1n\u00ed, v\u00fdroba, i mont\u00e1\u017e!","potentialAction":[{"@type":"SearchAction","target":{"@type":"EntryPoint","urlTemplate":"https:\/\/hofi-enge.cz\/ru\/?s={search_term_string}"},"query-input":{"@type":"PropertyValueSpecification","valueRequired":true,"valueName":"search_term_string"}}],"inLanguage":"cs"}]}},"_links":{"self":[{"href":"https:\/\/hofi-enge.cz\/ru\/wp-json\/wp\/v2\/pages\/72","targetHints":{"allow":["GET"]}}],"collection":[{"href":"https:\/\/hofi-enge.cz\/ru\/wp-json\/wp\/v2\/pages"}],"about":[{"href":"https:\/\/hofi-enge.cz\/ru\/wp-json\/wp\/v2\/types\/page"}],"author":[{"embeddable":true,"href":"https:\/\/hofi-enge.cz\/ru\/wp-json\/wp\/v2\/users\/1"}],"replies":[{"embeddable":true,"href":"https:\/\/hofi-enge.cz\/ru\/wp-json\/wp\/v2\/comments?post=72"}],"version-history":[{"count":2,"href":"https:\/\/hofi-enge.cz\/ru\/wp-json\/wp\/v2\/pages\/72\/revisions"}],"predecessor-version":[{"id":135,"href":"https:\/\/hofi-enge.cz\/ru\/wp-json\/wp\/v2\/pages\/72\/revisions\/135"}],"up":[{"embeddable":true,"href":"https:\/\/hofi-enge.cz\/ru\/wp-json\/wp\/v2\/pages\/37"}],"wp:attachment":[{"href":"https:\/\/hofi-enge.cz\/ru\/wp-json\/wp\/v2\/media?parent=72"}],"curies":[{"name":"wp","href":"https:\/\/api.w.org\/{rel}","templated":true}]}}