{"id":74,"date":"2014-04-16T15:53:32","date_gmt":"2014-04-16T13:53:32","guid":{"rendered":"http:\/\/hofi-enge.cz\/?page_id=74"},"modified":"2014-04-16T16:12:32","modified_gmt":"2014-04-16T14:12:32","slug":"odborna-montazni-cinnost","status":"publish","type":"page","link":"https:\/\/hofi-enge.cz\/ru\/dale-nabizime\/odborna-montazni-cinnost\/","title":{"rendered":"Odborn\u00e1 mont\u00e1\u017en\u00ed \u010dinnost"},"content":{"rendered":"<p>N\u00e1mi dodan\u00e9 za\u0159\u00edzen\u00ed V\u00e1m samoz\u0159ejm\u011b dod\u00e1me s\u00a0mont\u00e1\u017e\u00ed, n\u00e1vodem a za\u0161kol\u00edme obsluhu.<\/p>\n<p>Na p\u0159\u00e1n\u00ed V\u00e1m namontujeme i demontujeme rovn\u011b\u017e Va\u0161e skladov\u00e9 za\u0159\u00edzen\u00ed.<\/p>\n","protected":false},"excerpt":{"rendered":"<p>N\u00e1mi dodan\u00e9 za\u0159\u00edzen\u00ed V\u00e1m samoz\u0159ejm\u011b dod\u00e1me s\u00a0mont\u00e1\u017e\u00ed, n\u00e1vodem a za\u0161kol\u00edme obsluhu. Na p\u0159\u00e1n\u00ed V\u00e1m namontujeme i demontujeme rovn\u011b\u017e Va\u0161e skladov\u00e9 za\u0159\u00edzen\u00ed.<\/p>\n","protected":false},"author":1,"featured_media":0,"parent":37,"menu_order":0,"comment_status":"closed","ping_status":"closed","template":"","meta":{"_acf_changed":false,"footnotes":""},"class_list":["post-74","page","type-page","status-publish","hentry"],"acf":[],"yoast_head":"<!-- This site is optimized with the Yoast SEO plugin v25.4 - https:\/\/yoast.com\/wordpress\/plugins\/seo\/ -->\n<title>Odborn\u00e1 mont\u00e1\u017en\u00ed \u010dinnost - Hofi Enge RUS<\/title>\n<meta name=\"robots\" content=\"index, follow, max-snippet:-1, max-image-preview:large, max-video-preview:-1\" \/>\n<link rel=\"canonical\" href=\"https:\/\/hofi-enge.cz\/ru\/dale-nabizime\/odborna-montazni-cinnost\/\" \/>\n<meta property=\"og:locale\" content=\"cs_CZ\" \/>\n<meta property=\"og:type\" content=\"article\" \/>\n<meta property=\"og:title\" content=\"Odborn\u00e1 mont\u00e1\u017en\u00ed \u010dinnost - Hofi Enge RUS\" \/>\n<meta property=\"og:description\" content=\"N\u00e1mi dodan\u00e9 za\u0159\u00edzen\u00ed V\u00e1m samoz\u0159ejm\u011b dod\u00e1me s\u00a0mont\u00e1\u017e\u00ed, n\u00e1vodem a za\u0161kol\u00edme obsluhu. Na p\u0159\u00e1n\u00ed V\u00e1m namontujeme i demontujeme rovn\u011b\u017e Va\u0161e skladov\u00e9 za\u0159\u00edzen\u00ed.\" \/>\n<meta property=\"og:url\" content=\"https:\/\/hofi-enge.cz\/ru\/dale-nabizime\/odborna-montazni-cinnost\/\" \/>\n<meta property=\"og:site_name\" content=\"Hofi Enge RUS\" \/>\n<meta property=\"article:modified_time\" content=\"2014-04-16T14:12:32+00:00\" \/>\n<meta name=\"twitter:card\" content=\"summary_large_image\" \/>\n<script type=\"application\/ld+json\" class=\"yoast-schema-graph\">{\"@context\":\"https:\/\/schema.org\",\"@graph\":[{\"@type\":\"WebPage\",\"@id\":\"https:\/\/hofi-enge.cz\/ru\/dale-nabizime\/odborna-montazni-cinnost\/\",\"url\":\"https:\/\/hofi-enge.cz\/ru\/dale-nabizime\/odborna-montazni-cinnost\/\",\"name\":\"Odborn\u00e1 mont\u00e1\u017en\u00ed \u010dinnost - Hofi Enge RUS\",\"isPartOf\":{\"@id\":\"https:\/\/hofi-enge.cz\/ru\/#website\"},\"datePublished\":\"2014-04-16T13:53:32+00:00\",\"dateModified\":\"2014-04-16T14:12:32+00:00\",\"breadcrumb\":{\"@id\":\"https:\/\/hofi-enge.cz\/ru\/dale-nabizime\/odborna-montazni-cinnost\/#breadcrumb\"},\"inLanguage\":\"cs\",\"potentialAction\":[{\"@type\":\"ReadAction\",\"target\":[\"https:\/\/hofi-enge.cz\/ru\/dale-nabizime\/odborna-montazni-cinnost\/\"]}]},{\"@type\":\"BreadcrumbList\",\"@id\":\"https:\/\/hofi-enge.cz\/ru\/dale-nabizime\/odborna-montazni-cinnost\/#breadcrumb\",\"itemListElement\":[{\"@type\":\"ListItem\",\"position\":1,\"name\":\"D\u00e1le nab\u00edz\u00edme\",\"item\":\"https:\/\/hofi-enge.cz\/ru\/dale-nabizime\/\"},{\"@type\":\"ListItem\",\"position\":2,\"name\":\"Odborn\u00e1 mont\u00e1\u017en\u00ed \u010dinnost\"}]},{\"@type\":\"WebSite\",\"@id\":\"https:\/\/hofi-enge.cz\/ru\/#website\",\"url\":\"https:\/\/hofi-enge.cz\/ru\/\",\"name\":\"Hofi Enge RUS\",\"description\":\"Vlastn\u00ed v\u00fdvoj, projektov\u00e1n\u00ed, v\u00fdroba, i mont\u00e1\u017e!\",\"potentialAction\":[{\"@type\":\"SearchAction\",\"target\":{\"@type\":\"EntryPoint\",\"urlTemplate\":\"https:\/\/hofi-enge.cz\/ru\/?s={search_term_string}\"},\"query-input\":{\"@type\":\"PropertyValueSpecification\",\"valueRequired\":true,\"valueName\":\"search_term_string\"}}],\"inLanguage\":\"cs\"}]}<\/script>\n<!-- \/ Yoast SEO plugin. -->","yoast_head_json":{"title":"Odborn\u00e1 mont\u00e1\u017en\u00ed \u010dinnost - Hofi Enge RUS","robots":{"index":"index","follow":"follow","max-snippet":"max-snippet:-1","max-image-preview":"max-image-preview:large","max-video-preview":"max-video-preview:-1"},"canonical":"https:\/\/hofi-enge.cz\/ru\/dale-nabizime\/odborna-montazni-cinnost\/","og_locale":"cs_CZ","og_type":"article","og_title":"Odborn\u00e1 mont\u00e1\u017en\u00ed \u010dinnost - Hofi Enge RUS","og_description":"N\u00e1mi dodan\u00e9 za\u0159\u00edzen\u00ed V\u00e1m samoz\u0159ejm\u011b dod\u00e1me s\u00a0mont\u00e1\u017e\u00ed, n\u00e1vodem a za\u0161kol\u00edme obsluhu. Na p\u0159\u00e1n\u00ed V\u00e1m namontujeme i demontujeme rovn\u011b\u017e Va\u0161e skladov\u00e9 za\u0159\u00edzen\u00ed.","og_url":"https:\/\/hofi-enge.cz\/ru\/dale-nabizime\/odborna-montazni-cinnost\/","og_site_name":"Hofi Enge RUS","article_modified_time":"2014-04-16T14:12:32+00:00","twitter_card":"summary_large_image","schema":{"@context":"https:\/\/schema.org","@graph":[{"@type":"WebPage","@id":"https:\/\/hofi-enge.cz\/ru\/dale-nabizime\/odborna-montazni-cinnost\/","url":"https:\/\/hofi-enge.cz\/ru\/dale-nabizime\/odborna-montazni-cinnost\/","name":"Odborn\u00e1 mont\u00e1\u017en\u00ed \u010dinnost - Hofi Enge RUS","isPartOf":{"@id":"https:\/\/hofi-enge.cz\/ru\/#website"},"datePublished":"2014-04-16T13:53:32+00:00","dateModified":"2014-04-16T14:12:32+00:00","breadcrumb":{"@id":"https:\/\/hofi-enge.cz\/ru\/dale-nabizime\/odborna-montazni-cinnost\/#breadcrumb"},"inLanguage":"cs","potentialAction":[{"@type":"ReadAction","target":["https:\/\/hofi-enge.cz\/ru\/dale-nabizime\/odborna-montazni-cinnost\/"]}]},{"@type":"BreadcrumbList","@id":"https:\/\/hofi-enge.cz\/ru\/dale-nabizime\/odborna-montazni-cinnost\/#breadcrumb","itemListElement":[{"@type":"ListItem","position":1,"name":"D\u00e1le nab\u00edz\u00edme","item":"https:\/\/hofi-enge.cz\/ru\/dale-nabizime\/"},{"@type":"ListItem","position":2,"name":"Odborn\u00e1 mont\u00e1\u017en\u00ed \u010dinnost"}]},{"@type":"WebSite","@id":"https:\/\/hofi-enge.cz\/ru\/#website","url":"https:\/\/hofi-enge.cz\/ru\/","name":"Hofi Enge RUS","description":"Vlastn\u00ed v\u00fdvoj, projektov\u00e1n\u00ed, v\u00fdroba, i mont\u00e1\u017e!","potentialAction":[{"@type":"SearchAction","target":{"@type":"EntryPoint","urlTemplate":"https:\/\/hofi-enge.cz\/ru\/?s={search_term_string}"},"query-input":{"@type":"PropertyValueSpecification","valueRequired":true,"valueName":"search_term_string"}}],"inLanguage":"cs"}]}},"_links":{"self":[{"href":"https:\/\/hofi-enge.cz\/ru\/wp-json\/wp\/v2\/pages\/74","targetHints":{"allow":["GET"]}}],"collection":[{"href":"https:\/\/hofi-enge.cz\/ru\/wp-json\/wp\/v2\/pages"}],"about":[{"href":"https:\/\/hofi-enge.cz\/ru\/wp-json\/wp\/v2\/types\/page"}],"author":[{"embeddable":true,"href":"https:\/\/hofi-enge.cz\/ru\/wp-json\/wp\/v2\/users\/1"}],"replies":[{"embeddable":true,"href":"https:\/\/hofi-enge.cz\/ru\/wp-json\/wp\/v2\/comments?post=74"}],"version-history":[{"count":3,"href":"https:\/\/hofi-enge.cz\/ru\/wp-json\/wp\/v2\/pages\/74\/revisions"}],"predecessor-version":[{"id":137,"href":"https:\/\/hofi-enge.cz\/ru\/wp-json\/wp\/v2\/pages\/74\/revisions\/137"}],"up":[{"embeddable":true,"href":"https:\/\/hofi-enge.cz\/ru\/wp-json\/wp\/v2\/pages\/37"}],"wp:attachment":[{"href":"https:\/\/hofi-enge.cz\/ru\/wp-json\/wp\/v2\/media?parent=74"}],"curies":[{"name":"wp","href":"https:\/\/api.w.org\/{rel}","templated":true}]}}