{"id":773,"date":"2014-05-27T18:00:06","date_gmt":"2014-05-27T16:00:06","guid":{"rendered":"http:\/\/hofi-enge.cz\/?page_id=773"},"modified":"2014-05-28T18:27:04","modified_gmt":"2014-05-28T16:27:04","slug":"vystavni-panely","status":"publish","type":"page","link":"https:\/\/hofi-enge.cz\/ru\/produkty\/vybaveni-muzei-a-galerii\/vystavni-panely\/","title":{"rendered":"V\u00fdstavn\u00ed panely"},"content":{"rendered":"\n\t\t<style type=\"text\/css\">\n\t\t\t#gallery-1 {\n\t\t\t\tmargin: auto;\n\t\t\t}\n\t\t\t#gallery-1 .gallery-item {\n\t\t\t\tfloat: left;\n\t\t\t\tmargin-top: 10px;\n\t\t\t\ttext-align: center;\n\t\t\t\twidth: 25%;\n\t\t\t}\n\t\t\t#gallery-1 img {\n\t\t\t\tborder: 2px solid #cfcfcf;\n\t\t\t}\n\t\t\t#gallery-1 .gallery-caption {\n\t\t\t\tmargin-left: 0;\n\t\t\t}\n\t\t\t\/* see gallery_shortcode() in wp-includes\/media.php *\/\n\t\t<\/style>\n\t\t<div id='gallery-1' class='gallery galleryid-773 gallery-columns-4 gallery-size-thumbnail'><dl class='gallery-item'>\n\t\t\t<dt class='gallery-icon landscape'>\n\t\t\t\t<a href='https:\/\/hofi-enge.cz\/ru\/wp-content\/uploads\/sites\/5\/2014\/05\/126.jpg'><img loading=\"lazy\" decoding=\"async\" width=\"150\" height=\"150\" src=\"https:\/\/hofi-enge.cz\/ru\/wp-content\/uploads\/sites\/5\/2014\/05\/126-150x150.jpg\" class=\"attachment-thumbnail size-thumbnail\" alt=\"\" \/><\/a>\n\t\t\t<\/dt><\/dl><dl class='gallery-item'>\n\t\t\t<dt class='gallery-icon landscape'>\n\t\t\t\t<a href='https:\/\/hofi-enge.cz\/ru\/wp-content\/uploads\/sites\/5\/2014\/05\/211.jpg'><img loading=\"lazy\" decoding=\"async\" width=\"150\" height=\"150\" src=\"https:\/\/hofi-enge.cz\/ru\/wp-content\/uploads\/sites\/5\/2014\/05\/211-150x150.jpg\" class=\"attachment-thumbnail size-thumbnail\" alt=\"\" \/><\/a>\n\t\t\t<\/dt><\/dl><dl class='gallery-item'>\n\t\t\t<dt class='gallery-icon landscape'>\n\t\t\t\t<a href='https:\/\/hofi-enge.cz\/ru\/wp-content\/uploads\/sites\/5\/2014\/05\/33.jpg'><img loading=\"lazy\" decoding=\"async\" width=\"150\" height=\"150\" src=\"https:\/\/hofi-enge.cz\/ru\/wp-content\/uploads\/sites\/5\/2014\/05\/33-150x150.jpg\" class=\"attachment-thumbnail size-thumbnail\" alt=\"\" \/><\/a>\n\t\t\t<\/dt><\/dl><dl class='gallery-item'>\n\t\t\t<dt class='gallery-icon landscape'>\n\t\t\t\t<a href='https:\/\/hofi-enge.cz\/ru\/wp-content\/uploads\/sites\/5\/2014\/05\/41.jpg'><img loading=\"lazy\" decoding=\"async\" width=\"150\" height=\"150\" src=\"https:\/\/hofi-enge.cz\/ru\/wp-content\/uploads\/sites\/5\/2014\/05\/41-150x150.jpg\" class=\"attachment-thumbnail size-thumbnail\" alt=\"\" \/><\/a>\n\t\t\t<\/dt><\/dl><br style=\"clear: both\" \/>\n\t\t<\/div>\n\n<p>Stavebnicov\u00fd syst\u00e9m umo\u017e\u0148uj\u00edc\u00ed efektivn\u00ed realizaci prezenta\u010dn\u00edch konstrukc\u00ed, jako jsou v\u00fdstavn\u00ed st\u011bny- plo\u0161n\u00e9 i prostorov\u00e9, v\u00fdstavn\u00ed \u00a0st\u00e1nky, d\u011bl\u00edc\u00ed \u00a0st\u011bny a podobn\u011b. \u00a0Z\u00e1kladem \u00a0stavebnicov\u00e9ho \u00a0syst\u00e9mu \u00a0jsou panely \u00a0se sendvi\u010dovou \u00a0konstrukc\u00ed \u00a0z pap\u00edrov\u00fdch vo\u0161tin a HDF desek. Toto \u0159e\u0161en\u00ed m\u00e1 z\u00e1sadn\u00ed vliv na velmi n\u00edzkou hmotnost panel\u016f a rovn\u011b\u017e na jejich pot\u0159ebnou pevnost a tuhost. Ta je p\u0159\u00edzniv\u011b ovlivn\u011bna i t\u00edm, \u017ee panely mohou m\u00edt vnit\u0159n\u00ed st\u0159edovou p\u0159ep\u00e1\u017eku, kter\u00e1 garantuje pot\u0159ebnou \u00fanosnost h\u0159eb\u00edk\u016f nebo \u0161roub\u016f, aplikovan\u00fdch pro zav\u011b\u0161en\u00ed obraz\u016f. Spoje mezi jednotliv\u00fdmi panely jsou navr\u017eeny na principu pero- dr\u00e1\u017eka, kdy po ustaven\u00ed panelu do projektovan\u00e9 pozice a dota\u017een\u00ed fixa\u010dn\u00edch \u0161roub\u016f, vznik\u00e1 pevn\u00e9 a p\u0159esn\u00e9 spojen\u00ed. Spojen\u00ed panel\u016f je mo\u017en\u00e9 jak v p\u0159\u00edm\u00e9m, tak vz\u00e1jemn\u011b kolm\u00e9m sm\u011bru. Panely jsou ve spodn\u00ed \u010d\u00e1sti opat\u0159eny rektifika\u010dn\u00edmi no\u017ekami a po obvodu maj\u00ed osazeny \u00a0speci\u00e1ln\u011b \u00a0tvarovan\u00e9 \u00a0hlin\u00edkov\u00e9 profily, kter\u00e9 br\u00e1n\u00ed po\u0161kozen\u00ed hran p\u0159i manipulaci. \u00a0Na rektifika\u010dn\u00ed no\u017eky mohou b\u00fdt upevn\u011bna pojezdov\u00e1 kole\u010dka, umo\u017e\u0148uj\u00edc\u00ed p\u0159em\u00eds\u0165ov\u00e1n\u00ed panel\u016f v horizont\u00e1ln\u00edm sm\u011bru. Povrch panel\u016f je tvo\u0159en lakovanou HDF deskou s hladk\u00fdm povrchem, na kter\u00fd je mo\u017eno p\u0159ipevnit fin\u00e1ln\u00ed povrch (f\u00f3lie, n\u00e1t\u011br). Panely je d\u00e1le mo\u017en\u00e9 doplnit o osv\u011btlen\u00ed a z\u00e1v\u011bsn\u00fd syst\u00e9m.<\/p>\n<p><a href=\"http:\/\/hofi-enge.cz\/wp-content\/uploads\/2014\/05\/HOFIPAN.pdf\">HOFIPAN : v\u00fdstavn\u00ed panely PDF<\/a><\/p>\n","protected":false},"excerpt":{"rendered":"<p>Stavebnicov\u00fd syst\u00e9m umo\u017e\u0148uj\u00edc\u00ed efektivn\u00ed realizaci prezenta\u010dn\u00edch konstrukc\u00ed, jako jsou v\u00fdstavn\u00ed st\u011bny- plo\u0161n\u00e9 i prostorov\u00e9, v\u00fdstavn\u00ed \u00a0st\u00e1nky, d\u011bl\u00edc\u00ed \u00a0st\u011bny a podobn\u011b. \u00a0Z\u00e1kladem \u00a0stavebnicov\u00e9ho \u00a0syst\u00e9mu \u00a0jsou panely \u00a0se sendvi\u010dovou \u00a0konstrukc\u00ed \u00a0z pap\u00edrov\u00fdch vo\u0161tin a HDF desek. Toto \u0159e\u0161en\u00ed m\u00e1 z\u00e1sadn\u00ed vliv na velmi n\u00edzkou hmotnost panel\u016f a rovn\u011b\u017e na jejich pot\u0159ebnou pevnost a tuhost. Ta je p\u0159\u00edzniv\u011b [&hellip;]<\/p>\n","protected":false},"author":1,"featured_media":0,"parent":368,"menu_order":0,"comment_status":"closed","ping_status":"closed","template":"products.php","meta":{"_acf_changed":false,"footnotes":""},"class_list":["post-773","page","type-page","status-publish","hentry"],"acf":[],"yoast_head":"<!-- This site is optimized with the Yoast SEO plugin v25.4 - https:\/\/yoast.com\/wordpress\/plugins\/seo\/ -->\n<title>V\u00fdstavn\u00ed panely - Hofi Enge RUS<\/title>\n<meta name=\"robots\" content=\"index, follow, max-snippet:-1, max-image-preview:large, max-video-preview:-1\" \/>\n<link rel=\"canonical\" href=\"https:\/\/hofi-enge.cz\/ru\/produkty\/vybaveni-muzei-a-galerii\/vystavni-panely\/\" \/>\n<meta property=\"og:locale\" content=\"cs_CZ\" \/>\n<meta property=\"og:type\" content=\"article\" \/>\n<meta property=\"og:title\" content=\"V\u00fdstavn\u00ed panely - Hofi Enge RUS\" \/>\n<meta property=\"og:description\" content=\"Stavebnicov\u00fd syst\u00e9m umo\u017e\u0148uj\u00edc\u00ed efektivn\u00ed realizaci prezenta\u010dn\u00edch konstrukc\u00ed, jako jsou v\u00fdstavn\u00ed st\u011bny- plo\u0161n\u00e9 i prostorov\u00e9, v\u00fdstavn\u00ed \u00a0st\u00e1nky, d\u011bl\u00edc\u00ed \u00a0st\u011bny a podobn\u011b. \u00a0Z\u00e1kladem \u00a0stavebnicov\u00e9ho \u00a0syst\u00e9mu \u00a0jsou panely \u00a0se sendvi\u010dovou \u00a0konstrukc\u00ed \u00a0z pap\u00edrov\u00fdch vo\u0161tin a HDF desek. Toto \u0159e\u0161en\u00ed m\u00e1 z\u00e1sadn\u00ed vliv na velmi n\u00edzkou hmotnost panel\u016f a rovn\u011b\u017e na jejich pot\u0159ebnou pevnost a tuhost. Ta je p\u0159\u00edzniv\u011b [&hellip;]\" \/>\n<meta property=\"og:url\" content=\"https:\/\/hofi-enge.cz\/ru\/produkty\/vybaveni-muzei-a-galerii\/vystavni-panely\/\" \/>\n<meta property=\"og:site_name\" content=\"Hofi Enge RUS\" \/>\n<meta property=\"article:modified_time\" content=\"2014-05-28T16:27:04+00:00\" \/>\n<meta property=\"og:image\" content=\"https:\/\/hofi-enge.cz\/ru\/wp-content\/uploads\/sites\/5\/2014\/05\/126-150x150.jpg\" \/>\n<meta name=\"twitter:card\" content=\"summary_large_image\" \/>\n<meta name=\"twitter:label1\" content=\"Odhadovan\u00e1 doba \u010dten\u00ed\" \/>\n\t<meta name=\"twitter:data1\" content=\"1 minuta\" \/>\n<script type=\"application\/ld+json\" class=\"yoast-schema-graph\">{\"@context\":\"https:\/\/schema.org\",\"@graph\":[{\"@type\":\"WebPage\",\"@id\":\"https:\/\/hofi-enge.cz\/ru\/produkty\/vybaveni-muzei-a-galerii\/vystavni-panely\/\",\"url\":\"https:\/\/hofi-enge.cz\/ru\/produkty\/vybaveni-muzei-a-galerii\/vystavni-panely\/\",\"name\":\"V\u00fdstavn\u00ed panely - Hofi Enge RUS\",\"isPartOf\":{\"@id\":\"https:\/\/hofi-enge.cz\/ru\/#website\"},\"datePublished\":\"2014-05-27T16:00:06+00:00\",\"dateModified\":\"2014-05-28T16:27:04+00:00\",\"breadcrumb\":{\"@id\":\"https:\/\/hofi-enge.cz\/ru\/produkty\/vybaveni-muzei-a-galerii\/vystavni-panely\/#breadcrumb\"},\"inLanguage\":\"cs\",\"potentialAction\":[{\"@type\":\"ReadAction\",\"target\":[\"https:\/\/hofi-enge.cz\/ru\/produkty\/vybaveni-muzei-a-galerii\/vystavni-panely\/\"]}]},{\"@type\":\"BreadcrumbList\",\"@id\":\"https:\/\/hofi-enge.cz\/ru\/produkty\/vybaveni-muzei-a-galerii\/vystavni-panely\/#breadcrumb\",\"itemListElement\":[{\"@type\":\"ListItem\",\"position\":1,\"name\":\"Produkty\",\"item\":\"https:\/\/hofi-enge.cz\/ru\/produkty\/\"},{\"@type\":\"ListItem\",\"position\":2,\"name\":\"Vybaven\u00ed muze\u00ed a galeri\u00ed\",\"item\":\"https:\/\/hofi-enge.cz\/ru\/produkty\/vybaveni-muzei-a-galerii\/\"},{\"@type\":\"ListItem\",\"position\":3,\"name\":\"V\u00fdstavn\u00ed panely\"}]},{\"@type\":\"WebSite\",\"@id\":\"https:\/\/hofi-enge.cz\/ru\/#website\",\"url\":\"https:\/\/hofi-enge.cz\/ru\/\",\"name\":\"Hofi Enge RUS\",\"description\":\"Vlastn\u00ed v\u00fdvoj, projektov\u00e1n\u00ed, v\u00fdroba, i mont\u00e1\u017e!\",\"potentialAction\":[{\"@type\":\"SearchAction\",\"target\":{\"@type\":\"EntryPoint\",\"urlTemplate\":\"https:\/\/hofi-enge.cz\/ru\/?s={search_term_string}\"},\"query-input\":{\"@type\":\"PropertyValueSpecification\",\"valueRequired\":true,\"valueName\":\"search_term_string\"}}],\"inLanguage\":\"cs\"}]}<\/script>\n<!-- \/ Yoast SEO plugin. -->","yoast_head_json":{"title":"V\u00fdstavn\u00ed panely - Hofi Enge RUS","robots":{"index":"index","follow":"follow","max-snippet":"max-snippet:-1","max-image-preview":"max-image-preview:large","max-video-preview":"max-video-preview:-1"},"canonical":"https:\/\/hofi-enge.cz\/ru\/produkty\/vybaveni-muzei-a-galerii\/vystavni-panely\/","og_locale":"cs_CZ","og_type":"article","og_title":"V\u00fdstavn\u00ed panely - Hofi Enge RUS","og_description":"Stavebnicov\u00fd syst\u00e9m umo\u017e\u0148uj\u00edc\u00ed efektivn\u00ed realizaci prezenta\u010dn\u00edch konstrukc\u00ed, jako jsou v\u00fdstavn\u00ed st\u011bny- plo\u0161n\u00e9 i prostorov\u00e9, v\u00fdstavn\u00ed \u00a0st\u00e1nky, d\u011bl\u00edc\u00ed \u00a0st\u011bny a podobn\u011b. \u00a0Z\u00e1kladem \u00a0stavebnicov\u00e9ho \u00a0syst\u00e9mu \u00a0jsou panely \u00a0se sendvi\u010dovou \u00a0konstrukc\u00ed \u00a0z pap\u00edrov\u00fdch vo\u0161tin a HDF desek. Toto \u0159e\u0161en\u00ed m\u00e1 z\u00e1sadn\u00ed vliv na velmi n\u00edzkou hmotnost panel\u016f a rovn\u011b\u017e na jejich pot\u0159ebnou pevnost a tuhost. Ta je p\u0159\u00edzniv\u011b [&hellip;]","og_url":"https:\/\/hofi-enge.cz\/ru\/produkty\/vybaveni-muzei-a-galerii\/vystavni-panely\/","og_site_name":"Hofi Enge RUS","article_modified_time":"2014-05-28T16:27:04+00:00","og_image":[{"url":"https:\/\/hofi-enge.cz\/ru\/wp-content\/uploads\/sites\/5\/2014\/05\/126-150x150.jpg","type":"","width":"","height":""}],"twitter_card":"summary_large_image","twitter_misc":{"Odhadovan\u00e1 doba \u010dten\u00ed":"1 minuta"},"schema":{"@context":"https:\/\/schema.org","@graph":[{"@type":"WebPage","@id":"https:\/\/hofi-enge.cz\/ru\/produkty\/vybaveni-muzei-a-galerii\/vystavni-panely\/","url":"https:\/\/hofi-enge.cz\/ru\/produkty\/vybaveni-muzei-a-galerii\/vystavni-panely\/","name":"V\u00fdstavn\u00ed panely - Hofi Enge RUS","isPartOf":{"@id":"https:\/\/hofi-enge.cz\/ru\/#website"},"datePublished":"2014-05-27T16:00:06+00:00","dateModified":"2014-05-28T16:27:04+00:00","breadcrumb":{"@id":"https:\/\/hofi-enge.cz\/ru\/produkty\/vybaveni-muzei-a-galerii\/vystavni-panely\/#breadcrumb"},"inLanguage":"cs","potentialAction":[{"@type":"ReadAction","target":["https:\/\/hofi-enge.cz\/ru\/produkty\/vybaveni-muzei-a-galerii\/vystavni-panely\/"]}]},{"@type":"BreadcrumbList","@id":"https:\/\/hofi-enge.cz\/ru\/produkty\/vybaveni-muzei-a-galerii\/vystavni-panely\/#breadcrumb","itemListElement":[{"@type":"ListItem","position":1,"name":"Produkty","item":"https:\/\/hofi-enge.cz\/ru\/produkty\/"},{"@type":"ListItem","position":2,"name":"Vybaven\u00ed muze\u00ed a galeri\u00ed","item":"https:\/\/hofi-enge.cz\/ru\/produkty\/vybaveni-muzei-a-galerii\/"},{"@type":"ListItem","position":3,"name":"V\u00fdstavn\u00ed panely"}]},{"@type":"WebSite","@id":"https:\/\/hofi-enge.cz\/ru\/#website","url":"https:\/\/hofi-enge.cz\/ru\/","name":"Hofi Enge RUS","description":"Vlastn\u00ed v\u00fdvoj, projektov\u00e1n\u00ed, v\u00fdroba, i mont\u00e1\u017e!","potentialAction":[{"@type":"SearchAction","target":{"@type":"EntryPoint","urlTemplate":"https:\/\/hofi-enge.cz\/ru\/?s={search_term_string}"},"query-input":{"@type":"PropertyValueSpecification","valueRequired":true,"valueName":"search_term_string"}}],"inLanguage":"cs"}]}},"_links":{"self":[{"href":"https:\/\/hofi-enge.cz\/ru\/wp-json\/wp\/v2\/pages\/773","targetHints":{"allow":["GET"]}}],"collection":[{"href":"https:\/\/hofi-enge.cz\/ru\/wp-json\/wp\/v2\/pages"}],"about":[{"href":"https:\/\/hofi-enge.cz\/ru\/wp-json\/wp\/v2\/types\/page"}],"author":[{"embeddable":true,"href":"https:\/\/hofi-enge.cz\/ru\/wp-json\/wp\/v2\/users\/1"}],"replies":[{"embeddable":true,"href":"https:\/\/hofi-enge.cz\/ru\/wp-json\/wp\/v2\/comments?post=773"}],"version-history":[{"count":4,"href":"https:\/\/hofi-enge.cz\/ru\/wp-json\/wp\/v2\/pages\/773\/revisions"}],"predecessor-version":[{"id":809,"href":"https:\/\/hofi-enge.cz\/ru\/wp-json\/wp\/v2\/pages\/773\/revisions\/809"}],"up":[{"embeddable":true,"href":"https:\/\/hofi-enge.cz\/ru\/wp-json\/wp\/v2\/pages\/368"}],"wp:attachment":[{"href":"https:\/\/hofi-enge.cz\/ru\/wp-json\/wp\/v2\/media?parent=773"}],"curies":[{"name":"wp","href":"https:\/\/api.w.org\/{rel}","templated":true}]}}