{"id":794,"date":"2014-05-27T18:10:32","date_gmt":"2014-05-27T16:10:32","guid":{"rendered":"http:\/\/hofi-enge.cz\/?page_id=794"},"modified":"2014-05-27T18:10:32","modified_gmt":"2014-05-27T16:10:32","slug":"manipulacni-vozik-na-panely","status":"publish","type":"page","link":"https:\/\/hofi-enge.cz\/ru\/produkty\/vybaveni-muzei-a-galerii\/manipulacni-vozik-na-panely\/","title":{"rendered":"Manipula\u010dn\u00ed voz\u00edk na panely"},"content":{"rendered":"<p>P\u0159ipravujeme&#8230;.<\/p>\n","protected":false},"excerpt":{"rendered":"<p>P\u0159ipravujeme&#8230;.<\/p>\n","protected":false},"author":1,"featured_media":0,"parent":368,"menu_order":0,"comment_status":"closed","ping_status":"closed","template":"products.php","meta":{"_acf_changed":false,"footnotes":""},"class_list":["post-794","page","type-page","status-publish","hentry"],"acf":[],"yoast_head":"<!-- This site is optimized with the Yoast SEO plugin v25.4 - https:\/\/yoast.com\/wordpress\/plugins\/seo\/ -->\n<title>Manipula\u010dn\u00ed voz\u00edk na panely - Hofi Enge RUS<\/title>\n<meta name=\"robots\" content=\"index, follow, max-snippet:-1, max-image-preview:large, max-video-preview:-1\" \/>\n<link rel=\"canonical\" href=\"https:\/\/hofi-enge.cz\/ru\/produkty\/vybaveni-muzei-a-galerii\/manipulacni-vozik-na-panely\/\" \/>\n<meta property=\"og:locale\" content=\"cs_CZ\" \/>\n<meta property=\"og:type\" content=\"article\" \/>\n<meta property=\"og:title\" content=\"Manipula\u010dn\u00ed voz\u00edk na panely - Hofi Enge RUS\" \/>\n<meta property=\"og:description\" content=\"P\u0159ipravujeme&#8230;.\" \/>\n<meta property=\"og:url\" content=\"https:\/\/hofi-enge.cz\/ru\/produkty\/vybaveni-muzei-a-galerii\/manipulacni-vozik-na-panely\/\" \/>\n<meta property=\"og:site_name\" content=\"Hofi Enge RUS\" \/>\n<meta name=\"twitter:card\" content=\"summary_large_image\" \/>\n<script type=\"application\/ld+json\" class=\"yoast-schema-graph\">{\"@context\":\"https:\/\/schema.org\",\"@graph\":[{\"@type\":\"WebPage\",\"@id\":\"https:\/\/hofi-enge.cz\/ru\/produkty\/vybaveni-muzei-a-galerii\/manipulacni-vozik-na-panely\/\",\"url\":\"https:\/\/hofi-enge.cz\/ru\/produkty\/vybaveni-muzei-a-galerii\/manipulacni-vozik-na-panely\/\",\"name\":\"Manipula\u010dn\u00ed voz\u00edk na panely - Hofi Enge RUS\",\"isPartOf\":{\"@id\":\"https:\/\/hofi-enge.cz\/ru\/#website\"},\"datePublished\":\"2014-05-27T16:10:32+00:00\",\"breadcrumb\":{\"@id\":\"https:\/\/hofi-enge.cz\/ru\/produkty\/vybaveni-muzei-a-galerii\/manipulacni-vozik-na-panely\/#breadcrumb\"},\"inLanguage\":\"cs\",\"potentialAction\":[{\"@type\":\"ReadAction\",\"target\":[\"https:\/\/hofi-enge.cz\/ru\/produkty\/vybaveni-muzei-a-galerii\/manipulacni-vozik-na-panely\/\"]}]},{\"@type\":\"BreadcrumbList\",\"@id\":\"https:\/\/hofi-enge.cz\/ru\/produkty\/vybaveni-muzei-a-galerii\/manipulacni-vozik-na-panely\/#breadcrumb\",\"itemListElement\":[{\"@type\":\"ListItem\",\"position\":1,\"name\":\"Produkty\",\"item\":\"https:\/\/hofi-enge.cz\/ru\/produkty\/\"},{\"@type\":\"ListItem\",\"position\":2,\"name\":\"Vybaven\u00ed muze\u00ed a galeri\u00ed\",\"item\":\"https:\/\/hofi-enge.cz\/ru\/produkty\/vybaveni-muzei-a-galerii\/\"},{\"@type\":\"ListItem\",\"position\":3,\"name\":\"Manipula\u010dn\u00ed voz\u00edk na panely\"}]},{\"@type\":\"WebSite\",\"@id\":\"https:\/\/hofi-enge.cz\/ru\/#website\",\"url\":\"https:\/\/hofi-enge.cz\/ru\/\",\"name\":\"Hofi Enge RUS\",\"description\":\"Vlastn\u00ed v\u00fdvoj, projektov\u00e1n\u00ed, v\u00fdroba, i mont\u00e1\u017e!\",\"potentialAction\":[{\"@type\":\"SearchAction\",\"target\":{\"@type\":\"EntryPoint\",\"urlTemplate\":\"https:\/\/hofi-enge.cz\/ru\/?s={search_term_string}\"},\"query-input\":{\"@type\":\"PropertyValueSpecification\",\"valueRequired\":true,\"valueName\":\"search_term_string\"}}],\"inLanguage\":\"cs\"}]}<\/script>\n<!-- \/ Yoast SEO plugin. -->","yoast_head_json":{"title":"Manipula\u010dn\u00ed voz\u00edk na panely - Hofi Enge RUS","robots":{"index":"index","follow":"follow","max-snippet":"max-snippet:-1","max-image-preview":"max-image-preview:large","max-video-preview":"max-video-preview:-1"},"canonical":"https:\/\/hofi-enge.cz\/ru\/produkty\/vybaveni-muzei-a-galerii\/manipulacni-vozik-na-panely\/","og_locale":"cs_CZ","og_type":"article","og_title":"Manipula\u010dn\u00ed voz\u00edk na panely - Hofi Enge RUS","og_description":"P\u0159ipravujeme&#8230;.","og_url":"https:\/\/hofi-enge.cz\/ru\/produkty\/vybaveni-muzei-a-galerii\/manipulacni-vozik-na-panely\/","og_site_name":"Hofi Enge RUS","twitter_card":"summary_large_image","schema":{"@context":"https:\/\/schema.org","@graph":[{"@type":"WebPage","@id":"https:\/\/hofi-enge.cz\/ru\/produkty\/vybaveni-muzei-a-galerii\/manipulacni-vozik-na-panely\/","url":"https:\/\/hofi-enge.cz\/ru\/produkty\/vybaveni-muzei-a-galerii\/manipulacni-vozik-na-panely\/","name":"Manipula\u010dn\u00ed voz\u00edk na panely - Hofi Enge RUS","isPartOf":{"@id":"https:\/\/hofi-enge.cz\/ru\/#website"},"datePublished":"2014-05-27T16:10:32+00:00","breadcrumb":{"@id":"https:\/\/hofi-enge.cz\/ru\/produkty\/vybaveni-muzei-a-galerii\/manipulacni-vozik-na-panely\/#breadcrumb"},"inLanguage":"cs","potentialAction":[{"@type":"ReadAction","target":["https:\/\/hofi-enge.cz\/ru\/produkty\/vybaveni-muzei-a-galerii\/manipulacni-vozik-na-panely\/"]}]},{"@type":"BreadcrumbList","@id":"https:\/\/hofi-enge.cz\/ru\/produkty\/vybaveni-muzei-a-galerii\/manipulacni-vozik-na-panely\/#breadcrumb","itemListElement":[{"@type":"ListItem","position":1,"name":"Produkty","item":"https:\/\/hofi-enge.cz\/ru\/produkty\/"},{"@type":"ListItem","position":2,"name":"Vybaven\u00ed muze\u00ed a galeri\u00ed","item":"https:\/\/hofi-enge.cz\/ru\/produkty\/vybaveni-muzei-a-galerii\/"},{"@type":"ListItem","position":3,"name":"Manipula\u010dn\u00ed voz\u00edk na panely"}]},{"@type":"WebSite","@id":"https:\/\/hofi-enge.cz\/ru\/#website","url":"https:\/\/hofi-enge.cz\/ru\/","name":"Hofi Enge RUS","description":"Vlastn\u00ed v\u00fdvoj, projektov\u00e1n\u00ed, v\u00fdroba, i mont\u00e1\u017e!","potentialAction":[{"@type":"SearchAction","target":{"@type":"EntryPoint","urlTemplate":"https:\/\/hofi-enge.cz\/ru\/?s={search_term_string}"},"query-input":{"@type":"PropertyValueSpecification","valueRequired":true,"valueName":"search_term_string"}}],"inLanguage":"cs"}]}},"_links":{"self":[{"href":"https:\/\/hofi-enge.cz\/ru\/wp-json\/wp\/v2\/pages\/794","targetHints":{"allow":["GET"]}}],"collection":[{"href":"https:\/\/hofi-enge.cz\/ru\/wp-json\/wp\/v2\/pages"}],"about":[{"href":"https:\/\/hofi-enge.cz\/ru\/wp-json\/wp\/v2\/types\/page"}],"author":[{"embeddable":true,"href":"https:\/\/hofi-enge.cz\/ru\/wp-json\/wp\/v2\/users\/1"}],"replies":[{"embeddable":true,"href":"https:\/\/hofi-enge.cz\/ru\/wp-json\/wp\/v2\/comments?post=794"}],"version-history":[{"count":1,"href":"https:\/\/hofi-enge.cz\/ru\/wp-json\/wp\/v2\/pages\/794\/revisions"}],"predecessor-version":[{"id":795,"href":"https:\/\/hofi-enge.cz\/ru\/wp-json\/wp\/v2\/pages\/794\/revisions\/795"}],"up":[{"embeddable":true,"href":"https:\/\/hofi-enge.cz\/ru\/wp-json\/wp\/v2\/pages\/368"}],"wp:attachment":[{"href":"https:\/\/hofi-enge.cz\/ru\/wp-json\/wp\/v2\/media?parent=794"}],"curies":[{"name":"wp","href":"https:\/\/api.w.org\/{rel}","templated":true}]}}