{"id":966,"date":"2014-12-08T08:36:03","date_gmt":"2014-12-08T07:36:03","guid":{"rendered":"http:\/\/hofi-enge.cz\/?page_id=966"},"modified":"2015-12-28T14:56:58","modified_gmt":"2015-12-28T13:56:58","slug":"volne-prac-pozice","status":"publish","type":"page","link":"https:\/\/hofi-enge.cz\/ru\/volne-prac-pozice\/","title":{"rendered":"Pracovn\u00ed p\u0159\u00edle\u017eitosti"},"content":{"rendered":"<ul>\n<li><a href=\"http:\/\/hofi-enge.cz\/volne-prac-pozice\/obchodni-zastupce\/\">Obchodn\u00ed z\u00e1stupce<\/a><\/li>\n<li><a href=\"http:\/\/hofi-enge.cz\/volne-prac-pozice\/konstrukter-obor-strojirenstvi\/\">Konstrukt\u00e9r \u2013 obor stroj\u00edrenstv\u00ed<\/a><\/li>\n<li><a href=\"http:\/\/hofi-enge.cz\/volne-prac-pozice\/svarec\/\">Sv\u00e1\u0159e\u010d<\/a><\/li>\n<\/ul>\n","protected":false},"excerpt":{"rendered":"<p>Obchodn\u00ed z\u00e1stupce Konstrukt\u00e9r \u2013 obor stroj\u00edrenstv\u00ed Sv\u00e1\u0159e\u010d<\/p>\n","protected":false},"author":2,"featured_media":0,"parent":0,"menu_order":0,"comment_status":"closed","ping_status":"closed","template":"","meta":{"_acf_changed":false,"footnotes":""},"class_list":["post-966","page","type-page","status-publish","hentry"],"acf":[],"yoast_head":"<!-- This site is optimized with the Yoast SEO plugin v25.4 - https:\/\/yoast.com\/wordpress\/plugins\/seo\/ -->\n<title>Pracovn\u00ed p\u0159\u00edle\u017eitosti - Hofi Enge RUS<\/title>\n<meta name=\"robots\" content=\"index, follow, max-snippet:-1, max-image-preview:large, max-video-preview:-1\" \/>\n<link rel=\"canonical\" href=\"https:\/\/hofi-enge.cz\/ru\/volne-prac-pozice\/\" \/>\n<meta property=\"og:locale\" content=\"cs_CZ\" \/>\n<meta property=\"og:type\" content=\"article\" \/>\n<meta property=\"og:title\" content=\"Pracovn\u00ed p\u0159\u00edle\u017eitosti - Hofi Enge RUS\" \/>\n<meta property=\"og:description\" content=\"Obchodn\u00ed z\u00e1stupce Konstrukt\u00e9r \u2013 obor stroj\u00edrenstv\u00ed Sv\u00e1\u0159e\u010d\" \/>\n<meta property=\"og:url\" content=\"https:\/\/hofi-enge.cz\/ru\/volne-prac-pozice\/\" \/>\n<meta property=\"og:site_name\" content=\"Hofi Enge RUS\" \/>\n<meta property=\"article:modified_time\" content=\"2015-12-28T13:56:58+00:00\" \/>\n<meta name=\"twitter:card\" content=\"summary_large_image\" \/>\n<script type=\"application\/ld+json\" class=\"yoast-schema-graph\">{\"@context\":\"https:\/\/schema.org\",\"@graph\":[{\"@type\":\"WebPage\",\"@id\":\"https:\/\/hofi-enge.cz\/ru\/volne-prac-pozice\/\",\"url\":\"https:\/\/hofi-enge.cz\/ru\/volne-prac-pozice\/\",\"name\":\"Pracovn\u00ed p\u0159\u00edle\u017eitosti - Hofi Enge RUS\",\"isPartOf\":{\"@id\":\"https:\/\/hofi-enge.cz\/ru\/#website\"},\"datePublished\":\"2014-12-08T07:36:03+00:00\",\"dateModified\":\"2015-12-28T13:56:58+00:00\",\"inLanguage\":\"cs\",\"potentialAction\":[{\"@type\":\"ReadAction\",\"target\":[\"https:\/\/hofi-enge.cz\/ru\/volne-prac-pozice\/\"]}]},{\"@type\":\"WebSite\",\"@id\":\"https:\/\/hofi-enge.cz\/ru\/#website\",\"url\":\"https:\/\/hofi-enge.cz\/ru\/\",\"name\":\"Hofi Enge RUS\",\"description\":\"Vlastn\u00ed v\u00fdvoj, projektov\u00e1n\u00ed, v\u00fdroba, i mont\u00e1\u017e!\",\"potentialAction\":[{\"@type\":\"SearchAction\",\"target\":{\"@type\":\"EntryPoint\",\"urlTemplate\":\"https:\/\/hofi-enge.cz\/ru\/?s={search_term_string}\"},\"query-input\":{\"@type\":\"PropertyValueSpecification\",\"valueRequired\":true,\"valueName\":\"search_term_string\"}}],\"inLanguage\":\"cs\"}]}<\/script>\n<!-- \/ Yoast SEO plugin. -->","yoast_head_json":{"title":"Pracovn\u00ed p\u0159\u00edle\u017eitosti - Hofi Enge RUS","robots":{"index":"index","follow":"follow","max-snippet":"max-snippet:-1","max-image-preview":"max-image-preview:large","max-video-preview":"max-video-preview:-1"},"canonical":"https:\/\/hofi-enge.cz\/ru\/volne-prac-pozice\/","og_locale":"cs_CZ","og_type":"article","og_title":"Pracovn\u00ed p\u0159\u00edle\u017eitosti - Hofi Enge RUS","og_description":"Obchodn\u00ed z\u00e1stupce Konstrukt\u00e9r \u2013 obor stroj\u00edrenstv\u00ed Sv\u00e1\u0159e\u010d","og_url":"https:\/\/hofi-enge.cz\/ru\/volne-prac-pozice\/","og_site_name":"Hofi Enge RUS","article_modified_time":"2015-12-28T13:56:58+00:00","twitter_card":"summary_large_image","schema":{"@context":"https:\/\/schema.org","@graph":[{"@type":"WebPage","@id":"https:\/\/hofi-enge.cz\/ru\/volne-prac-pozice\/","url":"https:\/\/hofi-enge.cz\/ru\/volne-prac-pozice\/","name":"Pracovn\u00ed p\u0159\u00edle\u017eitosti - Hofi Enge RUS","isPartOf":{"@id":"https:\/\/hofi-enge.cz\/ru\/#website"},"datePublished":"2014-12-08T07:36:03+00:00","dateModified":"2015-12-28T13:56:58+00:00","inLanguage":"cs","potentialAction":[{"@type":"ReadAction","target":["https:\/\/hofi-enge.cz\/ru\/volne-prac-pozice\/"]}]},{"@type":"WebSite","@id":"https:\/\/hofi-enge.cz\/ru\/#website","url":"https:\/\/hofi-enge.cz\/ru\/","name":"Hofi Enge RUS","description":"Vlastn\u00ed v\u00fdvoj, projektov\u00e1n\u00ed, v\u00fdroba, i mont\u00e1\u017e!","potentialAction":[{"@type":"SearchAction","target":{"@type":"EntryPoint","urlTemplate":"https:\/\/hofi-enge.cz\/ru\/?s={search_term_string}"},"query-input":{"@type":"PropertyValueSpecification","valueRequired":true,"valueName":"search_term_string"}}],"inLanguage":"cs"}]}},"_links":{"self":[{"href":"https:\/\/hofi-enge.cz\/ru\/wp-json\/wp\/v2\/pages\/966","targetHints":{"allow":["GET"]}}],"collection":[{"href":"https:\/\/hofi-enge.cz\/ru\/wp-json\/wp\/v2\/pages"}],"about":[{"href":"https:\/\/hofi-enge.cz\/ru\/wp-json\/wp\/v2\/types\/page"}],"author":[{"embeddable":true,"href":"https:\/\/hofi-enge.cz\/ru\/wp-json\/wp\/v2\/users\/2"}],"replies":[{"embeddable":true,"href":"https:\/\/hofi-enge.cz\/ru\/wp-json\/wp\/v2\/comments?post=966"}],"version-history":[{"count":34,"href":"https:\/\/hofi-enge.cz\/ru\/wp-json\/wp\/v2\/pages\/966\/revisions"}],"predecessor-version":[{"id":974,"href":"https:\/\/hofi-enge.cz\/ru\/wp-json\/wp\/v2\/pages\/966\/revisions\/974"}],"wp:attachment":[{"href":"https:\/\/hofi-enge.cz\/ru\/wp-json\/wp\/v2\/media?parent=966"}],"curies":[{"name":"wp","href":"https:\/\/api.w.org\/{rel}","templated":true}]}}